{"id":11580,"date":"2025-09-19T13:55:09","date_gmt":"2025-09-19T11:55:09","guid":{"rendered":"https:\/\/magiiik.netstory.com.pl\/produkt\/scaandal-by-adrian-vega\/"},"modified":"2025-09-19T13:55:38","modified_gmt":"2025-09-19T11:55:38","slug":"scaandal-by-adrian-vega","status":"publish","type":"product","link":"https:\/\/magiiik.netstory.com.pl\/?product=scaandal-by-adrian-vega","title":{"rendered":"SCAANDAL by Adrian Vega"},"content":{"rendered":"<div class=\"auto-hide-last-sibling-br paragraph_9dc5f paragraph-element\" style=\"text-align: center;\">Mo\u017cesz my\u015ble\u0107, \u017ce widzia\u0142e\u015b ju\u017c Any Card Any Number (Karta na dowolnej pozycji)<\/div>\n<div class=\"auto-hide-last-sibling-br paragraph_9dc5f paragraph-element\" style=\"text-align: center;\">wcze\u015bniej, ale nigdy nie widzia\u0142e\u015b tego w taki spos\u00f3b.<\/div>\n<div class=\"auto-hide-last-sibling-br paragraph_9dc5f paragraph-element\" style=\"text-align: center;\">Z kreatywnego umys\u0142u Adriana Vegi pochodzi efekt tak dobry, \u017ce powinien by\u0107 zakazny.<\/div>\n<div class=\"auto-hide-last-sibling-br paragraph_9dc5f paragraph-element\" style=\"text-align: center;\"><strong>To jest SCAANDAL.<\/strong><\/div>\n<p style=\"text-align: center;\">\u00a0<\/p>\n<div class=\"auto-hide-last-sibling-br paragraph_9dc5f paragraph-element\" style=\"text-align: center;\">Tw\u00f3j widz\u00a0podaje dowolny numer i SAM rozdaje karty do tego numeru. Nie tylko ich karta pasuje do przewidywania, kt\u00f3re by\u0142o widoczne przez ca\u0142y czas, ale kiedy roz\u0142o\u017cysz ca\u0142y tali\u0119, ka\u017cda karta opr\u00f3cz ich wyboru jest ca\u0142kowicie pusta!<\/div>\n<p style=\"text-align: center;\">\u00a0<\/p>\n<div class=\"auto-hide-last-sibling-br paragraph_9dc5f paragraph-element\" style=\"text-align: center;\">Si\u0142a tego genialnego efektu polega na tym, \u017ce w przeciwie\u0144stwie do innych talii tego typu, widz swobodnie manipuluje kartami! W grze jest tylko jedna przepowiednia.\u00a0<\/div>\n<div class=\"auto-hide-last-sibling-br paragraph_9dc5f paragraph-element\" style=\"text-align: center;\">Ta unikalna talia na pocz\u0105tku wydaje si\u0119 zwyczajna, a staje si\u0119\u00a0niesamowita\u00a0po tym,<\/div>\n<div class=\"auto-hide-last-sibling-br paragraph_9dc5f paragraph-element\" style=\"text-align: center;\">jak widz wykona\u00a0magi\u0119 za Ciebie!<\/div>\n<p style=\"text-align: center;\">\u00a0<\/p>\n<ul class=\"auto-hide-last-sibling-br\" style=\"text-align: center;\">\n<li style=\"text-align: left;\">Super \u0142atwy efekt do wykonania<\/li>\n<li style=\"text-align: left;\">Nic nigdy nie jest palmowane, r\u0119ce s\u0105 ca\u0142kowicie czyste przez ca\u0142y czas<\/li>\n<li style=\"text-align: left;\">Widz swobodnie manipuluje tali\u0105 i wie, \u017ce sk\u0142ada si\u0119 ona z 52 kart<\/li>\n<li style=\"text-align: left;\">Tylko jedno przewidywanie<\/li>\n<li style=\"text-align: left;\">Mo\u017ce by\u0107 wykonane jako Otwarte Przewidywanie lub w inny kreatywny spos\u00f3b, kt\u00f3ry chcesz &#8211; media spo\u0142eczno\u015bciowe, tatua\u017ce, itp.<\/li>\n<li style=\"text-align: left;\">Widz wykonuje prac\u0119 za Ciebie<\/li>\n<li style=\"text-align: left;\">Gotowe do wykonania od razu po wyj\u0119ciu z pude\u0142ka<\/li>\n<\/ul>\n<p style=\"text-align: center;\">\u00a0<\/p>\n<div class=\"auto-hide-last-sibling-br paragraph_9dc5f paragraph-element\" style=\"text-align: center;\">To &#8222;Karta na dowolnej pozycji&#8221; z zaskakuj\u0105cym zako\u0144czeniem,<\/div>\n<div class=\"auto-hide-last-sibling-br paragraph_9dc5f paragraph-element\" style=\"text-align: center;\">kt\u00f3rego Twoi widzowie nigdy si\u0119 nie spodziewaj\u0105.<\/div>\n<div class=\"auto-hide-last-sibling-br paragraph_9dc5f paragraph-element\" style=\"text-align: center;\"><strong>Witamy w SCAANDAL.<\/strong><\/div>\n<div class=\"auto-hide-last-sibling-br paragraph_9dc5f paragraph-element\" style=\"text-align: center;\">\u00a0<\/div>\n<div class=\"auto-hide-last-sibling-br paragraph_9dc5f paragraph-element\" style=\"text-align: center;\"><strong><iframe loading=\"lazy\" title=\"YouTube video player\" src=\"\/\/www.youtube.com\/embed\/exdQPnS95dM\" width=\"560\" height=\"315\" frameborder=\"0\" allowfullscreen=\"allowfullscreen\"><\/iframe><\/strong><\/div>\n","protected":false},"excerpt":{"rendered":"<p>Mo\u017cesz my\u015ble\u0107, \u017ce widzia\u0142e\u015b ju\u017c Any Card Any Number (Karta na dowolnej pozycji) wcze\u015bniej, ale nigdy nie widzia\u0142e\u015b tego w taki spos\u00f3b. Z kreatywnego umys\u0142u Adriana Vegi pochodzi efekt tak&#8230;<\/p>\n","protected":false},"featured_media":11581,"comment_status":"closed","ping_status":"open","template":"","meta":[],"product_brand":[],"product_cat":[41],"product_tag":[],"class_list":{"0":"post-11580","1":"product","2":"type-product","3":"status-publish","4":"has-post-thumbnail","6":"product_cat-mikro-iluzja-close-up-efekty-z-kartami","8":"first","9":"instock","10":"purchasable","11":"product-type-simple"},"_links":{"self":[{"href":"https:\/\/magiiik.netstory.com.pl\/index.php?rest_route=\/wp\/v2\/product\/11580","targetHints":{"allow":["GET"]}}],"collection":[{"href":"https:\/\/magiiik.netstory.com.pl\/index.php?rest_route=\/wp\/v2\/product"}],"about":[{"href":"https:\/\/magiiik.netstory.com.pl\/index.php?rest_route=\/wp\/v2\/types\/product"}],"replies":[{"embeddable":true,"href":"https:\/\/magiiik.netstory.com.pl\/index.php?rest_route=%2Fwp%2Fv2%2Fcomments&post=11580"}],"wp:featuredmedia":[{"embeddable":true,"href":"https:\/\/magiiik.netstory.com.pl\/index.php?rest_route=\/wp\/v2\/media\/11581"}],"wp:attachment":[{"href":"https:\/\/magiiik.netstory.com.pl\/index.php?rest_route=%2Fwp%2Fv2%2Fmedia&parent=11580"}],"wp:term":[{"taxonomy":"product_brand","embeddable":true,"href":"https:\/\/magiiik.netstory.com.pl\/index.php?rest_route=%2Fwp%2Fv2%2Fproduct_brand&post=11580"},{"taxonomy":"product_cat","embeddable":true,"href":"https:\/\/magiiik.netstory.com.pl\/index.php?rest_route=%2Fwp%2Fv2%2Fproduct_cat&post=11580"},{"taxonomy":"product_tag","embeddable":true,"href":"https:\/\/magiiik.netstory.com.pl\/index.php?rest_route=%2Fwp%2Fv2%2Fproduct_tag&post=11580"}],"curies":[{"name":"wp","href":"https:\/\/api.w.org\/{rel}","templated":true}]}}