{"id":11578,"date":"2025-09-19T13:55:09","date_gmt":"2025-09-19T11:55:09","guid":{"rendered":"https:\/\/magiiik.netstory.com.pl\/produkt\/houdini-palming-coins\/"},"modified":"2025-09-19T13:55:35","modified_gmt":"2025-09-19T11:55:35","slug":"houdini-palming-coins","status":"publish","type":"product","link":"https:\/\/magiiik.netstory.com.pl\/?product=houdini-palming-coins","title":{"rendered":"Houdini Palming Coins"},"content":{"rendered":"<div data-message-id=\"7404843950693138437\">\n<div class=\"mGlRdElpPA7BLW_KWDNo Qr1AN1zGC7gY_6ihZORq XtESIEZWpHE35gnCAbhW\">\n<div class=\"chat-uikit-message-box\">\n<div class=\"chat-uikit-message-box-container chat-uikit-message-box-container-pc\">\n<div class=\"chat-uikit-message-box-container__message\">\n<div class=\"chat-uikit-message-box-container__message__message-box\">\n<div class=\"chat-uikit-message-box-container__message__message-box__content\">\n<div class=\"chat-uikit-message-box-inner chat-uikit-message-box-inner--whiteness\">\n<div class=\"chat-uikit-text-content\" data-testid=\"bot.ide.chat_area.message.text-answer-message-content\">\n<div class=\"container_f8cdb flow-markdown-body\" dir=\"ltr\" data-show-indicator=\"false\">\n<div class=\"auto-hide-last-sibling-br paragraph_9dc5f paragraph-element\" style=\"text-align: center;\">Idealne monety do Twoich rutyn!<\/div>\n<p>  <br class=\"container_21264 wrapper_661ac undefined\" \/>  <\/p>\n<div class=\"auto-hide-last-sibling-br paragraph_9dc5f paragraph-element\" style=\"text-align: center;\">S\u0105 nieco wi\u0119ksze, co u\u0142atwia ich palmowanie w d\u0142oni. Brzmi\u0105 jak prawdziwe monety (\u015bwietne do wrzucania do wiadra).<\/div>\n<div class=\"auto-hide-last-sibling-br paragraph_9dc5f paragraph-element\" style=\"text-align: center;\">S\u0105 r\u00f3wnie\u017c do\u015b\u0107 lekkie, co u\u0142atwia utrzymywanie wi\u0119kszej ilo\u015bci w d\u0142oni.<\/div>\n<p>  <br class=\"container_21264 wrapper_661ac undefined\" \/>  <\/p>\n<div class=\"auto-hide-last-sibling-br paragraph_9dc5f paragraph-element\" style=\"text-align: center;\">Ka\u017cdy zna Houdiniego, wi\u0119c Twoi widzowie b\u0119d\u0105 czerpa\u0107 rado\u015b\u0107 z widoku podobizny Houdiniego na monetach, je\u015bli przyjrz\u0105 si\u0119 im z bliska!<\/div><\/div><\/div>\n<div class=\"w_2zQUoRcckTGr2S0m60\" style=\"text-align: center;\">\u00a0<\/div><\/div>\n<div class=\"chat-uikit-message-box-container__message__message-box__content__right\" style=\"text-align: center;\">\u00a0<\/div><\/div>\n<div class=\"chat-uikit-message-box-container__message__message-box__footer\">\u00a0<\/div>\n<div class=\"chat-uikit-message-box-container__message__message-box__hover-container\">\u00a0<\/div><\/div><\/div><\/div><\/div><\/div><\/div>\n<div data-message-id=\"7404843943793508358\">\u00a0<\/div>\n","protected":false},"excerpt":{"rendered":"<p>Idealne monety do Twoich rutyn! S\u0105 nieco wi\u0119ksze, co u\u0142atwia ich palmowanie w d\u0142oni. Brzmi\u0105 jak prawdziwe monety (\u015bwietne do wrzucania do wiadra). S\u0105 r\u00f3wnie\u017c do\u015b\u0107 lekkie, co u\u0142atwia utrzymywanie&#8230;<\/p>\n","protected":false},"featured_media":11579,"comment_status":"closed","ping_status":"open","template":"","meta":[],"product_brand":[],"product_cat":[37],"product_tag":[],"class_list":{"0":"post-11578","1":"product","2":"type-product","3":"status-publish","4":"has-post-thumbnail","6":"product_cat-mikro-iluzja-close-up-monety","8":"first","9":"instock","10":"purchasable","11":"product-type-simple"},"_links":{"self":[{"href":"https:\/\/magiiik.netstory.com.pl\/index.php?rest_route=\/wp\/v2\/product\/11578","targetHints":{"allow":["GET"]}}],"collection":[{"href":"https:\/\/magiiik.netstory.com.pl\/index.php?rest_route=\/wp\/v2\/product"}],"about":[{"href":"https:\/\/magiiik.netstory.com.pl\/index.php?rest_route=\/wp\/v2\/types\/product"}],"replies":[{"embeddable":true,"href":"https:\/\/magiiik.netstory.com.pl\/index.php?rest_route=%2Fwp%2Fv2%2Fcomments&post=11578"}],"wp:featuredmedia":[{"embeddable":true,"href":"https:\/\/magiiik.netstory.com.pl\/index.php?rest_route=\/wp\/v2\/media\/11579"}],"wp:attachment":[{"href":"https:\/\/magiiik.netstory.com.pl\/index.php?rest_route=%2Fwp%2Fv2%2Fmedia&parent=11578"}],"wp:term":[{"taxonomy":"product_brand","embeddable":true,"href":"https:\/\/magiiik.netstory.com.pl\/index.php?rest_route=%2Fwp%2Fv2%2Fproduct_brand&post=11578"},{"taxonomy":"product_cat","embeddable":true,"href":"https:\/\/magiiik.netstory.com.pl\/index.php?rest_route=%2Fwp%2Fv2%2Fproduct_cat&post=11578"},{"taxonomy":"product_tag","embeddable":true,"href":"https:\/\/magiiik.netstory.com.pl\/index.php?rest_route=%2Fwp%2Fv2%2Fproduct_tag&post=11578"}],"curies":[{"name":"wp","href":"https:\/\/api.w.org\/{rel}","templated":true}]}}