{"id":11576,"date":"2025-09-19T13:55:09","date_gmt":"2025-09-19T11:55:09","guid":{"rendered":"https:\/\/magiiik.netstory.com.pl\/produkt\/decipher-black-by-manoj-kaushal\/"},"modified":"2025-09-19T13:55:34","modified_gmt":"2025-09-19T11:55:34","slug":"decipher-black-by-manoj-kaushal","status":"publish","type":"product","link":"https:\/\/magiiik.netstory.com.pl\/?product=decipher-black-by-manoj-kaushal","title":{"rendered":"DECIPHER BLACK by Manoj Kaushal"},"content":{"rendered":"<div class=\"auto-hide-last-sibling-br paragraph_9dc5f paragraph-element\" style=\"text-align: center;\">Decipher to najpot\u0119\u017cniejsza i naj\u0142atwiejsza do opanowania koperta do podgl\u0105dania w mentalizmie.<\/div>\n<div class=\"auto-hide-last-sibling-br paragraph_9dc5f paragraph-element\" style=\"text-align: center;\">Odszyfruj wszystko, co napisze lub narysuje widz!<\/div>\n<p style=\"text-align: center;\">Wr\u0119cz wizyt\u00f3wk\u0119 swojemu widzowi, aby napisa\u0142 lub narysowa\u0142 cokolwiek chce.<\/p>\n<p style=\"text-align: center;\">Wk\u0142ada wizyt\u00f3wk\u0119 do koperty, kt\u00f3r\u0105 trzymasz.<\/p>\n<p style=\"text-align: center;\">Zamykasz klapk\u0119, pokazujesz obie strony koperty, k\u0142adziesz j\u0105 na stole i ju\u017c wiesz o czym my\u015bli Tw\u00f3j widz!<\/p>\n<p style=\"text-align: center;\">\u00a0<\/p>\n<p style=\"text-align: center;\">Dzi\u0119ki temu nowemu rekwizytowi:<\/p>\n<ul class=\"auto-hide-last-sibling-br\" style=\"text-align: center;\">\n<li style=\"text-align: left;\">Mo\u017cesz pokaza\u0107 obie strony koperty<\/li>\n<li style=\"text-align: left;\">Nie wymaga resetowania<\/li>\n<li style=\"text-align: left;\">Du\u017cy obszar do pisania daje miejsce na wi\u0119ksze wiadomo\u015bci<\/li>\n<li style=\"text-align: left;\">Co najwa\u017cniejsze, moment podgl\u0105dania ma teraz ca\u0142kowity sens.<\/li>\n<\/ul>\n<p style=\"text-align: center;\">\u00a0<\/p>\n<div class=\"auto-hide-last-sibling-br paragraph_9dc5f paragraph-element\" style=\"text-align: center;\">Manoj Kaushal po raz pierwszy udost\u0119pnia swojej spo\u0142eczno\u015bci osobist\u0105 kopert\u0119 do podgl\u0105dania, Decipher.<\/div>\n<div class=\"auto-hide-last-sibling-br paragraph_9dc5f paragraph-element\" style=\"text-align: center;\">Nauczysz si\u0119, krok po kroku, jak korzysta\u0107 z tego niesamowitego narz\u0119dzia, w tym rutyny, wskaz\u00f3wki i subtelno\u015bci, kt\u00f3re pozwol\u0105 Ci konsekwentnie zadziwia\u0107 swoj\u0105 publiczno\u015b\u0107.<\/div>\n<p style=\"text-align: center;\">\u00a0<\/p>\n<div class=\"auto-hide-last-sibling-br paragraph_9dc5f paragraph-element\" style=\"text-align: center;\">To obowi\u0105zkowy gad\u017cet dla KA\u017bDEGO performera.<\/div>\n<div class=\"auto-hide-last-sibling-br paragraph_9dc5f paragraph-element\" style=\"text-align: center;\">Metoda jest tak doskona\u0142a i p\u0142ynna, \u017ce pozwala zadziwi\u0107 publiczno\u015b\u0107 bez wzgl\u0119du na wielko\u015b\u0107 wyst\u0119pu.<\/div>\n<p style=\"text-align: center;\">\u00a0<\/p>\n<div class=\"auto-hide-last-sibling-br paragraph_9dc5f paragraph-element\" style=\"text-align: center;\">W ci\u0105gu 20 minut instrukcji, Manoj daje Ci dog\u0142\u0119bny wgl\u0105d w pot\u0119\u017cny rekwizyt, kt\u00f3ry mo\u017cna \u0142atwo w\u0142\u0105czy\u0107 do istniej\u0105cych rutyn.<\/div>\n<p style=\"text-align: center;\">\u00a0<\/p>\n<div class=\"auto-hide-last-sibling-br paragraph_9dc5f paragraph-element\" style=\"text-align: center;\">Decipher jest prosty do nauczenia, \u0142atwy w u\u017cyciu i daje niesamowite rezultaty.<\/div>\n<p style=\"text-align: center;\">\u00a0<\/p>\n<div class=\"auto-hide-last-sibling-br paragraph_9dc5f paragraph-element\" style=\"text-align: center;\"><strong>Zdob\u0105d\u017a go teraz i wznie\u015b sw\u00f3j mentalizm na wy\u017cszy poziom!<\/strong><\/div>\n<div class=\"auto-hide-last-sibling-br paragraph_9dc5f paragraph-element\" style=\"text-align: center;\">\u00a0<\/div>\n<div class=\"auto-hide-last-sibling-br paragraph_9dc5f paragraph-element\" style=\"text-align: center;\"><strong><iframe loading=\"lazy\" title=\"YouTube video player\" src=\"\/\/www.youtube.com\/embed\/J65DJRoTWBQ\" width=\"560\" height=\"315\" frameborder=\"0\" allowfullscreen=\"allowfullscreen\"><\/iframe><\/strong><\/div>\n","protected":false},"excerpt":{"rendered":"<p>Decipher to najpot\u0119\u017cniejsza i naj\u0142atwiejsza do opanowania koperta do podgl\u0105dania w mentalizmie. Odszyfruj wszystko, co napisze lub narysuje widz! Wr\u0119cz wizyt\u00f3wk\u0119 swojemu widzowi, aby napisa\u0142 lub narysowa\u0142 cokolwiek chce. Wk\u0142ada&#8230;<\/p>\n","protected":false},"featured_media":11577,"comment_status":"closed","ping_status":"open","template":"","meta":[],"product_brand":[],"product_cat":[24],"product_tag":[],"class_list":{"0":"post-11576","1":"product","2":"type-product","3":"status-publish","4":"has-post-thumbnail","6":"product_cat-mentalizm","8":"first","9":"instock","10":"purchasable","11":"product-type-simple"},"_links":{"self":[{"href":"https:\/\/magiiik.netstory.com.pl\/index.php?rest_route=\/wp\/v2\/product\/11576","targetHints":{"allow":["GET"]}}],"collection":[{"href":"https:\/\/magiiik.netstory.com.pl\/index.php?rest_route=\/wp\/v2\/product"}],"about":[{"href":"https:\/\/magiiik.netstory.com.pl\/index.php?rest_route=\/wp\/v2\/types\/product"}],"replies":[{"embeddable":true,"href":"https:\/\/magiiik.netstory.com.pl\/index.php?rest_route=%2Fwp%2Fv2%2Fcomments&post=11576"}],"wp:featuredmedia":[{"embeddable":true,"href":"https:\/\/magiiik.netstory.com.pl\/index.php?rest_route=\/wp\/v2\/media\/11577"}],"wp:attachment":[{"href":"https:\/\/magiiik.netstory.com.pl\/index.php?rest_route=%2Fwp%2Fv2%2Fmedia&parent=11576"}],"wp:term":[{"taxonomy":"product_brand","embeddable":true,"href":"https:\/\/magiiik.netstory.com.pl\/index.php?rest_route=%2Fwp%2Fv2%2Fproduct_brand&post=11576"},{"taxonomy":"product_cat","embeddable":true,"href":"https:\/\/magiiik.netstory.com.pl\/index.php?rest_route=%2Fwp%2Fv2%2Fproduct_cat&post=11576"},{"taxonomy":"product_tag","embeddable":true,"href":"https:\/\/magiiik.netstory.com.pl\/index.php?rest_route=%2Fwp%2Fv2%2Fproduct_tag&post=11576"}],"curies":[{"name":"wp","href":"https:\/\/api.w.org\/{rel}","templated":true}]}}