{"id":11572,"date":"2025-09-19T13:55:09","date_gmt":"2025-09-19T11:55:09","guid":{"rendered":"https:\/\/magiiik.netstory.com.pl\/produkt\/shadow-by-alex-wenzi-ms-magic\/"},"modified":"2025-09-19T13:55:29","modified_gmt":"2025-09-19T11:55:29","slug":"shadow-by-alex-wenzi-ms-magic","status":"publish","type":"product","link":"https:\/\/magiiik.netstory.com.pl\/?product=shadow-by-alex-wenzi-ms-magic","title":{"rendered":"Shadow by Alex, Wenzi &#038; MS Magic"},"content":{"rendered":"<div id=\"tw-target-text\" class=\"tw-data-text tw-text-large tw-ta\" dir=\"ltr\" style=\"text-align: center;\" data-placeholder=\"T\u0142umaczenie\" data-ved=\"2ahUKEwiy5fyT04CIAxWRQFUIHQSKABYQ3ewLegQIBxAU\"><span class=\"Y2IQFc\" lang=\"pl\">Z genialnego umys\u0142u Alexa!<\/span><\/div>\n<div class=\"tw-data-text tw-text-large tw-ta\" dir=\"ltr\" style=\"text-align: center;\" data-placeholder=\"T\u0142umaczenie\" data-ved=\"2ahUKEwiy5fyT04CIAxWRQFUIHQSKABYQ3ewLegQIBxAU\">\u00a0<\/div>\n<div class=\"tw-data-text tw-text-large tw-ta\" dir=\"ltr\" style=\"text-align: center;\" data-placeholder=\"T\u0142umaczenie\" data-ved=\"2ahUKEwiy5fyT04CIAxWRQFUIHQSKABYQ3ewLegQIBxAU\"><span class=\"Y2IQFc\" lang=\"pl\">Efekt: Magik pokazuje kopert\u0119 i pust\u0105 kart\u0119, umieszcza pust\u0105 kart\u0119 w kopercie, a widz sk\u0142ada na niej sw\u00f3j podpis. <\/span><\/div>\n<div class=\"tw-data-text tw-text-large tw-ta\" dir=\"ltr\" style=\"text-align: center;\" data-placeholder=\"T\u0142umaczenie\" data-ved=\"2ahUKEwiy5fyT04CIAxWRQFUIHQSKABYQ3ewLegQIBxAU\">\u00a0<\/div>\n<div class=\"tw-data-text tw-text-large tw-ta\" dir=\"ltr\" style=\"text-align: center;\" data-placeholder=\"T\u0142umaczenie\" data-ved=\"2ahUKEwiy5fyT04CIAxWRQFUIHQSKABYQ3ewLegQIBxAU\">Karta zostaje wybrana i podpisana, po czym znika z talii. Nast\u0119pnie<\/div>\n<div class=\"tw-data-text tw-text-large tw-ta\" dir=\"ltr\" style=\"text-align: center;\" data-placeholder=\"T\u0142umaczenie\" data-ved=\"2ahUKEwiy5fyT04CIAxWRQFUIHQSKABYQ3ewLegQIBxAU\">podpisana karta w magiczny spos\u00f3b przekszta\u0142ca si\u0119 w wybran\u0105 kart\u0119 z w\u0142asnym podpisem!<br class=\"container_21264 wrapper_661ac undefined\" \/>\u0141atwe do wykonania<br class=\"container_21264 wrapper_661ac undefined\" \/>Praktyczne<br class=\"container_21264 wrapper_661ac undefined\" \/>Mo\u017cliwo\u015b\u0107 uzyskania wielu efekt\u00f3w!<\/div>\n<div class=\"tw-data-text tw-text-large tw-ta\" dir=\"ltr\" style=\"text-align: center;\" data-placeholder=\"T\u0142umaczenie\" data-ved=\"2ahUKEwiy5fyT04CIAxWRQFUIHQSKABYQ3ewLegQIBxAU\">\u00a0<\/div>\n<div class=\"tw-data-text tw-text-large tw-ta\" dir=\"ltr\" style=\"text-align: center;\" data-placeholder=\"T\u0142umaczenie\" data-ved=\"2ahUKEwiy5fyT04CIAxWRQFUIHQSKABYQ3ewLegQIBxAU\">Za co kochamy produkty MS MAGIC?<\/div>\n<div class=\"tw-data-text tw-text-large tw-ta\" dir=\"ltr\" style=\"text-align: center;\" data-placeholder=\"T\u0142umaczenie\" data-ved=\"2ahUKEwiy5fyT04CIAxWRQFUIHQSKABYQ3ewLegQIBxAU\">Za ich praktyczno\u015b\u0107 w wykorzystaniu podczas imprez!<\/div>\n<div class=\"tw-data-text tw-text-large tw-ta\" dir=\"ltr\" style=\"text-align: center;\" data-placeholder=\"T\u0142umaczenie\" data-ved=\"2ahUKEwiy5fyT04CIAxWRQFUIHQSKABYQ3ewLegQIBxAU\">\u00a0<\/div>\n<div class=\"tw-data-text tw-text-large tw-ta\" dir=\"ltr\" style=\"text-align: center;\" data-placeholder=\"T\u0142umaczenie\" data-ved=\"2ahUKEwiy5fyT04CIAxWRQFUIHQSKABYQ3ewLegQIBxAU\"><iframe loading=\"lazy\" title=\"YouTube video player\" src=\"\/\/www.youtube.com\/embed\/kVFhV_9diNE\" width=\"560\" height=\"315\" frameborder=\"0\" allowfullscreen=\"allowfullscreen\"><\/iframe><\/div>\n","protected":false},"excerpt":{"rendered":"<p>Z genialnego umys\u0142u Alexa! \u00a0 Efekt: Magik pokazuje kopert\u0119 i pust\u0105 kart\u0119, umieszcza pust\u0105 kart\u0119 w kopercie, a widz sk\u0142ada na niej sw\u00f3j podpis. \u00a0 Karta zostaje wybrana i podpisana,&#8230;<\/p>\n","protected":false},"featured_media":11573,"comment_status":"closed","ping_status":"open","template":"","meta":[],"product_brand":[],"product_cat":[41],"product_tag":[],"class_list":{"0":"post-11572","1":"product","2":"type-product","3":"status-publish","4":"has-post-thumbnail","6":"product_cat-mikro-iluzja-close-up-efekty-z-kartami","8":"first","9":"instock","10":"purchasable","11":"product-type-simple"},"_links":{"self":[{"href":"https:\/\/magiiik.netstory.com.pl\/index.php?rest_route=\/wp\/v2\/product\/11572","targetHints":{"allow":["GET"]}}],"collection":[{"href":"https:\/\/magiiik.netstory.com.pl\/index.php?rest_route=\/wp\/v2\/product"}],"about":[{"href":"https:\/\/magiiik.netstory.com.pl\/index.php?rest_route=\/wp\/v2\/types\/product"}],"replies":[{"embeddable":true,"href":"https:\/\/magiiik.netstory.com.pl\/index.php?rest_route=%2Fwp%2Fv2%2Fcomments&post=11572"}],"wp:featuredmedia":[{"embeddable":true,"href":"https:\/\/magiiik.netstory.com.pl\/index.php?rest_route=\/wp\/v2\/media\/11573"}],"wp:attachment":[{"href":"https:\/\/magiiik.netstory.com.pl\/index.php?rest_route=%2Fwp%2Fv2%2Fmedia&parent=11572"}],"wp:term":[{"taxonomy":"product_brand","embeddable":true,"href":"https:\/\/magiiik.netstory.com.pl\/index.php?rest_route=%2Fwp%2Fv2%2Fproduct_brand&post=11572"},{"taxonomy":"product_cat","embeddable":true,"href":"https:\/\/magiiik.netstory.com.pl\/index.php?rest_route=%2Fwp%2Fv2%2Fproduct_cat&post=11572"},{"taxonomy":"product_tag","embeddable":true,"href":"https:\/\/magiiik.netstory.com.pl\/index.php?rest_route=%2Fwp%2Fv2%2Fproduct_tag&post=11572"}],"curies":[{"name":"wp","href":"https:\/\/api.w.org\/{rel}","templated":true}]}}