{"id":11568,"date":"2025-09-19T13:55:09","date_gmt":"2025-09-19T11:55:09","guid":{"rendered":"https:\/\/magiiik.netstory.com.pl\/produkt\/backstab-by-zak-mirzadeh\/"},"modified":"2025-09-19T13:55:22","modified_gmt":"2025-09-19T11:55:22","slug":"backstab-by-zak-mirzadeh","status":"publish","type":"product","link":"https:\/\/magiiik.netstory.com.pl\/?product=backstab-by-zak-mirzadeh","title":{"rendered":"Backstab by Zak Mirzadeh"},"content":{"rendered":"<div class=\"auto-hide-last-sibling-br paragraph_9dc5f paragraph-element\" style=\"text-align: center;\"><strong>Backstab autorstwa Zak Mirzadeh to najbardziej niemo\u017cliwa sztuczka &#8222;Stab To Your Card&#8221; w historii! <\/strong><\/div>\n<div class=\"auto-hide-last-sibling-br paragraph_9dc5f paragraph-element\" style=\"text-align: center;\">\u00a0<\/div>\n<div class=\"auto-hide-last-sibling-br paragraph_9dc5f paragraph-element\" style=\"text-align: center;\">Tw\u00f3j widz wybiera kart\u0119, kt\u00f3ra nast\u0119pnie zostaje zgubiona w talii. Za pomoc\u0105 niczego wi\u0119cej ni\u017c twojego zaufanego no\u017ca kieszonkowego (lub no\u017ca kieszonkowego widza) \u2013 przebijasz si\u0119 prosto do wybranej karty, uzyskuj\u0105c cudowny efekt &#8222;Card At Number&#8221;!<\/div>\n<div class=\"auto-hide-last-sibling-br paragraph_9dc5f paragraph-element\" style=\"text-align: center;\">\u00a0<\/div>\n<div class=\"auto-hide-last-sibling-br paragraph_9dc5f paragraph-element\" style=\"text-align: center;\">BEZ BLOK\u00d3W kart, bez duplikat\u00f3w i niczego dodanego ani usuni\u0119tego! To oznacza, \u017ce WSZYSTKIE karty mog\u0105 by\u0107 roz\u0142o\u017cone!<\/div>\n<p style=\"text-align: center;\">\u00a0<\/p>\n<div class=\"auto-hide-last-sibling-br paragraph_9dc5f paragraph-element\" style=\"text-align: center;\"><strong>Czy wspominali\u015bmy, \u017ce karta mo\u017ce by\u0107 r\u00f3wnie\u017c PODPISANA! <\/strong><\/div>\n<div class=\"auto-hide-last-sibling-br paragraph_9dc5f paragraph-element\" style=\"text-align: center;\">\u00a0<\/div>\n<div class=\"auto-hide-last-sibling-br paragraph_9dc5f paragraph-element\" style=\"text-align: center;\">Backstab zamienia niemo\u017cliw\u0105 umiej\u0119tno\u015b\u0107 w mistrzostwo w ci\u0105gu kilku minut.<\/div>\n<div class=\"auto-hide-last-sibling-br paragraph_9dc5f paragraph-element\" style=\"text-align: center;\">Z Backstab ju\u017c nigdy nie &#8222;przetniesz&#8221; karty w ten sam spos\u00f3b!<br class=\"container_21264 wrapper_661ac undefined\" \/>Wszystkie karty mog\u0105 by\u0107 roz\u0142o\u017cone! BEZ du\u017cych blok\u00f3w kart<\/div>\n<div class=\"auto-hide-last-sibling-br paragraph_9dc5f paragraph-element\" style=\"text-align: center;\">\u00a0<\/div>\n<div class=\"auto-hide-last-sibling-br paragraph_9dc5f paragraph-element\" style=\"text-align: center;\">Bez wymusze\u0144 ani duplikat\u00f3w \u2013 wyb\u00f3r mo\u017ce by\u0107 podpisany!<br class=\"container_21264 wrapper_661ac undefined\" \/>Zawiera rekwizyty, kt\u00f3re pozwalaj\u0105 na wykonanie niemo\u017cliwego<br class=\"container_21264 wrapper_661ac undefined\" \/>Nie wymaga trudnych manewr\u00f3w zr\u0119czno\u015bciowych<br class=\"container_21264 wrapper_661ac undefined\" \/>Zawiera ponad godzin\u0119 ekspert\u00f3w instrukcji uczonych przez Zak Mirzadeh.<\/div>\n<div class=\"auto-hide-last-sibling-br paragraph_9dc5f paragraph-element\" style=\"text-align: center;\">\u00a0<\/div>\n<div class=\"auto-hide-last-sibling-br paragraph_9dc5f paragraph-element\" style=\"text-align: center;\">Alternatywne sposoby u\u017cycia innych ostrych przedmiot\u00f3w zamiast no\u017ca r\u00f3wnie\u017c zawarte.<br class=\"container_21264 wrapper_661ac undefined\" \/>Rekwizyty s\u0105 gotowe do u\u017cycia od razu po wyj\u0119ciu z pude\u0142ka, ale dostosowanie do dowolnej niestandardowej talii jest \u0142atwe!<br class=\"container_21264 wrapper_661ac undefined\" \/>N\u00f3\u017c mo\u017ce by\u0107 tw\u00f3j lub nawet po\u017cyczony!<br class=\"container_21264 wrapper_661ac undefined\" \/>Dodaj ostro\u015bci do swojej magii z Backstab autorstwa Zak Mirzadeh!<\/div>\n<div class=\"auto-hide-last-sibling-br paragraph_9dc5f paragraph-element\" style=\"text-align: center;\">\u00a0<\/div>\n<div class=\"auto-hide-last-sibling-br paragraph_9dc5f paragraph-element\" style=\"text-align: center;\"><iframe loading=\"lazy\" title=\"YouTube video player\" src=\"\/\/www.youtube.com\/embed\/FJlOOBpVhk0\" width=\"560\" height=\"315\" frameborder=\"0\" allowfullscreen=\"allowfullscreen\"><\/iframe><\/div>\n","protected":false},"excerpt":{"rendered":"<p>Backstab autorstwa Zak Mirzadeh to najbardziej niemo\u017cliwa sztuczka &#8222;Stab To Your Card&#8221; w historii! \u00a0 Tw\u00f3j widz wybiera kart\u0119, kt\u00f3ra nast\u0119pnie zostaje zgubiona w talii. Za pomoc\u0105 niczego wi\u0119cej ni\u017c&#8230;<\/p>\n","protected":false},"featured_media":11569,"comment_status":"closed","ping_status":"open","template":"","meta":[],"product_brand":[],"product_cat":[41],"product_tag":[],"class_list":{"0":"post-11568","1":"product","2":"type-product","3":"status-publish","4":"has-post-thumbnail","6":"product_cat-mikro-iluzja-close-up-efekty-z-kartami","8":"first","9":"instock","10":"purchasable","11":"product-type-simple"},"_links":{"self":[{"href":"https:\/\/magiiik.netstory.com.pl\/index.php?rest_route=\/wp\/v2\/product\/11568","targetHints":{"allow":["GET"]}}],"collection":[{"href":"https:\/\/magiiik.netstory.com.pl\/index.php?rest_route=\/wp\/v2\/product"}],"about":[{"href":"https:\/\/magiiik.netstory.com.pl\/index.php?rest_route=\/wp\/v2\/types\/product"}],"replies":[{"embeddable":true,"href":"https:\/\/magiiik.netstory.com.pl\/index.php?rest_route=%2Fwp%2Fv2%2Fcomments&post=11568"}],"wp:featuredmedia":[{"embeddable":true,"href":"https:\/\/magiiik.netstory.com.pl\/index.php?rest_route=\/wp\/v2\/media\/11569"}],"wp:attachment":[{"href":"https:\/\/magiiik.netstory.com.pl\/index.php?rest_route=%2Fwp%2Fv2%2Fmedia&parent=11568"}],"wp:term":[{"taxonomy":"product_brand","embeddable":true,"href":"https:\/\/magiiik.netstory.com.pl\/index.php?rest_route=%2Fwp%2Fv2%2Fproduct_brand&post=11568"},{"taxonomy":"product_cat","embeddable":true,"href":"https:\/\/magiiik.netstory.com.pl\/index.php?rest_route=%2Fwp%2Fv2%2Fproduct_cat&post=11568"},{"taxonomy":"product_tag","embeddable":true,"href":"https:\/\/magiiik.netstory.com.pl\/index.php?rest_route=%2Fwp%2Fv2%2Fproduct_tag&post=11568"}],"curies":[{"name":"wp","href":"https:\/\/api.w.org\/{rel}","templated":true}]}}