{"id":11562,"date":"2025-09-19T13:55:09","date_gmt":"2025-09-19T11:55:09","guid":{"rendered":"https:\/\/magiiik.netstory.com.pl\/produkt\/red-pill-blue-pill-by-pen-bond-lee-ms-magic\/"},"modified":"2025-09-19T13:55:15","modified_gmt":"2025-09-19T11:55:15","slug":"red-pill-blue-pill-by-pen-bond-lee-ms-magic","status":"publish","type":"product","link":"https:\/\/magiiik.netstory.com.pl\/?product=red-pill-blue-pill-by-pen-bond-lee-ms-magic","title":{"rendered":"RED PILL BLUE PILL by Pen, Bond Lee &#038; MS Magic"},"content":{"rendered":"<p style=\"text-align: center;\">Czerwona czy niebieska pigu\u0142ka &#8211; kt\u00f3r\u0105 wybierasz?<\/p>\n<p style=\"text-align: center;\">Oryginalny i niepowtarzalny kawa\u0142ek magii.<\/p>\n<p style=\"text-align: center;\">Iluzjonista\u00a0pokazuje butelk\u0119 pigu\u0142ek i ka\u017ce widzowi j\u0105 trzyma\u0107.<\/p>\n<p style=\"text-align: center;\">Widz mo\u017ce pomy\u015ble\u0107 o dowolnej karcie, wybra\u0107 czerwon\u0105 lub niebiesk\u0105 pigu\u0142k\u0119.<\/p>\n<p style=\"text-align: center;\">Kiedy otworz\u0105 butelk\u0119, wybrany kolor pigu\u0142ki doskonale odgadnie kart\u0119 widza.<\/p>\n<p style=\"text-align: center;\">Pigu\u0142ka mo\u017ce ujawni\u0107 dowoln\u0105 wiadomo\u015b\u0107, wi\u0119c ten rekwizyt daje naprawd\u0119 wiele mo\u017cliwo\u015bci!<\/p>\n<p style=\"text-align: center;\">Je\u015bli szukasz czego\u015b innego, to jest dla Ciebie.<\/p>\n<p style=\"text-align: center;\">Cud w pigu\u0142ce.<\/p>\n<p style=\"text-align: center;\">\u00a0<\/p>\n<p style=\"text-align: center;\"><iframe loading=\"lazy\" title=\"YouTube video player\" src=\"\/\/www.youtube.com\/embed\/yf0OUGp2DfI\" width=\"560\" height=\"315\" frameborder=\"0\" allowfullscreen=\"allowfullscreen\"><\/iframe><\/p>\n","protected":false},"excerpt":{"rendered":"<p>Czerwona czy niebieska pigu\u0142ka &#8211; kt\u00f3r\u0105 wybierasz? Oryginalny i niepowtarzalny kawa\u0142ek magii. Iluzjonista\u00a0pokazuje butelk\u0119 pigu\u0142ek i ka\u017ce widzowi j\u0105 trzyma\u0107. Widz mo\u017ce pomy\u015ble\u0107 o dowolnej karcie, wybra\u0107 czerwon\u0105 lub niebiesk\u0105&#8230;<\/p>\n","protected":false},"featured_media":11563,"comment_status":"closed","ping_status":"open","template":"","meta":[],"product_brand":[],"product_cat":[24],"product_tag":[],"class_list":{"0":"post-11562","1":"product","2":"type-product","3":"status-publish","4":"has-post-thumbnail","6":"product_cat-mentalizm","8":"first","9":"instock","10":"purchasable","11":"product-type-simple"},"_links":{"self":[{"href":"https:\/\/magiiik.netstory.com.pl\/index.php?rest_route=\/wp\/v2\/product\/11562","targetHints":{"allow":["GET"]}}],"collection":[{"href":"https:\/\/magiiik.netstory.com.pl\/index.php?rest_route=\/wp\/v2\/product"}],"about":[{"href":"https:\/\/magiiik.netstory.com.pl\/index.php?rest_route=\/wp\/v2\/types\/product"}],"replies":[{"embeddable":true,"href":"https:\/\/magiiik.netstory.com.pl\/index.php?rest_route=%2Fwp%2Fv2%2Fcomments&post=11562"}],"wp:featuredmedia":[{"embeddable":true,"href":"https:\/\/magiiik.netstory.com.pl\/index.php?rest_route=\/wp\/v2\/media\/11563"}],"wp:attachment":[{"href":"https:\/\/magiiik.netstory.com.pl\/index.php?rest_route=%2Fwp%2Fv2%2Fmedia&parent=11562"}],"wp:term":[{"taxonomy":"product_brand","embeddable":true,"href":"https:\/\/magiiik.netstory.com.pl\/index.php?rest_route=%2Fwp%2Fv2%2Fproduct_brand&post=11562"},{"taxonomy":"product_cat","embeddable":true,"href":"https:\/\/magiiik.netstory.com.pl\/index.php?rest_route=%2Fwp%2Fv2%2Fproduct_cat&post=11562"},{"taxonomy":"product_tag","embeddable":true,"href":"https:\/\/magiiik.netstory.com.pl\/index.php?rest_route=%2Fwp%2Fv2%2Fproduct_tag&post=11562"}],"curies":[{"name":"wp","href":"https:\/\/api.w.org\/{rel}","templated":true}]}}