{"id":11557,"date":"2025-09-19T13:55:09","date_gmt":"2025-09-19T11:55:09","guid":{"rendered":"https:\/\/magiiik.netstory.com.pl\/produkt\/phantom-burn-by-alan-rorrison\/"},"modified":"2025-09-19T13:55:09","modified_gmt":"2025-09-19T11:55:09","slug":"phantom-burn-by-alan-rorrison","status":"publish","type":"product","link":"https:\/\/magiiik.netstory.com.pl\/?product=phantom-burn-by-alan-rorrison","title":{"rendered":"Phantom Burn by Alan Rorrison"},"content":{"rendered":"<div class=\"auto-hide-last-sibling-br paragraph_9dc5f paragraph-element\" style=\"text-align: center;\">Ogie\u0144 by\u0142 u\u017cywany w rytua\u0142ach i wyst\u0119pach przez wieki.<\/div>\n<div class=\"auto-hide-last-sibling-br paragraph_9dc5f paragraph-element\" style=\"text-align: center;\">Jest kojarzony z posiadaniem mistycznych w\u0142a\u015bciwo\u015bci,<\/div>\n<div class=\"auto-hide-last-sibling-br paragraph_9dc5f paragraph-element\" style=\"text-align: center;\">a dzi\u0119ki tej nowej sztuczce w twoim arsenale b\u0119dziesz m\u00f3g\u0142 wykorzysta\u0107 te magiczne w\u0142a\u015bciwo\u015bci do ujawniania tajnych wiadomo\u015bci!<\/div>\n<p style=\"text-align: center;\">\u00a0<\/p>\n<div class=\"auto-hide-last-sibling-br paragraph_9dc5f paragraph-element\" style=\"text-align: center;\">Wyobra\u017a sobie widza wybieraj\u0105cego kart\u0119, gubi\u0105cego j\u0105 w talii, a magik nawet nie musi przeszukiwa\u0107 talii, aby j\u0105 znale\u017a\u0107.<\/div>\n<div class=\"auto-hide-last-sibling-br paragraph_9dc5f paragraph-element\" style=\"text-align: center;\">Zamiast tego artysta wyjmuje paragon, umieszcza zapalniczk\u0119 pod nim (na tyle daleko, aby paragon si\u0119 nie zapali\u0142),<\/div>\n<div class=\"auto-hide-last-sibling-br paragraph_9dc5f paragraph-element\" style=\"text-align: center;\">a obraz karty tajemniczo pojawia si\u0119 na paragonie. WOW!<\/div>\n<p style=\"text-align: center;\">\u00a0<\/p>\n<div class=\"auto-hide-last-sibling-br paragraph_9dc5f paragraph-element\" style=\"text-align: center;\">Od tw\u00f3rcy Sharpie Through Bill i Praemovo, to najnowszy dodatek gwiazdy artysty Alana Rorrison&#8217;a.<\/div>\n<div class=\"auto-hide-last-sibling-br paragraph_9dc5f paragraph-element\" style=\"text-align: center;\"><strong>Przedstawiamy Phantom Burn. <\/strong><\/div>\n<div class=\"auto-hide-last-sibling-br paragraph_9dc5f paragraph-element\" style=\"text-align: center;\">Personalizowana iluzja, kt\u00f3ra pozwala ci ujawni\u0107 wiadomo\u015b\u0107 na paragonie u\u017cywaj\u0105c dowolnej zapalniczki!<\/div>\n<div class=\"auto-hide-last-sibling-br paragraph_9dc5f paragraph-element\" style=\"text-align: center;\">Ta sztuczka z pewno\u015bci\u0105 zachwyci twoj\u0105 publiczno\u015b\u0107 i mo\u017ce by\u0107 wkomponowana w wiele rutyn,<\/div>\n<div class=\"auto-hide-last-sibling-br paragraph_9dc5f paragraph-element\" style=\"text-align: center;\">aby uzyska\u0107 bardziej ekscytuj\u0105ce ujawnienie!<\/div>\n<p style=\"text-align: center;\">\u00a0<\/p>\n<div class=\"auto-hide-last-sibling-br paragraph_9dc5f paragraph-element\" style=\"text-align: center;\">(Prosz\u0119 zachowa\u0107 ostro\u017cno\u015b\u0107 podczas wykonywania tej iluzji.)<\/div>\n<p>\u00a0<\/p>\n<div class=\"auto-hide-last-sibling-br paragraph_9dc5f paragraph-element\">Co jest w pude\u0142ku?<\/div>\n<ul class=\"auto-hide-last-sibling-br\">\n<li>1 Phantom Burn Instructional DVD<\/li>\n<li>1 pakiet rekwizyt\u00f3w<\/li>\n<\/ul>\n<p>\u00a0<\/p>\n<div class=\"auto-hide-last-sibling-br paragraph_9dc5f paragraph-element\">Prawa telewizyjne nie s\u0105 uwzgl\u0119dnione w zakupie. Prosz\u0119 skontaktowa\u0107 si\u0119 z SansMinds Magic w sprawie praw telewizyjnych.<\/div>\n<div class=\"auto-hide-last-sibling-br paragraph_9dc5f paragraph-element\">\u00a0<\/div>\n<div class=\"auto-hide-last-sibling-br paragraph_9dc5f paragraph-element\" style=\"text-align: center;\"><iframe loading=\"lazy\" title=\"YouTube video player\" src=\"\/\/www.youtube.com\/embed\/UfCVg9D6404\" width=\"560\" height=\"315\" frameborder=\"0\" allowfullscreen=\"allowfullscreen\"><\/iframe><\/div>\n","protected":false},"excerpt":{"rendered":"<p>Ogie\u0144 by\u0142 u\u017cywany w rytua\u0142ach i wyst\u0119pach przez wieki. Jest kojarzony z posiadaniem mistycznych w\u0142a\u015bciwo\u015bci, a dzi\u0119ki tej nowej sztuczce w twoim arsenale b\u0119dziesz m\u00f3g\u0142 wykorzysta\u0107 te magiczne w\u0142a\u015bciwo\u015bci do&#8230;<\/p>\n","protected":false},"featured_media":11558,"comment_status":"closed","ping_status":"open","template":"","meta":[],"product_brand":[],"product_cat":[24],"product_tag":[],"class_list":{"0":"post-11557","1":"product","2":"type-product","3":"status-publish","4":"has-post-thumbnail","6":"product_cat-mentalizm","8":"first","9":"instock","10":"purchasable","11":"product-type-simple"},"_links":{"self":[{"href":"https:\/\/magiiik.netstory.com.pl\/index.php?rest_route=\/wp\/v2\/product\/11557","targetHints":{"allow":["GET"]}}],"collection":[{"href":"https:\/\/magiiik.netstory.com.pl\/index.php?rest_route=\/wp\/v2\/product"}],"about":[{"href":"https:\/\/magiiik.netstory.com.pl\/index.php?rest_route=\/wp\/v2\/types\/product"}],"replies":[{"embeddable":true,"href":"https:\/\/magiiik.netstory.com.pl\/index.php?rest_route=%2Fwp%2Fv2%2Fcomments&post=11557"}],"wp:featuredmedia":[{"embeddable":true,"href":"https:\/\/magiiik.netstory.com.pl\/index.php?rest_route=\/wp\/v2\/media\/11558"}],"wp:attachment":[{"href":"https:\/\/magiiik.netstory.com.pl\/index.php?rest_route=%2Fwp%2Fv2%2Fmedia&parent=11557"}],"wp:term":[{"taxonomy":"product_brand","embeddable":true,"href":"https:\/\/magiiik.netstory.com.pl\/index.php?rest_route=%2Fwp%2Fv2%2Fproduct_brand&post=11557"},{"taxonomy":"product_cat","embeddable":true,"href":"https:\/\/magiiik.netstory.com.pl\/index.php?rest_route=%2Fwp%2Fv2%2Fproduct_cat&post=11557"},{"taxonomy":"product_tag","embeddable":true,"href":"https:\/\/magiiik.netstory.com.pl\/index.php?rest_route=%2Fwp%2Fv2%2Fproduct_tag&post=11557"}],"curies":[{"name":"wp","href":"https:\/\/api.w.org\/{rel}","templated":true}]}}