{"id":11553,"date":"2025-09-19T13:53:43","date_gmt":"2025-09-19T11:53:43","guid":{"rendered":"https:\/\/magiiik.netstory.com.pl\/produkt\/expose-by-sansminds-creative-labs\/"},"modified":"2025-09-19T13:55:00","modified_gmt":"2025-09-19T11:55:00","slug":"expose-by-sansminds-creative-labs","status":"publish","type":"product","link":"https:\/\/magiiik.netstory.com.pl\/?product=expose-by-sansminds-creative-labs","title":{"rendered":"Expose by SansMinds Creative Labs"},"content":{"rendered":"<div class=\"auto-hide-last-sibling-br paragraph_9dc5f paragraph-element\" style=\"text-align: center;\">Kawa\u0142ek nico\u015bci powoli zamienia si\u0119 w niezapomnian\u0105 pami\u0105tk\u0119.<\/div>\n<p style=\"text-align: center;\">\u00a0<\/p>\n<div class=\"auto-hide-last-sibling-br paragraph_9dc5f paragraph-element\" style=\"text-align: center;\">Natychmiastowe wizualne zmiany s\u0105 \u015bwietne do szybkich reakcji, ale powolne zmiany wizualne przypominaj\u0105ce CGI mog\u0105 wyry\u0107 moment magii w umys\u0142ach widz\u00f3w na reszt\u0119 ich \u017cycia.<\/div>\n<p style=\"text-align: center;\">\u00a0<\/p>\n<div class=\"auto-hide-last-sibling-br paragraph_9dc5f paragraph-element\" style=\"text-align: center;\">Gdy karta si\u0119 zmienia, zauwa\u017cysz, jak ich oczy staj\u0105 si\u0119 wi\u0119ksze i przestan\u0105 oddycha\u0107 na kilka sekund. Na ko\u0144cu zmiany podzi\u0119kuj\u0105 ci najg\u0142o\u015bniejsz\u0105 reakcj\u0105 WTF, jak\u0105 kiedykolwiek s\u0142ysza\u0142e\u015b w \u017cyciu!<\/div>\n<p style=\"text-align: center;\">\u00a0<\/p>\n<div class=\"auto-hide-last-sibling-br paragraph_9dc5f paragraph-element\" style=\"text-align: center;\">Expose od SansMinds Creative Lab zapewni ci dok\u0142adnie to, co opisano powy\u017cej.<\/div>\n<p style=\"text-align: center;\">\u00a0<\/p>\n<div class=\"auto-hide-last-sibling-br paragraph_9dc5f paragraph-element\" style=\"text-align: center;\"><strong>Mo\u017cesz wyj\u015b\u0107 i sprawi\u0107, \u017ce\u00a0najcichsi ludzie zaczn\u0105 krzycze\u0107 na g\u0142os, gdy tylko wykonasz Expose.<\/strong><\/div>\n<p style=\"text-align: center;\">\u00a0<\/p>\n<div class=\"auto-hide-last-sibling-br paragraph_9dc5f paragraph-element\" style=\"text-align: center;\">Dlaczego?<\/div>\n<div class=\"auto-hide-last-sibling-br paragraph_9dc5f paragraph-element\" style=\"text-align: center;\">Expose jest niezwykle \u0142atwe do wykonania, a otrzymasz w pe\u0142ni skonstruowane rekwizyty.<\/div>\n<p style=\"text-align: center;\">\u00a0<\/p>\n<div class=\"auto-hide-last-sibling-br paragraph_9dc5f paragraph-element\" style=\"text-align: center;\">Je\u015bli masz swoje ulubione talie do wykonywania sztuczek, mo\u017cesz r\u00f3wnie\u017c zrobi\u0107 w\u0142asn\u0105 wersj\u0119 Expose, poniewa\u017c DVD uczy ci\u0119, jak szybko stworzy\u0107 rekwizyt.<\/div>\n<p style=\"text-align: center;\">\u00a0<\/p>\n<div class=\"auto-hide-last-sibling-br paragraph_9dc5f paragraph-element\" style=\"text-align: center;\">Uzyskaj t\u0119 osza\u0142amiaj\u0105c\u0105 reakcj\u0119 dzi\u0119ki Expose ju\u017c dzi\u015b!<\/div>\n<p style=\"text-align: center;\">\u00a0<\/p>\n<div class=\"auto-hide-last-sibling-br paragraph_9dc5f paragraph-element\" style=\"text-align: center;\">Co otrzymasz:<br class=\"container_21264 wrapper_661ac undefined\" \/>1 instrukta\u017cowe DVD<br class=\"container_21264 wrapper_661ac undefined\" \/>1 w pe\u0142ni wykonany rekwizyt (niebieski rekwizyt Bicycle)<\/div>\n<div class=\"auto-hide-last-sibling-br paragraph_9dc5f paragraph-element\" style=\"text-align: center;\">\u00a0<\/div>\n<div class=\"auto-hide-last-sibling-br paragraph_9dc5f paragraph-element\" style=\"text-align: center;\"><iframe loading=\"lazy\" title=\"YouTube video player\" src=\"\/\/www.youtube.com\/embed\/SpuZWtZcRFE\" width=\"560\" height=\"315\" frameborder=\"0\" allowfullscreen=\"allowfullscreen\"><\/iframe><\/div>\n","protected":false},"excerpt":{"rendered":"<p>Kawa\u0142ek nico\u015bci powoli zamienia si\u0119 w niezapomnian\u0105 pami\u0105tk\u0119. \u00a0 Natychmiastowe wizualne zmiany s\u0105 \u015bwietne do szybkich reakcji, ale powolne zmiany wizualne przypominaj\u0105ce CGI mog\u0105 wyry\u0107 moment magii w umys\u0142ach widz\u00f3w&#8230;<\/p>\n","protected":false},"featured_media":11554,"comment_status":"closed","ping_status":"open","template":"","meta":[],"product_brand":[],"product_cat":[41],"product_tag":[],"class_list":{"0":"post-11553","1":"product","2":"type-product","3":"status-publish","4":"has-post-thumbnail","6":"product_cat-mikro-iluzja-close-up-efekty-z-kartami","8":"first","9":"instock","10":"purchasable","11":"product-type-simple"},"_links":{"self":[{"href":"https:\/\/magiiik.netstory.com.pl\/index.php?rest_route=\/wp\/v2\/product\/11553","targetHints":{"allow":["GET"]}}],"collection":[{"href":"https:\/\/magiiik.netstory.com.pl\/index.php?rest_route=\/wp\/v2\/product"}],"about":[{"href":"https:\/\/magiiik.netstory.com.pl\/index.php?rest_route=\/wp\/v2\/types\/product"}],"replies":[{"embeddable":true,"href":"https:\/\/magiiik.netstory.com.pl\/index.php?rest_route=%2Fwp%2Fv2%2Fcomments&post=11553"}],"wp:featuredmedia":[{"embeddable":true,"href":"https:\/\/magiiik.netstory.com.pl\/index.php?rest_route=\/wp\/v2\/media\/11554"}],"wp:attachment":[{"href":"https:\/\/magiiik.netstory.com.pl\/index.php?rest_route=%2Fwp%2Fv2%2Fmedia&parent=11553"}],"wp:term":[{"taxonomy":"product_brand","embeddable":true,"href":"https:\/\/magiiik.netstory.com.pl\/index.php?rest_route=%2Fwp%2Fv2%2Fproduct_brand&post=11553"},{"taxonomy":"product_cat","embeddable":true,"href":"https:\/\/magiiik.netstory.com.pl\/index.php?rest_route=%2Fwp%2Fv2%2Fproduct_cat&post=11553"},{"taxonomy":"product_tag","embeddable":true,"href":"https:\/\/magiiik.netstory.com.pl\/index.php?rest_route=%2Fwp%2Fv2%2Fproduct_tag&post=11553"}],"curies":[{"name":"wp","href":"https:\/\/api.w.org\/{rel}","templated":true}]}}