{"id":11549,"date":"2025-09-19T13:53:43","date_gmt":"2025-09-19T11:53:43","guid":{"rendered":"https:\/\/magiiik.netstory.com.pl\/produkt\/icandy-by-peter-eggink\/"},"modified":"2025-09-19T13:54:56","modified_gmt":"2025-09-19T11:54:56","slug":"icandy-by-peter-eggink","status":"publish","type":"product","link":"https:\/\/magiiik.netstory.com.pl\/?product=icandy-by-peter-eggink","title":{"rendered":"iCANDY by Peter Eggink"},"content":{"rendered":"<div class=\"auto-hide-last-sibling-br paragraph_9dc5f paragraph-element\" style=\"text-align: center;\">Pot\u0119\u017cna, wizualna magia wykonywana w r\u0119kach widza przy u\u017cyciu codziennych przedmiot\u00f3w to najlepsze, co mo\u017ce zrobi\u0107 ka\u017cdy magik.<\/div>\n<div class=\"auto-hide-last-sibling-br paragraph_9dc5f paragraph-element\" style=\"text-align: center;\">\u00a0<\/div>\n<div class=\"auto-hide-last-sibling-br paragraph_9dc5f paragraph-element\" style=\"text-align: center;\">Podstawowa rutyna:<\/div>\n<p style=\"text-align: center;\">Popro\u015b widza, aby wybra\u0142 2 cukierki w r\u00f3\u017cnych kolorach, a nast\u0119pnie niech zamknie je w d\u0142oni.<\/p>\n<p style=\"text-align: center;\">Nast\u0119pnie wyjmujesz jeden z cukierk\u00f3w z jego r\u0119ki, tak aby tego nie zauwa\u017cy\u0142. Jest to 50\/50 szansa, \u017ce widz &#8222;zgadnie&#8221; w\u0142a\u015bciwy kolor, wi\u0119c nie jest to zbyt magiczne&#8230; do momentu, kiedy magicznie i wizualnie sprawisz, \u017ce cukierek zniknie, tylko po to, aby ponownie pojawi\u0142 si\u0119 WEWN\u0104TRZ ich r\u0105k!<\/p>\n<p style=\"text-align: center;\">\u00a0<\/p>\n<div class=\"auto-hide-last-sibling-br paragraph_9dc5f paragraph-element\" style=\"text-align: center;\">iCandy pozwala na wykonywanie niesamowitych wizualnych efekt\u00f3w, takich jak przemieszczenia,<\/div>\n<div class=\"auto-hide-last-sibling-br paragraph_9dc5f paragraph-element\" style=\"text-align: center;\">zmiany kolor\u00f3w, przenikania i wiele wi\u0119cej!<\/div>\n<div class=\"auto-hide-last-sibling-br paragraph_9dc5f paragraph-element\" style=\"text-align: center;\">\u00a0<\/div>\n<div class=\"auto-hide-last-sibling-br paragraph_9dc5f paragraph-element\" style=\"text-align: center;\"><strong>Sprawd\u017a wideo i pozw\u00f3l magii m\u00f3wi\u0107 za siebie.<\/strong><\/div>\n<div class=\"auto-hide-last-sibling-br paragraph_9dc5f paragraph-element\" style=\"text-align: center;\">Rekwizyt dostosowuje si\u0119 do obu popularnych marek: Fruit-tella i Starburst.<\/div>\n<p style=\"text-align: center;\">\u00a0<\/p>\n<div class=\"auto-hide-last-sibling-br paragraph_9dc5f paragraph-element\" style=\"text-align: center;\">iCandy jest kompletny z specjalnymi rekwizytami iCandy (w tym opcj\u0105 dostosowania rekwizytu do Fruit-tella lub Starburst) oraz instrukcjami wideo online, kt\u00f3re szczeg\u00f3\u0142owo omawiaj\u0105 r\u00f3\u017cne efekty\/rutyny, w tym znikni\u0119cia.<\/div>\n<div class=\"auto-hide-last-sibling-br paragraph_9dc5f paragraph-element\" style=\"text-align: center;\">\u00a0<\/div>\n<div class=\"auto-hide-last-sibling-br paragraph_9dc5f paragraph-element\" style=\"text-align: center;\"><iframe loading=\"lazy\" title=\"YouTube video player\" src=\"\/\/www.youtube.com\/embed\/tQ-rQJ3nhIg\" width=\"560\" height=\"315\" frameborder=\"0\" allowfullscreen=\"allowfullscreen\"><\/iframe><\/div>\n","protected":false},"excerpt":{"rendered":"<p>Pot\u0119\u017cna, wizualna magia wykonywana w r\u0119kach widza przy u\u017cyciu codziennych przedmiot\u00f3w to najlepsze, co mo\u017ce zrobi\u0107 ka\u017cdy magik. \u00a0 Podstawowa rutyna: Popro\u015b widza, aby wybra\u0142 2 cukierki w r\u00f3\u017cnych kolorach,&#8230;<\/p>\n","protected":false},"featured_media":11550,"comment_status":"closed","ping_status":"open","template":"","meta":[],"product_brand":[],"product_cat":[34],"product_tag":[],"class_list":{"0":"post-11549","1":"product","2":"type-product","3":"status-publish","4":"has-post-thumbnail","6":"product_cat-mikro-iluzja-close-up-inne","8":"first","9":"instock","10":"purchasable","11":"product-type-simple"},"_links":{"self":[{"href":"https:\/\/magiiik.netstory.com.pl\/index.php?rest_route=\/wp\/v2\/product\/11549","targetHints":{"allow":["GET"]}}],"collection":[{"href":"https:\/\/magiiik.netstory.com.pl\/index.php?rest_route=\/wp\/v2\/product"}],"about":[{"href":"https:\/\/magiiik.netstory.com.pl\/index.php?rest_route=\/wp\/v2\/types\/product"}],"replies":[{"embeddable":true,"href":"https:\/\/magiiik.netstory.com.pl\/index.php?rest_route=%2Fwp%2Fv2%2Fcomments&post=11549"}],"wp:featuredmedia":[{"embeddable":true,"href":"https:\/\/magiiik.netstory.com.pl\/index.php?rest_route=\/wp\/v2\/media\/11550"}],"wp:attachment":[{"href":"https:\/\/magiiik.netstory.com.pl\/index.php?rest_route=%2Fwp%2Fv2%2Fmedia&parent=11549"}],"wp:term":[{"taxonomy":"product_brand","embeddable":true,"href":"https:\/\/magiiik.netstory.com.pl\/index.php?rest_route=%2Fwp%2Fv2%2Fproduct_brand&post=11549"},{"taxonomy":"product_cat","embeddable":true,"href":"https:\/\/magiiik.netstory.com.pl\/index.php?rest_route=%2Fwp%2Fv2%2Fproduct_cat&post=11549"},{"taxonomy":"product_tag","embeddable":true,"href":"https:\/\/magiiik.netstory.com.pl\/index.php?rest_route=%2Fwp%2Fv2%2Fproduct_tag&post=11549"}],"curies":[{"name":"wp","href":"https:\/\/api.w.org\/{rel}","templated":true}]}}