{"id":11545,"date":"2025-09-19T13:53:43","date_gmt":"2025-09-19T11:53:43","guid":{"rendered":"https:\/\/magiiik.netstory.com.pl\/produkt\/blink-vanish-dvd-and-gimmick-by-sansminds\/"},"modified":"2025-09-19T13:54:52","modified_gmt":"2025-09-19T11:54:52","slug":"blink-vanish-dvd-and-gimmick-by-sansminds","status":"publish","type":"product","link":"https:\/\/magiiik.netstory.com.pl\/?product=blink-vanish-dvd-and-gimmick-by-sansminds","title":{"rendered":"Blink Vanish (DVD and Gimmick) by SansMinds"},"content":{"rendered":"<div data-message-id=\"7404084336162603013\">\n<div class=\"mGlRdElpPA7BLW_KWDNo Qr1AN1zGC7gY_6ihZORq XtESIEZWpHE35gnCAbhW\">\n<div class=\"chat-uikit-message-box\">\n<div class=\"chat-uikit-message-box-container chat-uikit-message-box-container-pc\">\n<div class=\"chat-uikit-message-box-container__message\">\n<div class=\"chat-uikit-message-box-container__message__message-box\">\n<div class=\"chat-uikit-message-box-container__message__message-box__content\">\n<div class=\"chat-uikit-message-box-inner chat-uikit-message-box-inner--whiteness\">\n<div class=\"chat-uikit-text-content\" data-testid=\"bot.ide.chat_area.message.text-answer-message-content\">\n<div class=\"container_f8cdb flow-markdown-body\" dir=\"ltr\" data-show-indicator=\"false\">\n<div class=\"auto-hide-last-sibling-br paragraph_9dc5f paragraph-element\" style=\"text-align: center;\">Istnieje wiele klasycznych efekt\u00f3w karcianych zwi\u0105zanych z rozerwanym rogiem.<\/div>\n<div class=\"auto-hide-last-sibling-br paragraph_9dc5f paragraph-element\" style=\"text-align: center;\">Brakuje tylko jednej rzeczy &#8211; doskona\u0142ego wizualnego znikni\u0119cia, <strong>a\u017c do TERAZ.<\/strong><\/div>\n<p>  <br class=\"container_21264 wrapper_661ac undefined\" \/>  <\/p>\n<div class=\"auto-hide-last-sibling-br paragraph_9dc5f paragraph-element\" style=\"text-align: center;\">SansMinds Creative Lab we wsp\u00f3\u0142pracy z Robertem Lupu z Rumunii prezentuje Blink Vanish.<\/div>\n<p>  <br class=\"container_21264 wrapper_661ac undefined\" \/>  <\/p>\n<div class=\"auto-hide-last-sibling-br paragraph_9dc5f paragraph-element\" style=\"text-align: center;\">Blink Vanish to znikni\u0119cie, kt\u00f3re wygl\u0105da jak prawdziwa magia.<\/div>\n<p>  <br class=\"container_21264 wrapper_661ac undefined\" \/>  <\/p>\n<div class=\"auto-hide-last-sibling-br paragraph_9dc5f paragraph-element\" style=\"text-align: center;\">Jest super bezpo\u015brednie.<\/div>\n<p>  <br class=\"container_21264 wrapper_661ac undefined\" \/>  <\/p>\n<div class=\"auto-hide-last-sibling-br paragraph_9dc5f paragraph-element\" style=\"text-align: center;\">Jest ekstremalnie \u015bmia\u0142e.<\/div>\n<p>  <br class=\"container_21264 wrapper_661ac undefined\" \/>  <\/p>\n<div class=\"auto-hide-last-sibling-br paragraph_9dc5f paragraph-element\" style=\"text-align: center;\">Efekt ko\u0144cowy jest zab\u00f3jczy.<\/div>\n<p>  <br class=\"container_21264 wrapper_661ac undefined\" \/>  <\/p>\n<div class=\"auto-hide-last-sibling-br paragraph_9dc5f paragraph-element\" style=\"text-align: center;\">Potrzebujesz tego, je\u015bli chcesz, aby ludzie uwierzyli, \u017ce jeste\u015b prawdziwym czarodziejem!<\/div>\n<p>  <br class=\"container_21264 wrapper_661ac undefined\" \/>  <\/p>\n<div class=\"auto-hide-last-sibling-br paragraph_9dc5f paragraph-element\" style=\"text-align: center;\"><strong>Sprawd\u017a to sam.<\/strong><\/div>\n<p>  <br class=\"container_21264 wrapper_661ac undefined\" \/>  <\/p>\n<div class=\"auto-hide-last-sibling-br paragraph_9dc5f paragraph-element\" style=\"text-align: center;\">Prawa telewizyjne nie s\u0105 wliczone. Prosimy o kontakt z SansMinds w sprawie praw telewizyjnych.<\/div>\n<div class=\"auto-hide-last-sibling-br paragraph_9dc5f paragraph-element\" style=\"text-align: center;\">\u00a0<\/div>\n<div class=\"auto-hide-last-sibling-br paragraph_9dc5f paragraph-element\" style=\"text-align: center;\"><iframe loading=\"lazy\" title=\"YouTube video player\" src=\"\/\/www.youtube.com\/embed\/s5dkQebUWjw\" width=\"560\" height=\"315\" frameborder=\"0\" allowfullscreen=\"allowfullscreen\"><\/iframe>\u00a0<\/div><\/div><\/div><\/div>\n<div class=\"chat-uikit-message-box-container__message__message-box__content__right\">\u00a0<\/div><\/div>\n<div class=\"chat-uikit-message-box-container__message__message-box__footer\">\u00a0<\/div>\n<div class=\"chat-uikit-message-box-container__message__message-box__hover-container\">\u00a0<\/div><\/div><\/div><\/div><\/div><\/div><\/div>\n<div data-message-id=\"7404084332291309573\">\u00a0<\/div>\n","protected":false},"excerpt":{"rendered":"<p>Istnieje wiele klasycznych efekt\u00f3w karcianych zwi\u0105zanych z rozerwanym rogiem. Brakuje tylko jednej rzeczy &#8211; doskona\u0142ego wizualnego znikni\u0119cia, a\u017c do TERAZ. SansMinds Creative Lab we wsp\u00f3\u0142pracy z Robertem Lupu z Rumunii&#8230;<\/p>\n","protected":false},"featured_media":11546,"comment_status":"closed","ping_status":"open","template":"","meta":[],"product_brand":[],"product_cat":[41],"product_tag":[],"class_list":{"0":"post-11545","1":"product","2":"type-product","3":"status-publish","4":"has-post-thumbnail","6":"product_cat-mikro-iluzja-close-up-efekty-z-kartami","8":"first","9":"instock","10":"purchasable","11":"product-type-simple"},"_links":{"self":[{"href":"https:\/\/magiiik.netstory.com.pl\/index.php?rest_route=\/wp\/v2\/product\/11545","targetHints":{"allow":["GET"]}}],"collection":[{"href":"https:\/\/magiiik.netstory.com.pl\/index.php?rest_route=\/wp\/v2\/product"}],"about":[{"href":"https:\/\/magiiik.netstory.com.pl\/index.php?rest_route=\/wp\/v2\/types\/product"}],"replies":[{"embeddable":true,"href":"https:\/\/magiiik.netstory.com.pl\/index.php?rest_route=%2Fwp%2Fv2%2Fcomments&post=11545"}],"wp:featuredmedia":[{"embeddable":true,"href":"https:\/\/magiiik.netstory.com.pl\/index.php?rest_route=\/wp\/v2\/media\/11546"}],"wp:attachment":[{"href":"https:\/\/magiiik.netstory.com.pl\/index.php?rest_route=%2Fwp%2Fv2%2Fmedia&parent=11545"}],"wp:term":[{"taxonomy":"product_brand","embeddable":true,"href":"https:\/\/magiiik.netstory.com.pl\/index.php?rest_route=%2Fwp%2Fv2%2Fproduct_brand&post=11545"},{"taxonomy":"product_cat","embeddable":true,"href":"https:\/\/magiiik.netstory.com.pl\/index.php?rest_route=%2Fwp%2Fv2%2Fproduct_cat&post=11545"},{"taxonomy":"product_tag","embeddable":true,"href":"https:\/\/magiiik.netstory.com.pl\/index.php?rest_route=%2Fwp%2Fv2%2Fproduct_tag&post=11545"}],"curies":[{"name":"wp","href":"https:\/\/api.w.org\/{rel}","templated":true}]}}