{"id":11541,"date":"2025-09-19T13:53:43","date_gmt":"2025-09-19T11:53:43","guid":{"rendered":"https:\/\/magiiik.netstory.com.pl\/produkt\/juxtapad-by-alex-latorre-and-mark-mason\/"},"modified":"2025-09-19T13:54:47","modified_gmt":"2025-09-19T11:54:47","slug":"juxtapad-by-alex-latorre-and-mark-mason","status":"publish","type":"product","link":"https:\/\/magiiik.netstory.com.pl\/?product=juxtapad-by-alex-latorre-and-mark-mason","title":{"rendered":"JuxtaPad by Alex Latorre and Mark Mason"},"content":{"rendered":"<div class=\"auto-hide-last-sibling-br paragraph_9dc5f paragraph-element\" style=\"text-align: center;\"><strong>Juxtapad<\/strong> to co\u015b wi\u0119cej ni\u017c tylko sztuczka magiczna.<\/div>\n<div class=\"auto-hide-last-sibling-br paragraph_9dc5f paragraph-element\" style=\"text-align: center;\">\u00a0<\/div>\n<div class=\"auto-hide-last-sibling-br paragraph_9dc5f paragraph-element\" style=\"text-align: center;\">Pozwala wykonywa\u0107 liczne efekty. Wyobra\u017a sobie, \u017ce mo\u017cesz sprawi\u0107, aby dowolne s\u0142owo, dowolna liczba, dowolny obrazek lub cokolwiek chcesz ZNIKN\u0118\u0141O lub POJAWI\u0141O SI\u0118 na zawo\u0142anie z NOTATNIKA SAMOPRZYLEPNEGO.<\/div>\n<div class=\"auto-hide-last-sibling-br paragraph_9dc5f paragraph-element\" style=\"text-align: center;\">BEZ SPECJALNYCH D\u0141UGOPIS\u00d3W, BEZ SPECJALNYCH TUSZY.<\/div>\n<p style=\"text-align: center;\">Juxtapad zawiera kilka rutyn i pomys\u0142\u00f3w. Oto m\u00f3j absolutny faworyt!<\/p>\n<div class=\"auto-hide-last-sibling-br paragraph_9dc5f paragraph-element\" style=\"text-align: center;\">\u00a0<\/div>\n<div class=\"auto-hide-last-sibling-br paragraph_9dc5f paragraph-element\" style=\"text-align: center;\"><strong>To wygl\u0105da tak:<\/strong><\/div>\n<div class=\"auto-hide-last-sibling-br paragraph_9dc5f paragraph-element\" style=\"text-align: center;\">\u00a0<\/div>\n<div class=\"auto-hide-last-sibling-br paragraph_9dc5f paragraph-element\" style=\"text-align: center;\">DOWOLNA KSI\u0104\u017bKA w DOWOLNYM J\u0118ZYKU jest przegl\u0105dana, a\u017c widz powie STOP. Prosi si\u0119 go, aby zapami\u0119ta\u0142 numer strony i pierwsze s\u0142owo na tej stronie. Ksi\u0105\u017cka zostaje zamkni\u0119ta i po\u0142o\u017cona na stole.<\/div>\n<div class=\"auto-hide-last-sibling-br paragraph_9dc5f paragraph-element\" style=\"text-align: center;\">Podnosisz ma\u0142y notatnik samoprzylepny. BEZ JAKICHKOLWIEK PYTA\u0143, zapisujesz JEDNO s\u0142owo i JEDEN numer strony.<\/div>\n<p style=\"text-align: center;\">\u00a0<\/p>\n<div class=\"auto-hide-last-sibling-br paragraph_9dc5f paragraph-element\" style=\"text-align: center;\">Po raz pierwszy prosisz widza o podanie numeru strony i s\u0142owa. Odwracasz notatnik, aby ujawni\u0107 DOK\u0141ADNE S\u0141OWO I NUMER STRONY. ALE CZEKAJ &#8212; TO NIE WSZYSTKO!<br class=\"container_21264 wrapper_661ac undefined\" \/>TO JEST PO PROSTU NIEWIARYGODNE.<\/div>\n<p style=\"text-align: center;\">\u00a0<\/p>\n<div class=\"auto-hide-last-sibling-br paragraph_9dc5f paragraph-element\" style=\"text-align: center;\">Notatnik jest umieszczany na r\u0119ce widza. Twierdzisz, \u017ce sprawisz, aby ich s\u0142owo znikn\u0119\u0142o.<\/div>\n<div class=\"auto-hide-last-sibling-br paragraph_9dc5f paragraph-element\" style=\"text-align: center;\">Notatnik jest odwracany; napis znikn\u0105\u0142. Pytasz, czy pami\u0119taj\u0105 numer swojej strony. Ksi\u0105\u017cka jest teraz otwierana na tej stronie. NOTATKA SAMOPRZYLEPNA Z ICH S\u0141OWEM I NUMEREM STRONY JEST TERAZ PRZYKLEJONA DO TEJ STRONY.<\/div>\n<p style=\"text-align: center;\">Powy\u017csza rutyna to absolutny NOKAUT.<\/p>\n<p style=\"text-align: center;\"><strong>KLUCZOWE UWAGI DO ZAPAMI\u0118TANIA:<\/strong><\/p>\n<div class=\"auto-hide-last-sibling-br paragraph_9dc5f paragraph-element\" style=\"text-align: center;\">BEZ SPECJALNYCH D\u0141UGOPIS\u00d3W &#8211; U\u017bYWAJ DOWOLNEGO D\u0141UGOPISU<br class=\"container_21264 wrapper_661ac undefined\" \/>BEZ ZNIKAJ\u0104CYCH TUSZY<br class=\"container_21264 wrapper_661ac undefined\" \/>BEZ UKRYWANIA CZEGO\u015a W D\u0141ONI<br class=\"container_21264 wrapper_661ac undefined\" \/>BEZ DODAWANIA CZEGOKOLWIEK<br class=\"container_21264 wrapper_661ac undefined\" \/>Zestaw zawiera specjalnie zaprojektowany Juxtapad oraz kilka rutyn i pomys\u0142\u00f3w.<\/div>\n<div class=\"auto-hide-last-sibling-br paragraph_9dc5f paragraph-element\" style=\"text-align: center;\">\u00a0<\/div>\n<div class=\"auto-hide-last-sibling-br paragraph_9dc5f paragraph-element\" style=\"text-align: center;\"><iframe loading=\"lazy\" title=\"YouTube video player\" src=\"\/\/www.youtube.com\/embed\/V1p4BT8Re7Y\" width=\"560\" height=\"315\" frameborder=\"0\" allowfullscreen=\"allowfullscreen\"><\/iframe><\/div>\n","protected":false},"excerpt":{"rendered":"<p>Juxtapad to co\u015b wi\u0119cej ni\u017c tylko sztuczka magiczna. \u00a0 Pozwala wykonywa\u0107 liczne efekty. Wyobra\u017a sobie, \u017ce mo\u017cesz sprawi\u0107, aby dowolne s\u0142owo, dowolna liczba, dowolny obrazek lub cokolwiek chcesz ZNIKN\u0118\u0141O lub&#8230;<\/p>\n","protected":false},"featured_media":11542,"comment_status":"closed","ping_status":"open","template":"","meta":[],"product_brand":[],"product_cat":[24],"product_tag":[],"class_list":{"0":"post-11541","1":"product","2":"type-product","3":"status-publish","4":"has-post-thumbnail","6":"product_cat-mentalizm","8":"first","9":"instock","10":"purchasable","11":"product-type-simple"},"_links":{"self":[{"href":"https:\/\/magiiik.netstory.com.pl\/index.php?rest_route=\/wp\/v2\/product\/11541","targetHints":{"allow":["GET"]}}],"collection":[{"href":"https:\/\/magiiik.netstory.com.pl\/index.php?rest_route=\/wp\/v2\/product"}],"about":[{"href":"https:\/\/magiiik.netstory.com.pl\/index.php?rest_route=\/wp\/v2\/types\/product"}],"replies":[{"embeddable":true,"href":"https:\/\/magiiik.netstory.com.pl\/index.php?rest_route=%2Fwp%2Fv2%2Fcomments&post=11541"}],"wp:featuredmedia":[{"embeddable":true,"href":"https:\/\/magiiik.netstory.com.pl\/index.php?rest_route=\/wp\/v2\/media\/11542"}],"wp:attachment":[{"href":"https:\/\/magiiik.netstory.com.pl\/index.php?rest_route=%2Fwp%2Fv2%2Fmedia&parent=11541"}],"wp:term":[{"taxonomy":"product_brand","embeddable":true,"href":"https:\/\/magiiik.netstory.com.pl\/index.php?rest_route=%2Fwp%2Fv2%2Fproduct_brand&post=11541"},{"taxonomy":"product_cat","embeddable":true,"href":"https:\/\/magiiik.netstory.com.pl\/index.php?rest_route=%2Fwp%2Fv2%2Fproduct_cat&post=11541"},{"taxonomy":"product_tag","embeddable":true,"href":"https:\/\/magiiik.netstory.com.pl\/index.php?rest_route=%2Fwp%2Fv2%2Fproduct_tag&post=11541"}],"curies":[{"name":"wp","href":"https:\/\/api.w.org\/{rel}","templated":true}]}}