{"id":11537,"date":"2025-09-19T13:53:43","date_gmt":"2025-09-19T11:53:43","guid":{"rendered":"https:\/\/magiiik.netstory.com.pl\/produkt\/skymember-presents-nomad-ring-mark-iii-barber-edition\/"},"modified":"2025-09-19T13:54:44","modified_gmt":"2025-09-19T11:54:44","slug":"skymember-presents-nomad-ring-mark-iii-barber-edition","status":"publish","type":"product","link":"https:\/\/magiiik.netstory.com.pl\/?product=skymember-presents-nomad-ring-mark-iii-barber-edition","title":{"rendered":"Skymember Presents Nomad Ring Mark III (Barber Edition)"},"content":{"rendered":"<div class=\"auto-hide-last-sibling-br paragraph_9dc5f paragraph-element\" style=\"text-align: center;\">W 2021 roku przedstawili\u015bmy Nomad Ring Mark 2:<\/div>\n<div class=\"auto-hide-last-sibling-br paragraph_9dc5f paragraph-element\" style=\"text-align: center;\">prze\u0142omow\u0105 wizualn\u0105 rutyn\u0119 z pier\u015bcieniem monetowym, kt\u00f3ra podbi\u0142a spo\u0142eczno\u015b\u0107 magik\u00f3w.<\/div>\n<p style=\"text-align: center;\">\u00a0<\/p>\n<div class=\"auto-hide-last-sibling-br paragraph_9dc5f paragraph-element\" style=\"text-align: center;\">Nomad Ring Mark 2 osi\u0105gn\u0105\u0142 wielki sukces i zdoby\u0142 serca magik\u00f3w dzi\u0119ki swojej \u015aMIA\u0141EJ, BEZPO\u015aREDNIEJ i WIZUALNEJ prezentacji.<\/div>\n<p style=\"text-align: center;\">\u00a0<\/p>\n<div class=\"auto-hide-last-sibling-br paragraph_9dc5f paragraph-element\" style=\"text-align: center;\"><strong>Powitajcie Nomad Ring Mark 3 BARBER Edition.<\/strong><\/div>\n<p style=\"text-align: center;\">\u00a0<\/p>\n<div class=\"auto-hide-last-sibling-br paragraph_9dc5f paragraph-element\" style=\"text-align: center;\">Nasz Barber Coin to PIERWSZA NA \u015aWIECIE 38 mm niestandardowa p\u00f3\u0142dolar\u00f3wka, zaprojektowana w naszym UNIKALNYM wzorze Monarch, kt\u00f3ry mo\u017cna znale\u017a\u0107 tylko w naszej serii Art of Coin.<\/div>\n<p style=\"text-align: center;\">\u00a0<\/p>\n<div class=\"auto-hide-last-sibling-br paragraph_9dc5f paragraph-element\" style=\"text-align: center;\">Moneta nie tylko jest PI\u0118KNIE wykonana&#8230; ale jest r\u00f3wnie\u017c magnetyczna,<\/div>\n<div class=\"auto-hide-last-sibling-br paragraph_9dc5f paragraph-element\" style=\"text-align: center;\">co poszerza mo\u017cliwo\u015bci jej zastosowania w magii z monetami.<\/div>\n<p style=\"text-align: center;\">\u00a0<\/p>\n<div class=\"auto-hide-last-sibling-br paragraph_9dc5f paragraph-element\" style=\"text-align: center;\">Pi\u0119kno Barber Coin jest doskonale odwzorowane w naszym pier\u015bcieniu.<\/div>\n<div class=\"auto-hide-last-sibling-br paragraph_9dc5f paragraph-element\" style=\"text-align: center;\">Perfekcja tkwi w detalu, ka\u017cdy ma\u0142y element artystyczny zosta\u0142 precyzyjnie wyt\u0142oczony na wewn\u0119trznej i zewn\u0119trznej stronie pier\u015bcienia, takie jak postacie, gwiazdy i li\u015bcie.<\/div>\n<p style=\"text-align: center;\">\u00a0<\/p>\n<div class=\"auto-hide-last-sibling-br paragraph_9dc5f paragraph-element\" style=\"text-align: center;\">Aby uzyska\u0107 jeszcze lepsz\u0105 estetyk\u0119, pokrywamy pier\u015bcie\u0144 umiarkowan\u0105 patyn\u0105 vintage poprzez skomplikowany proces,<\/div>\n<div class=\"auto-hide-last-sibling-br paragraph_9dc5f paragraph-element\" style=\"text-align: center;\">kt\u00f3ry b\u0119dzie trwa\u0142 bardzo d\u0142ugo.<\/div>\n<div class=\"auto-hide-last-sibling-br paragraph_9dc5f paragraph-element\" style=\"text-align: center;\"><strong>Rzadko mo\u017cna znale\u017a\u0107 takiej jako\u015bci rzemios\u0142o w produktach magicznych w tej cenie.<\/strong><\/div>\n<p style=\"text-align: center;\">\u00a0<\/p>\n<div class=\"auto-hide-last-sibling-br paragraph_9dc5f paragraph-element\" style=\"text-align: center;\">Rutyna wymaga\u0142a niezawodnej magnetyzacji. Dlatego, aby zwi\u0119kszy\u0107 trwa\u0142o\u015b\u0107, tym razem opracowali\u015bmy specjalnie sformu\u0142owany zwi\u0105zek chemiczny, kt\u00f3ry wzmocni wi\u0105zanie mi\u0119dzy magnesem a pier\u015bcieniem.<\/div>\n<p style=\"text-align: center;\">\u00a0<\/p>\n<div class=\"auto-hide-last-sibling-br paragraph_9dc5f paragraph-element\" style=\"text-align: center;\">Ta generacja Coin Ring oznacza znacz\u0105cy krok naprz\u00f3d w testach trwa\u0142o\u015bci.<\/div>\n<div class=\"auto-hide-last-sibling-br paragraph_9dc5f paragraph-element\" style=\"text-align: center;\">Niezale\u017cnie od tego, jak surowo traktujesz pier\u015bcie\u0144, magnes pozostanie na miejscu.<\/div>\n<div class=\"auto-hide-last-sibling-br paragraph_9dc5f paragraph-element\" style=\"text-align: center;\">Oznacza to, \u017ce teraz mo\u017cesz pewnie wykonywa\u0107 rutyn\u0119 i nosi\u0107 magnetyczny pier\u015bcie\u0144 z monety jako codzienne akcesorium.<\/div>\n<p style=\"text-align: center;\">\u00a0<\/p>\n<div class=\"auto-hide-last-sibling-br paragraph_9dc5f paragraph-element\" style=\"text-align: center;\">Bez wzgl\u0119du na to, jaki str\u00f3j nosisz, Barber Ring b\u0119dzie wygl\u0105da\u0142 stylowo i nowocze\u015bnie, harmonizuj\u0105c z ka\u017cdym stylem i gotowy, aby zab\u0142ysn\u0105\u0107, kiedy tylko zechcesz.<\/div>\n<p style=\"text-align: center;\">\u00a0<\/p>\n<div class=\"auto-hide-last-sibling-br paragraph_9dc5f paragraph-element\" style=\"text-align: center;\">Rutyna jest w pe\u0142ni modu\u0142owa; wi\u0119c mo\u017cesz wykonywa\u0107 wszystkie fazy razem lub tylko cz\u0119\u015b\u0107 z nich.<\/div>\n<div class=\"auto-hide-last-sibling-br paragraph_9dc5f paragraph-element\" style=\"text-align: center;\">Nie jeste\u015b ograniczony do wykonywania Coin to Ring\u00a0i odwrotnie!<\/div>\n<p style=\"text-align: center;\">\u00a0<\/p>\n<div class=\"auto-hide-last-sibling-br paragraph_9dc5f paragraph-element\" style=\"text-align: center;\">Bez wzgl\u0119du na to, czy jeste\u015b magikiem, entuzjast\u0105 magii czy kolekcjonerem pier\u015bcieni z monet, Nomad Ring Mark III spe\u0142ni Twoje oczekiwania.<\/div>\n<p style=\"text-align: center;\">\u00a0<\/p>\n<div class=\"auto-hide-last-sibling-br paragraph_9dc5f paragraph-element\" style=\"text-align: center;\">Czy jeste\u015b gotowy&#8230; na t\u0119 ewolucj\u0119?<\/div>\n<div class=\"auto-hide-last-sibling-br paragraph_9dc5f paragraph-element\" style=\"text-align: center;\"><strong>Limitowana edycja!<\/strong><\/div>\n<p style=\"text-align: center;\">\u00a0<\/p>\n<div class=\"auto-hide-last-sibling-br paragraph_9dc5f paragraph-element\" style=\"text-align: center;\">Zastrze\u017cenie: Ka\u017cdy Nomad Ring Mark 3 jest dostarczany z niestandardow\u0105 monet\u0105 i pier\u015bcieniem z rekwizytem (21mm). Pier\u015bcie\u0144 z monety bez rekwizytu dost\u0119pny do zakupu osobno. Patyna na ka\u017cdej Barber Coin i pier\u015bcieniu mo\u017ce si\u0119 r\u00f3\u017cni\u0107, poniewa\u017c jest r\u0119cznie nak\u0142adana. Prawa handlowe s\u0105 zastrze\u017cone dla Nomad Ring, w tym mi\u0119dzy innymi do program\u00f3w telewizyjnych i internetowych. Prosimy o kontakt z Skymember Presents w sprawie zapyta\u0144 handlowych.<\/div>\n<div class=\"auto-hide-last-sibling-br paragraph_9dc5f paragraph-element\" style=\"text-align: center;\">\u00a0<\/div>\n<div class=\"auto-hide-last-sibling-br paragraph_9dc5f paragraph-element\" style=\"text-align: center;\"><iframe loading=\"lazy\" title=\"YouTube video player\" src=\"\/\/www.youtube.com\/embed\/ahywnHvsjpE\" width=\"560\" height=\"315\" frameborder=\"0\" allowfullscreen=\"allowfullscreen\"><\/iframe><\/div>\n","protected":false},"excerpt":{"rendered":"<p>W 2021 roku przedstawili\u015bmy Nomad Ring Mark 2: prze\u0142omow\u0105 wizualn\u0105 rutyn\u0119 z pier\u015bcieniem monetowym, kt\u00f3ra podbi\u0142a spo\u0142eczno\u015b\u0107 magik\u00f3w. \u00a0 Nomad Ring Mark 2 osi\u0105gn\u0105\u0142 wielki sukces i zdoby\u0142 serca magik\u00f3w&#8230;<\/p>\n","protected":false},"featured_media":11538,"comment_status":"closed","ping_status":"open","template":"","meta":[],"product_brand":[],"product_cat":[37],"product_tag":[],"class_list":{"0":"post-11537","1":"product","2":"type-product","3":"status-publish","4":"has-post-thumbnail","6":"product_cat-mikro-iluzja-close-up-monety","8":"first","9":"instock","10":"purchasable","11":"product-type-simple"},"_links":{"self":[{"href":"https:\/\/magiiik.netstory.com.pl\/index.php?rest_route=\/wp\/v2\/product\/11537","targetHints":{"allow":["GET"]}}],"collection":[{"href":"https:\/\/magiiik.netstory.com.pl\/index.php?rest_route=\/wp\/v2\/product"}],"about":[{"href":"https:\/\/magiiik.netstory.com.pl\/index.php?rest_route=\/wp\/v2\/types\/product"}],"replies":[{"embeddable":true,"href":"https:\/\/magiiik.netstory.com.pl\/index.php?rest_route=%2Fwp%2Fv2%2Fcomments&post=11537"}],"wp:featuredmedia":[{"embeddable":true,"href":"https:\/\/magiiik.netstory.com.pl\/index.php?rest_route=\/wp\/v2\/media\/11538"}],"wp:attachment":[{"href":"https:\/\/magiiik.netstory.com.pl\/index.php?rest_route=%2Fwp%2Fv2%2Fmedia&parent=11537"}],"wp:term":[{"taxonomy":"product_brand","embeddable":true,"href":"https:\/\/magiiik.netstory.com.pl\/index.php?rest_route=%2Fwp%2Fv2%2Fproduct_brand&post=11537"},{"taxonomy":"product_cat","embeddable":true,"href":"https:\/\/magiiik.netstory.com.pl\/index.php?rest_route=%2Fwp%2Fv2%2Fproduct_cat&post=11537"},{"taxonomy":"product_tag","embeddable":true,"href":"https:\/\/magiiik.netstory.com.pl\/index.php?rest_route=%2Fwp%2Fv2%2Fproduct_tag&post=11537"}],"curies":[{"name":"wp","href":"https:\/\/api.w.org\/{rel}","templated":true}]}}