{"id":11535,"date":"2025-09-19T13:53:43","date_gmt":"2025-09-19T11:53:43","guid":{"rendered":"https:\/\/magiiik.netstory.com.pl\/produkt\/ring-hole-by-peter-eggink\/"},"modified":"2025-09-19T13:54:42","modified_gmt":"2025-09-19T11:54:42","slug":"ring-hole-by-peter-eggink","status":"publish","type":"product","link":"https:\/\/magiiik.netstory.com.pl\/?product=ring-hole-by-peter-eggink","title":{"rendered":"RING HOLE by Peter Eggink"},"content":{"rendered":"<div class=\"auto-hide-last-sibling-br paragraph_9dc5f paragraph-element\" style=\"text-align: center;\">Klasyczna sztuczka &#8222;Ring Flight&#8221; to niesamowity element magii w ka\u017cdym repertuarze!<\/div>\n<div class=\"auto-hide-last-sibling-br paragraph_9dc5f paragraph-element\" style=\"text-align: center;\">Ringhole przenosi ten klasyk na inny poziom &#8211; <strong>bardziej magiczny. Bardziej niemo\u017cliwy. Ring Flight ewoluowa\u0142.<\/strong><\/div>\n<p style=\"text-align: center;\">\u00a0<\/p>\n<div class=\"auto-hide-last-sibling-br paragraph_9dc5f paragraph-element\" style=\"text-align: center;\">Efekt:<br class=\"container_21264 wrapper_661ac undefined\" \/>Po\u017cycz pier\u015bcionek od widza i spraw, aby ten pier\u015bcionek magicznie i wizualnie znikn\u0105\u0142 tu\u017c przy twoich palcach,<\/div>\n<div class=\"auto-hide-last-sibling-br paragraph_9dc5f paragraph-element\" style=\"text-align: center;\">jak prawdziwa magia. Wyja\u015bniasz, \u017ce ich pier\u015bcionek faktycznie przeszed\u0142 przez &#8222;Ringhole&#8221; do innego wymiaru.<\/div>\n<p style=\"text-align: center;\">\u00a0<\/p>\n<div class=\"auto-hide-last-sibling-br paragraph_9dc5f paragraph-element\" style=\"text-align: center;\">Nast\u0119pnie pust\u0105 r\u0119k\u0105 si\u0119gasz do kieszeni (marynarki lub spodni) i wyci\u0105gasz torb\u0119 z cukierkami. Widz otwiera fabrycznie zamkni\u0119t\u0105 torb\u0119 z cukierkami&#8230; w \u015brodku, pomi\u0119dzy cukierkami, znajduje si\u0119 po\u017cyczony pier\u015bcionek!<\/div>\n<p style=\"text-align: center;\">\u00a0<\/p>\n<div class=\"auto-hide-last-sibling-br paragraph_9dc5f paragraph-element\" style=\"text-align: center;\">RINGHOLE zawiera specjalnie zaprojektowany rekwizyt oraz obiekt do zamkni\u0119tej torby z cukierkami.<\/div>\n<div class=\"auto-hide-last-sibling-br paragraph_9dc5f paragraph-element\" style=\"text-align: center;\">(U\u017cyj w\u0142asnej torby z cukierkami).<\/div>\n<div class=\"auto-hide-last-sibling-br paragraph_9dc5f paragraph-element\" style=\"text-align: center;\">\u00a0<\/div>\n<div class=\"auto-hide-last-sibling-br paragraph_9dc5f paragraph-element\" style=\"text-align: center;\"><iframe loading=\"lazy\" title=\"YouTube video player\" src=\"\/\/www.youtube.com\/embed\/pDW0EIHKMK8\" width=\"560\" height=\"315\" frameborder=\"0\" allowfullscreen=\"allowfullscreen\"><\/iframe><\/div>\n","protected":false},"excerpt":{"rendered":"<p>Klasyczna sztuczka &#8222;Ring Flight&#8221; to niesamowity element magii w ka\u017cdym repertuarze! Ringhole przenosi ten klasyk na inny poziom &#8211; bardziej magiczny. Bardziej niemo\u017cliwy. Ring Flight ewoluowa\u0142. \u00a0 Efekt:Po\u017cycz pier\u015bcionek od&#8230;<\/p>\n","protected":false},"featured_media":11536,"comment_status":"closed","ping_status":"open","template":"","meta":[],"product_brand":[],"product_cat":[34],"product_tag":[],"class_list":{"0":"post-11535","1":"product","2":"type-product","3":"status-publish","4":"has-post-thumbnail","6":"product_cat-mikro-iluzja-close-up-inne","8":"first","9":"instock","10":"purchasable","11":"product-type-simple"},"_links":{"self":[{"href":"https:\/\/magiiik.netstory.com.pl\/index.php?rest_route=\/wp\/v2\/product\/11535","targetHints":{"allow":["GET"]}}],"collection":[{"href":"https:\/\/magiiik.netstory.com.pl\/index.php?rest_route=\/wp\/v2\/product"}],"about":[{"href":"https:\/\/magiiik.netstory.com.pl\/index.php?rest_route=\/wp\/v2\/types\/product"}],"replies":[{"embeddable":true,"href":"https:\/\/magiiik.netstory.com.pl\/index.php?rest_route=%2Fwp%2Fv2%2Fcomments&post=11535"}],"wp:featuredmedia":[{"embeddable":true,"href":"https:\/\/magiiik.netstory.com.pl\/index.php?rest_route=\/wp\/v2\/media\/11536"}],"wp:attachment":[{"href":"https:\/\/magiiik.netstory.com.pl\/index.php?rest_route=%2Fwp%2Fv2%2Fmedia&parent=11535"}],"wp:term":[{"taxonomy":"product_brand","embeddable":true,"href":"https:\/\/magiiik.netstory.com.pl\/index.php?rest_route=%2Fwp%2Fv2%2Fproduct_brand&post=11535"},{"taxonomy":"product_cat","embeddable":true,"href":"https:\/\/magiiik.netstory.com.pl\/index.php?rest_route=%2Fwp%2Fv2%2Fproduct_cat&post=11535"},{"taxonomy":"product_tag","embeddable":true,"href":"https:\/\/magiiik.netstory.com.pl\/index.php?rest_route=%2Fwp%2Fv2%2Fproduct_tag&post=11535"}],"curies":[{"name":"wp","href":"https:\/\/api.w.org\/{rel}","templated":true}]}}