{"id":11531,"date":"2025-09-19T13:53:43","date_gmt":"2025-09-19T11:53:43","guid":{"rendered":"https:\/\/magiiik.netstory.com.pl\/produkt\/summit-by-abstract-effects\/"},"modified":"2025-09-19T13:54:38","modified_gmt":"2025-09-19T11:54:38","slug":"summit-by-abstract-effects","status":"publish","type":"product","link":"https:\/\/magiiik.netstory.com.pl\/?product=summit-by-abstract-effects","title":{"rendered":"Summit by Abstract Effects"},"content":{"rendered":"<div data-message-id=\"7404072201089155078\">\n<div class=\"mGlRdElpPA7BLW_KWDNo Qr1AN1zGC7gY_6ihZORq XtESIEZWpHE35gnCAbhW\">\n<div class=\"chat-uikit-message-box\">\n<div class=\"chat-uikit-message-box-container chat-uikit-message-box-container-pc\">\n<div class=\"chat-uikit-message-box-container__message\">\n<div class=\"chat-uikit-message-box-container__message__message-box\">\n<div class=\"chat-uikit-message-box-container__message__message-box__content\">\n<div class=\"chat-uikit-message-box-inner chat-uikit-message-box-inner--whiteness\">\n<div class=\"chat-uikit-text-content\" data-testid=\"bot.ide.chat_area.message.text-answer-message-content\">\n<div class=\"container_f8cdb flow-markdown-body\" dir=\"ltr\" data-show-indicator=\"false\">\n<p style=\"text-align: center;\"><strong>\u201eAbsolutnie genialne &#8211; prawdziwa magia!\u201d<\/strong><\/p>\n<p style=\"text-align: center;\"><em>Piff the Magic Dragon<\/em><\/p>\n<p style=\"text-align: center;\"><strong>\u201eTo dla mnie sztuczka roku!\u201d<\/strong><\/p>\n<p style=\"text-align: center;\"><em>Ekaterina<\/em><\/p>\n<p style=\"text-align: center;\">Z umys\u0142u Patricka Kuna, The Other Brothers i Abstract Effects<\/p>\n<p style=\"text-align: center;\">przychodzi do nas najbardziej przemy\u015blana wersja\u00a0karty do Sharpie, jakiej NIGDY wcze\u015bniej nie widzia\u0142e\u015b!<\/p>\n<p style=\"text-align: center;\">Zawiera nawet rutyn\u0119 i metod\u0119 do wyst\u0119p\u00f3w ONLINE.<\/p>\n<p style=\"text-align: center;\">Wreszcie POMY\u015aLANA przez widza karta do Sharpie bez zamiany kart, bez zamiany marker\u00f3w i z PRAKTYCZN\u0104,<\/p>\n<p style=\"text-align: center;\">a jednocze\u015bnie osza\u0142amiaj\u0105c\u0105 metod\u0105.<\/p>\n<p style=\"text-align: center;\">\u00a0<\/p>\n<p style=\"text-align: center;\">Tw\u00f3j widz <strong>MY\u015aLI<\/strong> o karcie. Wr\u0119czasz mu marker, aby napisa\u0142, o czym my\u015bli&#8230; ale ku jego zdziwieniu, marker nie dzia\u0142a.<\/p>\n<p style=\"text-align: center;\">Zabierasz marker od widza i BEZ \u017bADNYCH RUCH\u00d3W, przy\u00a0trzymaniu markera WIDOCZNEGO PRZEZ CA\u0141Y CZAS,<\/p>\n<p style=\"text-align: center;\">otwierasz go, aby ODS\u0141ONI\u0106 kart\u0119 zwini\u0119t\u0105 w \u015brodku.<\/p>\n<p style=\"text-align: center;\">Widz wci\u0105\u017c NIE POWIEDZIA\u0141 ani nawet nie zapisa\u0142 swojej karty.<\/p>\n<p style=\"text-align: center;\">Nast\u0119pnie prosisz widza aby powiedzia\u0142 o jakiej karcie pomy\u015bla\u0142.<\/p>\n<p style=\"text-align: center;\">Bez \u017cadnych zmian czy ruch\u00f3w, karta zostaje odwr\u00f3cona i jest to DOK\u0141ADNIE ta karta, o kt\u00f3rej pomy\u015bla\u0142 widz &#8211; ZA KA\u017bDYM RAZEM!<\/p>\n<p style=\"text-align: center;\">BEZ zamiany kart czy marker\u00f3w!<\/p>\n<p style=\"text-align: center;\">Rekwizyt jest zaprojektowany w taki spos\u00f3b, \u017ce jest \u0142atwy w u\u017cyciu, z super praktyczn\u0105 metod\u0105 i mo\u017cliwo\u015bci\u0105 noszenia rekwizytu przy sobie, gdziekolwiek jeste\u015b, aby\u015b m\u00f3g\u0142 zaskakiwa\u0107 ludzi w ka\u017cdej chwili.<\/p>\n<p style=\"text-align: center;\">Summit zawiera wszystko, czego potrzebujesz, aby wyst\u0119powa\u0107 od razu po wyj\u0119ciu z pude\u0142ka, i mo\u017cna go \u0142atwo zresetowa\u0107, aby\u015b zawsze by\u0142 gotowy do wyst\u0119pu! \u015awietny dla pocz\u0105tkuj\u0105cych i profesjonalist\u00f3w!<\/p>\n<p style=\"text-align: center;\"><iframe loading=\"lazy\" title=\"YouTube video player\" src=\"\/\/www.youtube.com\/embed\/EuoiKJKhoRQ\" width=\"560\" height=\"315\" frameborder=\"0\" allowfullscreen=\"allowfullscreen\"><\/iframe><\/p>\n<\/p><\/div><\/div>\n<div class=\"w_2zQUoRcckTGr2S0m60\" style=\"text-align: center;\">\u00a0<\/div><\/div>\n<div class=\"chat-uikit-message-box-container__message__message-box__content__right\" style=\"text-align: center;\">\u00a0<\/div><\/div>\n<div class=\"chat-uikit-message-box-container__message__message-box__footer\">\u00a0<\/div>\n<div class=\"chat-uikit-message-box-container__message__message-box__hover-container\">\u00a0<\/div><\/div><\/div><\/div><\/div><\/div><\/div>\n<div data-message-id=\"7404072201089089542\">\u00a0<\/div>\n","protected":false},"excerpt":{"rendered":"<p>\u201eAbsolutnie genialne &#8211; prawdziwa magia!\u201d Piff the Magic Dragon \u201eTo dla mnie sztuczka roku!\u201d Ekaterina Z umys\u0142u Patricka Kuna, The Other Brothers i Abstract Effects przychodzi do nas najbardziej przemy\u015blana&#8230;<\/p>\n","protected":false},"featured_media":11532,"comment_status":"closed","ping_status":"open","template":"","meta":[],"product_brand":[],"product_cat":[59],"product_tag":[],"class_list":{"0":"post-11531","1":"product","2":"type-product","3":"status-publish","4":"has-post-thumbnail","6":"product_cat-mikro-iluzja-close-up-sharpie-dlugopisy","8":"first","9":"instock","10":"purchasable","11":"product-type-simple"},"_links":{"self":[{"href":"https:\/\/magiiik.netstory.com.pl\/index.php?rest_route=\/wp\/v2\/product\/11531","targetHints":{"allow":["GET"]}}],"collection":[{"href":"https:\/\/magiiik.netstory.com.pl\/index.php?rest_route=\/wp\/v2\/product"}],"about":[{"href":"https:\/\/magiiik.netstory.com.pl\/index.php?rest_route=\/wp\/v2\/types\/product"}],"replies":[{"embeddable":true,"href":"https:\/\/magiiik.netstory.com.pl\/index.php?rest_route=%2Fwp%2Fv2%2Fcomments&post=11531"}],"wp:featuredmedia":[{"embeddable":true,"href":"https:\/\/magiiik.netstory.com.pl\/index.php?rest_route=\/wp\/v2\/media\/11532"}],"wp:attachment":[{"href":"https:\/\/magiiik.netstory.com.pl\/index.php?rest_route=%2Fwp%2Fv2%2Fmedia&parent=11531"}],"wp:term":[{"taxonomy":"product_brand","embeddable":true,"href":"https:\/\/magiiik.netstory.com.pl\/index.php?rest_route=%2Fwp%2Fv2%2Fproduct_brand&post=11531"},{"taxonomy":"product_cat","embeddable":true,"href":"https:\/\/magiiik.netstory.com.pl\/index.php?rest_route=%2Fwp%2Fv2%2Fproduct_cat&post=11531"},{"taxonomy":"product_tag","embeddable":true,"href":"https:\/\/magiiik.netstory.com.pl\/index.php?rest_route=%2Fwp%2Fv2%2Fproduct_tag&post=11531"}],"curies":[{"name":"wp","href":"https:\/\/api.w.org\/{rel}","templated":true}]}}