{"id":11520,"date":"2025-09-19T13:53:43","date_gmt":"2025-09-19T11:53:43","guid":{"rendered":"https:\/\/magiiik.netstory.com.pl\/produkt\/appearing-cubes-by-pen-ms-magic\/"},"modified":"2025-09-19T13:54:22","modified_gmt":"2025-09-19T11:54:22","slug":"appearing-cubes-by-pen-ms-magic","status":"publish","type":"product","link":"https:\/\/magiiik.netstory.com.pl\/?product=appearing-cubes-by-pen-ms-magic","title":{"rendered":"Appearing cubes by Pen &#038; MS Magic"},"content":{"rendered":"<div class=\"auto-hide-last-sibling-br paragraph_9dc5f paragraph-element\" style=\"text-align: center;\"><strong>Idealna magia dla pocz\u0105tkuj\u0105cych iluzjonist\u00f3w scenicznych.<\/strong><\/div>\n<p style=\"text-align: left;\">\u00a0<\/p>\n<div class=\"auto-hide-last-sibling-br paragraph_9dc5f paragraph-element\" style=\"text-align: left;\">Ten zestaw pozwala osi\u0105gn\u0105\u0107 wiele r\u00f3\u017cnych efekt\u00f3w:<\/div>\n<ul class=\"auto-hide-last-sibling-br\" style=\"text-align: left;\">\n<li>\n<div class=\"auto-hide-last-sibling-br paragraph_9dc5f paragraph-element\">Pojawienia<\/div>\n<\/li>\n<li>\n<div class=\"auto-hide-last-sibling-br paragraph_9dc5f paragraph-element\">Znikania<\/div>\n<\/li>\n<li>\n<div class=\"auto-hide-last-sibling-br paragraph_9dc5f paragraph-element\">Wielokrotne pojawienia<\/div>\n<\/li>\n<li>\n<div class=\"auto-hide-last-sibling-br paragraph_9dc5f paragraph-element\">Wieczne (ponownie pojawiaj\u0105ce si\u0119) kostki<\/div>\n<\/li>\n<li>\n<div class=\"auto-hide-last-sibling-br paragraph_9dc5f paragraph-element\">Transformacje<\/div>\n<\/li>\n<li>\n<div class=\"auto-hide-last-sibling-br paragraph_9dc5f paragraph-element\">\u0141atwe do wykonania<\/div>\n<\/li>\n<li>\n<div class=\"auto-hide-last-sibling-br paragraph_9dc5f paragraph-element\">10 kostek w zestawie<\/div>\n<\/li>\n<li>\n<div class=\"auto-hide-last-sibling-br paragraph_9dc5f paragraph-element\">Mo\u017cliwo\u015b\u0107 wielu efekt\u00f3w<\/div>\n<\/li>\n<li>\n<div class=\"auto-hide-last-sibling-br paragraph_9dc5f paragraph-element\">Szczeg\u00f3\u0142owy film instrukta\u017cowy<\/div>\n<\/li>\n<\/ul>\n<p style=\"text-align: left;\">\u00a0<\/p>\n<div class=\"auto-hide-last-sibling-br paragraph_9dc5f paragraph-element\" style=\"text-align: left;\">Podczas\u00a0tutorialu nauczysz si\u0119 nast\u0119puj\u0105cych efekt\u00f3w:<\/div>\n<ul class=\"auto-hide-last-sibling-br\">\n<li style=\"text-align: left;\">Podstawowe pojawienie<\/li>\n<li style=\"text-align: left;\">Produkcja 3 kostek<\/li>\n<li style=\"text-align: left;\">Produkcja 4 kostek<\/li>\n<li style=\"text-align: left;\">Ci\u0105g\u0142a produkcja &#8211; znikanie<\/li>\n<li style=\"text-align: left;\">Fontanna kostek<\/li>\n<\/ul>\n<p>\u00a0<\/p>\n<p style=\"text-align: center;\"><iframe loading=\"lazy\" title=\"YouTube video player\" src=\"\/\/www.youtube.com\/embed\/cDMRRDJ6aeo\" width=\"560\" height=\"315\" frameborder=\"0\" allowfullscreen=\"allowfullscreen\"><\/iframe><\/p>\n","protected":false},"excerpt":{"rendered":"<p>Idealna magia dla pocz\u0105tkuj\u0105cych iluzjonist\u00f3w scenicznych. \u00a0 Ten zestaw pozwala osi\u0105gn\u0105\u0107 wiele r\u00f3\u017cnych efekt\u00f3w: Pojawienia Znikania Wielokrotne pojawienia Wieczne (ponownie pojawiaj\u0105ce si\u0119) kostki Transformacje \u0141atwe do wykonania 10 kostek w&#8230;<\/p>\n","protected":false},"featured_media":11521,"comment_status":"closed","ping_status":"open","template":"","meta":[],"product_brand":[],"product_cat":[71],"product_tag":[],"class_list":{"0":"post-11520","1":"product","2":"type-product","3":"status-publish","4":"has-post-thumbnail","6":"product_cat-iluzja-sceniczna-manipulacje","8":"first","9":"instock","10":"purchasable","11":"product-type-simple"},"_links":{"self":[{"href":"https:\/\/magiiik.netstory.com.pl\/index.php?rest_route=\/wp\/v2\/product\/11520","targetHints":{"allow":["GET"]}}],"collection":[{"href":"https:\/\/magiiik.netstory.com.pl\/index.php?rest_route=\/wp\/v2\/product"}],"about":[{"href":"https:\/\/magiiik.netstory.com.pl\/index.php?rest_route=\/wp\/v2\/types\/product"}],"replies":[{"embeddable":true,"href":"https:\/\/magiiik.netstory.com.pl\/index.php?rest_route=%2Fwp%2Fv2%2Fcomments&post=11520"}],"wp:featuredmedia":[{"embeddable":true,"href":"https:\/\/magiiik.netstory.com.pl\/index.php?rest_route=\/wp\/v2\/media\/11521"}],"wp:attachment":[{"href":"https:\/\/magiiik.netstory.com.pl\/index.php?rest_route=%2Fwp%2Fv2%2Fmedia&parent=11520"}],"wp:term":[{"taxonomy":"product_brand","embeddable":true,"href":"https:\/\/magiiik.netstory.com.pl\/index.php?rest_route=%2Fwp%2Fv2%2Fproduct_brand&post=11520"},{"taxonomy":"product_cat","embeddable":true,"href":"https:\/\/magiiik.netstory.com.pl\/index.php?rest_route=%2Fwp%2Fv2%2Fproduct_cat&post=11520"},{"taxonomy":"product_tag","embeddable":true,"href":"https:\/\/magiiik.netstory.com.pl\/index.php?rest_route=%2Fwp%2Fv2%2Fproduct_tag&post=11520"}],"curies":[{"name":"wp","href":"https:\/\/api.w.org\/{rel}","templated":true}]}}