{"id":11516,"date":"2025-09-19T13:53:43","date_gmt":"2025-09-19T11:53:43","guid":{"rendered":"https:\/\/magiiik.netstory.com.pl\/produkt\/fire-phone-case-regular-by-martin-braessas\/"},"modified":"2025-09-19T13:54:17","modified_gmt":"2025-09-19T11:54:17","slug":"fire-phone-case-regular-by-martin-braessas","status":"publish","type":"product","link":"https:\/\/magiiik.netstory.com.pl\/?product=fire-phone-case-regular-by-martin-braessas","title":{"rendered":"Fire Phone Case (Regular) by Martin Braessas"},"content":{"rendered":"<div class=\"auto-hide-last-sibling-br paragraph_9dc5f paragraph-element\" style=\"text-align: center;\">Ta obudowa na telefon to\u00a0Fire Wallet XXI wieku!<\/div>\n<div class=\"auto-hide-last-sibling-br paragraph_9dc5f paragraph-element\" style=\"text-align: center;\">\u00a0<\/div>\n<div class=\"auto-hide-last-sibling-br paragraph_9dc5f paragraph-element\" style=\"text-align: center;\">Je\u015bli szukasz efektu magicznego odpowiedniego na nasze czasy, to jest w\u0142a\u015bnie ten!<\/div>\n<p style=\"text-align: center;\">\u00a0<\/p>\n<div class=\"auto-hide-last-sibling-br paragraph_9dc5f paragraph-element\" style=\"text-align: center;\">Wyobra\u017a sobie, \u017ce pojawiaj\u0105 si\u0119 p\u0142omienie, przyci\u0105gaj\u0105c uwag\u0119 wszystkich,<\/div>\n<div class=\"auto-hide-last-sibling-br paragraph_9dc5f paragraph-element\" style=\"text-align: center;\">a nast\u0119pnie wyci\u0105gasz telefon kom\u00f3rkowy, jakby nic si\u0119 nie sta\u0142o.<\/div>\n<div class=\"auto-hide-last-sibling-br paragraph_9dc5f paragraph-element\" style=\"text-align: center;\">Albo zwo\u0142ujesz przyjaci\u00f3\u0142 na grupowe selfie!<\/div>\n<div class=\"auto-hide-last-sibling-br paragraph_9dc5f paragraph-element\" style=\"text-align: center;\">Kiedy wszyscy si\u0119 zbieraj\u0105, z twojego telefonu kom\u00f3rkowego pojawia si\u0119 p\u0142omie\u0144!<\/div>\n<p style=\"text-align: center;\">\u00a0<\/p>\n<div class=\"auto-hide-last-sibling-br paragraph_9dc5f paragraph-element\" style=\"text-align: center;\">Dzi\u0119ki Fire Phone Case b\u0119dziesz m\u00f3g\u0142 wykonywa\u0107 te efekty i wiele innych w dowolnym momencie. Dodatkowo, z t\u0105 eleganck\u0105 obudow\u0105, b\u0119dziesz m\u00f3g\u0142 chroni\u0107 sw\u00f3j telefon i wykonywa\u0107 ten niesamowity efekt dla zabawy. Kiedy tylko zechcesz! Improwizuj\u0105c z przyjaci\u00f3\u0142mi lub w profesjonalnym pokazie.<\/div>\n<p style=\"text-align: center;\">\u00a0<\/p>\n<div class=\"auto-hide-last-sibling-br paragraph_9dc5f paragraph-element\" style=\"text-align: center;\">Obudowa zosta\u0142a specjalnie zaprojektowana, aby mog\u0142a by\u0107 u\u017cywana jako normalna obudowa, a kiedy b\u0119dziesz chcia\u0142 wywo\u0142a\u0107 p\u0142omie\u0144 \u2013 nie\u00a0uszkodzi on Twojego telefonu!<\/div>\n<p style=\"text-align: center;\">\u00a0<\/p>\n<div class=\"auto-hide-last-sibling-br paragraph_9dc5f paragraph-element\" style=\"text-align: center;\">Zawiera:<br class=\"container_21264 wrapper_661ac undefined\" \/>Specjalnie zaprojektowan\u0105 i gotow\u0105 do u\u017cycia obudow\u0119<br class=\"container_21264 wrapper_661ac undefined\" \/>Akcesoria do dostosowania ka\u017cdej kom\u00f3rki do obudowy, niezale\u017cnie od jej rozmiaru<br class=\"container_21264 wrapper_661ac undefined\" \/>Film instrukta\u017cowy<br class=\"container_21264 wrapper_661ac undefined\" \/>Rutyny:<br class=\"container_21264 wrapper_661ac undefined\" \/>Ogie\u0144 z telefonu<br class=\"container_21264 wrapper_661ac undefined\" \/>Karta w ogniu<br class=\"container_21264 wrapper_661ac undefined\" \/>Prawdziwy ogie\u0144 czy aplikacja?<\/div>\n<div class=\"auto-hide-last-sibling-br paragraph_9dc5f paragraph-element\" style=\"text-align: center;\">\u00a0<\/div>\n<div class=\"auto-hide-last-sibling-br paragraph_9dc5f paragraph-element\" style=\"text-align: center;\">Jeste\u015bmy bardzo szcz\u0119\u015bliwi, \u017ce mo\u017cemy podzieli\u0107 si\u0119 tym efektem z spo\u0142eczno\u015bci\u0105 magiczn\u0105. Sp\u0119dzili\u015bmy wiele lat na jego rozwijaniu. Mamy nadziej\u0119, \u017ce ci si\u0119 spodoba!<\/div>\n<div class=\"auto-hide-last-sibling-br paragraph_9dc5f paragraph-element\" style=\"text-align: center;\">Ta obudowa b\u0119dzie dzia\u0142a\u0107 z ka\u017cdym telefonem o wymiarach do 5 \u00be&#8221; x 3&#8243;.<\/div>\n<div class=\"auto-hide-last-sibling-br paragraph_9dc5f paragraph-element\" style=\"text-align: center;\">\u00a0<\/div>\n<div class=\"auto-hide-last-sibling-br paragraph_9dc5f paragraph-element\" style=\"text-align: center;\"><iframe loading=\"lazy\" title=\"YouTube video player\" src=\"\/\/www.youtube.com\/embed\/qmgX_po7y_g\" width=\"560\" height=\"315\" frameborder=\"0\" allowfullscreen=\"allowfullscreen\"><\/iframe><\/div>\n","protected":false},"excerpt":{"rendered":"<p>Ta obudowa na telefon to\u00a0Fire Wallet XXI wieku! \u00a0 Je\u015bli szukasz efektu magicznego odpowiedniego na nasze czasy, to jest w\u0142a\u015bnie ten! \u00a0 Wyobra\u017a sobie, \u017ce pojawiaj\u0105 si\u0119 p\u0142omienie, przyci\u0105gaj\u0105c uwag\u0119&#8230;<\/p>\n","protected":false},"featured_media":11517,"comment_status":"closed","ping_status":"open","template":"","meta":[],"product_brand":[],"product_cat":[23],"product_tag":[],"class_list":{"0":"post-11516","1":"product","2":"type-product","3":"status-publish","4":"has-post-thumbnail","6":"product_cat-ogien-produkty-flash","8":"first","9":"instock","10":"purchasable","11":"product-type-simple"},"_links":{"self":[{"href":"https:\/\/magiiik.netstory.com.pl\/index.php?rest_route=\/wp\/v2\/product\/11516","targetHints":{"allow":["GET"]}}],"collection":[{"href":"https:\/\/magiiik.netstory.com.pl\/index.php?rest_route=\/wp\/v2\/product"}],"about":[{"href":"https:\/\/magiiik.netstory.com.pl\/index.php?rest_route=\/wp\/v2\/types\/product"}],"replies":[{"embeddable":true,"href":"https:\/\/magiiik.netstory.com.pl\/index.php?rest_route=%2Fwp%2Fv2%2Fcomments&post=11516"}],"wp:featuredmedia":[{"embeddable":true,"href":"https:\/\/magiiik.netstory.com.pl\/index.php?rest_route=\/wp\/v2\/media\/11517"}],"wp:attachment":[{"href":"https:\/\/magiiik.netstory.com.pl\/index.php?rest_route=%2Fwp%2Fv2%2Fmedia&parent=11516"}],"wp:term":[{"taxonomy":"product_brand","embeddable":true,"href":"https:\/\/magiiik.netstory.com.pl\/index.php?rest_route=%2Fwp%2Fv2%2Fproduct_brand&post=11516"},{"taxonomy":"product_cat","embeddable":true,"href":"https:\/\/magiiik.netstory.com.pl\/index.php?rest_route=%2Fwp%2Fv2%2Fproduct_cat&post=11516"},{"taxonomy":"product_tag","embeddable":true,"href":"https:\/\/magiiik.netstory.com.pl\/index.php?rest_route=%2Fwp%2Fv2%2Fproduct_tag&post=11516"}],"curies":[{"name":"wp","href":"https:\/\/api.w.org\/{rel}","templated":true}]}}