{"id":11513,"date":"2025-09-19T13:53:43","date_gmt":"2025-09-19T11:53:43","guid":{"rendered":"https:\/\/magiiik.netstory.com.pl\/produkt\/unseen-force-by-tcc\/"},"modified":"2025-09-19T13:54:14","modified_gmt":"2025-09-19T11:54:14","slug":"unseen-force-by-tcc","status":"publish","type":"product","link":"https:\/\/magiiik.netstory.com.pl\/?product=unseen-force-by-tcc","title":{"rendered":"UNSEEN FORCE by TCC"},"content":{"rendered":"<div class=\"auto-hide-last-sibling-br paragraph_9dc5f paragraph-element\" style=\"text-align: center;\">Chcieli\u015bmy stworzy\u0107 naprawd\u0119 dobry system lewitacji, kt\u00f3ry b\u0119dzie \u0142atwy do przenoszenia.<\/div>\n<p style=\"text-align: center;\">\u00a0<\/p>\n<div class=\"auto-hide-last-sibling-br paragraph_9dc5f paragraph-element\" style=\"text-align: center;\">Dlatego zaj\u0119\u0142o to a\u017c trzy lata, aby uko\u0144czy\u0107 pierwszy prototyp.<\/div>\n<div class=\"auto-hide-last-sibling-br paragraph_9dc5f paragraph-element\" style=\"text-align: center;\">Potem kolejne sze\u015b\u0107 miesi\u0119cy na ci\u0105g\u0142ym udoskonalaniu i badaniach, oraz trzykrotnie zmienianie formy, aby uczyni\u0107 go bardziej kompaktowym i praktycznym.<\/div>\n<div class=\"auto-hide-last-sibling-br paragraph_9dc5f paragraph-element\" style=\"text-align: center;\"><strong>Wynikiem tego procesu jest to, co teraz nazywamy Unseen Force.<\/strong><\/div>\n<p style=\"text-align: center;\">\u00a0<\/p>\n<div class=\"auto-hide-last-sibling-br paragraph_9dc5f paragraph-element\" style=\"text-align: center;\">Unseen Force to zasadniczo rekwizyt do lewitacji. Wierzymy, \u017ce dusza tego rekwizytu le\u017cy w jego &#8222;ukryciu&#8221;; je\u015bli publiczno\u015b\u0107 podejrzewa istnienie nici podczas wyst\u0119pu, magiczna atmosfera znika, bez wzgl\u0119du na jako\u015b\u0107 wyst\u0119pu.<\/div>\n<div class=\"auto-hide-last-sibling-br paragraph_9dc5f paragraph-element\" style=\"text-align: center;\">\u00a0<\/div>\n<div class=\"auto-hide-last-sibling-br paragraph_9dc5f paragraph-element\" style=\"text-align: center;\">Uwa\u017camy, \u017ce nam si\u0119 to uda\u0142o.<\/div>\n<p style=\"text-align: center;\">Z dum\u0105 prezentujemy Unseen Force: zupe\u0142nie nowy spos\u00f3b lewitacji.<\/p>\n<p style=\"text-align: center;\">Jest w 100% mechaniczny&#8230; Oznacza to, \u017ce nie potrzebuje baterii, wi\u0119c nie musisz martwi\u0107 si\u0119, \u017ce si\u0119 roz\u0142aduje.<\/p>\n<p style=\"text-align: center;\">\u00a0<\/p>\n<div class=\"auto-hide-last-sibling-br paragraph_9dc5f paragraph-element\" style=\"text-align: center;\">Je\u015bli chcesz rusza\u0107 i lewitowa\u0107 ma\u0142e przedmioty (wydawa\u0107 by si\u0119 mog\u0142o)\u00a0u\u017cywaj\u0105c jedynie si\u0142y umys\u0142u.<\/div>\n<div class=\"auto-hide-last-sibling-br paragraph_9dc5f paragraph-element\" style=\"text-align: center;\">Je\u015bli chcesz posiada\u0107 zdolno\u015b\u0107 telekinezy i wykonywa\u0107 niesamowite lewitacje, animacje i efekty r\u00f3wnowagi.<\/div>\n<p style=\"text-align: center;\">Unseen Force jest dla ciebie, potrzebujesz tylko swojej prezentacji.<\/p>\n<p style=\"text-align: center;\">\u00a0<\/p>\n<div class=\"auto-hide-last-sibling-br paragraph_9dc5f paragraph-element\" style=\"text-align: center;\"><strong>System pod\u0142\u0105czenia<\/strong><\/div>\n<p style=\"text-align: center;\">Unseen Force ma now\u0105 koncepcj\u0119 i system, kt\u00f3ry rozwijali\u015bmy przez ostatnie sze\u015b\u0107 miesi\u0119cy. Dzi\u0119ki temu systemowi mo\u017cesz wykonywa\u0107 wiele pot\u0119\u017cnych efekt\u00f3w z po\u017cyczonymi przedmiotami (kartami do gry, pier\u015bcionkami, papierosami, banknotami itp.).<\/p>\n<p style=\"text-align: center;\">Ca\u0142kowicie nowy, unikalny system pod\u0142\u0105czenia i pozycjonowania znacznie minimalizuje mo\u017cliwo\u015b\u0107 zahaczenia nici o inne przedmioty na twoim ciele.<\/p>\n<p style=\"text-align: center;\">Konfiguracja jest \u0142atwa. Gdy jest ustawiona, rekwizyt pozostaje dyskretny, bezpieczny i nie przeszkadza, gdy nie jest u\u017cywany. Daje spok\u00f3j umys\u0142u, poniewa\u017c mo\u017cesz normalnie funkcjonowa\u0107 przez ca\u0142y dzie\u0144 (z wyj\u0105tkiem moment\u00f3w, gdy si\u0119 przebierasz, z oczywistych powod\u00f3w).<\/p>\n<div class=\"auto-hide-last-sibling-br paragraph_9dc5f paragraph-element\" style=\"text-align: center;\">Niemniej jednak, jeste\u015b gotowy do wyst\u0119pu w ka\u017cdej chwili.<\/div>\n<p style=\"text-align: center;\">\u00a0<\/p>\n<div class=\"auto-hide-last-sibling-br paragraph_9dc5f paragraph-element\" style=\"text-align: center;\">Pozycja pod\u0142\u0105czenia umo\u017cliwia \u0142atwe uzyskanie dost\u0119pu do rekwizytu przy u\u017cyciu ca\u0142kowicie naturalnego ruchu. Jest bardzo wszechstronny i elastyczny, pozwalaj\u0105c na du\u017c\u0105 swobod\u0119 podczas wyst\u0119pu.<\/div>\n<p style=\"text-align: center;\">\u00a0<\/p>\n<div class=\"auto-hide-last-sibling-br paragraph_9dc5f paragraph-element\" style=\"text-align: center;\"><strong>Odzie\u017c i zarz\u0105dzanie<\/strong><\/div>\n<p style=\"text-align: center;\">Wyst\u0119powanie w marynarce mo\u017ce nie by\u0107 praktyczne w wi\u0119kszo\u015bci sytuacji, szczeg\u00f3lnie latem lub w gor\u0105cym i wilgotnym \u015brodowisku.<\/p>\n<p style=\"text-align: center;\">Unseen Force pozwala wyst\u0119powa\u0107 w koszulce polo z kr\u00f3tkim r\u0119kawem, nawet bez marynarki.<\/p>\n<p style=\"text-align: center;\">B\u0119dziesz m\u00f3g\u0142 wyst\u0119powa\u0107 w wi\u0119kszo\u015bci warunk\u00f3w; czy to podczas spacer\u00f3w, wyst\u0119p\u00f3w z bliska, w parlorze czy na okazjach towarzyskich.<\/p>\n<p style=\"text-align: center;\">\u00a0<\/p>\n<div class=\"auto-hide-last-sibling-br paragraph_9dc5f paragraph-element\" style=\"text-align: center;\">Nie zajmuje miejsca w kieszeni i nie ma plastikowych klips\u00f3w, kt\u00f3re mog\u0142yby si\u0119 z\u0142ama\u0107 lub poluzowa\u0107.<\/div>\n<div class=\"auto-hide-last-sibling-br paragraph_9dc5f paragraph-element\" style=\"text-align: center;\">Gdy jest ustawiony, rekwizyt jest wysoko ukryty, a jednocze\u015bnie bezpieczny, stabilny i niezawodny.<\/div>\n<p style=\"text-align: center;\">\u00a0<\/p>\n<div class=\"auto-hide-last-sibling-br paragraph_9dc5f paragraph-element\" style=\"text-align: center;\"><strong>R\u0119cznie wykonany<\/strong><\/div>\n<div class=\"auto-hide-last-sibling-br paragraph_9dc5f paragraph-element\" style=\"text-align: center;\">Rekwizyt jest \u0142atwy w obs\u0142udze. I nie potrzebujesz \u017cadnych baterii.<\/div>\n<div class=\"auto-hide-last-sibling-br paragraph_9dc5f paragraph-element\" style=\"text-align: center;\">Ka\u017cdy egzemplarz jest r\u0119cznie sk\u0142adany, aby zapewni\u0107 najwy\u017csz\u0105 jako\u015b\u0107.<\/div>\n<p style=\"text-align: center;\">\u00a0<\/p>\n<div class=\"auto-hide-last-sibling-br paragraph_9dc5f paragraph-element\" style=\"text-align: center;\"><strong>Samouczek<\/strong><\/div>\n<div class=\"auto-hide-last-sibling-br paragraph_9dc5f paragraph-element\" style=\"text-align: center;\">Niezale\u017cnie od tego, czy jeste\u015b pocz\u0105tkuj\u0105cym, czy nie masz wcze\u015bniejszego do\u015bwiadczenia z prac\u0105 z nici\u0105. Unseen Force zawiera godzinny, profesjonalnie nakr\u0119cony film instrukta\u017cowy, kt\u00f3ry jasno wyja\u015bnia koncepcje i efekty.<\/div>\n<p style=\"text-align: center;\">\u00a0<\/p>\n<div class=\"auto-hide-last-sibling-br paragraph_9dc5f paragraph-element\" style=\"text-align: center;\">Z odrobin\u0105 praktyki i zapoznania si\u0119 z systemem, b\u0119dziesz w stanie wykonywa\u0107 cuda w kr\u00f3tkim czasie.<br class=\"container_21264 wrapper_661ac undefined\" \/>Zestaw system\u00f3w, kt\u00f3ry zapewnia niemal bezniciowe odczucie oraz wysoki stopie\u0144 swobody.<\/div>\n<div class=\"auto-hide-last-sibling-br paragraph_9dc5f paragraph-element\" style=\"text-align: center;\"><br class=\"container_21264 wrapper_661ac undefined\" \/>Unikalna metoda nawijania sprawia, \u017ce ruch jest bardziej efektywny, co oznacza, \u017ce ruch twojej r\u0119ki o 1 cm mo\u017ce rozwija\u0107 3-5 cm nici.<br class=\"container_21264 wrapper_661ac undefined\" \/>Poza mo\u017cliwo\u015bci\u0105 wykonania szerokiego zakresu klasycznych efekt\u00f3w niciowych, g\u0142\u00f3wny nacisk Unseen Force k\u0142adzie na solidno\u015b\u0107 jego zastosowa\u0144.<\/div>\n<div class=\"auto-hide-last-sibling-br paragraph_9dc5f paragraph-element\" style=\"text-align: center;\"><br class=\"container_21264 wrapper_661ac undefined\" \/>My\u015bl\u0105c poza schematami i odchodz\u0105c od tradycyjnych efekt\u00f3w niciowych, jak wida\u0107 na zwiastunie promocyjnym.\u00a0<br class=\"container_21264 wrapper_661ac undefined\" \/>Bardzo szybka konfiguracja<br class=\"container_21264 wrapper_661ac undefined\" \/>Chocia\u017c mo\u017cna go bezpiecznie nosi\u0107 na ciele przez ca\u0142y czas, je\u015bli nie chcesz nosi\u0107 go przez ca\u0142y dzie\u0144, mo\u017cesz \u0142atwo ustawi\u0107 go na 5 sekund przed wyst\u0119pem.<br class=\"container_21264 wrapper_661ac undefined\" \/>Wi\u0119kszo\u015b\u0107 pracuj\u0105cych z ni\u0107mi, takich jak ty, najbardziej martwi si\u0119 o sam\u0105 ni\u0107.<br class=\"container_21264 wrapper_661ac undefined\" \/>Domy\u015blna ni\u0107, kt\u00f3ra jest dostarczana z Unseen Force, jest jedn\u0105 z najlepszych pod wzgl\u0119dem wytrzyma\u0142o\u015bci w\u015br\u00f3d nici o tej samej grubo\u015bci. Umo\u017cliwia \u0142atwe wykonanie efekt\u00f3w pokazanych w filmie promocyjnym.<br class=\"container_21264 wrapper_661ac undefined\" \/>Jednak je\u015bli wolisz nici innych marek, tutorial zawiera instrukcje dotycz\u0105ce wymiany nici.<\/div>\n<div class=\"auto-hide-last-sibling-br paragraph_9dc5f paragraph-element\" style=\"text-align: center;\">\u00a0<\/div>\n<div class=\"auto-hide-last-sibling-br paragraph_9dc5f paragraph-element\" style=\"text-align: center;\">Unseen Force jest ca\u0142kowicie r\u00f3\u017cny od innych system\u00f3w niciowych.<br class=\"container_21264 wrapper_661ac undefined\" \/>Ca\u0142kowicie nowy spos\u00f3b noszenia i pod\u0142\u0105czenia nie tylko pozwala wykona\u0107 wi\u0119kszo\u015b\u0107 innych efekt\u00f3w niciowych, ale tak\u017ce nowe, innowacyjne efekty unikalne dla Unseen Force.<br class=\"container_21264 wrapper_661ac undefined\" \/>Nowa koncepcja i nowe efekty<br class=\"container_21264 wrapper_661ac undefined\" \/>Niesko\u0144czone mo\u017cliwo\u015bci<br class=\"container_21264 wrapper_661ac undefined\" \/>Stabilny do noszenia i wysoce ukryty<br class=\"container_21264 wrapper_661ac undefined\" \/>Wykonuj w ka\u017cdych warunkach, wsz\u0119dzie<br class=\"container_21264 wrapper_661ac undefined\" \/>Rozszerzalny i \u0142atwy w obs\u0142udze<br class=\"container_21264 wrapper_661ac undefined\" \/>Ca\u0142kowicie nowe efekty lewitacji<br class=\"container_21264 wrapper_661ac undefined\" \/>Najwy\u017csza jako\u015b\u0107 i r\u0119czna robota<br class=\"container_21264 wrapper_661ac undefined\" \/>Szczeg\u00f3\u0142owe instrukcje wideo.<\/div>\n<div class=\"auto-hide-last-sibling-br paragraph_9dc5f paragraph-element\" style=\"text-align: center;\">\u00a0<\/div>\n<div class=\"auto-hide-last-sibling-br paragraph_9dc5f paragraph-element\" style=\"text-align: center;\"><iframe loading=\"lazy\" title=\"YouTube video player\" src=\"\/\/www.youtube.com\/embed\/bOE2HgDWGwY\" width=\"560\" height=\"315\" frameborder=\"0\" allowfullscreen=\"allowfullscreen\"><\/iframe><\/div>\n","protected":false},"excerpt":{"rendered":"<p>Chcieli\u015bmy stworzy\u0107 naprawd\u0119 dobry system lewitacji, kt\u00f3ry b\u0119dzie \u0142atwy do przenoszenia. \u00a0 Dlatego zaj\u0119\u0142o to a\u017c trzy lata, aby uko\u0144czy\u0107 pierwszy prototyp. Potem kolejne sze\u015b\u0107 miesi\u0119cy na ci\u0105g\u0142ym udoskonalaniu i&#8230;<\/p>\n","protected":false},"featured_media":11514,"comment_status":"closed","ping_status":"open","template":"","meta":[],"product_brand":[],"product_cat":[45],"product_tag":[],"class_list":{"0":"post-11513","1":"product","2":"type-product","3":"status-publish","4":"has-post-thumbnail","6":"product_cat-iluzja-sceniczna-lewitacja","8":"first","9":"instock","10":"purchasable","11":"product-type-simple"},"_links":{"self":[{"href":"https:\/\/magiiik.netstory.com.pl\/index.php?rest_route=\/wp\/v2\/product\/11513","targetHints":{"allow":["GET"]}}],"collection":[{"href":"https:\/\/magiiik.netstory.com.pl\/index.php?rest_route=\/wp\/v2\/product"}],"about":[{"href":"https:\/\/magiiik.netstory.com.pl\/index.php?rest_route=\/wp\/v2\/types\/product"}],"replies":[{"embeddable":true,"href":"https:\/\/magiiik.netstory.com.pl\/index.php?rest_route=%2Fwp%2Fv2%2Fcomments&post=11513"}],"wp:featuredmedia":[{"embeddable":true,"href":"https:\/\/magiiik.netstory.com.pl\/index.php?rest_route=\/wp\/v2\/media\/11514"}],"wp:attachment":[{"href":"https:\/\/magiiik.netstory.com.pl\/index.php?rest_route=%2Fwp%2Fv2%2Fmedia&parent=11513"}],"wp:term":[{"taxonomy":"product_brand","embeddable":true,"href":"https:\/\/magiiik.netstory.com.pl\/index.php?rest_route=%2Fwp%2Fv2%2Fproduct_brand&post=11513"},{"taxonomy":"product_cat","embeddable":true,"href":"https:\/\/magiiik.netstory.com.pl\/index.php?rest_route=%2Fwp%2Fv2%2Fproduct_cat&post=11513"},{"taxonomy":"product_tag","embeddable":true,"href":"https:\/\/magiiik.netstory.com.pl\/index.php?rest_route=%2Fwp%2Fv2%2Fproduct_tag&post=11513"}],"curies":[{"name":"wp","href":"https:\/\/api.w.org\/{rel}","templated":true}]}}