{"id":11509,"date":"2025-09-19T13:53:43","date_gmt":"2025-09-19T11:53:43","guid":{"rendered":"https:\/\/magiiik.netstory.com.pl\/produkt\/rainbow-coins-morgan-by-n2g\/"},"modified":"2025-09-19T13:54:10","modified_gmt":"2025-09-19T11:54:10","slug":"rainbow-coins-morgan-by-n2g","status":"publish","type":"product","link":"https:\/\/magiiik.netstory.com.pl\/?product=rainbow-coins-morgan-by-n2g","title":{"rendered":"RAINBOW COINS (MORGAN) by N2G"},"content":{"rendered":"<div class=\"auto-hide-last-sibling-br paragraph_9dc5f paragraph-element\" style=\"text-align: center;\">Koncepcja produktu Rainbow Coins polega na dodaniu kreatywnej prezentacji do klasycznej magii z monetami.<\/div>\n<p style=\"text-align: center;\">\u00a0<\/p>\n<div class=\"auto-hide-last-sibling-br paragraph_9dc5f paragraph-element\" style=\"text-align: center;\">Pokazujesz pi\u0119\u0107 staro\u017cytnych chi\u0144skich monet w r\u00f3\u017cnych kolorach. Ich kolory odpowiadaj\u0105 kolorom t\u0119czy, z wyj\u0105tkiem czarnej monety. Pozwalasz publiczno\u015bci trzyma\u0107 wszystkie pi\u0119\u0107 monet, a czarna moneta znika w r\u0119kach publiczno\u015bci i pojawia si\u0119 tam, gdzie tylko chcesz.<\/div>\n<p style=\"text-align: center;\">\u00a0<\/p>\n<div class=\"auto-hide-last-sibling-br paragraph_9dc5f paragraph-element\" style=\"text-align: center;\">Rekwizyt Rainbow Coins jest wyszukany i pomys\u0142owy, co pozwala na wyczarowanie magii w r\u0119kach lub kieszeniach Twoich widz\u00f3w. Umo\u017cliwia tak\u017ce wykonanie efekt\u00f3w wizualnego znikania i przemieszczania.<\/div>\n<p style=\"text-align: center;\">\u00a0<\/p>\n<div class=\"auto-hide-last-sibling-br paragraph_9dc5f paragraph-element\" style=\"text-align: center;\">Opr\u00f3cz opowiadania historii t\u0119czy za pomoc\u0105 wszystkich monet, kt\u00f3re dostarczamy w pude\u0142ku, moneta-rekwizyt mo\u017ce by\u0107 r\u00f3wnie\u017c u\u017cywana samodzielnie do wykonywania innych klasycznych efekt\u00f3w z monetami.<\/div>\n<p style=\"text-align: center;\">\u00a0<\/p>\n<div class=\"auto-hide-last-sibling-br paragraph_9dc5f paragraph-element\" style=\"text-align: center;\">Przygotuj si\u0119 na dodanie kolor\u00f3w t\u0119czy do swojej magii z monetami &#8211; koniecznie zdob\u0105d\u017a Rainbow Coins od N2G.<\/div>\n<div class=\"auto-hide-last-sibling-br paragraph_9dc5f paragraph-element\" style=\"text-align: center;\">\u00a0<\/div>\n<div class=\"auto-hide-last-sibling-br paragraph_9dc5f paragraph-element\" style=\"text-align: center;\"><iframe loading=\"lazy\" title=\"YouTube video player\" src=\"\/\/www.youtube.com\/embed\/S8xqqCAOymI\" width=\"560\" height=\"315\" frameborder=\"0\" allowfullscreen=\"allowfullscreen\"><\/iframe><\/div>\n","protected":false},"excerpt":{"rendered":"<p>Koncepcja produktu Rainbow Coins polega na dodaniu kreatywnej prezentacji do klasycznej magii z monetami. \u00a0 Pokazujesz pi\u0119\u0107 staro\u017cytnych chi\u0144skich monet w r\u00f3\u017cnych kolorach. Ich kolory odpowiadaj\u0105 kolorom t\u0119czy, z wyj\u0105tkiem&#8230;<\/p>\n","protected":false},"featured_media":11510,"comment_status":"closed","ping_status":"open","template":"","meta":[],"product_brand":[],"product_cat":[37],"product_tag":[],"class_list":{"0":"post-11509","1":"product","2":"type-product","3":"status-publish","4":"has-post-thumbnail","6":"product_cat-mikro-iluzja-close-up-monety","8":"first","9":"instock","10":"purchasable","11":"product-type-simple"},"_links":{"self":[{"href":"https:\/\/magiiik.netstory.com.pl\/index.php?rest_route=\/wp\/v2\/product\/11509","targetHints":{"allow":["GET"]}}],"collection":[{"href":"https:\/\/magiiik.netstory.com.pl\/index.php?rest_route=\/wp\/v2\/product"}],"about":[{"href":"https:\/\/magiiik.netstory.com.pl\/index.php?rest_route=\/wp\/v2\/types\/product"}],"replies":[{"embeddable":true,"href":"https:\/\/magiiik.netstory.com.pl\/index.php?rest_route=%2Fwp%2Fv2%2Fcomments&post=11509"}],"wp:featuredmedia":[{"embeddable":true,"href":"https:\/\/magiiik.netstory.com.pl\/index.php?rest_route=\/wp\/v2\/media\/11510"}],"wp:attachment":[{"href":"https:\/\/magiiik.netstory.com.pl\/index.php?rest_route=%2Fwp%2Fv2%2Fmedia&parent=11509"}],"wp:term":[{"taxonomy":"product_brand","embeddable":true,"href":"https:\/\/magiiik.netstory.com.pl\/index.php?rest_route=%2Fwp%2Fv2%2Fproduct_brand&post=11509"},{"taxonomy":"product_cat","embeddable":true,"href":"https:\/\/magiiik.netstory.com.pl\/index.php?rest_route=%2Fwp%2Fv2%2Fproduct_cat&post=11509"},{"taxonomy":"product_tag","embeddable":true,"href":"https:\/\/magiiik.netstory.com.pl\/index.php?rest_route=%2Fwp%2Fv2%2Fproduct_tag&post=11509"}],"curies":[{"name":"wp","href":"https:\/\/api.w.org\/{rel}","templated":true}]}}