{"id":11506,"date":"2025-09-19T13:53:43","date_gmt":"2025-09-19T11:53:43","guid":{"rendered":"https:\/\/magiiik.netstory.com.pl\/produkt\/pro-phesy-by-smagic-productions\/"},"modified":"2025-09-19T13:54:08","modified_gmt":"2025-09-19T11:54:08","slug":"pro-phesy-by-smagic-productions","status":"publish","type":"product","link":"https:\/\/magiiik.netstory.com.pl\/?product=pro-phesy-by-smagic-productions","title":{"rendered":"Pro-Phesy by Smagic Productions"},"content":{"rendered":"<div class=\"auto-hide-last-sibling-br paragraph_9dc5f paragraph-element\" style=\"text-align: center;\">\u00a0<\/div>\n<p style=\"text-align: center;\"><strong>Teraz dok\u0142adnie mo\u017cesz przewidzie\u0107 wyb\u00f3r swojego widza!<\/strong><\/p>\n<p style=\"text-align: center;\">We\u017a ze sob\u0105 Pro-Phesy i podejd\u017a do widza, a nast\u0119pnie zapytaj: <em>&#8222;Kt\u00f3r\u0105 z 52 kart lubisz najbardziej?&#8221;<\/em><\/p>\n<p style=\"text-align: center;\">Wyci\u0105gniesz kopert\u0119 i oddasz j\u0105 publiczno\u015bci do samodzielnego otwarcia.<\/p>\n<p style=\"text-align: center;\">Wewn\u0105trz znajdzie si\u0119 wybrana przez nich karta.<\/p>\n<p style=\"text-align: center;\">Przepowiednia mo\u017ce dotyczy\u0107 nie tylko\u00a052 kart, mo\u017cesz tworzy\u0107 w\u0142asne pytania, w zale\u017cno\u015bci od swoich pomys\u0142\u00f3w.<\/p>\n<p style=\"text-align: center;\">Efekt ko\u0144czy si\u0119 z idealnie czystymi r\u0119kami. Perfekcyjnie.<\/p>\n<div class=\"auto-hide-last-sibling-br paragraph_9dc5f paragraph-element\" style=\"text-align: center;\">\u00a0<\/div>\n<div class=\"auto-hide-last-sibling-br paragraph_9dc5f paragraph-element\" style=\"text-align: center;\">Mo\u017cesz wyst\u0119powa\u0107 online, korzystaj\u0105c z wideorozmowy.<br class=\"container_21264 wrapper_661ac undefined\" \/>Bardzo eleganckie etui na karty i koperty.<br class=\"container_21264 wrapper_661ac undefined\" \/>Portfel na karty w 100% wykonany z materia\u0142u PU.<br class=\"container_21264 wrapper_661ac undefined\" \/>\u0141atwy do wykonania z wieloma efektami.<br class=\"container_21264 wrapper_661ac undefined\" \/>Otrzyma\u0142 ogromn\u0105 aprobat\u0119 od publiczno\u015bci.<br class=\"container_21264 wrapper_661ac undefined\" \/>Idealny na ka\u017cd\u0105 okazj\u0119, zaprojektowany tak, aby\u015b m\u00f3g\u0142 go zabra\u0107 wsz\u0119dzie i wyst\u0119powa\u0107 w dowolnym momencie.<\/div>\n<div class=\"auto-hide-last-sibling-br paragraph_9dc5f paragraph-element\" style=\"text-align: center;\">\u0141atwe do wykonania.<\/div>\n<div class=\"auto-hide-last-sibling-br paragraph_9dc5f paragraph-element\" style=\"text-align: center;\">Do\u0142\u0105czony tutorial w formie online.<\/div>\n<div class=\"auto-hide-last-sibling-br paragraph_9dc5f paragraph-element\" style=\"text-align: center;\">\u00a0<\/div>\n<div class=\"auto-hide-last-sibling-br paragraph_9dc5f paragraph-element\" style=\"text-align: center;\"><iframe loading=\"lazy\" title=\"YouTube video player\" src=\"\/\/www.youtube.com\/embed\/LxEP6RzyiJ8\" width=\"560\" height=\"315\" frameborder=\"0\" allowfullscreen=\"allowfullscreen\"><\/iframe><\/div>\n","protected":false},"excerpt":{"rendered":"<p>\u00a0 Teraz dok\u0142adnie mo\u017cesz przewidzie\u0107 wyb\u00f3r swojego widza! We\u017a ze sob\u0105 Pro-Phesy i podejd\u017a do widza, a nast\u0119pnie zapytaj: &#8222;Kt\u00f3r\u0105 z 52 kart lubisz najbardziej?&#8221; Wyci\u0105gniesz kopert\u0119 i oddasz j\u0105&#8230;<\/p>\n","protected":false},"featured_media":11507,"comment_status":"closed","ping_status":"open","template":"","meta":[],"product_brand":[],"product_cat":[24],"product_tag":[],"class_list":{"0":"post-11506","1":"product","2":"type-product","3":"status-publish","4":"has-post-thumbnail","6":"product_cat-mentalizm","8":"first","9":"instock","10":"purchasable","11":"product-type-simple"},"_links":{"self":[{"href":"https:\/\/magiiik.netstory.com.pl\/index.php?rest_route=\/wp\/v2\/product\/11506","targetHints":{"allow":["GET"]}}],"collection":[{"href":"https:\/\/magiiik.netstory.com.pl\/index.php?rest_route=\/wp\/v2\/product"}],"about":[{"href":"https:\/\/magiiik.netstory.com.pl\/index.php?rest_route=\/wp\/v2\/types\/product"}],"replies":[{"embeddable":true,"href":"https:\/\/magiiik.netstory.com.pl\/index.php?rest_route=%2Fwp%2Fv2%2Fcomments&post=11506"}],"wp:featuredmedia":[{"embeddable":true,"href":"https:\/\/magiiik.netstory.com.pl\/index.php?rest_route=\/wp\/v2\/media\/11507"}],"wp:attachment":[{"href":"https:\/\/magiiik.netstory.com.pl\/index.php?rest_route=%2Fwp%2Fv2%2Fmedia&parent=11506"}],"wp:term":[{"taxonomy":"product_brand","embeddable":true,"href":"https:\/\/magiiik.netstory.com.pl\/index.php?rest_route=%2Fwp%2Fv2%2Fproduct_brand&post=11506"},{"taxonomy":"product_cat","embeddable":true,"href":"https:\/\/magiiik.netstory.com.pl\/index.php?rest_route=%2Fwp%2Fv2%2Fproduct_cat&post=11506"},{"taxonomy":"product_tag","embeddable":true,"href":"https:\/\/magiiik.netstory.com.pl\/index.php?rest_route=%2Fwp%2Fv2%2Fproduct_tag&post=11506"}],"curies":[{"name":"wp","href":"https:\/\/api.w.org\/{rel}","templated":true}]}}