{"id":11496,"date":"2025-09-19T13:53:43","date_gmt":"2025-09-19T11:53:43","guid":{"rendered":"https:\/\/magiiik.netstory.com.pl\/produkt\/the-rebel-wallet-elite\/"},"modified":"2025-09-19T13:53:52","modified_gmt":"2025-09-19T11:53:52","slug":"the-rebel-wallet-elite","status":"publish","type":"product","link":"https:\/\/magiiik.netstory.com.pl\/?product=the-rebel-wallet-elite","title":{"rendered":"The Rebel Wallet Elite"},"content":{"rendered":"<div class=\"auto-hide-last-sibling-br paragraph_9dc5f paragraph-element\" style=\"text-align: center;\">Rebel Elite to najnowsza wersja w serii portfeli Rebel.\u00a0Ten portfel jest wykonany wed\u0142ug najwy\u017cszych standard\u00f3w.<\/div>\n<div class=\"auto-hide-last-sibling-br paragraph_9dc5f paragraph-element\" style=\"text-align: center;\">Nowa kombinacja kolor\u00f3w granatu i br\u0105zowej sk\u00f3ry, specjalna podszewka, kieszenie na karty kredytowe,<\/div>\n<div class=\"auto-hide-last-sibling-br paragraph_9dc5f paragraph-element\" style=\"text-align: center;\">kiesze\u0144 na monety oraz przegroda na banknoty.<\/div>\n<div class=\"auto-hide-last-sibling-br paragraph_9dc5f paragraph-element\" style=\"text-align: center;\">Ten portfel ma wszystko, czego potrzebujesz, aby pe\u0142ni\u0142 funkcj\u0119 do codziennego noszenia.<\/div>\n<p style=\"text-align: center;\">Zaskakuj\u0105ce, jak jest &#8222;szczup\u0142y&#8221;!<\/p>\n<p style=\"text-align: center;\">Obszar \u0142adowania jest unikalnym projektem portfeli Rebel, bez zewn\u0119trznych kieszeni czy naci\u0119\u0107 w sk\u00f3rze,<\/p>\n<p style=\"text-align: center;\">dzi\u0119ki czemu mo\u017cesz pewnie przekazywa\u0107 go widzom.<\/p>\n<p style=\"text-align: center;\">Jest to jedyny portfel, kt\u00f3ry mo\u017cesz przygotowa\u0107 tu\u017c przed widzem!<\/p>\n<p style=\"text-align: center;\">Mo\u017cesz u\u017cywa\u0107 go jako portfelu do noszenia w kieszeni spodni lub w kieszeni kurtki. W zestawie znajduj\u0105 si\u0119 koperty z rekwizytami (bonsolopes) oraz &#8222;special glides&#8221;.<\/p>\n<p style=\"text-align: center;\">Portfel dzia\u0142a r\u00f3wnie\u017c z kopertami \u015bredniej wielko\u015bci bonsolopes, kt\u00f3re mo\u017cna zakupi\u0107 osobno.<\/p>\n<p style=\"text-align: center;\">\u00a0<\/p>\n<div class=\"auto-hide-last-sibling-br paragraph_9dc5f paragraph-element\" style=\"text-align: center;\">Je\u015bli jeste\u015b iluzjonist\u0105, kt\u00f3ry\u00a0nie lubi kopert &#8211; nie martw si\u0119!<\/div>\n<div class=\"auto-hide-last-sibling-br paragraph_9dc5f paragraph-element\" style=\"text-align: center;\">Rebel to \u015bwietny portfel\u00a0do efektu &#8222;card to wallet&#8221; bez u\u017cycia koperty!<\/div>\n<p style=\"text-align: center;\">\u00a0<\/p>\n<div class=\"auto-hide-last-sibling-br paragraph_9dc5f paragraph-element\" style=\"text-align: center;\">Dzia\u0142aj\u00a0z klas\u0105!<\/div>\n<div class=\"auto-hide-last-sibling-br paragraph_9dc5f paragraph-element\" style=\"text-align: center;\">\u00a0<\/div>\n<div class=\"auto-hide-last-sibling-br paragraph_9dc5f paragraph-element\" style=\"text-align: center;\"><iframe loading=\"lazy\" title=\"YouTube video player\" src=\"\/\/www.youtube.com\/embed\/nNpsCYVUxmA\" width=\"560\" height=\"315\" frameborder=\"0\" allowfullscreen=\"allowfullscreen\"><\/iframe><\/div>\n","protected":false},"excerpt":{"rendered":"<p>Rebel Elite to najnowsza wersja w serii portfeli Rebel.\u00a0Ten portfel jest wykonany wed\u0142ug najwy\u017cszych standard\u00f3w. Nowa kombinacja kolor\u00f3w granatu i br\u0105zowej sk\u00f3ry, specjalna podszewka, kieszenie na karty kredytowe, kiesze\u0144 na&#8230;<\/p>\n","protected":false},"featured_media":11497,"comment_status":"closed","ping_status":"open","template":"","meta":[],"product_brand":[],"product_cat":[34],"product_tag":[],"class_list":{"0":"post-11496","1":"product","2":"type-product","3":"status-publish","4":"has-post-thumbnail","6":"product_cat-mikro-iluzja-close-up-inne","8":"first","9":"instock","10":"purchasable","11":"product-type-simple"},"_links":{"self":[{"href":"https:\/\/magiiik.netstory.com.pl\/index.php?rest_route=\/wp\/v2\/product\/11496","targetHints":{"allow":["GET"]}}],"collection":[{"href":"https:\/\/magiiik.netstory.com.pl\/index.php?rest_route=\/wp\/v2\/product"}],"about":[{"href":"https:\/\/magiiik.netstory.com.pl\/index.php?rest_route=\/wp\/v2\/types\/product"}],"replies":[{"embeddable":true,"href":"https:\/\/magiiik.netstory.com.pl\/index.php?rest_route=%2Fwp%2Fv2%2Fcomments&post=11496"}],"wp:featuredmedia":[{"embeddable":true,"href":"https:\/\/magiiik.netstory.com.pl\/index.php?rest_route=\/wp\/v2\/media\/11497"}],"wp:attachment":[{"href":"https:\/\/magiiik.netstory.com.pl\/index.php?rest_route=%2Fwp%2Fv2%2Fmedia&parent=11496"}],"wp:term":[{"taxonomy":"product_brand","embeddable":true,"href":"https:\/\/magiiik.netstory.com.pl\/index.php?rest_route=%2Fwp%2Fv2%2Fproduct_brand&post=11496"},{"taxonomy":"product_cat","embeddable":true,"href":"https:\/\/magiiik.netstory.com.pl\/index.php?rest_route=%2Fwp%2Fv2%2Fproduct_cat&post=11496"},{"taxonomy":"product_tag","embeddable":true,"href":"https:\/\/magiiik.netstory.com.pl\/index.php?rest_route=%2Fwp%2Fv2%2Fproduct_tag&post=11496"}],"curies":[{"name":"wp","href":"https:\/\/api.w.org\/{rel}","templated":true}]}}