{"id":11459,"date":"2025-09-19T13:53:03","date_gmt":"2025-09-19T11:53:03","guid":{"rendered":"https:\/\/magiiik.netstory.com.pl\/produkt\/color-match-by-tony-anverdi\/"},"modified":"2025-09-19T13:53:21","modified_gmt":"2025-09-19T11:53:21","slug":"color-match-by-tony-anverdi","status":"publish","type":"product","link":"https:\/\/magiiik.netstory.com.pl\/?product=color-match-by-tony-anverdi","title":{"rendered":"COLOR MATCH by Tony Anverdi"},"content":{"rendered":"<div id=\"tw-target-text\" class=\"tw-data-text tw-text-large tw-ta\" dir=\"ltr\" style=\"text-align: center;\" data-placeholder=\"T\u0142umaczenie\"><span class=\"Y2IQFc\" lang=\"pl\">Przedstawiamy\u00a0COLOR MATCH Anverdiego. <\/span><\/div>\n<div class=\"tw-data-text tw-text-large tw-ta\" dir=\"ltr\" style=\"text-align: center;\" data-placeholder=\"T\u0142umaczenie\"><span class=\"Y2IQFc\" lang=\"pl\">ZDUPLIKUJ\u00a0kolorowy rysunek, kt\u00f3ry stworzy\u0142 tw\u00f3j widz<\/span><\/div>\n<div class=\"tw-data-text tw-text-large tw-ta\" dir=\"ltr\" style=\"text-align: center;\" data-placeholder=\"T\u0142umaczenie\"><span class=\"Y2IQFc\" lang=\"pl\">Czytaj w my\u015blach jednym naci\u015bni\u0119ciem przycisku. <\/span><\/div>\n<div class=\"tw-data-text tw-text-large tw-ta\" dir=\"ltr\" style=\"text-align: center;\" data-placeholder=\"T\u0142umaczenie\">\u00a0<\/div>\n<div class=\"tw-data-text tw-text-large tw-ta\" dir=\"ltr\" style=\"text-align: center;\" data-placeholder=\"T\u0142umaczenie\"><span class=\"Y2IQFc\" lang=\"pl\">D\u0142ugopisy Color Match firmy Anverdi mo\u017cna umie\u015bci\u0107 w DOWOLNYM kubku, szklance lub uchwycie na d\u0142ugopis! <\/span><\/div>\n<div class=\"tw-data-text tw-text-large tw-ta\" dir=\"ltr\" style=\"text-align: center;\" data-placeholder=\"T\u0142umaczenie\"><span class=\"Y2IQFc\" lang=\"pl\">Mo\u017cesz nawet poprosi\u0107 widz\u00f3w, aby w\u0142o\u017cyli d\u0142ugopisy do kieszeni koszuli lub spodni&#8230; <\/span><\/div>\n<div class=\"tw-data-text tw-text-large tw-ta\" dir=\"ltr\" style=\"text-align: center;\" data-placeholder=\"T\u0142umaczenie\"><span class=\"Y2IQFc\" lang=\"pl\">lub po prostu po\u0142o\u017cyli je p\u0142asko na stoliku ze szk\u0142a. <\/span><\/div>\n<div class=\"tw-data-text tw-text-large tw-ta\" dir=\"ltr\" style=\"text-align: center;\" data-placeholder=\"T\u0142umaczenie\">\u00a0<\/div>\n<div class=\"tw-data-text tw-text-large tw-ta\" dir=\"ltr\" style=\"text-align: center;\" data-placeholder=\"T\u0142umaczenie\"><span class=\"Y2IQFc\" lang=\"pl\">Czytaj w my\u015blach ze 100%\u00a0dok\u0142adno\u015bci\u0105 i 100% pewno\u015bci\u0105 <\/span><\/div>\n<div class=\"tw-data-text tw-text-large tw-ta\" dir=\"ltr\" style=\"text-align: center;\" data-placeholder=\"T\u0142umaczenie\"><span class=\"Y2IQFc\" lang=\"pl\"> Wyjd\u017a poza tradycyjny efekt COLOR MATCH. Murphy&#8217;s Magic stworzy\u0142o najbardziej aktualn\u0105, innowacyjn\u0105 wersj\u0119 legendarnego efektu COLOR MATCH firmy Anverdi. <\/span><\/div>\n<div class=\"tw-data-text tw-text-large tw-ta\" dir=\"ltr\" style=\"text-align: center;\" data-placeholder=\"T\u0142umaczenie\">\u00a0<\/div>\n<div class=\"tw-data-text tw-text-large tw-ta\" dir=\"ltr\" style=\"text-align: center;\" data-placeholder=\"T\u0142umaczenie\"><em><span class=\"Y2IQFc\" lang=\"pl\">\u201eTo po prostu najlepsza dost\u0119pna wersja\u2026 z tak wieloma ulepszeniami, ale poza oczywistymi rozwi\u0105zaniami, jest to niezwykle wszechstronne narz\u0119dzie, kt\u00f3re po prostu trzeba zobaczy\u0107 i poeksperymentowa\u0107, aby w pe\u0142ni zrozumie\u0107 mo\u017cliwo\u015bci. Tak, to fantastyczna rutyna z d\u0142ugopisami, ale wyjd\u017a poza ramy i uwolnij sw\u00f3j umys\u0142, a b\u0119dzie on przepe\u0142niony pomys\u0142ami\u201d. <\/span><\/em><\/div>\n<div class=\"tw-data-text tw-text-large tw-ta\" dir=\"ltr\" style=\"text-align: center;\" data-placeholder=\"T\u0142umaczenie\"><strong><span class=\"Y2IQFc\" lang=\"pl\">&#8211; Marc Spelmann (X) <\/span><\/strong><\/div>\n<div class=\"tw-data-text tw-text-large tw-ta\" dir=\"ltr\" style=\"text-align: center;\" data-placeholder=\"T\u0142umaczenie\">\u00a0<\/div>\n<div class=\"tw-data-text tw-text-large tw-ta\" dir=\"ltr\" style=\"text-align: center;\" data-placeholder=\"T\u0142umaczenie\">\u00a0<\/div>\n<div class=\"tw-data-text tw-text-large tw-ta\" dir=\"ltr\" style=\"text-align: center;\" data-placeholder=\"T\u0142umaczenie\"><em><span class=\"Y2IQFc\" lang=\"pl\">&#8222;Murphys znowu to zrobi\u0142! In\u017cynieria Color Match firmy Anverdi jest BARDZO imponuj\u0105ca, wiele opcji i mo\u017cliwo\u015bci, delikatnie m\u00f3wi\u0105c, jestem pod wra\u017ceniem! Posiada\u0142em ka\u017cd\u0105 form\u0119 efektu Color Match (w tym oryginalne wersje Anverdi z po\u0142owy lat 80-tych), a ta jest absolutnie najlepsza!\u201d <\/span><\/em><\/div>\n<div class=\"tw-data-text tw-text-large tw-ta\" dir=\"ltr\" style=\"text-align: center;\" data-placeholder=\"T\u0142umaczenie\"><strong><span class=\"Y2IQFc\" lang=\"pl\">&#8211; Chucka Caputo <\/span><\/strong><\/div>\n<div class=\"tw-data-text tw-text-large tw-ta\" dir=\"ltr\" style=\"text-align: center;\" data-placeholder=\"T\u0142umaczenie\">\u00a0<\/div>\n<div class=\"tw-data-text tw-text-large tw-ta\" dir=\"ltr\" style=\"text-align: center;\" data-placeholder=\"T\u0142umaczenie\">\u00a0<\/div>\n<div class=\"tw-data-text tw-text-large tw-ta\" dir=\"ltr\" style=\"text-align: center;\" data-placeholder=\"T\u0142umaczenie\"><strong><span class=\"Y2IQFc\" lang=\"pl\">REWOLUCYJNA TECHNOLOGIA: <\/span><\/strong><\/div>\n<div class=\"tw-data-text tw-text-large tw-ta\" dir=\"ltr\" style=\"text-align: center;\" data-placeholder=\"T\u0142umaczenie\"><span class=\"Y2IQFc\" lang=\"pl\">Niezwykle silny zasi\u0119g sygna\u0142u! Funkcja Color Match firmy Anverdi wykorzystuje now\u0105, <\/span><\/div>\n<div class=\"tw-data-text tw-text-large tw-ta\" dir=\"ltr\" style=\"text-align: center;\" data-placeholder=\"T\u0142umaczenie\"><span class=\"Y2IQFc\" lang=\"pl\">wielokierunkow\u0105 technologi\u0119 \u201eAlien\u201d, dzi\u0119ki czemu mo\u017cesz dzia\u0142a\u0107 ze 100% pewno\u015bci\u0105! <\/span><\/div>\n<div class=\"tw-data-text tw-text-large tw-ta\" dir=\"ltr\" style=\"text-align: center;\" data-placeholder=\"T\u0142umaczenie\">\u00a0<\/div>\n<div class=\"tw-data-text tw-text-large tw-ta\" dir=\"ltr\" style=\"text-align: center;\" data-placeholder=\"T\u0142umaczenie\"><strong><span class=\"Y2IQFc\" lang=\"pl\">BRAK FA\u0141SZYWYCH SYGNA\u0141\u00d3W: <\/span><\/strong><\/div>\n<div class=\"tw-data-text tw-text-large tw-ta\" dir=\"ltr\" style=\"text-align: center;\" data-placeholder=\"T\u0142umaczenie\"><span class=\"Y2IQFc\" lang=\"pl\">Je\u015bli kto\u015b podniesie d\u0142ugopis, a nast\u0119pnie szybko zmieni zdanie, odbiornik poinformuje Ci\u0119 o zmianie! <\/span><\/div>\n<div class=\"tw-data-text tw-text-large tw-ta\" dir=\"ltr\" style=\"text-align: center;\" data-placeholder=\"T\u0142umaczenie\"><span class=\"Y2IQFc\" lang=\"pl\">Gdy pi\u00f3ro zostanie u\u017cyte przez widza, NIE uruchomi si\u0119 przypadkowo ponownie! <\/span><\/div>\n<div class=\"tw-data-text tw-text-large tw-ta\" dir=\"ltr\" style=\"text-align: center;\" data-placeholder=\"T\u0142umaczenie\"><span class=\"Y2IQFc\" lang=\"pl\">Wielokierunkowa technologia umo\u017cliwia dost\u0119p do funkcji bezpiecze\u0144stwa we WSZYSTKICH ustawieniach wydajno\u015bci. <\/span><\/div>\n<div class=\"tw-data-text tw-text-large tw-ta\" dir=\"ltr\" style=\"text-align: center;\" data-placeholder=\"T\u0142umaczenie\"><span class=\"Y2IQFc\" lang=\"pl\">(Dodatkowo ostrze\u017cenie o niskim poziomie na\u0142adowania baterii poinformuje Ci\u0119, czy dany d\u0142ugopis wymaga nowej baterii). <\/span><\/div>\n<div class=\"tw-data-text tw-text-large tw-ta\" dir=\"ltr\" style=\"text-align: center;\" data-placeholder=\"T\u0142umaczenie\">\u00a0<\/div>\n<div class=\"tw-data-text tw-text-large tw-ta\" dir=\"ltr\" style=\"text-align: center;\" data-placeholder=\"T\u0142umaczenie\"><strong><span class=\"Y2IQFc\" lang=\"pl\">PERSONALIZUJ GO DO SWOJEGO STYLU WYDAJNO\u015aCI: <\/span><\/strong><\/div>\n<div class=\"tw-data-text tw-text-large tw-ta\" dir=\"ltr\" style=\"text-align: center;\" data-placeholder=\"T\u0142umaczenie\"><span class=\"Y2IQFc\" lang=\"pl\">Z \u0142atwo\u015bci\u0105 zmieniaj swoje preferencje! Wybierz typ sygna\u0142u (wibracja, wielokolorowe \u015bwiat\u0142o LED lub tryb r\u00f3wnoczesny). Wybierz poziom wibracji (mi\u0119kki, \u015bredni lub twardy) oraz poziom czu\u0142o\u015bci inteligentnego pi\u00f3ra! Ponadto dostosuj spos\u00f3b, w jaki chcesz go u\u017cywa\u0107 (w tym zdejmowany klips i opaska na rami\u0119\/kostk\u0119).<\/span><\/div>\n<div class=\"tw-data-text tw-text-large tw-ta\" dir=\"ltr\" style=\"text-align: center;\" data-placeholder=\"T\u0142umaczenie\">\u00a0<\/div>\n<div class=\"tw-data-text tw-text-large tw-ta\" dir=\"ltr\" style=\"text-align: center;\" data-placeholder=\"T\u0142umaczenie\">\u00a0<\/div>\n<div id=\"tw-target-text\" class=\"tw-data-text tw-text-large tw-ta\" dir=\"ltr\" data-placeholder=\"T\u0142umaczenie\"><strong><span class=\"Y2IQFc\" lang=\"pl\">ZAWIERA: <\/span><\/strong><\/div>\n<ul>\n<li class=\"tw-data-text tw-text-large tw-ta\" dir=\"ltr\" data-placeholder=\"T\u0142umaczenie\"><span class=\"Y2IQFc\" lang=\"pl\">6 d\u0142ugopis\u00f3w (czerwony, niebieski, zielony, \u017c\u00f3\u0142ty, fioletowy i *czarny) <\/span><\/li>\n<li class=\"tw-data-text tw-text-large tw-ta\" dir=\"ltr\" data-placeholder=\"T\u0142umaczenie\"><span class=\"Y2IQFc\" lang=\"pl\">Wbudowana bariera zabezpieczaj\u0105ca przed atramentem (zapobiega przedostawaniu si\u0119 atramentu do systemu e-Pod!) <\/span><\/li>\n<li class=\"tw-data-text tw-text-large tw-ta\" dir=\"ltr\" data-placeholder=\"T\u0142umaczenie\"><span class=\"Y2IQFc\" lang=\"pl\">Wyjmowane e-pody (dla \u0142atwej wymiany baterii &#8211; a tak\u017ce efekty BONUS) <\/span><\/li>\n<li class=\"tw-data-text tw-text-large tw-ta\" dir=\"ltr\" data-placeholder=\"T\u0142umaczenie\"><span class=\"Y2IQFc\" lang=\"pl\">Specjalna blokada klucza dla \u0142atwego dost\u0119pu do e-Pods <\/span><\/li>\n<li class=\"tw-data-text tw-text-large tw-ta\" dir=\"ltr\" data-placeholder=\"T\u0142umaczenie\"><span class=\"Y2IQFc\" lang=\"pl\">\u0141atwa blokada W\u0141.\/WY\u0141 <\/span><\/li>\n<li class=\"tw-data-text tw-text-large tw-ta\" dir=\"ltr\" data-placeholder=\"T\u0142umaczenie\"><span class=\"Y2IQFc\" lang=\"pl\">Inteligentne ustawienia czu\u0142o\u015bci <\/span><\/li>\n<li class=\"tw-data-text tw-text-large tw-ta\" dir=\"ltr\" data-placeholder=\"T\u0142umaczenie\"><span class=\"Y2IQFc\" lang=\"pl\">Natychmiastowe ustawienie resetowania <\/span><\/li>\n<li class=\"tw-data-text tw-text-large tw-ta\" dir=\"ltr\" data-placeholder=\"T\u0142umaczenie\"><span class=\"Y2IQFc\" lang=\"pl\">Ustawienia wskaz\u00f3wek wizualnych, dotykowych lub kombinowanych <\/span><\/li>\n<li class=\"tw-data-text tw-text-large tw-ta\" dir=\"ltr\" data-placeholder=\"T\u0142umaczenie\"><span class=\"Y2IQFc\" lang=\"pl\">Opcje opaski na kostk\u0119 \/ nadgarstek <\/span><\/li>\n<li class=\"tw-data-text tw-text-large tw-ta\" dir=\"ltr\" data-placeholder=\"T\u0142umaczenie\"><span class=\"Y2IQFc\" lang=\"pl\">Sygna\u0142 bardzo du\u017cej odleg\u0142o\u015bci <\/span><\/li>\n<li class=\"tw-data-text tw-text-large tw-ta\" dir=\"ltr\" data-placeholder=\"T\u0142umaczenie\"><span class=\"Y2IQFc\" lang=\"pl\">Odbiornik z wieloma preferencjami <\/span><\/li>\n<li class=\"tw-data-text tw-text-large tw-ta\" dir=\"ltr\" data-placeholder=\"T\u0142umaczenie\"><span class=\"Y2IQFc\" lang=\"pl\">*Czarny d\u0142ugopis nie zawiera Gimmicka.<\/span><\/li>\n<\/ul>\n<div class=\"tw-data-text tw-text-large tw-ta\" dir=\"ltr\" data-placeholder=\"T\u0142umaczenie\"><span class=\"Y2IQFc\" lang=\"pl\">RUTYNY\/INSTRUKCJE ONLINE: Obejmuje 2,5 godziny (12 rutyn + BONUSOWE pomys\u0142y) szczeg\u00f3\u0142owych instrukcji online, kt\u00f3re ledwie zarysowuj\u0105 to, co mo\u017cesz z tym zrobi\u0107! <\/span><\/div>\n<div class=\"tw-data-text tw-text-large tw-ta\" dir=\"ltr\" data-placeholder=\"T\u0142umaczenie\"><span class=\"Y2IQFc\" lang=\"pl\">Gdy jeste\u015b odwr\u00f3cony plecami, widz mo\u017ce dowolnie malowa\u0107 w 5 r\u00f3\u017cnych kszta\u0142tach DOWOLNYM markerem. <\/span><\/div>\n<div class=\"tw-data-text tw-text-large tw-ta\" dir=\"ltr\" data-placeholder=\"T\u0142umaczenie\">\u00a0<\/div>\n<div class=\"tw-data-text tw-text-large tw-ta\" dir=\"ltr\" data-placeholder=\"T\u0142umaczenie\"><span class=\"Y2IQFc\" lang=\"pl\"><strong>OPCJA I<\/strong>:\u00a0kolory, kt\u00f3re wybrali widzowie idealnie pasuj\u0105 do kolor\u00f3w, kt\u00f3re wybra\u0142e\u015b!<\/span><\/div>\n<div class=\"tw-data-text tw-text-large tw-ta\" dir=\"ltr\" data-placeholder=\"T\u0142umaczenie\">\u00a0<\/div>\n<div class=\"tw-data-text tw-text-large tw-ta\" dir=\"ltr\" data-placeholder=\"T\u0142umaczenie\"><span class=\"Y2IQFc\" lang=\"pl\"><strong>OPCJA II:<\/strong> Gdy jeste\u015b odwr\u00f3cony plecami, widz dowolnie wybiera dowolne kolorowe znaczniki i umieszcza je w r\u00f3\u017cnych miejscach na swoim ciele. Nie wiedz\u0105, \u017ce KA\u017bDE dzia\u0142anie, kt\u00f3re wykonuj\u0105, by\u0142o pod Twoim wp\u0142ywem. <\/span><\/div>\n<div class=\"tw-data-text tw-text-large tw-ta\" dir=\"ltr\" data-placeholder=\"T\u0142umaczenie\">\u00a0<\/div>\n<div class=\"tw-data-text tw-text-large tw-ta\" dir=\"ltr\" data-placeholder=\"T\u0142umaczenie\"><span class=\"Y2IQFc\" lang=\"pl\"><strong>OPCJA III:<\/strong> Efekt, w kt\u00f3rym b\u0119dziesz czyta\u0107 w my\u015blach swoich widz\u00f3w 3 razy z rz\u0119du i zako\u0144czysz to przewidywaniem, aby udowodni\u0107, \u017ce wszystkie ich my\u015bli by\u0142y z g\u00f3ry okre\u015blone. <\/span><\/div>\n<div class=\"tw-data-text tw-text-large tw-ta\" dir=\"ltr\" data-placeholder=\"T\u0142umaczenie\">\u00a0<\/div>\n<div class=\"tw-data-text tw-text-large tw-ta\" dir=\"ltr\" style=\"text-align: center;\" data-placeholder=\"T\u0142umaczenie\">Zaanga\u017cuj wielu widz\u00f3w w osza\u0142amiaj\u0105cy i oszukuj\u0105cy CAAN, kt\u00f3ry natychmiast dodasz do swoich efekt\u00f3w mikromagii lub wyst\u0119pu na scenie. Wykonaj 5-, 10-, a nawet 15-minutowy niezwykle wci\u0105gaj\u0105cy akt, w kt\u00f3rym wcielisz si\u0119 w detektywa, a publiczno\u015b\u0107 podejmie wszystkie decyzje. Z zas\u0142oni\u0119tymi oczami ka\u017cdy z 5 widz\u00f3w wybiera kart\u0119 i ukrywa j\u0105 przed wszystkimi innymi. Potajemnie wybieraj\u0105 r\u00f3wnie\u017c kolorowy znacznik. Bez odwracania si\u0119 ani zdejmowania opaski z oczu mo\u017cesz odkry\u0107, o kt\u00f3rej karcie i w jakim kolorze ka\u017cdy widz tylko my\u015bli. 5 widz\u00f3w miesza i dowolnie wybiera kubek z tajemnic\u0105 ukryt\u0105 w \u015brodku. Samodzielnie mieszaj\u0105, tasuj\u0105, wycinaj\u0105 i wybieraj\u0105 odkryt\u0105 kart\u0119. Wreszcie okazuje si\u0119, \u017ce ca\u0142a talia sk\u0142ada si\u0119 z r\u00f3\u017cnych kolorowych wzor\u00f3w z ty\u0142u. A wybrana przez widza karta IDEALNIE PASUJE do koloru przedmiotu ukrytego w dowolnie wybranym wcze\u015bniej kubku.<\/div>\n<div class=\"tw-data-text tw-text-large tw-ta\" dir=\"ltr\" style=\"text-align: center;\" data-placeholder=\"T\u0142umaczenie\">\u00a0<\/div>\n<div class=\"tw-data-text tw-text-large tw-ta\" dir=\"ltr\" style=\"text-align: center;\" data-placeholder=\"T\u0142umaczenie\"><iframe loading=\"lazy\" title=\"YouTube video player\" src=\"\/\/www.youtube.com\/embed\/IQvmTufC9gU\" width=\"560\" height=\"315\" frameborder=\"0\" allowfullscreen=\"allowfullscreen\"><\/iframe><\/div>\n<div class=\"tw-data-text tw-text-large tw-ta\" dir=\"ltr\" style=\"text-align: center;\" data-placeholder=\"T\u0142umaczenie\">\u00a0<\/div>\n<div class=\"tw-data-text tw-text-large tw-ta\" dir=\"ltr\" data-placeholder=\"T\u0142umaczenie\"><strong>BONUS !<\/strong>\u00a0Pomys\u0142\u00f3w i\u00a0rutyny od Titanas, Craiga Petty&#8217;ego, Luca Volpe, Menny&#8217;ego Lindenfelda i Marca Spelmanna (X).<\/div>\n<div class=\"tw-data-text tw-text-large tw-ta\" dir=\"ltr\" data-placeholder=\"T\u0142umaczenie\">\u00a0<\/div>\n<div class=\"tw-data-text tw-text-large tw-ta\" dir=\"ltr\" data-placeholder=\"T\u0142umaczenie\"><span class=\"Y2IQFc\" lang=\"pl\"><em>\u201eOSTRZE\u017bENIE: wszystkie inne produkty mentalizmu b\u0119d\u0105 sprawia\u0142y wra\u017cenie bardzo skr\u0119powanych, gdy dodasz t\u0119 besti\u0119 do swojego arsena\u0142u. Niesamowita metoda, skrupulatnie przemy\u015blane ulepszenia i niesko\u0144czone mo\u017cliwo\u015bci; nie mo\u017cesz prosi\u0107 o lepsze\u201d. <\/em><strong>&#8211; SPIDEY <\/strong><\/span><\/div>\n<div class=\"tw-data-text tw-text-large tw-ta\" dir=\"ltr\" data-placeholder=\"T\u0142umaczenie\">\u00a0<\/div>\n<div class=\"tw-data-text tw-text-large tw-ta\" dir=\"ltr\" data-placeholder=\"T\u0142umaczenie\"><span class=\"Y2IQFc\" lang=\"pl\"><em>\u201eAnverdi Color Match to niesamowite urz\u0105dzenie u\u017cytkowe z dos\u0142ownie setkami zastosowa\u0144. Bardzo rzadko dodaj\u0119 co\u015b nowego do mojego repertuaru, ale to spe\u0142nia wszystkie wymagania technologiczne i obs\u0142ugi, dzi\u0119ki czemu mog\u0119 go bezpo\u015brednio u\u017cy\u0107 w moim nowym, zdystansowanym spo\u0142ecznie przedstawienie teatralne. Gor\u0105co polecam!&#8221;<\/em> <strong>&#8211; Keitha Barry&#8217;ego <\/strong><\/span><\/div>\n<div class=\"tw-data-text tw-text-large tw-ta\" dir=\"ltr\" data-placeholder=\"T\u0142umaczenie\">\u00a0<\/div>\n<div class=\"tw-data-text tw-text-large tw-ta\" dir=\"ltr\" data-placeholder=\"T\u0142umaczenie\"><span class=\"Y2IQFc\" lang=\"pl\"><em>\u201eTechnologia COLOR MATCH firmy Anverdi jest tak zaawansowana i genialna, \u017ce u\u017cyjesz jej do czego\u015b wi\u0119cej ni\u017c \u201etylko\u201d niesamowitej rutyny COLOR MATCH. Uwielbiam to, \u017ce mo\u017cesz wyj\u0105\u0107 kapsu\u0142ki z inteligentnymi czipami i u\u017cywa\u0107 ich do nieko\u0144cz\u0105cej si\u0119 kreatywno\u015bci (niepowi\u0105zane) DOPASOWANIE KOLOR\u00d3W ANVERDI JEST NIESAMOWITE!&#8221;<\/em> <strong>&#8211; Menny&#8217;ego Lindenfelda <\/strong><\/span><\/div>\n<div class=\"tw-data-text tw-text-large tw-ta\" dir=\"ltr\" data-placeholder=\"T\u0142umaczenie\">\u00a0<\/div>\n<div class=\"tw-data-text tw-text-large tw-ta\" dir=\"ltr\" data-placeholder=\"T\u0142umaczenie\"><span class=\"Y2IQFc\" lang=\"pl\">\u201eZagl\u0105danie pod mask\u0119 Anverdi&#8217;s Color Match jest jak patrzenie na technologi\u0119 Obcych. Pozbywa si\u0119 wszelkich ogranicze\u0144, wad i <em>niepotrzebnych rekwizyt\u00f3w swoich poprzednik\u00f3w. Zdecydowanie jest to najbardziej zaawansowana i budz\u0105ca podziw technologia magiczna, jak\u0105 kiedykolwiek widzia\u0142em kiedykolwiek widziane.&#8221;<\/em> <strong>&#8211; Lloyda Barnesa <\/strong><\/span><\/div>\n<div class=\"tw-data-text tw-text-large tw-ta\" dir=\"ltr\" data-placeholder=\"T\u0142umaczenie\">\u00a0<\/div>\n<div class=\"tw-data-text tw-text-large tw-ta\" dir=\"ltr\" data-placeholder=\"T\u0142umaczenie\"><span class=\"Y2IQFc\" lang=\"pl\"><em>\u201eJako wielki fan produkt\u00f3w Anverdi, jestem bardzo podekscytowany wydaniem COLOR MATCH firmy Anverdi! W tym zestawie znajduje si\u0119 wiele funkcji, kt\u00f3re sprawi\u0105, \u017ce korzystanie z tego rekwizytu b\u0119dzie przyjemno\u015bci\u0105 i b\u0119dzie si\u0119 r\u00f3\u017cni\u0107 od innych wersji dost\u0119pnych na rynku. Prosty monta\u017c up, podw\u00f3jna wskaz\u00f3wka i funkcje zabezpieczaj\u0105ce przed awari\u0105 i oczywi\u015bcie \u015bwietne rzemios\u0142o. Nie mog\u0119 si\u0119 doczeka\u0107, aby doda\u0107 to do mojego programu!\u00a0\u00a0<\/em><strong>-Luca Volpe<\/strong><\/span><\/div>\n<div class=\"tw-data-text tw-text-large tw-ta\" dir=\"ltr\" data-placeholder=\"T\u0142umaczenie\">\u00a0<\/div>\n<div class=\"tw-data-text tw-text-large tw-ta\" dir=\"ltr\" style=\"text-align: center;\" data-placeholder=\"T\u0142umaczenie\">\u00a0<\/div>\n<div class=\"tw-data-text tw-text-large tw-ta\" dir=\"ltr\" style=\"text-align: center;\" data-placeholder=\"T\u0142umaczenie\">\u00a0<\/div>\n<div class=\"tw-data-text tw-text-large tw-ta\" dir=\"ltr\" style=\"text-align: center;\" data-placeholder=\"T\u0142umaczenie\"><span class=\"Y2IQFc\" lang=\"pl\" style=\"font-size: 18pt;\"><strong>Polecamy:<\/strong><\/span><\/div>\n<div class=\"tw-data-text tw-text-large tw-ta\" dir=\"ltr\" style=\"text-align: center;\" data-placeholder=\"T\u0142umaczenie\">\u00a0<\/div>\n<div class=\"tw-data-text tw-text-large tw-ta\" dir=\"ltr\" style=\"text-align: center;\" data-placeholder=\"T\u0142umaczenie\"><span class=\"Y2IQFc\" lang=\"pl\"><strong><img loading=\"lazy\" decoding=\"async\" src=\"\/userdata\/public\/assets\/\/Logo_raster_lowres.png\" alt=\"\" width=\"315\" height=\"341\" \/><\/strong><\/span><\/div>\n<div class=\"tw-data-text tw-text-large tw-ta\" dir=\"ltr\" data-placeholder=\"T\u0142umaczenie\">\u00a0<\/div>\n<div class=\"tw-data-text tw-text-large tw-ta\" dir=\"ltr\" data-placeholder=\"T\u0142umaczenie\">\u00a0<\/div>\n","protected":false},"excerpt":{"rendered":"<p>Przedstawiamy\u00a0COLOR MATCH Anverdiego. ZDUPLIKUJ\u00a0kolorowy rysunek, kt\u00f3ry stworzy\u0142 tw\u00f3j widz Czytaj w my\u015blach jednym naci\u015bni\u0119ciem przycisku. \u00a0 D\u0142ugopisy Color Match firmy Anverdi mo\u017cna umie\u015bci\u0107 w DOWOLNYM kubku, szklance lub uchwycie na&#8230;<\/p>\n","protected":false},"featured_media":11460,"comment_status":"closed","ping_status":"open","template":"","meta":[],"product_brand":[],"product_cat":[65],"product_tag":[],"class_list":{"0":"post-11459","1":"product","2":"type-product","3":"status-publish","4":"has-post-thumbnail","6":"product_cat-iluzja-sceniczna-iluzja-sceniczna","8":"first","9":"instock","10":"purchasable","11":"product-type-simple"},"_links":{"self":[{"href":"https:\/\/magiiik.netstory.com.pl\/index.php?rest_route=\/wp\/v2\/product\/11459","targetHints":{"allow":["GET"]}}],"collection":[{"href":"https:\/\/magiiik.netstory.com.pl\/index.php?rest_route=\/wp\/v2\/product"}],"about":[{"href":"https:\/\/magiiik.netstory.com.pl\/index.php?rest_route=\/wp\/v2\/types\/product"}],"replies":[{"embeddable":true,"href":"https:\/\/magiiik.netstory.com.pl\/index.php?rest_route=%2Fwp%2Fv2%2Fcomments&post=11459"}],"wp:featuredmedia":[{"embeddable":true,"href":"https:\/\/magiiik.netstory.com.pl\/index.php?rest_route=\/wp\/v2\/media\/11460"}],"wp:attachment":[{"href":"https:\/\/magiiik.netstory.com.pl\/index.php?rest_route=%2Fwp%2Fv2%2Fmedia&parent=11459"}],"wp:term":[{"taxonomy":"product_brand","embeddable":true,"href":"https:\/\/magiiik.netstory.com.pl\/index.php?rest_route=%2Fwp%2Fv2%2Fproduct_brand&post=11459"},{"taxonomy":"product_cat","embeddable":true,"href":"https:\/\/magiiik.netstory.com.pl\/index.php?rest_route=%2Fwp%2Fv2%2Fproduct_cat&post=11459"},{"taxonomy":"product_tag","embeddable":true,"href":"https:\/\/magiiik.netstory.com.pl\/index.php?rest_route=%2Fwp%2Fv2%2Fproduct_tag&post=11459"}],"curies":[{"name":"wp","href":"https:\/\/api.w.org\/{rel}","templated":true}]}}