{"id":11455,"date":"2025-09-19T13:53:03","date_gmt":"2025-09-19T11:53:03","guid":{"rendered":"https:\/\/magiiik.netstory.com.pl\/produkt\/quantum-deck-gimmicks-and-online-instructions\/"},"modified":"2025-09-19T13:53:18","modified_gmt":"2025-09-19T11:53:18","slug":"quantum-deck-gimmicks-and-online-instructions","status":"publish","type":"product","link":"https:\/\/magiiik.netstory.com.pl\/?product=quantum-deck-gimmicks-and-online-instructions","title":{"rendered":"Quantum Deck (Gimmicks and Online Instructions)"},"content":{"rendered":"<div class=\"default-style\" style=\"text-align: center;\"><em>\u201eNie mam poj\u0119cia. To naprawd\u0119, naprawd\u0119 dobre\u2026 Jestem ca\u0142kowicie zdo\u0142owany\u201d.<\/em><\/div>\n<div class=\"default-style\" style=\"text-align: center;\"><strong>&#8211; Adam Wilber<\/strong><\/div>\n<div class=\"default-style\" style=\"text-align: center;\">\u00a0<\/div>\n<div class=\"default-style\" style=\"text-align: center;\"><em>&#8222;Nie mam bladego poj\u0119cia.&#8221;<\/em><\/div>\n<div class=\"default-style\" style=\"text-align: center;\"><strong>&#8211; John Bannon<\/strong><\/div>\n<div class=\"default-style\" style=\"text-align: center;\">\u00a0<\/div>\n<div class=\"default-style\" style=\"text-align: center;\">Karta ICONIC pod dowolnym numerem \u2013 zrewolucjonizowana<\/div>\n<div class=\"default-style\" style=\"text-align: center;\">\u00a0<\/div>\n<div class=\"default-style\" style=\"text-align: center;\">Gigantyczny skok naprz\u00f3d w metodologii Card At Any Number autorstwa Craiga Petty&#8217;ego<\/div>\n<div class=\"default-style\" style=\"text-align: center;\">\u00a0<\/div>\n<div class=\"default-style\" style=\"text-align: center;\"><strong>EFEKT:<\/strong><\/div>\n<div class=\"default-style\" style=\"text-align: center;\">\u00a0<\/div>\n<div class=\"default-style\" style=\"text-align: center;\">Jedna talia &#8211; obustronnie pusta. Jedna pojedyncza karta, zagubiona w talii.<\/div>\n<div class=\"default-style\" style=\"text-align: center;\">\u00a0<\/div>\n<div class=\"default-style\" style=\"text-align: center;\">Liczba jest dowolnie wybierana.<\/div>\n<div class=\"default-style\" style=\"text-align: center;\">\u00a0<\/div>\n<div class=\"default-style\" style=\"text-align: center;\">Iluzjonista powoli odlicza.<\/div>\n<div class=\"default-style\" style=\"text-align: center;\">\u00a0<\/div>\n<div class=\"default-style\" style=\"text-align: center;\">Karta jest dok\u0142adnie w tym miejscu.<\/div>\n<div class=\"default-style\" style=\"text-align: center;\">\u00a0<\/div>\n<div class=\"default-style\" style=\"text-align: center;\">Wszystko jest do sprawdzenia.<\/div>\n<div class=\"default-style\" style=\"text-align: center;\">\u00a0<\/div>\n<div class=\"default-style\" style=\"text-align: center;\">Oto jak to dzia\u0142a&#8230; przewidywana karta (tak, mo\u017ce by\u0107 podpisana przez widza) naprawd\u0119 znajduje si\u0119 w wielu miejscach w tym samym czasie. Jest na pozycji 10, tak samo jak na pozycji 20, 25 lub 31\u2026 Tylko wtedy, gdy widz swobodnie wymienia numer, karta jest teraz przypisana do jednej pozycji. To nie jest tylko to, co powiedziano widzom, to naprawd\u0119 si\u0119 dzieje.<\/div>\n<div class=\"default-style\" style=\"text-align: center;\">\u00a0<\/div>\n<div class=\"default-style\" style=\"text-align: center;\">Najbardziej osza\u0142amiaj\u0105cy element tego wszystkiego; Talia Quantum jest praktyczna. To 10\/10, solidny worker.<\/div>\n<div class=\"default-style\" style=\"text-align: center;\">\u00a0<\/div>\n<div class=\"default-style\" style=\"text-align: center;\">Absolutnie idealny efekt do magii przy sto\u0142ach.<\/div>\n<div class=\"default-style\" style=\"text-align: center;\">\u00a0<\/div>\n<div class=\"default-style\" style=\"text-align: center;\"><strong>KLUCZOWE FAKTY:<\/strong><\/div>\n<div class=\"default-style\" style=\"text-align: center;\">\u00a0<\/div>\n<div class=\"default-style\" style=\"text-align: center;\">Talia to prawdziwy podw\u00f3jny blank deck.<\/div>\n<div class=\"default-style\" style=\"text-align: center;\">W \u015brodku jest tak naprawd\u0119 TYLKO JEDNA, podpisana karta.<\/div>\n<div class=\"default-style\" style=\"text-align: center;\">Dowolny numer, dowolnie wybrany.<\/div>\n<div class=\"default-style\" style=\"text-align: center;\">Tw\u00f3j widz mo\u017ce naprawd\u0119 zbada\u0107 tali\u0119.<\/div>\n<div class=\"default-style\" style=\"text-align: center;\">Natychmiastowe resetowanie.<\/div>\n<div class=\"default-style\" style=\"text-align: center;\">Proste do zrobienia.<\/div>\n<div class=\"default-style\" style=\"text-align: center;\">NIE trudna matematyka.<\/div>\n<div class=\"default-style\" style=\"text-align: center;\">Certyfikat Black Label.<\/div>\n<div class=\"default-style\" style=\"text-align: center;\">\u00a0<\/div>\n<div class=\"default-style\" style=\"text-align: center;\">To, co w\u0142a\u015bnie przeczyta\u0142e\u015b, nie jest \u201ewymarzonym CAAN\u201d, kt\u00f3rego wszyscy chcieliby\u015bmy wykona\u0107; to s\u0105 najwa\u017cniejsze fakty na temat tego, czym jest Quantum Deck i JAK DZIA\u0141A!<\/div>\n<div class=\"default-style\" style=\"text-align: center;\">\u00a0<\/div>\n<div class=\"default-style\" style=\"text-align: center;\"><strong>ZIMNA PRAWDA:<\/strong><\/div>\n<div class=\"default-style\">\n<div class=\"default-style\" style=\"text-align: center;\">\u00a0<\/div>\n<div class=\"default-style\" style=\"text-align: center;\">Ok, to nie jest prawdziwa magia, ale jest tak blisko niej, jak to tylko mo\u017cliwe.<\/div>\n<div class=\"default-style\" style=\"text-align: center;\">\u00a0<\/div>\n<div class=\"default-style\" style=\"text-align: center;\">Istnieje metoda.<\/div>\n<div class=\"default-style\" style=\"text-align: center;\">\u00a0<\/div>\n<div class=\"default-style\" style=\"text-align: center;\">Normalnie opis by tego nie powiedzia\u0142, ale chcemy by\u0107 jak najbardziej przejrzy\u015bci; poniewa\u017c jest to jedyna rzecz, kt\u00f3ra powstrzymuje Quantum Deck przed byciem prawdziw\u0105 magi\u0105.<\/div>\n<div class=\"default-style\" style=\"text-align: center;\">\u00a0<\/div>\n<div class=\"default-style\" style=\"text-align: center;\">DOWOLNY numer mo\u017cna nazwa\u0107 DOWOLNIE. To CA\u0141KOWITA prawda, ale w pewnych nietypowych sytuacjach widz czasami decyduje si\u0119 nazwa\u0107 szczeg\u00f3lnie ma\u0142\u0105 lub niezwykle du\u017c\u0105 liczb\u0119\u2026 b\u0119dziesz musia\u0142 \u0142atwo popchn\u0105\u0107 go do bardziej praktycznej liczby za pomoc\u0105 jednej lub dw\u00f3ch sugestii. \u0141atwe prawda?<\/div>\n<div class=\"default-style\" style=\"text-align: center;\">\u00a0<\/div>\n<div class=\"default-style\" style=\"text-align: center;\">magik: \u201eGdzie\u015b w \u015brodku talii jest twoja podpisana karta, podaj liczb\u0119 z zakresu 1-52\u201d.<\/div>\n<div class=\"default-style\" style=\"text-align: center;\">Widz: \u201e2\u201d<\/div>\n<div class=\"default-style\" style=\"text-align: center;\">Magik: \u201ePami\u0119taj, \u017ce wiemy, \u017ce jest gdzie\u015b bli\u017cej \u015brodka. Zapomnij na chwil\u0119 o czym my\u015blisz, co m\u00f3wi ci twoja intuicja?\u201d<\/div>\n<div class=\"default-style\" style=\"text-align: center;\">Widz: \u201eAch tak\u2026 11.\u201d<\/div>\n<div class=\"default-style\" style=\"text-align: center;\">\u00a0<\/div>\n<div class=\"default-style\" style=\"text-align: center;\"><iframe loading=\"lazy\" title=\"YouTube video player\" src=\"\/\/www.youtube.com\/embed\/UvCuMWu4jvg\" width=\"560\" height=\"315\" frameborder=\"0\" allowfullscreen=\"allowfullscreen\"><\/iframe><\/div>\n<div class=\"default-style\" style=\"text-align: center;\">\u00a0<\/div>\n<div class=\"default-style\">\n<div class=\"default-style\" style=\"text-align: center;\">\u00a0Quantum Deck robi o wiele wi\u0119cej ni\u017c tylko Card At Any Number. Mo\u017cesz wykonywa\u0107 transpozycje, u\u017cywa\u0107 go jako wymuszaj\u0105cej talii, przewidywa\u0144 urodzinowych, rutyn komediowych, nie musisz nawet u\u017cywa\u0107 podpisanej karty! Mo\u017cesz u\u017cy\u0107 karty kredytowej, wizyt\u00f3wki lub kartki papieru. czego tylko zapragniesz&#8230; i wiele wi\u0119cej. Co najlepsze, Craig pokazuje i uczy wielu z tych pomys\u0142\u00f3w w ci\u0105gu 4 godzin materia\u0142u wyja\u015bniaj\u0105cego.<\/div>\n<div class=\"default-style\" style=\"text-align: center;\">\u00a0<\/div>\n<div class=\"default-style\" style=\"text-align: center;\">\u00a0<\/div>\n<div class=\"default-style\" style=\"text-align: center;\"><span style=\"font-size: 14pt;\"><strong>POLECAM<\/strong><\/span><\/div>\n<div class=\"default-style\" style=\"text-align: center;\">\u00a0<\/div>\n<div class=\"default-style\" style=\"text-align: center;\"><span style=\"font-size: 14pt;\"><strong><img loading=\"lazy\" decoding=\"async\" src=\"\/userdata\/public\/assets\/Nowe zdj\u0119cia\/Logo_raster_lowres.png\" alt=\"\" width=\"271\" height=\"293\" \/><\/strong><\/span><\/div><\/div><\/div>\n","protected":false},"excerpt":{"rendered":"<p>\u201eNie mam poj\u0119cia. To naprawd\u0119, naprawd\u0119 dobre\u2026 Jestem ca\u0142kowicie zdo\u0142owany\u201d. &#8211; Adam Wilber \u00a0 &#8222;Nie mam bladego poj\u0119cia.&#8221; &#8211; John Bannon \u00a0 Karta ICONIC pod dowolnym numerem \u2013 zrewolucjonizowana \u00a0&#8230;<\/p>\n","protected":false},"featured_media":11456,"comment_status":"closed","ping_status":"open","template":"","meta":[],"product_brand":[],"product_cat":[41],"product_tag":[],"class_list":{"0":"post-11455","1":"product","2":"type-product","3":"status-publish","4":"has-post-thumbnail","6":"product_cat-mikro-iluzja-close-up-efekty-z-kartami","8":"first","9":"instock","10":"purchasable","11":"product-type-simple"},"_links":{"self":[{"href":"https:\/\/magiiik.netstory.com.pl\/index.php?rest_route=\/wp\/v2\/product\/11455","targetHints":{"allow":["GET"]}}],"collection":[{"href":"https:\/\/magiiik.netstory.com.pl\/index.php?rest_route=\/wp\/v2\/product"}],"about":[{"href":"https:\/\/magiiik.netstory.com.pl\/index.php?rest_route=\/wp\/v2\/types\/product"}],"replies":[{"embeddable":true,"href":"https:\/\/magiiik.netstory.com.pl\/index.php?rest_route=%2Fwp%2Fv2%2Fcomments&post=11455"}],"wp:featuredmedia":[{"embeddable":true,"href":"https:\/\/magiiik.netstory.com.pl\/index.php?rest_route=\/wp\/v2\/media\/11456"}],"wp:attachment":[{"href":"https:\/\/magiiik.netstory.com.pl\/index.php?rest_route=%2Fwp%2Fv2%2Fmedia&parent=11455"}],"wp:term":[{"taxonomy":"product_brand","embeddable":true,"href":"https:\/\/magiiik.netstory.com.pl\/index.php?rest_route=%2Fwp%2Fv2%2Fproduct_brand&post=11455"},{"taxonomy":"product_cat","embeddable":true,"href":"https:\/\/magiiik.netstory.com.pl\/index.php?rest_route=%2Fwp%2Fv2%2Fproduct_cat&post=11455"},{"taxonomy":"product_tag","embeddable":true,"href":"https:\/\/magiiik.netstory.com.pl\/index.php?rest_route=%2Fwp%2Fv2%2Fproduct_tag&post=11455"}],"curies":[{"name":"wp","href":"https:\/\/api.w.org\/{rel}","templated":true}]}}