{"id":11451,"date":"2025-09-19T13:53:03","date_gmt":"2025-09-19T11:53:03","guid":{"rendered":"https:\/\/magiiik.netstory.com.pl\/produkt\/nexus-wallet-gimmick-online-instructions\/"},"modified":"2025-09-19T13:53:14","modified_gmt":"2025-09-19T11:53:14","slug":"nexus-wallet-gimmick-online-instructions","status":"publish","type":"product","link":"https:\/\/magiiik.netstory.com.pl\/?product=nexus-wallet-gimmick-online-instructions","title":{"rendered":"Nexus Wallet (Gimmick &#038; Online Instructions)"},"content":{"rendered":"<div class=\"default-style\"><em>Nexus to jedyny portfel, jakiego kiedykolwiek b\u0119dziesz potrzebowa\u0107&#8221;<\/em><\/div>\n<div class=\"default-style\"><strong>&#8211; Tobiasz Dostal<\/strong><\/div>\n<div class=\"default-style\">\u00a0<\/div>\n<div class=\"default-style\"><em>\u201eTo najlepszy portfel, jaki kiedykolwiek widzia\u0142em!\u201d<\/em><\/div>\n<div class=\"default-style\"><strong>&#8211; Craig Petty<\/strong><\/div>\n<div class=\"default-style\">\u00a0<\/div>\n<div class=\"default-style\" style=\"text-align: center;\">Nexus to miejsce, w kt\u00f3rym forma spotyka si\u0119 z funkcjonalno\u015bci\u0105.<\/div>\n<div class=\"default-style\" style=\"text-align: center;\">Tam, gdzie magia i mentalizm zbiegaj\u0105 si\u0119\u00a0w eleganckim, smuk\u0142ym portfelu do noszenia na co dzie\u0144.<\/div>\n<div class=\"default-style\" style=\"text-align: center;\">\u00a0<\/div>\n<div class=\"default-style\" style=\"text-align: center;\">Zacznijmy od tego, czym to nie jest. To nie jest portfel twojego dziadka.<\/div>\n<div class=\"default-style\" style=\"text-align: center;\">Nie jest przeznaczony do przechowywania ksi\u0105\u017ceczki czekowej ani map podr\u00f3\u017cy.<\/div>\n<div class=\"default-style\" style=\"text-align: center;\">Nexus zosta\u0142 stworzony z my\u015bl\u0105 o nowoczesnym stylu \u017cycia \u2014 minimalnie uci\u0105\u017cliwy, ale maksymalnie skuteczny.<\/div>\n<div class=\"default-style\" style=\"text-align: center;\">\u00a0<\/div>\n<div class=\"default-style\" style=\"text-align: center;\">Portfel Nexus zosta\u0142 opracowany, aby Tw\u00f3j PEEK by\u0142 tak naturalny, \u017ce szybko prze\u015bwietlisz informacje.\u00a0Dotykasz portfela na kr\u00f3tk\u0105 chwil\u0119, k\u0142ad\u0105c go na stole lub na r\u0119ce widza, i DING, masz wszystkie potrzebne informacje.<\/div>\n<div class=\"default-style\" style=\"text-align: center;\">\u017badnych podejrzanych ruch\u00f3w, naprawd\u0119 wydaje si\u0119, \u017ce nic si\u0119 nie sta\u0142o.<\/div>\n<div class=\"default-style\" style=\"text-align: center;\">\u00a0<\/div>\n<div class=\"default-style\" style=\"text-align: center;\">Je\u015bli przemawia do Ciebie wizualna magia, to ten portfel r\u00f3wnie\u017c zosta\u0142 zaprojektowany do innych cel\u00f3w. Z przedzia\u0142u ID b\u0119dziesz m\u00f3g\u0142 wykonywa\u0107 wgl\u0105dy, znikania, penetracje i teleportacje. Wyobra\u017a sobie identyfikator widza, uwi\u0119ziony mi\u0119dzy ich d\u0142o\u0144mi, wizualnie zmieniaj\u0105cy si\u0119 miejscami z twoim identyfikatorem zamkni\u0119tym w portfelu.<\/div>\n<div class=\"default-style\" style=\"text-align: center;\">\u00a0<\/div>\n<div class=\"default-style\" style=\"text-align: center;\">Komora zapinana na zamek pozwala na wyprodukowanie wielu przedmiot\u00f3w &#8211; od po\u017cyczonych pier\u015bcionk\u00f3w, podpisanych kart do gry, kluczy, monet, a nawet ostrych przedmiot\u00f3w.<\/div>\n<div class=\"default-style\" style=\"text-align: center;\">\u00a0<\/div>\n<div class=\"default-style\" style=\"text-align: center;\">Wyjmowany\/odwracalny klips s\u0142u\u017cy do przechowywania dodatkowych przedmiot\u00f3w<\/div>\n<div class=\"default-style\" style=\"text-align: center;\">&#8211; od got\u00f3wki, przez karty kredytowe, wizyt\u00f3wki, po sztuczki z pakietami.<\/div>\n<div class=\"default-style\" style=\"text-align: center;\">Jest idealny dla ka\u017cdego mentalisty w ruchu, nawet gdy jeste\u015b na zwyk\u0142ym obiedzie!<\/div>\n<div class=\"default-style\" style=\"text-align: center;\">\u00a0<\/div>\n<div class=\"default-style\" style=\"text-align: center;\"><em>\u201eNigdy wcze\u015bniej nie widzia\u0142em czego\u015b takiego\u201d<\/em><\/div>\n<div class=\"default-style\" style=\"text-align: center;\"><strong>&#8211; Luca Volpe<\/strong><\/div>\n<div class=\"default-style\" style=\"text-align: center;\">\u00a0<\/div>\n<div class=\"default-style\" style=\"text-align: center;\"><strong>Co otrzymujesz:<\/strong><\/div>\n<div class=\"default-style\" style=\"text-align: center;\">\u00a0<\/div>\n<div class=\"default-style\" style=\"text-align: center;\">Prawie 4 godziny szczeg\u00f3\u0142owych instrukcji &#8211; (Przepraszamy, rekompensujemy rozmiar naszego portfela).<\/div>\n<div class=\"default-style\" style=\"text-align: center;\">\u00a0<\/div>\n<div class=\"default-style\" style=\"text-align: center;\">Jeden kompaktowy, smuk\u0142y portfel, kt\u00f3ry wyleczy Twoj\u0105 obsesj\u0119 na punkcie portfela.<\/div>\n<div class=\"default-style\" style=\"text-align: center;\">\u00a0<\/div>\n<div class=\"default-style\" style=\"text-align: center;\">unikalny, konfigurowalny chwyt, kt\u00f3ry jest przepe\u0142niony mo\u017cliwo\u015bciami<\/div>\n<div class=\"default-style\" style=\"text-align: center;\">\u00a0<\/div>\n<div class=\"default-style\" style=\"text-align: center;\">Nauczysz si\u0119 siedmiu &#8222;podgl\u0105d\u00f3w&#8221; unikalnych tylko dla tego portfela.<\/div>\n<div class=\"default-style\" style=\"text-align: center;\">\u00a0<\/div>\n<div class=\"default-style\" style=\"text-align: center;\">Otrzymasz 6 pe\u0142nych rutyn, pocz\u0105wszy od podstawowego uk\u0142adu mentalistycznego, a\u017c po bardziej zaawansowany transpo ID r\u0105k \u2014 jest tu co\u015b dla wszystkich poziom\u00f3w umiej\u0119tno\u015bci.<\/div>\n<div class=\"default-style\" style=\"text-align: center;\">\u00a0<\/div>\n<div class=\"default-style\" style=\"text-align: center;\">Prawdziwym cudem jest to, jak mo\u017cna zmie\u015bci\u0107 tak wiele narz\u0119dzi w portfelu wielko\u015bci paszportu.<\/div>\n<div class=\"default-style\" style=\"text-align: center;\">Magia, mentalizm, funkcjonalno\u015b\u0107:\u00a0wszystko po\u0142\u0105czone w jedn\u0105 smuk\u0142\u0105, w\u0105sk\u0105 lini\u0119.<\/div>\n<div class=\"default-style\" style=\"text-align: center;\">\u00a0<\/div>\n<div class=\"default-style\" style=\"text-align: center;\"><strong>To jest nowoczesne. To jest minimalne. To jest Nexus.<\/strong><\/div>\n<div class=\"default-style\" style=\"text-align: center;\">\u00a0<\/div>\n<div class=\"default-style\" style=\"text-align: center;\"><strong><iframe loading=\"lazy\" title=\"YouTube video player\" src=\"\/\/www.youtube.com\/embed\/6W_Mj2VNmP4\" width=\"560\" height=\"315\" frameborder=\"0\" allowfullscreen=\"allowfullscreen\"><\/iframe><\/strong><\/div>\n<div class=\"default-style\" style=\"text-align: center;\">\u00a0<\/div>\n<div class=\"default-style\" style=\"text-align: center;\">\u00a0<\/div>\n<div class=\"default-style\" style=\"text-align: center;\">\u00a0<\/div>\n<div class=\"default-style\" style=\"text-align: center;\"><strong>POLECAMY<\/strong><\/div>\n<div class=\"default-style\" style=\"text-align: center;\">\u00a0<\/div>\n<div class=\"default-style\" style=\"text-align: center;\">\u00a0<\/div>\n<div class=\"default-style\" style=\"text-align: center;\"><strong><img loading=\"lazy\" decoding=\"async\" src=\"\/userdata\/public\/assets\/Nowe zdj\u0119cia\/Logo_raster_lowres.png\" alt=\"\" width=\"333\" height=\"360\" \/><\/strong><\/div>\n","protected":false},"excerpt":{"rendered":"<p>Nexus to jedyny portfel, jakiego kiedykolwiek b\u0119dziesz potrzebowa\u0107&#8221; &#8211; Tobiasz Dostal \u00a0 \u201eTo najlepszy portfel, jaki kiedykolwiek widzia\u0142em!\u201d &#8211; Craig Petty \u00a0 Nexus to miejsce, w kt\u00f3rym forma spotyka si\u0119&#8230;<\/p>\n","protected":false},"featured_media":11452,"comment_status":"closed","ping_status":"open","template":"","meta":[],"product_brand":[],"product_cat":[34],"product_tag":[],"class_list":{"0":"post-11451","1":"product","2":"type-product","3":"status-publish","4":"has-post-thumbnail","6":"product_cat-mikro-iluzja-close-up-inne","8":"first","9":"instock","10":"purchasable","11":"product-type-simple"},"_links":{"self":[{"href":"https:\/\/magiiik.netstory.com.pl\/index.php?rest_route=\/wp\/v2\/product\/11451","targetHints":{"allow":["GET"]}}],"collection":[{"href":"https:\/\/magiiik.netstory.com.pl\/index.php?rest_route=\/wp\/v2\/product"}],"about":[{"href":"https:\/\/magiiik.netstory.com.pl\/index.php?rest_route=\/wp\/v2\/types\/product"}],"replies":[{"embeddable":true,"href":"https:\/\/magiiik.netstory.com.pl\/index.php?rest_route=%2Fwp%2Fv2%2Fcomments&post=11451"}],"wp:featuredmedia":[{"embeddable":true,"href":"https:\/\/magiiik.netstory.com.pl\/index.php?rest_route=\/wp\/v2\/media\/11452"}],"wp:attachment":[{"href":"https:\/\/magiiik.netstory.com.pl\/index.php?rest_route=%2Fwp%2Fv2%2Fmedia&parent=11451"}],"wp:term":[{"taxonomy":"product_brand","embeddable":true,"href":"https:\/\/magiiik.netstory.com.pl\/index.php?rest_route=%2Fwp%2Fv2%2Fproduct_brand&post=11451"},{"taxonomy":"product_cat","embeddable":true,"href":"https:\/\/magiiik.netstory.com.pl\/index.php?rest_route=%2Fwp%2Fv2%2Fproduct_cat&post=11451"},{"taxonomy":"product_tag","embeddable":true,"href":"https:\/\/magiiik.netstory.com.pl\/index.php?rest_route=%2Fwp%2Fv2%2Fproduct_tag&post=11451"}],"curies":[{"name":"wp","href":"https:\/\/api.w.org\/{rel}","templated":true}]}}