{"id":11436,"date":"2025-09-19T13:53:03","date_gmt":"2025-09-19T11:53:03","guid":{"rendered":"https:\/\/magiiik.netstory.com.pl\/produkt\/cup-zero-by-twister-magic\/"},"modified":"2025-09-19T13:53:04","modified_gmt":"2025-09-19T11:53:04","slug":"cup-zero-by-twister-magic","status":"publish","type":"product","link":"https:\/\/magiiik.netstory.com.pl\/?product=cup-zero-by-twister-magic","title":{"rendered":"Cup Zero by Twister Magic"},"content":{"rendered":"<div class=\"auto-hide-last-sibling-br paragraph_9dc5f paragraph-element\" style=\"text-align: center;\">Kolejny \u015bwietny pomys\u0142 George&#8217;a Iglesiasa,<\/div>\n<div class=\"auto-hide-last-sibling-br paragraph_9dc5f paragraph-element\" style=\"text-align: center;\">tym razem z niesamowit\u0105 NOW\u0104 sztuczk\u0105 lewitacyjn\u0105, kt\u00f3ra zaskoczy wszystkich!<\/div>\n<p style=\"text-align: center;\">\u00a0<\/p>\n<div class=\"auto-hide-last-sibling-br paragraph_9dc5f paragraph-element\" style=\"text-align: center;\">Wyobra\u017a sobie, \u017ce mo\u017cesz unosi\u0107 w powietrzu na scenie fili\u017cank\u0119 pe\u0142n\u0105 p\u0142ynu i wiele ci\u0119\u017ckich przedmiot\u00f3w wype\u0142nionych ich zawarto\u015bci\u0105&#8230;<\/div>\n<p style=\"text-align: center;\">\u00a0<\/p>\n<div class=\"auto-hide-last-sibling-br paragraph_9dc5f paragraph-element\" style=\"text-align: center;\"><strong>Teraz z Cup Zero to mo\u017cliwe!<\/strong><\/div>\n<p style=\"text-align: center;\">\u00a0<\/p>\n<div class=\"auto-hide-last-sibling-br paragraph_9dc5f paragraph-element\" style=\"text-align: center;\">Niesamowity system lewitacji, kt\u00f3ry pozwoli ci wykonywa\u0107 cuda, umo\u017cliwiaj\u0105c lewitacj\u0119 ci\u0119\u017ckich przedmiot\u00f3w, kt\u00f3rych wcze\u015bniej nie mo\u017cna by\u0142o unosi\u0107.<\/div>\n<p style=\"text-align: center;\">\u00a0<\/p>\n<div class=\"auto-hide-last-sibling-br paragraph_9dc5f paragraph-element\" style=\"text-align: center;\">George fascynowa\u0142 si\u0119 lewitacj\u0105 od dziecka, a teraz po d\u0142ugim czasie wykonywania Cup Zero, jest gotowy podzieli\u0107 si\u0119 nim ze \u015bwiatem magii.<\/div>\n<p style=\"text-align: center;\">\u00a0<\/p>\n<div class=\"auto-hide-last-sibling-br paragraph_9dc5f paragraph-element\" style=\"text-align: center;\">Wykonuj Cup Zero z \u0142atwo\u015bci\u0105 i niewidzialno\u015bci\u0105!<\/div>\n<p style=\"text-align: center;\">\u00a0<\/p>\n<div class=\"auto-hide-last-sibling-br paragraph_9dc5f paragraph-element\" style=\"text-align: center;\">Wykonuj to na scenie, w pokazach parlorowych, komediowych, mentalistycznych i ulicznych!<\/div>\n<p style=\"text-align: center;\">\u00a0<\/p>\n<div class=\"auto-hide-last-sibling-br paragraph_9dc5f paragraph-element\" style=\"text-align: center;\">Unie\u015b w powietrzu:<br class=\"container_21264 wrapper_661ac undefined\" \/>Ka\u017cdy kubek z sod\u0105 pe\u0142en p\u0142ynu.<br class=\"container_21264 wrapper_661ac undefined\" \/>Ka\u017cd\u0105 puszk\u0119 Pringles, otw\u00f3rz j\u0105 i wysyp wszystkie chipsy.<br class=\"container_21264 wrapper_661ac undefined\" \/>Tali\u0119 kart w \u015brodku pude\u0142ka.<br class=\"container_21264 wrapper_661ac undefined\" \/>Ka\u017cdy rodzaj telefonu kom\u00f3rkowego.<br class=\"container_21264 wrapper_661ac undefined\" \/>Kubek z p\u0142atkami.<br class=\"container_21264 wrapper_661ac undefined\" \/>Kubek z kaw\u0105.<br class=\"container_21264 wrapper_661ac undefined\" \/>Nawet butelk\u0119 pe\u0142n\u0105 p\u0142ynu.<br class=\"container_21264 wrapper_661ac undefined\" \/>I cokolwiek chcesz&#8230; ogranicza ci\u0119 tylko wyobra\u017ania!<br class=\"container_21264 wrapper_661ac undefined\" \/>NIE s\u0105 wymagane \u017cadne specjalne t\u0142a ani stroje!<\/div>\n<p style=\"text-align: center;\">\u00a0<\/p>\n<div class=\"auto-hide-last-sibling-br paragraph_9dc5f paragraph-element\" style=\"text-align: center;\">Specjalnie zaprojektowane do sytuacji scenicznych i parlorowych, jednak mo\u017cesz to wykona\u0107 zaledwie 3 metry od publiczno\u015bci i uzyska\u0107 niesamowite reakcje!<\/div>\n<p style=\"text-align: center;\">\u00a0<\/p>\n<div class=\"auto-hide-last-sibling-br paragraph_9dc5f paragraph-element\" style=\"text-align: center;\">Bardzo \u0142atwe przygotowanie!<\/div>\n<div class=\"auto-hide-last-sibling-br paragraph_9dc5f paragraph-element\" style=\"text-align: center;\">Bardzo mocny materia\u0142, nigdy wcze\u015bniej nie u\u017cywany i specjalnie wyprodukowany do tej sztuczki!<\/div>\n<p style=\"text-align: center;\">\u00a0<\/p>\n<div class=\"auto-hide-last-sibling-br paragraph_9dc5f paragraph-element\" style=\"text-align: center;\">Zawiera instrukcje online, w kt\u00f3rych George krok po kroku poka\u017ce ci wszystko, co musisz wiedzie\u0107 o tej wspania\u0142ej sztuczce i rekwizycie!<\/div>\n<p style=\"text-align: center;\">\u00a0<\/p>\n<div class=\"auto-hide-last-sibling-br paragraph_9dc5f paragraph-element\" style=\"text-align: center;\">Zawiera:<br class=\"container_21264 wrapper_661ac undefined\" \/>2 specjalne rekwizyty PLUS zapas bardzo specjalnego sekretu, kt\u00f3ry zosta\u0142 specjalnie opracowany i wyprodukowany do tej sztuczki i kt\u00f3ry wystarczy ci na d\u0142ugo.<\/div>\n<div class=\"auto-hide-last-sibling-br paragraph_9dc5f paragraph-element\" style=\"text-align: center;\">\u00a0<\/div>\n<div class=\"auto-hide-last-sibling-br paragraph_9dc5f paragraph-element\" style=\"text-align: center;\"><iframe loading=\"lazy\" title=\"YouTube video player\" src=\"\/\/www.youtube.com\/embed\/7EbjMSmZWyQ\" width=\"560\" height=\"315\" frameborder=\"0\" allowfullscreen=\"allowfullscreen\"><\/iframe><\/div>\n","protected":false},"excerpt":{"rendered":"<p>Kolejny \u015bwietny pomys\u0142 George&#8217;a Iglesiasa, tym razem z niesamowit\u0105 NOW\u0104 sztuczk\u0105 lewitacyjn\u0105, kt\u00f3ra zaskoczy wszystkich! \u00a0 Wyobra\u017a sobie, \u017ce mo\u017cesz unosi\u0107 w powietrzu na scenie fili\u017cank\u0119 pe\u0142n\u0105 p\u0142ynu i wiele&#8230;<\/p>\n","protected":false},"featured_media":11437,"comment_status":"closed","ping_status":"open","template":"","meta":[],"product_brand":[],"product_cat":[45],"product_tag":[],"class_list":{"0":"post-11436","1":"product","2":"type-product","3":"status-publish","4":"has-post-thumbnail","6":"product_cat-iluzja-sceniczna-lewitacja","8":"first","9":"instock","10":"purchasable","11":"product-type-simple"},"_links":{"self":[{"href":"https:\/\/magiiik.netstory.com.pl\/index.php?rest_route=\/wp\/v2\/product\/11436","targetHints":{"allow":["GET"]}}],"collection":[{"href":"https:\/\/magiiik.netstory.com.pl\/index.php?rest_route=\/wp\/v2\/product"}],"about":[{"href":"https:\/\/magiiik.netstory.com.pl\/index.php?rest_route=\/wp\/v2\/types\/product"}],"replies":[{"embeddable":true,"href":"https:\/\/magiiik.netstory.com.pl\/index.php?rest_route=%2Fwp%2Fv2%2Fcomments&post=11436"}],"wp:featuredmedia":[{"embeddable":true,"href":"https:\/\/magiiik.netstory.com.pl\/index.php?rest_route=\/wp\/v2\/media\/11437"}],"wp:attachment":[{"href":"https:\/\/magiiik.netstory.com.pl\/index.php?rest_route=%2Fwp%2Fv2%2Fmedia&parent=11436"}],"wp:term":[{"taxonomy":"product_brand","embeddable":true,"href":"https:\/\/magiiik.netstory.com.pl\/index.php?rest_route=%2Fwp%2Fv2%2Fproduct_brand&post=11436"},{"taxonomy":"product_cat","embeddable":true,"href":"https:\/\/magiiik.netstory.com.pl\/index.php?rest_route=%2Fwp%2Fv2%2Fproduct_cat&post=11436"},{"taxonomy":"product_tag","embeddable":true,"href":"https:\/\/magiiik.netstory.com.pl\/index.php?rest_route=%2Fwp%2Fv2%2Fproduct_tag&post=11436"}],"curies":[{"name":"wp","href":"https:\/\/api.w.org\/{rel}","templated":true}]}}