{"id":11414,"date":"2025-09-19T13:52:38","date_gmt":"2025-09-19T11:52:38","guid":{"rendered":"https:\/\/magiiik.netstory.com.pl\/produkt\/adsense-by-el-gran-bronzini-nahuel-olivera\/"},"modified":"2025-09-19T13:52:54","modified_gmt":"2025-09-19T11:52:54","slug":"adsense-by-el-gran-bronzini-nahuel-olivera","status":"publish","type":"product","link":"https:\/\/magiiik.netstory.com.pl\/?product=adsense-by-el-gran-bronzini-nahuel-olivera","title":{"rendered":"AdSense by El Gran Bronzini &#038; Nahuel Olivera"},"content":{"rendered":"<div class=\"auto-hide-last-sibling-br paragraph_9dc5f paragraph-element\" style=\"text-align: center;\">Pi\u0119kna w swojej prostocie, a jednak pot\u0119\u017cna magia nie zdarza si\u0119 zbyt cz\u0119sto, ale<br class=\"container_21264 wrapper_661ac undefined\" \/>Ostatecznie sprowadza si\u0119 do stworzenia pot\u0119\u017cnego po\u0142\u0105czenia mi\u0119dzy metod\u0105 a efektem.<br class=\"container_21264 wrapper_661ac undefined\" \/>Wiesz, \u017ce to dobra sztuczka, nie wtedy gdy j\u0105 widzisz, ale gdy jej do\u015bwiadczasz.<\/div>\n<p style=\"text-align: center;\">\u00a0<\/p>\n<div class=\"auto-hide-last-sibling-br paragraph_9dc5f paragraph-element\" style=\"text-align: center;\">To jest pierwsza sztuczka od d\u0142u\u017cszego czasu, kt\u00f3r\u0105 ka\u017cdy magik natychmiast chcia\u0142 mie\u0107.<br class=\"container_21264 wrapper_661ac undefined\" \/>Szczerze m\u00f3wi\u0105c, jest to jeden z najprostszych i najczystszych efekt\u00f3w do wykonania.<\/div>\n<div class=\"auto-hide-last-sibling-br paragraph_9dc5f paragraph-element\" style=\"text-align: center;\"><br class=\"container_21264 wrapper_661ac undefined\" \/>Pod\u015bwiadome przekazywanie informacji nie dzia\u0142a na ka\u017cdego, ale teraz masz t\u0119 moc.<\/div>\n<p style=\"text-align: center;\">\u00a0<\/p>\n<div class=\"auto-hide-last-sibling-br paragraph_9dc5f paragraph-element\" style=\"text-align: center;\"><strong>&#8222;Na pocz\u0105tku polubisz efekt, ale potem POKOCHASZ metod\u0119!&#8221;<\/strong> &#8211; <em>Tom Elderfield<\/em><\/div>\n<p style=\"text-align: center;\">\u00a0<\/p>\n<div class=\"auto-hide-last-sibling-br paragraph_9dc5f paragraph-element\" style=\"text-align: center;\">&#8230;Witamy w Ad Sense, gdzie wp\u0142ywasz na ludzi dla nieszkodliwej rozrywki.<\/div>\n<p style=\"text-align: center;\">\u00a0<\/p>\n<div class=\"auto-hide-last-sibling-br paragraph_9dc5f paragraph-element\" style=\"text-align: center;\">Prosisz widza, aby umie\u015bci\u0142 3 obiekty na 3 kartach. A kiedy odwr\u00f3cisz ich wybory; wszystko idealnie si\u0119 zgadza. Nie ma nic do wprowadzenia ani usuni\u0119cia z gry,<\/div>\n<div class=\"auto-hide-last-sibling-br paragraph_9dc5f paragraph-element\" style=\"text-align: center;\">to naprawd\u0119 s\u0105 ich wybrane karty.<\/div>\n<div class=\"auto-hide-last-sibling-br paragraph_9dc5f paragraph-element\" style=\"text-align: center;\">\u00a0<\/div>\n<div class=\"auto-hide-last-sibling-br paragraph_9dc5f paragraph-element\" style=\"text-align: center;\">Niesamowicie \u0142atwe do wykonania<br class=\"container_21264 wrapper_661ac undefined\" \/>Nic do wprowadzenia ani usuni\u0119cia z gry<br class=\"container_21264 wrapper_661ac undefined\" \/>Praktycznie dzia\u0142a samo, bez wi\u0119kszych problem\u00f3w.<br class=\"container_21264 wrapper_661ac undefined\" \/>Zaskoczy ci\u0119, nawet je\u015bli znasz zasady.<br class=\"container_21264 wrapper_661ac undefined\" \/>Mog\u0105 zmieni\u0107 zdanie, gdzie umieszczaj\u0105 przedmioty<br class=\"container_21264 wrapper_661ac undefined\" \/>Niezwykle rozrywkowe<br class=\"container_21264 wrapper_661ac undefined\" \/>Wiele sposob\u00f3w wykonania nauczanych w instrukcji<br class=\"container_21264 wrapper_661ac undefined\" \/>Efekt mo\u017cna natychmiast powt\u00f3rzy\u0107 z r\u00f3\u017cnymi przedmiotami<br class=\"container_21264 wrapper_661ac undefined\" \/>Sprytnie stworzone przez Nahuel Olivera i El Gran Bronzini&#8230;<\/div>\n<div class=\"auto-hide-last-sibling-br paragraph_9dc5f paragraph-element\" style=\"text-align: center;\">\u00a0<\/div>\n<div class=\"auto-hide-last-sibling-br paragraph_9dc5f paragraph-element\" style=\"text-align: center;\"><strong>&#8222;Metoda jest naprawd\u0119 do\u015b\u0107 prosta, ale jest pi\u0119knie ukryta i g\u0142\u0119boko zwodnicza.&#8221;<\/strong><\/div>\n<div class=\"auto-hide-last-sibling-br paragraph_9dc5f paragraph-element\" style=\"text-align: center;\"><em>&#8211; Phil Smith<\/em><\/div>\n<div class=\"auto-hide-last-sibling-br paragraph_9dc5f paragraph-element\" style=\"text-align: center;\">\u00a0<\/div>\n<div class=\"auto-hide-last-sibling-br paragraph_9dc5f paragraph-element\" style=\"text-align: center;\"><em><iframe loading=\"lazy\" title=\"YouTube video player\" src=\"\/\/www.youtube.com\/embed\/LH9InRfdxMY\" width=\"560\" height=\"315\" frameborder=\"0\" allowfullscreen=\"allowfullscreen\"><\/iframe><\/em><\/div>\n","protected":false},"excerpt":{"rendered":"<p>Pi\u0119kna w swojej prostocie, a jednak pot\u0119\u017cna magia nie zdarza si\u0119 zbyt cz\u0119sto, aleOstatecznie sprowadza si\u0119 do stworzenia pot\u0119\u017cnego po\u0142\u0105czenia mi\u0119dzy metod\u0105 a efektem.Wiesz, \u017ce to dobra sztuczka, nie wtedy&#8230;<\/p>\n","protected":false},"featured_media":11415,"comment_status":"closed","ping_status":"open","template":"","meta":[],"product_brand":[],"product_cat":[24],"product_tag":[],"class_list":{"0":"post-11414","1":"product","2":"type-product","3":"status-publish","4":"has-post-thumbnail","6":"product_cat-mentalizm","8":"first","9":"instock","10":"purchasable","11":"product-type-simple"},"_links":{"self":[{"href":"https:\/\/magiiik.netstory.com.pl\/index.php?rest_route=\/wp\/v2\/product\/11414","targetHints":{"allow":["GET"]}}],"collection":[{"href":"https:\/\/magiiik.netstory.com.pl\/index.php?rest_route=\/wp\/v2\/product"}],"about":[{"href":"https:\/\/magiiik.netstory.com.pl\/index.php?rest_route=\/wp\/v2\/types\/product"}],"replies":[{"embeddable":true,"href":"https:\/\/magiiik.netstory.com.pl\/index.php?rest_route=%2Fwp%2Fv2%2Fcomments&post=11414"}],"wp:featuredmedia":[{"embeddable":true,"href":"https:\/\/magiiik.netstory.com.pl\/index.php?rest_route=\/wp\/v2\/media\/11415"}],"wp:attachment":[{"href":"https:\/\/magiiik.netstory.com.pl\/index.php?rest_route=%2Fwp%2Fv2%2Fmedia&parent=11414"}],"wp:term":[{"taxonomy":"product_brand","embeddable":true,"href":"https:\/\/magiiik.netstory.com.pl\/index.php?rest_route=%2Fwp%2Fv2%2Fproduct_brand&post=11414"},{"taxonomy":"product_cat","embeddable":true,"href":"https:\/\/magiiik.netstory.com.pl\/index.php?rest_route=%2Fwp%2Fv2%2Fproduct_cat&post=11414"},{"taxonomy":"product_tag","embeddable":true,"href":"https:\/\/magiiik.netstory.com.pl\/index.php?rest_route=%2Fwp%2Fv2%2Fproduct_tag&post=11414"}],"curies":[{"name":"wp","href":"https:\/\/api.w.org\/{rel}","templated":true}]}}