{"id":11387,"date":"2025-09-19T13:51:07","date_gmt":"2025-09-19T11:51:07","guid":{"rendered":"https:\/\/magiiik.netstory.com.pl\/produkt\/roccos-prisma-lites-pair-para-green\/"},"modified":"2025-09-19T13:52:17","modified_gmt":"2025-09-19T11:52:17","slug":"roccos-prisma-lites-pair-para-green","status":"publish","type":"product","link":"https:\/\/magiiik.netstory.com.pl\/?product=roccos-prisma-lites-pair-para-green","title":{"rendered":"Rocco&#8217;s Prisma Lites Pair (para) (Green)"},"content":{"rendered":"<p style=\"color: #111111; font-size: 13px; font-family: &quot;&quot;; text-align: center;\"><span style=\"font-size: 12pt; font-family: arial, helvetica, sans-serif;\"><strong>Rocco<\/strong>, tw\u00f3rca &#8222;\u015bwiat\u0142a z ka\u017cdego miejsca&#8221; prezentuje<strong>\u00a0PRISMA Lites \u2122<\/strong><\/span><\/p>\n<p style=\"color: #111111; font-size: 13px; font-family: &quot;&quot;; text-align: center;\"><span style=\"font-size: 12pt; font-family: arial, helvetica, sans-serif;\">Przez setki lat magowie marzyli o pojawianiu \u015bwiat\u0142a w d\u0142oni. Z tym rekwizytem b\u0119dziesz m\u00f3g\u0142 tego dokona\u0107!\u00a0<\/span><\/p>\n<p style=\"color: #111111; font-size: 13px; font-family: &quot;&quot;; text-align: center;\"><span style=\"font-size: 12pt; font-family: arial, helvetica, sans-serif;\">Pojawiaj \u015bwiat\u0142o, znikaj, przerzucaj z r\u0119ki do r\u0119ki, przeno\u015b na sta\u0142e obiekty, pobieraj ze smartfona! Mo\u017cliwo\u015bci s\u0105 nieograniczone!<\/span><\/p>\n<p style=\"color: #111111; font-size: 13px; font-family: &quot;&quot;; text-align: center;\"><iframe loading=\"lazy\" src=\"\/\/www.youtube.com\/embed\/G6siqMDDwD8\" width=\"547\" height=\"422\"><\/iframe><\/p>\n<p style=\"color: #111111; font-size: 13px; font-family: &quot;&quot;; text-align: center;\">\u00a0<\/p>\n<p style=\"font-size: 13px; font-family: &quot;&quot;; text-align: left;\"><span style=\"font-size: 12pt; font-family: arial, helvetica, sans-serif;\">&#8211; trwa\u0142e, jasne \u015bwiat\u0142o;<\/span><\/p>\n<p style=\"font-size: 13px; font-family: &quot;&quot;; text-align: left;\"><span style=\"font-size: 12pt; font-family: arial, helvetica, sans-serif;\">&#8211; realistyczny TT;<\/span><\/p>\n<p style=\"font-size: 13px; font-family: &quot;&quot;; text-align: left;\"><span style=\"font-size: 12pt; font-family: arial, helvetica, sans-serif;\">&#8211; \u0142atwe do nauczenia;<\/span><\/p>\n<p style=\"font-size: 13px; font-family: &quot;&quot;; text-align: left;\"><span style=\"font-size: 12pt; font-family: arial, helvetica, sans-serif;\">&#8211; idealne dla os\u00f3b w r\u00f3\u017cnym wieku;<\/span><\/p>\n<p style=\"font-size: 13px; font-family: &quot;&quot;; text-align: left;\"><span style=\"font-size: 12pt; font-family: arial, helvetica, sans-serif;\">&#8211; dost\u0119pne w wielu kolorach i rozmiarach.<\/span>\u00a0<\/p>\n<p style=\"color: #111111; font-size: 13px; font-family: &quot;&quot;; text-align: center;\">\u00a0<\/p>\n<p style=\"font-size: 13px; font-family: &quot;&quot;; text-align: left;\"><strong><span style=\"font-size: 12pt; font-family: arial, helvetica, sans-serif;\">Jest to nowa wersja dawnego D&#8217;Lite.<\/span><\/strong><\/p>\n<p style=\"color: #111111; font-size: 13px; font-family: &quot;&quot;; text-align: left;\">\u00a0<\/p>\n<p style=\"font-size: 13px; font-family: &quot;&quot;; text-align: left;\"><strong><span style=\"font-size: 12pt; font-family: arial, helvetica, sans-serif;\">Polecamy,<\/span><\/strong><\/p>\n<p style=\"font-size: 13px; font-family: &quot;&quot;; text-align: left;\"><strong><span style=\"font-size: 12pt; font-family: arial, helvetica, sans-serif;\">magiiik.pl<\/span><\/strong><\/p>\n<p style=\"color: #111111; font-size: 13px; font-family: &quot;;\">\u00a0<\/p>\n","protected":false},"excerpt":{"rendered":"<p><strong>\u00a0Rocco&#8217;s Prisma Lites Pair (para) (Red) (D&#8217;Lite)<\/strong><\/p>\n","protected":false},"featured_media":11388,"comment_status":"closed","ping_status":"open","template":"","meta":[],"product_brand":[],"product_cat":[36],"product_tag":[],"class_list":{"0":"post-11387","1":"product","2":"type-product","3":"status-publish","4":"has-post-thumbnail","6":"product_cat-akcesoria-thumb-tip-kciuki","8":"first","9":"instock","10":"purchasable","11":"product-type-simple"},"_links":{"self":[{"href":"https:\/\/magiiik.netstory.com.pl\/index.php?rest_route=\/wp\/v2\/product\/11387","targetHints":{"allow":["GET"]}}],"collection":[{"href":"https:\/\/magiiik.netstory.com.pl\/index.php?rest_route=\/wp\/v2\/product"}],"about":[{"href":"https:\/\/magiiik.netstory.com.pl\/index.php?rest_route=\/wp\/v2\/types\/product"}],"replies":[{"embeddable":true,"href":"https:\/\/magiiik.netstory.com.pl\/index.php?rest_route=%2Fwp%2Fv2%2Fcomments&post=11387"}],"wp:featuredmedia":[{"embeddable":true,"href":"https:\/\/magiiik.netstory.com.pl\/index.php?rest_route=\/wp\/v2\/media\/11388"}],"wp:attachment":[{"href":"https:\/\/magiiik.netstory.com.pl\/index.php?rest_route=%2Fwp%2Fv2%2Fmedia&parent=11387"}],"wp:term":[{"taxonomy":"product_brand","embeddable":true,"href":"https:\/\/magiiik.netstory.com.pl\/index.php?rest_route=%2Fwp%2Fv2%2Fproduct_brand&post=11387"},{"taxonomy":"product_cat","embeddable":true,"href":"https:\/\/magiiik.netstory.com.pl\/index.php?rest_route=%2Fwp%2Fv2%2Fproduct_cat&post=11387"},{"taxonomy":"product_tag","embeddable":true,"href":"https:\/\/magiiik.netstory.com.pl\/index.php?rest_route=%2Fwp%2Fv2%2Fproduct_tag&post=11387"}],"curies":[{"name":"wp","href":"https:\/\/api.w.org\/{rel}","templated":true}]}}