{"id":11382,"date":"2025-09-19T13:51:07","date_gmt":"2025-09-19T11:51:07","guid":{"rendered":"https:\/\/magiiik.netstory.com.pl\/produkt\/lynx-wallet-2-0\/"},"modified":"2025-09-19T13:52:13","modified_gmt":"2025-09-19T11:52:13","slug":"lynx-wallet-2-0","status":"publish","type":"product","link":"https:\/\/magiiik.netstory.com.pl\/?product=lynx-wallet-2-0","title":{"rendered":"Lynx wallet 2.0"},"content":{"rendered":"<div style=\"text-align: center;\"><strong><span class=\"Y2IQFc\" lang=\"pl\">Po ogromnym sukcesie \u201ePortfela Lynx\u201d, Gee Magic jest dumna, \u017ce w ko\u0144cu przedstawia \u201ePortfel Lynx 2.0\u201d, a lepsze sta\u0142o si\u0119 jeszcze lepsze! <\/span><\/strong><\/div>\n<div>\u00a0<\/div>\n<div><span class=\"Y2IQFc\" lang=\"pl\">W oparciu o efekt \u201eBang On\u201d autorstwa Marca Oberona, Gon\u00e7alo Gil i Gee Magic opracowali innowacyjn\u0105 metod\u0119 wykorzystuj\u0105c\u0105 <\/span><\/div>\n<div><span class=\"Y2IQFc\" lang=\"pl\">tylko JEDEN portfel, JEDN\u0104 kopert\u0119 i produkcj\u0119 KA\u017bDEJ karty. <\/span><\/div>\n<div><span class=\"Y2IQFc\" lang=\"pl\">Druga wersja ma znacznie wi\u0119cej do zaoferowania ni\u017c poprzednia. <\/span><\/div>\n<div>Ten niesamowity rekwizyt mo\u017cna \u0142\u0105czy\u0107 z bardzo r\u00f3\u017cnymi rutynami, zar\u00f3wno w zbli\u017ceniu, jak i w salonie.<\/div>\n<div>\u00a0<\/div>\n<div>Lynx Wallet 2.0 to produkt premium, kt\u00f3ry pozwala na wykonanie 5 r\u00f3\u017cnych efekt\u00f3w w jednym portfelu<\/div>\n<div>Karta z wybranym miastem<\/div>\n<div>Podpisana karta do portfela<\/div>\n<div>Ma\u0142e przedmioty do koperty<\/div>\n<div>Wielorakie i innowacyjne efekty przy u\u017cyciu w\u0142asnych wizyt\u00f3wek<\/div>\n<div>\u00a0<\/div>\n<div>Rekwizyt\u00a0mo\u017ce s\u0142u\u017cy\u0107 jako Tw\u00f3j codzienny portfel. \u0141atwy i szybki reset. Miej zab\u00f3jczy efekt magii w kieszeni.<\/div>\n<div>Lynx Wallet 2.0 zosta\u0142 zaprojektowany z my\u015bl\u0105 o profesjonalnym iluzjoni\u015bcie.<\/div>\n<div>\u00a0<\/div>\n<div style=\"text-align: center;\"><iframe loading=\"lazy\" title=\"YouTube video player\" src=\"\/\/www.youtube.com\/embed\/VBz2rz0AhHU\" width=\"560\" height=\"315\" frameborder=\"0\" allowfullscreen=\"allowfullscreen\"><\/iframe><\/div>\n","protected":false},"excerpt":{"rendered":"<p>Po ogromnym sukcesie \u201ePortfela Lynx\u201d, Gee Magic jest dumna, \u017ce w ko\u0144cu przedstawia \u201ePortfel Lynx 2.0\u201d, a lepsze sta\u0142o si\u0119 jeszcze lepsze! \u00a0 W oparciu o efekt \u201eBang On\u201d autorstwa&#8230;<\/p>\n","protected":false},"featured_media":11383,"comment_status":"closed","ping_status":"open","template":"","meta":[],"product_brand":[],"product_cat":[34],"product_tag":[],"class_list":{"0":"post-11382","1":"product","2":"type-product","3":"status-publish","4":"has-post-thumbnail","6":"product_cat-mikro-iluzja-close-up-inne","8":"first","9":"instock","10":"purchasable","11":"product-type-simple"},"_links":{"self":[{"href":"https:\/\/magiiik.netstory.com.pl\/index.php?rest_route=\/wp\/v2\/product\/11382","targetHints":{"allow":["GET"]}}],"collection":[{"href":"https:\/\/magiiik.netstory.com.pl\/index.php?rest_route=\/wp\/v2\/product"}],"about":[{"href":"https:\/\/magiiik.netstory.com.pl\/index.php?rest_route=\/wp\/v2\/types\/product"}],"replies":[{"embeddable":true,"href":"https:\/\/magiiik.netstory.com.pl\/index.php?rest_route=%2Fwp%2Fv2%2Fcomments&post=11382"}],"wp:featuredmedia":[{"embeddable":true,"href":"https:\/\/magiiik.netstory.com.pl\/index.php?rest_route=\/wp\/v2\/media\/11383"}],"wp:attachment":[{"href":"https:\/\/magiiik.netstory.com.pl\/index.php?rest_route=%2Fwp%2Fv2%2Fmedia&parent=11382"}],"wp:term":[{"taxonomy":"product_brand","embeddable":true,"href":"https:\/\/magiiik.netstory.com.pl\/index.php?rest_route=%2Fwp%2Fv2%2Fproduct_brand&post=11382"},{"taxonomy":"product_cat","embeddable":true,"href":"https:\/\/magiiik.netstory.com.pl\/index.php?rest_route=%2Fwp%2Fv2%2Fproduct_cat&post=11382"},{"taxonomy":"product_tag","embeddable":true,"href":"https:\/\/magiiik.netstory.com.pl\/index.php?rest_route=%2Fwp%2Fv2%2Fproduct_tag&post=11382"}],"curies":[{"name":"wp","href":"https:\/\/api.w.org\/{rel}","templated":true}]}}