{"id":11377,"date":"2025-09-19T13:51:07","date_gmt":"2025-09-19T11:51:07","guid":{"rendered":"https:\/\/magiiik.netstory.com.pl\/produkt\/ox-bender\/"},"modified":"2025-09-19T13:52:07","modified_gmt":"2025-09-19T11:52:07","slug":"ox-bender","status":"publish","type":"product","link":"https:\/\/magiiik.netstory.com.pl\/?product=ox-bender","title":{"rendered":"OX Bender\u2122"},"content":{"rendered":"<div id=\"tw-target-text\" class=\"tw-data-text tw-text-large tw-ta\" dir=\"ltr\" data-placeholder=\"T\u0142umaczenie\"><em><strong><span class=\"Y2IQFc\" lang=\"pl\">\u201eMenny to \u015bwietny tw\u00f3rca, z niesamowit\u0105 dba\u0142o\u015bci\u0105 o szczeg\u00f3\u0142y\u201d. <\/span><\/strong><\/em><\/div>\n<div class=\"tw-data-text tw-text-large tw-ta\" dir=\"ltr\" data-placeholder=\"T\u0142umaczenie\"><span class=\"Y2IQFc\" lang=\"pl\">&#8211; DAVID BLAINE <\/span><\/div>\n<div class=\"tw-data-text tw-text-large tw-ta\" dir=\"ltr\" data-placeholder=\"T\u0142umaczenie\">\u00a0<\/div>\n<div class=\"tw-data-text tw-text-large tw-ta\" dir=\"ltr\" style=\"text-align: center;\" data-placeholder=\"T\u0142umaczenie\"><span class=\"Y2IQFc\" lang=\"pl\">Wyginaj po\u017cyczone, podpisane monety jak nigdy dot\u0105d dzi\u0119ki PIERWSZEJ\u00a0 JEDNOR\u0118CZNEJ GI\u0118TARCE DO MONET! <\/span><\/div>\n<div class=\"tw-data-text tw-text-large tw-ta\" dir=\"ltr\" style=\"text-align: center;\" data-placeholder=\"T\u0142umaczenie\">\u00a0<\/div>\n<div class=\"tw-data-text tw-text-large tw-ta\" dir=\"ltr\" style=\"text-align: center;\" data-placeholder=\"T\u0142umaczenie\"><span class=\"Y2IQFc\" lang=\"pl\">OX BENDER\u2122 autorstwa Menny&#8217;ego Lindenfelda to wykonane na zam\u00f3wienie, genialne urz\u0105dzenie, zaprojektowane do <\/span><\/div>\n<div class=\"tw-data-text tw-text-large tw-ta\" dir=\"ltr\" style=\"text-align: center;\" data-placeholder=\"T\u0142umaczenie\"><strong><span class=\"Y2IQFc\" lang=\"pl\">\u0141ATWEGO GI\u0118CIA MONETY TYLKO JEDN\u0104 R\u0118K\u0104! <\/span><\/strong><\/div>\n<div class=\"tw-data-text tw-text-large tw-ta\" dir=\"ltr\" data-placeholder=\"T\u0142umaczenie\">\u00a0<\/div>\n<div class=\"tw-data-text tw-text-large tw-ta\" dir=\"ltr\" data-placeholder=\"T\u0142umaczenie\"><span class=\"Y2IQFc\" lang=\"pl\">W rzeczywisto\u015bci \u0141ATWIEJ jest wygina\u0107 monety za pomoc\u0105 OX Bender\u2122 ni\u017c z jakimkolwiek innym Benderem do monet! <\/span><\/div>\n<div class=\"tw-data-text tw-text-large tw-ta\" dir=\"ltr\" data-placeholder=\"T\u0142umaczenie\"><span class=\"Y2IQFc\" lang=\"pl\">Maj\u0105c jedn\u0105 r\u0119k\u0119 woln\u0105, b\u0119dziesz bardziej zrelaksowany i b\u0119dziesz mia\u0142 naturaln\u0105 kontrol\u0119 nad zginaniem monety.\u00a0 <\/span><\/div>\n<div class=\"tw-data-text tw-text-large tw-ta\" dir=\"ltr\" data-placeholder=\"T\u0142umaczenie\"><span class=\"Y2IQFc\" lang=\"pl\">Gimmick\u00a0jest w pe\u0142ni ukryty i wymaga jedynie niewielkiego, naturalnego ruchu r\u0119k\u0105, aby \u0141ATWO ZGINA\u0106 MONETY JAK MAS\u0141O. <\/span><\/div>\n<div class=\"tw-data-text tw-text-large tw-ta\" dir=\"ltr\" data-placeholder=\"T\u0142umaczenie\"><span class=\"Y2IQFc\" lang=\"pl\">U\u017cywaj OX BENDER\u2122 w dowolnym miejscu, w ka\u017cdej sytuacji iw PE\u0141NI OTOCZONY. <\/span><\/div>\n<div class=\"tw-data-text tw-text-large tw-ta\" dir=\"ltr\" data-placeholder=\"T\u0142umaczenie\"><span class=\"Y2IQFc\" lang=\"pl\">U\u017cywaj go z bliska, spaceruj\u0105c, na ulicy, na scenie, a nawet w telewizji. <\/span><\/div>\n<div class=\"tw-data-text tw-text-large tw-ta\" dir=\"ltr\" data-placeholder=\"T\u0142umaczenie\"><span class=\"Y2IQFc\" lang=\"pl\">Gi\u0119cie jest w 100% NIEWIDOCZNE, co wi\u0119cej jest robione wprost na oczach widz\u00f3w, ale nigdy niczego nie dowiedz\u0105 si\u0119 ani nie zobacz\u0105! <\/span><\/div>\n<div class=\"tw-data-text tw-text-large tw-ta\" dir=\"ltr\" data-placeholder=\"T\u0142umaczenie\">Mo\u017cesz nawet zgina\u0107 monety, siedz\u0105c z r\u0119kami spoczywaj\u0105cymi na stole. OX BENDER\u2122 nie pozostawia \u015blad\u00f3w, tworz\u0105c nieskazitelne zagi\u0119cia bez \u015blad\u00f3w i zadrapa\u0144 na monecie.<\/div>\n<div class=\"tw-data-text tw-text-large tw-ta\" dir=\"ltr\" data-placeholder=\"T\u0142umaczenie\">Wa\u017c\u0105cy zaledwie 26 gram\u00f3w &#8211; to\u00a0 sprawia, \u017ce OX BENDER\u2122 to NAJLEPSZA na \u015bwiecie gi\u0119tarka do monet. Bezproblemowy gimmick, kt\u00f3r\u0105 z \u0142atwo\u015bci\u0105 zabierzesz ze sob\u0105 wsz\u0119dzie!<\/div>\n<div class=\"tw-data-text tw-text-large tw-ta\" dir=\"ltr\" data-placeholder=\"T\u0142umaczenie\">\u00a0<\/div>\n<div class=\"tw-data-text tw-text-large tw-ta\" dir=\"ltr\" data-placeholder=\"T\u0142umaczenie\">OX BENDER\u2122 to co\u015b wi\u0119cej ni\u017c gi\u0119tarka do monet \u2014\u00a0zginaj\u00a0zaznaczone\u00a0monety, \u0142y\u017cki, klucze i wiele wi\u0119cej!!<\/div>\n<div class=\"tw-data-text tw-text-large tw-ta\" dir=\"ltr\" data-placeholder=\"T\u0142umaczenie\">OX BENDER\u2122 jest dostarczany w komplecie z niestandardowym tajnym urz\u0105dzeniem + samouczek wideo Full HD (do pobrania).<\/div>\n<div class=\"tw-data-text tw-text-large tw-ta\" dir=\"ltr\" data-placeholder=\"T\u0142umaczenie\">\u00a0<\/div>\n<div class=\"tw-data-text tw-text-large tw-ta\" dir=\"ltr\" style=\"text-align: center;\" data-placeholder=\"T\u0142umaczenie\"><iframe loading=\"lazy\" title=\"YouTube video player\" src=\"\/\/www.youtube.com\/embed\/6f3-MOIYcCU\" width=\"560\" height=\"315\" frameborder=\"0\" allowfullscreen=\"allowfullscreen\"><\/iframe><\/div>\n<div class=\"tw-data-text tw-text-large tw-ta\" dir=\"ltr\" data-placeholder=\"T\u0142umaczenie\">\u00a0<\/div>\n<div class=\"tw-data-text tw-text-large tw-ta\" dir=\"ltr\" data-placeholder=\"T\u0142umaczenie\">\u00a0<\/div>\n<div class=\"tw-data-text tw-text-large tw-ta\" dir=\"ltr\" data-placeholder=\"T\u0142umaczenie\">\u00a0<\/div>\n<div class=\"tw-data-text tw-text-large tw-ta\" dir=\"ltr\" data-placeholder=\"T\u0142umaczenie\">\u00a0<\/div>\n","protected":false},"excerpt":{"rendered":"<p>\u201eMenny to \u015bwietny tw\u00f3rca, z niesamowit\u0105 dba\u0142o\u015bci\u0105 o szczeg\u00f3\u0142y\u201d. &#8211; DAVID BLAINE \u00a0 Wyginaj po\u017cyczone, podpisane monety jak nigdy dot\u0105d dzi\u0119ki PIERWSZEJ\u00a0 JEDNOR\u0118CZNEJ GI\u0118TARCE DO MONET! \u00a0 OX BENDER\u2122 autorstwa&#8230;<\/p>\n","protected":false},"featured_media":11378,"comment_status":"closed","ping_status":"open","template":"","meta":[],"product_brand":[],"product_cat":[37],"product_tag":[],"class_list":{"0":"post-11377","1":"product","2":"type-product","3":"status-publish","4":"has-post-thumbnail","6":"product_cat-mikro-iluzja-close-up-monety","8":"first","9":"instock","10":"purchasable","11":"product-type-simple"},"_links":{"self":[{"href":"https:\/\/magiiik.netstory.com.pl\/index.php?rest_route=\/wp\/v2\/product\/11377","targetHints":{"allow":["GET"]}}],"collection":[{"href":"https:\/\/magiiik.netstory.com.pl\/index.php?rest_route=\/wp\/v2\/product"}],"about":[{"href":"https:\/\/magiiik.netstory.com.pl\/index.php?rest_route=\/wp\/v2\/types\/product"}],"replies":[{"embeddable":true,"href":"https:\/\/magiiik.netstory.com.pl\/index.php?rest_route=%2Fwp%2Fv2%2Fcomments&post=11377"}],"wp:featuredmedia":[{"embeddable":true,"href":"https:\/\/magiiik.netstory.com.pl\/index.php?rest_route=\/wp\/v2\/media\/11378"}],"wp:attachment":[{"href":"https:\/\/magiiik.netstory.com.pl\/index.php?rest_route=%2Fwp%2Fv2%2Fmedia&parent=11377"}],"wp:term":[{"taxonomy":"product_brand","embeddable":true,"href":"https:\/\/magiiik.netstory.com.pl\/index.php?rest_route=%2Fwp%2Fv2%2Fproduct_brand&post=11377"},{"taxonomy":"product_cat","embeddable":true,"href":"https:\/\/magiiik.netstory.com.pl\/index.php?rest_route=%2Fwp%2Fv2%2Fproduct_cat&post=11377"},{"taxonomy":"product_tag","embeddable":true,"href":"https:\/\/magiiik.netstory.com.pl\/index.php?rest_route=%2Fwp%2Fv2%2Fproduct_tag&post=11377"}],"curies":[{"name":"wp","href":"https:\/\/api.w.org\/{rel}","templated":true}]}}