{"id":11364,"date":"2025-09-19T13:51:07","date_gmt":"2025-09-19T11:51:07","guid":{"rendered":"https:\/\/magiiik.netstory.com.pl\/produkt\/double-cross-czerwone-serce-by-mark-southworths\/"},"modified":"2025-09-19T13:51:47","modified_gmt":"2025-09-19T11:51:47","slug":"double-cross-czerwone-serce-by-mark-southworths","status":"publish","type":"product","link":"https:\/\/magiiik.netstory.com.pl\/?product=double-cross-czerwone-serce-by-mark-southworths","title":{"rendered":"Double Cross (CZERWONE SERCE) by Mark Southworth&#8217;s"},"content":{"rendered":"<p style=\"text-align: center;\">\u00a0TO JEST NIEMO\u017bLIWA MAGIA!<\/p>\n<p style=\"text-align: center;\">\u00a0<\/p>\n<div id=\"tw-target-text\" class=\"tw-data-text tw-text-large tw-ta\" dir=\"ltr\" data-placeholder=\"T\u0142umaczenie\"><span class=\"Y2IQFc\" lang=\"pl\">MagicSmith Double Cross, ale pisze CZERWONYM atramentem i pozostawia CZERWONE SERCE na d\u0142oni widza i jest dostarczane <\/span><\/div>\n<div class=\"tw-data-text tw-text-large tw-ta\" dir=\"ltr\" data-placeholder=\"T\u0142umaczenie\"><span class=\"Y2IQFc\" lang=\"pl\">z CZERWONYM markerem sharpie. <\/span><\/div>\n<div class=\"tw-data-text tw-text-large tw-ta\" dir=\"ltr\" data-placeholder=\"T\u0142umaczenie\"><span class=\"Y2IQFc\" lang=\"pl\">R\u00f3wnie\u017c nasadka z ty\u0142u d\u0142ugopisu jest CZERWONA.<\/span><\/div>\n<p>Popro\u015b widza, aby wyci\u0105gn\u0105\u0142 r\u0119k\u0119 i zrobi\u0142 zamkni\u0119t\u0105 pi\u0119\u015b\u0107. Wyci\u0105gnij znacznik i narysuj znak \u201e&lt;3\u201d na \u015brodku d\u0142oni i zamknij go w pi\u0119\u015b\u0107.<\/p>\n<p style=\"text-align: center;\">Teraz bez \u017cadnego pocieraj\u0105cego, wymazuj\u0105cego lub zabawnego ruchu, powoli otwierasz r\u0119k\u0119 i pokazujesz, \u017ce SERCE CA\u0141KOWICIE ZNIKNA!<\/p>\n<p style=\"text-align: center;\">\u00a0Teraz popro\u015b widza, aby otworzy\u0142 r\u0119k\u0119 &#8211; SERCE JEST NA JEGO D\u0141ONI! Popro\u015b ich, aby spr\u00f3bowali wymaza\u0107 &lt;3 &#8211; nie mog\u0105!<\/p>\n<p style=\"text-align: center;\">Powiedz im, \u017ceby si\u0119 nie martwili &#8211; jest bezpieczny i nietoksyczny i mo\u017cna go \u0142atwo zmy\u0107 wod\u0105 z myd\u0142em.<\/p>\n<p style=\"text-align: center;\">Tajemnica kryj\u0105ca si\u0119 za\u00a0tym efektem jest diabolicznie sprytna, a mo\u017ce nawet wa\u017cniejsza, praktyczna.<\/p>\n<p style=\"text-align: center;\">Jest zawsze wype\u0142niony atramentem i gotowy do pracy. Nie musisz ju\u017c niczego robi\u0107 ani<\/p>\n<p style=\"text-align: center;\">przygotowywa\u0107 &#8211; po prostu wrzu\u0107 Sharpie do kieszeni i mo\u017cesz wykonywa\u0107 ten efekt ca\u0142y czas.<\/p>\n<p style=\"text-align: center;\">To\u00a0unikalny efekt magii, kt\u00f3ry jest samowystarczalny, NIE ma resetowania i mo\u017ce by\u0107 wykonany w otoczeniu.<\/p>\n<p style=\"text-align: center;\">\u00a0<\/p>\n<p style=\"text-align: center;\">OBEJRZYJ FILM:<\/p>\n<p style=\"text-align: center;\"><a href=\"https:\/\/magiiik.netstory.com.pl\/12\">https:\/\/www.youtube.com\/watch?v=m1OK92O4Svg<\/a><\/p>\n<p style=\"text-align: center;\">\u00a0<\/p>\n<p style=\"text-align: center;\"><strong>Double Cross zawiera zaprojektowany i wykonany przez MagicSmith d\u0142ugopis, akcesoria i link do instrukcji obs\u0142ugi Double Cross Sharpie .<\/strong><\/p>\n","protected":false},"excerpt":{"rendered":"<p style=\"text-align: center;\">Zniknij narysowany znaczek &#8222;X&#8221; ze swojej d\u0142oni, po to by dos\u0142ownie za chwil\u0119<\/p>\n<p style=\"text-align: center;\">pojawi\u0142 si\u0119 w zaci\u015bni\u0119tej, wybranej przez widza d\u0142oni!<\/p>\n","protected":false},"featured_media":11365,"comment_status":"closed","ping_status":"open","template":"","meta":[],"product_brand":[],"product_cat":[59],"product_tag":[],"class_list":{"0":"post-11364","1":"product","2":"type-product","3":"status-publish","4":"has-post-thumbnail","6":"product_cat-mikro-iluzja-close-up-sharpie-dlugopisy","8":"first","9":"instock","10":"purchasable","11":"product-type-simple"},"_links":{"self":[{"href":"https:\/\/magiiik.netstory.com.pl\/index.php?rest_route=\/wp\/v2\/product\/11364","targetHints":{"allow":["GET"]}}],"collection":[{"href":"https:\/\/magiiik.netstory.com.pl\/index.php?rest_route=\/wp\/v2\/product"}],"about":[{"href":"https:\/\/magiiik.netstory.com.pl\/index.php?rest_route=\/wp\/v2\/types\/product"}],"replies":[{"embeddable":true,"href":"https:\/\/magiiik.netstory.com.pl\/index.php?rest_route=%2Fwp%2Fv2%2Fcomments&post=11364"}],"wp:featuredmedia":[{"embeddable":true,"href":"https:\/\/magiiik.netstory.com.pl\/index.php?rest_route=\/wp\/v2\/media\/11365"}],"wp:attachment":[{"href":"https:\/\/magiiik.netstory.com.pl\/index.php?rest_route=%2Fwp%2Fv2%2Fmedia&parent=11364"}],"wp:term":[{"taxonomy":"product_brand","embeddable":true,"href":"https:\/\/magiiik.netstory.com.pl\/index.php?rest_route=%2Fwp%2Fv2%2Fproduct_brand&post=11364"},{"taxonomy":"product_cat","embeddable":true,"href":"https:\/\/magiiik.netstory.com.pl\/index.php?rest_route=%2Fwp%2Fv2%2Fproduct_cat&post=11364"},{"taxonomy":"product_tag","embeddable":true,"href":"https:\/\/magiiik.netstory.com.pl\/index.php?rest_route=%2Fwp%2Fv2%2Fproduct_tag&post=11364"}],"curies":[{"name":"wp","href":"https:\/\/api.w.org\/{rel}","templated":true}]}}