{"id":11354,"date":"2025-09-19T13:51:07","date_gmt":"2025-09-19T11:51:07","guid":{"rendered":"https:\/\/magiiik.netstory.com.pl\/produkt\/pen-thru-anything-by-vincenzo-di-fatta\/"},"modified":"2025-09-19T13:51:38","modified_gmt":"2025-09-19T11:51:38","slug":"pen-thru-anything-by-vincenzo-di-fatta","status":"publish","type":"product","link":"https:\/\/magiiik.netstory.com.pl\/?product=pen-thru-anything-by-vincenzo-di-fatta","title":{"rendered":"Pen Thru Anything by Vincenzo Di Fatta"},"content":{"rendered":"<p style=\"text-align: center;\"><span class=\"Y2IQFc\" lang=\"pl\">D\u0142ugopis jest wciskany przez \u015brodek po\u017cyczonego banknotu. <\/span><\/p>\n<p style=\"text-align: center;\"><span class=\"Y2IQFc\" lang=\"pl\">Poka\u017c, \u017ce pi\u00f3ro wyra\u017anie przebija banknot. <\/span><\/p>\n<p style=\"text-align: center;\"><span class=\"Y2IQFc\" lang=\"pl\">Nast\u0119pnie pi\u00f3ro jest usuwane, a\u00a0banknot\u00a0zwracany w stanie nienaruszonym. <\/span><\/p>\n<p style=\"text-align: center;\">\u0141atwe do wykonania i mo\u017cna go natychmiast powt\u00f3rzy\u0107. Na koniec sztuczki mo\u017cesz odda\u0107 wszystko do sprawdzenia.<\/p>\n<p style=\"text-align: center;\"><iframe loading=\"lazy\" title=\"YouTube video player\" src=\"\/\/www.youtube.com\/embed\/MOv3mxcqlwo\" width=\"560\" height=\"315\" frameborder=\"0\" allowfullscreen=\"allowfullscreen\"><\/iframe><\/p>\n<p style=\"text-align: center;\">\u00a0<\/p>\n","protected":false},"excerpt":{"rendered":"<p>D\u0142ugopis jest wciskany przez \u015brodek po\u017cyczonego banknotu. Poka\u017c, \u017ce pi\u00f3ro wyra\u017anie przebija banknot. Nast\u0119pnie pi\u00f3ro jest usuwane, a\u00a0banknot\u00a0zwracany w stanie nienaruszonym. \u0141atwe do wykonania i mo\u017cna go natychmiast powt\u00f3rzy\u0107. Na&#8230;<\/p>\n","protected":false},"featured_media":11355,"comment_status":"closed","ping_status":"open","template":"","meta":[],"product_brand":[],"product_cat":[59],"product_tag":[],"class_list":{"0":"post-11354","1":"product","2":"type-product","3":"status-publish","4":"has-post-thumbnail","6":"product_cat-mikro-iluzja-close-up-sharpie-dlugopisy","8":"first","9":"instock","10":"purchasable","11":"product-type-simple"},"_links":{"self":[{"href":"https:\/\/magiiik.netstory.com.pl\/index.php?rest_route=\/wp\/v2\/product\/11354","targetHints":{"allow":["GET"]}}],"collection":[{"href":"https:\/\/magiiik.netstory.com.pl\/index.php?rest_route=\/wp\/v2\/product"}],"about":[{"href":"https:\/\/magiiik.netstory.com.pl\/index.php?rest_route=\/wp\/v2\/types\/product"}],"replies":[{"embeddable":true,"href":"https:\/\/magiiik.netstory.com.pl\/index.php?rest_route=%2Fwp%2Fv2%2Fcomments&post=11354"}],"wp:featuredmedia":[{"embeddable":true,"href":"https:\/\/magiiik.netstory.com.pl\/index.php?rest_route=\/wp\/v2\/media\/11355"}],"wp:attachment":[{"href":"https:\/\/magiiik.netstory.com.pl\/index.php?rest_route=%2Fwp%2Fv2%2Fmedia&parent=11354"}],"wp:term":[{"taxonomy":"product_brand","embeddable":true,"href":"https:\/\/magiiik.netstory.com.pl\/index.php?rest_route=%2Fwp%2Fv2%2Fproduct_brand&post=11354"},{"taxonomy":"product_cat","embeddable":true,"href":"https:\/\/magiiik.netstory.com.pl\/index.php?rest_route=%2Fwp%2Fv2%2Fproduct_cat&post=11354"},{"taxonomy":"product_tag","embeddable":true,"href":"https:\/\/magiiik.netstory.com.pl\/index.php?rest_route=%2Fwp%2Fv2%2Fproduct_tag&post=11354"}],"curies":[{"name":"wp","href":"https:\/\/api.w.org\/{rel}","templated":true}]}}