{"id":11333,"date":"2025-09-19T13:51:07","date_gmt":"2025-09-19T11:51:07","guid":{"rendered":"https:\/\/magiiik.netstory.com.pl\/produkt\/magic-cookie-box-pojawianie-ciastek\/"},"modified":"2025-09-19T13:51:15","modified_gmt":"2025-09-19T11:51:15","slug":"magic-cookie-box-pojawianie-ciastek","status":"publish","type":"product","link":"https:\/\/magiiik.netstory.com.pl\/?product=magic-cookie-box-pojawianie-ciastek","title":{"rendered":"Magic Cookie Box (pojawianie ciastek)"},"content":{"rendered":"<div id=\"tw-target-text\" class=\"tw-data-text tw-text-large tw-ta\" dir=\"ltr\" style=\"text-align: center;\" data-placeholder=\"T\u0142umaczenie\"><span class=\"Y2IQFc\" lang=\"pl\">Oto wspania\u0142y, magiczny spos\u00f3b na wyczarowanie ciasteczek (i nie tylko)! <\/span><\/div>\n<div class=\"tw-data-text tw-text-large tw-ta\" dir=\"ltr\" style=\"text-align: center;\" data-placeholder=\"T\u0142umaczenie\"><span class=\"Y2IQFc\" lang=\"pl\">Poka\u017c pude\u0142ko na ciasteczka. Zawarto\u015b\u0107 jest pusta. <\/span><\/div>\n<div class=\"tw-data-text tw-text-large tw-ta\" dir=\"ltr\" style=\"text-align: center;\" data-placeholder=\"T\u0142umaczenie\">\u00a0<\/div>\n<div class=\"tw-data-text tw-text-large tw-ta\" dir=\"ltr\" style=\"text-align: center;\" data-placeholder=\"T\u0142umaczenie\"><span class=\"Y2IQFc\" lang=\"pl\">Je\u015bli jednak zastosujesz troch\u0119 magii, z wn\u0119trza wyjdzie wiele prawdziwych ciasteczek, kt\u00f3re mo\u017cesz rozda\u0107! <\/span><\/div>\n<div class=\"tw-data-text tw-text-large tw-ta\" dir=\"ltr\" style=\"text-align: center;\" data-placeholder=\"T\u0142umaczenie\">\u00a0<\/div>\n<div class=\"tw-data-text tw-text-large tw-ta\" dir=\"ltr\" style=\"text-align: center;\" data-placeholder=\"T\u0142umaczenie\"><span class=\"Y2IQFc\" lang=\"pl\">To specjalne magiczne pude\u0142ko ma specjaln\u0105 konstrukcj\u0119.<\/span><\/div>\n<div class=\"tw-data-text tw-text-large tw-ta\" dir=\"ltr\" style=\"text-align: center;\" data-placeholder=\"T\u0142umaczenie\">Poniewa\u017c obszar materia\u0142u jest du\u017cy, mog\u0105 pojawi\u0107 si\u0119 nie tylko komercyjne ciasteczka, ale tak\u017ce r\u00f3\u017cne inne przedmioty.<\/div>\n<div class=\"tw-data-text tw-text-large tw-ta\" dir=\"ltr\" style=\"text-align: center;\" data-placeholder=\"T\u0142umaczenie\">\u00a0<\/div>\n<div class=\"tw-data-text tw-text-large tw-ta\" dir=\"ltr\" style=\"text-align: center;\" data-placeholder=\"T\u0142umaczenie\">\u00a0<\/div>\n<p style=\"text-align: center;\"><strong>Instrukcja wideo online<\/strong><\/p>\n<div class=\"tw-data-text tw-text-large tw-ta\" dir=\"ltr\" style=\"text-align: center;\" data-placeholder=\"T\u0142umaczenie\"><iframe loading=\"lazy\" title=\"YouTube video player\" src=\"\/\/www.youtube.com\/embed\/ib3dOC-QUfM\" width=\"560\" height=\"315\" frameborder=\"0\" allowfullscreen=\"allowfullscreen\"><\/iframe><\/div>\n","protected":false},"excerpt":{"rendered":"<p>Oto wspania\u0142y, magiczny spos\u00f3b na wyczarowanie ciasteczek (i nie tylko)! Poka\u017c pude\u0142ko na ciasteczka. Zawarto\u015b\u0107 jest pusta. \u00a0 Je\u015bli jednak zastosujesz troch\u0119 magii, z wn\u0119trza wyjdzie wiele prawdziwych ciasteczek, kt\u00f3re&#8230;<\/p>\n","protected":false},"featured_media":11334,"comment_status":"closed","ping_status":"open","template":"","meta":[],"product_brand":[],"product_cat":[18],"product_tag":[],"class_list":{"0":"post-11333","1":"product","2":"type-product","3":"status-publish","4":"has-post-thumbnail","6":"product_cat-iluzja-dla-dzieci","8":"first","9":"instock","10":"purchasable","11":"product-type-simple"},"_links":{"self":[{"href":"https:\/\/magiiik.netstory.com.pl\/index.php?rest_route=\/wp\/v2\/product\/11333","targetHints":{"allow":["GET"]}}],"collection":[{"href":"https:\/\/magiiik.netstory.com.pl\/index.php?rest_route=\/wp\/v2\/product"}],"about":[{"href":"https:\/\/magiiik.netstory.com.pl\/index.php?rest_route=\/wp\/v2\/types\/product"}],"replies":[{"embeddable":true,"href":"https:\/\/magiiik.netstory.com.pl\/index.php?rest_route=%2Fwp%2Fv2%2Fcomments&post=11333"}],"wp:featuredmedia":[{"embeddable":true,"href":"https:\/\/magiiik.netstory.com.pl\/index.php?rest_route=\/wp\/v2\/media\/11334"}],"wp:attachment":[{"href":"https:\/\/magiiik.netstory.com.pl\/index.php?rest_route=%2Fwp%2Fv2%2Fmedia&parent=11333"}],"wp:term":[{"taxonomy":"product_brand","embeddable":true,"href":"https:\/\/magiiik.netstory.com.pl\/index.php?rest_route=%2Fwp%2Fv2%2Fproduct_brand&post=11333"},{"taxonomy":"product_cat","embeddable":true,"href":"https:\/\/magiiik.netstory.com.pl\/index.php?rest_route=%2Fwp%2Fv2%2Fproduct_cat&post=11333"},{"taxonomy":"product_tag","embeddable":true,"href":"https:\/\/magiiik.netstory.com.pl\/index.php?rest_route=%2Fwp%2Fv2%2Fproduct_tag&post=11333"}],"curies":[{"name":"wp","href":"https:\/\/api.w.org\/{rel}","templated":true}]}}