{"id":11310,"date":"2025-09-19T13:50:22","date_gmt":"2025-09-19T11:50:22","guid":{"rendered":"https:\/\/magiiik.netstory.com.pl\/produkt\/pyro-wallet-by-adam-wilber\/"},"modified":"2025-09-19T13:50:45","modified_gmt":"2025-09-19T11:50:45","slug":"pyro-wallet-by-adam-wilber","status":"publish","type":"product","link":"https:\/\/magiiik.netstory.com.pl\/?product=pyro-wallet-by-adam-wilber","title":{"rendered":"PYRO Wallet by Adam Wilber"},"content":{"rendered":"<div id=\"tw-target-text\" class=\"tw-data-text tw-text-large tw-ta\" dir=\"ltr\" style=\"text-align: center;\" data-placeholder=\"T\u0142umaczenie\"><span class=\"Y2IQFc\" lang=\"pl\">Co si\u0119 zmieni\u0142o od ostatniej wersji? <\/span><\/div>\n<div class=\"tw-data-text tw-text-large tw-ta\" dir=\"ltr\" style=\"text-align: center;\" data-placeholder=\"T\u0142umaczenie\"><span class=\"Y2IQFc\" lang=\"pl\">Poznaj v2: <\/span><\/div>\n<div class=\"tw-data-text tw-text-large tw-ta\" dir=\"ltr\" style=\"text-align: center;\" data-placeholder=\"T\u0142umaczenie\">\u00a0<\/div>\n<div class=\"tw-data-text tw-text-large tw-ta\" dir=\"ltr\" style=\"text-align: center;\" data-placeholder=\"T\u0142umaczenie\"><strong><span class=\"Y2IQFc\" lang=\"pl\">Ulepszony materia\u0142 \u2014 teraz z prawdziw\u0105 sk\u00f3r\u0105, kt\u00f3ra zapewnia wy\u017csz\u0105 jako\u015b\u0107. <\/span><\/strong><\/div>\n<div class=\"tw-data-text tw-text-large tw-ta\" dir=\"ltr\" style=\"text-align: center;\" data-placeholder=\"T\u0142umaczenie\">\u00a0<\/div>\n<div class=\"tw-data-text tw-text-large tw-ta\" dir=\"ltr\" style=\"text-align: center;\" data-placeholder=\"T\u0142umaczenie\"><strong><span class=\"Y2IQFc\" lang=\"pl\">Przebudowane urz\u0105dzenie zap\u0142onowe. Portfel Pyro uruchamia si\u0119 za pierwszym razem, za ka\u017cdym razem. <\/span><\/strong><\/div>\n<div class=\"tw-data-text tw-text-large tw-ta\" dir=\"ltr\" style=\"text-align: center;\" data-placeholder=\"T\u0142umaczenie\">\u00a0<\/div>\n<div class=\"tw-data-text tw-text-large tw-ta\" dir=\"ltr\" style=\"text-align: center;\" data-placeholder=\"T\u0142umaczenie\"><strong><span class=\"Y2IQFc\" lang=\"pl\">Dro\u017csza pow\u0142oka ABS do bezpiecznego przechowywania \u0142atwopalnych cieczy. <\/span><\/strong><\/div>\n<div class=\"tw-data-text tw-text-large tw-ta\" dir=\"ltr\" style=\"text-align: center;\" data-placeholder=\"T\u0142umaczenie\">\u00a0<\/div>\n<div class=\"tw-data-text tw-text-large tw-ta\" dir=\"ltr\" style=\"text-align: center;\" data-placeholder=\"T\u0142umaczenie\"><strong><span class=\"Y2IQFc\" lang=\"pl\">Nowa cewka zap\u0142onowa. <\/span><\/strong><\/div>\n<div class=\"tw-data-text tw-text-large tw-ta\" dir=\"ltr\" style=\"text-align: center;\" data-placeholder=\"T\u0142umaczenie\">\u00a0<\/div>\n<div class=\"tw-data-text tw-text-large tw-ta\" dir=\"ltr\" style=\"text-align: center;\" data-placeholder=\"T\u0142umaczenie\"><strong><span class=\"Y2IQFc\" lang=\"pl\">Pyro Wallet V2 jest cie\u0144szy ni\u017c wcze\u015bniej. <\/span><\/strong><\/div>\n<div class=\"tw-data-text tw-text-large tw-ta\" dir=\"ltr\" style=\"text-align: center;\" data-placeholder=\"T\u0142umaczenie\">\u00a0<\/div>\n<div class=\"tw-data-text tw-text-large tw-ta\" dir=\"ltr\" style=\"text-align: center;\" data-placeholder=\"T\u0142umaczenie\"><strong><span class=\"Y2IQFc\" lang=\"pl\">Zupe\u0142nie nowa bateria o wysokiej szybko\u015bci \u0142adowania.\u00a0 <\/span><\/strong><\/div>\n<div class=\"tw-data-text tw-text-large tw-ta\" dir=\"ltr\" data-placeholder=\"T\u0142umaczenie\">\u00a0<\/div>\n<div class=\"tw-data-text tw-text-large tw-ta\" dir=\"ltr\" style=\"text-align: center;\" data-placeholder=\"T\u0142umaczenie\"><span class=\"Y2IQFc\" lang=\"pl\">Jako ekspert w przeno\u015bnej technologii do efekt\u00f3w z ogniem, tw\u00f3rca Pyro Wallet Adam Wilber nie pozostawi\u0142 \u017cadnego kamienia na kamieniu. <\/span><\/div>\n<div class=\"tw-data-text tw-text-large tw-ta\" dir=\"ltr\" style=\"text-align: center;\" data-placeholder=\"T\u0142umaczenie\"><span class=\"Y2IQFc\" lang=\"pl\">We wn\u0119trzu\u00a0 portfela znajduje si\u0119 bateria, kt\u00f3ra wystarcza na setk\u0119 pokaz\u00f3w!<\/span><\/div>\n<div class=\"tw-data-text tw-text-large tw-ta\" dir=\"ltr\" style=\"text-align: center;\" data-placeholder=\"T\u0142umaczenie\"><span class=\"Y2IQFc\" lang=\"pl\">Rekord Adama polega\u0142 na rozdaniu 200 p\u0142on\u0105cych wizyt\u00f3wek na jednym zleceniu. <\/span><\/div>\n<div class=\"tw-data-text tw-text-large tw-ta\" dir=\"ltr\" style=\"text-align: center;\" data-placeholder=\"T\u0142umaczenie\"><span class=\"Y2IQFc\" lang=\"pl\">Oznacza to, \u017ce mo\u017cesz mie\u0107 pewno\u015b\u0107, \u017ce Pyro Wallet jest ca\u0142kowicie pewny i dzia\u0142a jak w zegarku przez 100% czasu. <\/span><\/div>\n<div class=\"tw-data-text tw-text-large tw-ta\" dir=\"ltr\" style=\"text-align: center;\" data-placeholder=\"T\u0142umaczenie\"><span class=\"Y2IQFc\" lang=\"pl\">Wyjd\u017a z pokoju, czuj\u0105c si\u0119 jak Tony Stark. <\/span><\/div>\n<div class=\"tw-data-text tw-text-large tw-ta\" dir=\"ltr\" data-placeholder=\"T\u0142umaczenie\">\u00a0<\/div>\n<div class=\"tw-data-text tw-text-large tw-ta\" dir=\"ltr\" data-placeholder=\"T\u0142umaczenie\">\u00a0<\/div>\n<div class=\"tw-data-text tw-text-large tw-ta\" dir=\"ltr\" data-placeholder=\"T\u0142umaczenie\"><span class=\"Y2IQFc\" lang=\"pl\">JAK BEZPIECZNY JEST PORTFEL PYRO? <\/span><\/div>\n<div class=\"tw-data-text tw-text-large tw-ta\" dir=\"ltr\" data-placeholder=\"T\u0142umaczenie\">Sekretem Pyro Wallet jest to, \u017ce zawarto\u015b\u0107 jest wst\u0119pnie nas\u0105czona ultrapalnym p\u0142ynem.<\/div>\n<div class=\"tw-data-text tw-text-large tw-ta\" dir=\"ltr\" data-placeholder=\"T\u0142umaczenie\"><span class=\"Y2IQFc\" lang=\"pl\">Dzi\u0119ki specjalnej obr\u00f3bce tylko jednej trzeciej przedmiot\u00f3w umo\u017cliwia bezpieczn\u0105 obs\u0142ug\u0119 przedmiotu, kt\u00f3ry staje w p\u0142omieniach i spala si\u0119 niezwykle szybko tylko w cz\u0119\u015bci wst\u0119pnie nas\u0105czonej. Jedno uderzenie i p\u0142omie\u0144 znika. <\/span><\/div>\n<div class=\"tw-data-text tw-text-large tw-ta\" dir=\"ltr\" data-placeholder=\"T\u0142umaczenie\"><span class=\"Y2IQFc\" lang=\"pl\">Dost\u0119pny jest obszerny plik wideo, kt\u00f3ry poprowadzi Ci\u0119 przez wszystko, co musisz wiedzie\u0107. <\/span><\/div>\n<div class=\"tw-data-text tw-text-large tw-ta\" dir=\"ltr\" data-placeholder=\"T\u0142umaczenie\">\u00a0<\/div>\n<div class=\"tw-data-text tw-text-large tw-ta\" dir=\"ltr\" data-placeholder=\"T\u0142umaczenie\"><strong><span class=\"Y2IQFc\" lang=\"pl\">Uwaga: Musisz mie\u0107 uko\u0144czone 18 lat, aby kupi\u0107 i\/lub korzysta\u0107 z urz\u0105dzenia portfela Pyro. <\/span><\/strong><\/div>\n<div class=\"tw-data-text tw-text-large tw-ta\" dir=\"ltr\" data-placeholder=\"T\u0142umaczenie\">\u00a0<\/div>\n<div class=\"tw-data-text tw-text-large tw-ta\" dir=\"ltr\" data-placeholder=\"T\u0142umaczenie\"><span class=\"Y2IQFc\" lang=\"pl\">O\u015aWIADCZENIE: Nale\u017cy pami\u0119ta\u0107, \u017ce Pyro Wallet nie jest dostarczany z p\u0142ynem do zapalniczki wymaganym do zapalenia zawarto\u015bci, kt\u00f3r\u0105 do niego wk\u0142adasz. Ze wzgl\u0119du na lokalne przepisy i og\u00f3lno\u015bwiatow\u0105 polityk\u0119 wysy\u0142kow\u0105 nie jest to mo\u017cliwe. Jest jednak powszechnie dost\u0119pny w WIELU sklepach sprzedaj\u0105cych papierosy.<\/span><\/div>\n<div class=\"tw-data-text tw-text-large tw-ta\" dir=\"ltr\" data-placeholder=\"T\u0142umaczenie\">\u00a0<\/div>\n<div class=\"tw-data-text tw-text-large tw-ta\" dir=\"ltr\" data-placeholder=\"T\u0142umaczenie\">\u00a0<\/div>\n<div class=\"tw-data-text tw-text-large tw-ta\" dir=\"ltr\" style=\"text-align: center;\" data-placeholder=\"T\u0142umaczenie\"><span class=\"Y2IQFc\" lang=\"pl\"><iframe loading=\"lazy\" title=\"YouTube video player\" src=\"\/\/www.youtube.com\/embed\/qOSH4Rm-AWo\" width=\"560\" height=\"315\" frameborder=\"0\" allowfullscreen=\"allowfullscreen\"><\/iframe><\/span><\/div>\n","protected":false},"excerpt":{"rendered":"<p>Co si\u0119 zmieni\u0142o od ostatniej wersji? Poznaj v2: \u00a0 Ulepszony materia\u0142 \u2014 teraz z prawdziw\u0105 sk\u00f3r\u0105, kt\u00f3ra zapewnia wy\u017csz\u0105 jako\u015b\u0107. \u00a0 Przebudowane urz\u0105dzenie zap\u0142onowe. Portfel Pyro uruchamia si\u0119 za pierwszym&#8230;<\/p>\n","protected":false},"featured_media":11311,"comment_status":"closed","ping_status":"open","template":"","meta":[],"product_brand":[],"product_cat":[23],"product_tag":[],"class_list":{"0":"post-11310","1":"product","2":"type-product","3":"status-publish","4":"has-post-thumbnail","6":"product_cat-ogien-produkty-flash","8":"first","9":"instock","10":"purchasable","11":"product-type-simple"},"_links":{"self":[{"href":"https:\/\/magiiik.netstory.com.pl\/index.php?rest_route=\/wp\/v2\/product\/11310","targetHints":{"allow":["GET"]}}],"collection":[{"href":"https:\/\/magiiik.netstory.com.pl\/index.php?rest_route=\/wp\/v2\/product"}],"about":[{"href":"https:\/\/magiiik.netstory.com.pl\/index.php?rest_route=\/wp\/v2\/types\/product"}],"replies":[{"embeddable":true,"href":"https:\/\/magiiik.netstory.com.pl\/index.php?rest_route=%2Fwp%2Fv2%2Fcomments&post=11310"}],"wp:featuredmedia":[{"embeddable":true,"href":"https:\/\/magiiik.netstory.com.pl\/index.php?rest_route=\/wp\/v2\/media\/11311"}],"wp:attachment":[{"href":"https:\/\/magiiik.netstory.com.pl\/index.php?rest_route=%2Fwp%2Fv2%2Fmedia&parent=11310"}],"wp:term":[{"taxonomy":"product_brand","embeddable":true,"href":"https:\/\/magiiik.netstory.com.pl\/index.php?rest_route=%2Fwp%2Fv2%2Fproduct_brand&post=11310"},{"taxonomy":"product_cat","embeddable":true,"href":"https:\/\/magiiik.netstory.com.pl\/index.php?rest_route=%2Fwp%2Fv2%2Fproduct_cat&post=11310"},{"taxonomy":"product_tag","embeddable":true,"href":"https:\/\/magiiik.netstory.com.pl\/index.php?rest_route=%2Fwp%2Fv2%2Fproduct_tag&post=11310"}],"curies":[{"name":"wp","href":"https:\/\/api.w.org\/{rel}","templated":true}]}}