{"id":11306,"date":"2025-09-19T13:50:22","date_gmt":"2025-09-19T11:50:22","guid":{"rendered":"https:\/\/magiiik.netstory.com.pl\/produkt\/prestige-dry-erase-by-sergey-koller-hide\/"},"modified":"2025-09-19T13:50:39","modified_gmt":"2025-09-19T11:50:39","slug":"prestige-dry-erase-by-sergey-koller-hide","status":"publish","type":"product","link":"https:\/\/magiiik.netstory.com.pl\/?product=prestige-dry-erase-by-sergey-koller-hide","title":{"rendered":"PRESTIGE DRY ERASE by Sergey Koller &#038; Hide"},"content":{"rendered":"<div style=\"text-align: center;\"><span class=\"Y2IQFc\" lang=\"pl\">Dlaczego ten efekt jest tak pot\u0119\u017cny? <\/span><\/div>\n<div style=\"text-align: center;\"><span class=\"Y2IQFc\" lang=\"pl\">To narz\u0119dzie, dzi\u0119ki kt\u00f3remu mo\u017cesz dostosowa\u0107 r\u00f3\u017cne\u00a0rzeczy dla r\u00f3\u017cnych odbiorc\u00f3w! <\/span><\/div>\n<div style=\"text-align: center;\"><span class=\"Y2IQFc\" lang=\"pl\">Pomy\u015bl o tym przez kilka sekund, aby\u015b m\u00f3g\u0142 doceni\u0107 warto\u015b\u0107 Prestige. <\/span><\/div>\n<div style=\"text-align: center;\">\u00a0<\/div>\n<div><span class=\"Y2IQFc\" lang=\"pl\">Mo\u017cesz pokaza\u0107 tyle rzeczy\/napis\u00f3w, ile chcesz, poniewa\u017c mo\u017cna je wymaza\u0107!\u00a0<\/span><\/div>\n<div><span class=\"Y2IQFc\" lang=\"pl\">Wymazywanie jest bardzo proste &#8211; wystarczy u\u017cy\u0107 \u015bciereczki, kt\u00f3r\u0105 dostarczyli\u015bmy w pakiecie. <\/span><\/div>\n<div>\u00a0<\/div>\n<div><span class=\"Y2IQFc\" lang=\"pl\">Mo\u017cliwo\u015bci Prestige s\u0105 niesamowite, mo\u017cna go wykorzysta\u0107 do magii komediowej, aby wywo\u0142a\u0107 reakcje emocjonalne lub wykorzysta\u0107 do stworzenia prawdziwego dramatycznego momentu.<\/span><\/div>\n<div>\u00a0<\/div>\n<div><span class=\"Y2IQFc\" lang=\"pl\">DWA\u00a0z setek z mo\u017cliwych scenariuszy: <\/span><\/div>\n<div>\u00a0<\/div>\n<div><span class=\"Y2IQFc\" lang=\"pl\"><strong>WESELE:\u00a0<\/strong>M\u00f3wisz widzom, \u017ce Para M\u0142oda chcia\u0142a sprawi\u0107, aby impreza by\u0142a jeszcze bardziej niezapomniana, dlatego zasponsorowa\u0142a 5 nagr\u00f3d.<\/span><\/div>\n<div><span class=\"Y2IQFc\" lang=\"pl\">Prosisz widza o wybranie jednego numeru.<\/span><\/div>\n<div><span class=\"Y2IQFc\" lang=\"pl\">Jakie nagrody by\u0142y do wygrania?<\/span><\/div>\n<div><span class=\"Y2IQFc\" lang=\"pl\">Samoch\u00f3d, 20.000 z\u0142 w got\u00f3wce, wycieczka na Malediwy, roczny zapas w\u00f3dki&#8230; ale nasz widz wybra\u0142 co\u015b innego: U\u015aCISK D\u0141ONI PANA M\u0141ODEGO!<\/span><\/div>\n<div>\u00a0<\/div>\n<div>\u00a0<\/div>\n<div style=\"text-align: center;\"><span class=\"Y2IQFc\" lang=\"pl\">Zalet\u0105 tej sztuczki jest to, \u017ce mo\u017cesz j\u0105 aktywowa\u0107 w dowolnym momencie i jest ca\u0142kowicie niewidoczna dla widz\u00f3w. <\/span><\/div>\n<div style=\"text-align: center;\"><span class=\"Y2IQFc\" lang=\"pl\">Jest \u201ezablokowana\u201d, dop\u00f3ki jej nie odblokujesz! <\/span><\/div>\n<div style=\"text-align: center;\">\u00a0<\/div>\n<div style=\"text-align: center;\"><span class=\"Y2IQFc\" lang=\"pl\">Ca\u0142o\u015b\u0107 zapakowana jest w eleganck\u0105, wykonan\u0105 na zam\u00f3wienie, aksamitn\u0105 torb\u0119 ochronn\u0105, kt\u00f3ra chroni ca\u0142y Tw\u00f3j zestaw. <\/span><\/div>\n<div>\u00a0<\/div>\n<div><em><strong><span class=\"Y2IQFc\" lang=\"pl\">\u201eJu\u017c\u00a0zastosowa\u0142em\u00a0to w moich programach i to zabija!\u201d <\/span><\/strong><\/em><\/div>\n<div><span class=\"Y2IQFc\" lang=\"pl\">&#8211; Kevin Li <\/span><\/div>\n<div>\u00a0<\/div>\n<div><span class=\"Y2IQFc\" lang=\"pl\">Bia\u0142e ramki s\u0105 do\u015b\u0107 du\u017ce, wi\u0119c widzowie mog\u0105 \u0142atwo zobaczy\u0107 tekst, nawet je\u015bli pracujesz na du\u017cej scenie <\/span><\/div>\n<div><span class=\"Y2IQFc\" lang=\"pl\">Plastikowe uchwyty posiadaj\u0105 p\u00f3\u0142okr\u0105g\u0142e otwory, kt\u00f3re znacznie u\u0142atwiaj\u0105 wyjmowanie z nich desek <\/span><\/div>\n<div>\u00a0<\/div>\n<div><span class=\"Y2IQFc\" lang=\"pl\">Gimmick\u00a0jest gotowy do pracy. <\/span><\/div>\n<div><span class=\"Y2IQFc\" lang=\"pl\">W zestawie znajduje si\u0119 r\u00f3wnie\u017c marker do tablicy i specjalna \u015bciereczka do \u015bcierania. <\/span><\/div>\n<div>\u00a0<\/div>\n<div><span class=\"Y2IQFc\" lang=\"pl\">W samouczku\u00a0znajdziesz 10 zab\u00f3jczych rutyn. Mo\u017cesz u\u017cy\u0107 tych\u00a0prezentacji lub stworzy\u0107 w\u0142asne!<\/span><\/div>\n<div>\u00a0<\/div>\n<div style=\"text-align: center;\"><strong><span class=\"Y2IQFc\" lang=\"pl\">Wyobra\u017a sobie moc rekwizytu, w kt\u00f3rym widz wybiera <\/span><\/strong><\/div>\n<div style=\"text-align: center;\"><strong><span class=\"Y2IQFc\" lang=\"pl\">DOWOLNY NUMER\/DOWOLN\u0104 TABLIC\u0118 a i tak wybierze t\u0105, KT\u00d3R\u0104 CHCESZ TY!<\/span><\/strong><\/div>\n<div style=\"text-align: center;\">\u00a0<\/div>\n<div style=\"text-align: center;\">\u00a0<\/div>\n<div style=\"text-align: center;\"><strong><span class=\"Y2IQFc\" lang=\"pl\"><iframe loading=\"lazy\" title=\"YouTube video player\" src=\"\/\/www.youtube.com\/embed\/JFJm__804Os\" width=\"560\" height=\"315\" frameborder=\"0\" allowfullscreen=\"allowfullscreen\"><\/iframe><\/span><\/strong><\/div>\n","protected":false},"excerpt":{"rendered":"<p>Dlaczego ten efekt jest tak pot\u0119\u017cny? To narz\u0119dzie, dzi\u0119ki kt\u00f3remu mo\u017cesz dostosowa\u0107 r\u00f3\u017cne\u00a0rzeczy dla r\u00f3\u017cnych odbiorc\u00f3w! Pomy\u015bl o tym przez kilka sekund, aby\u015b m\u00f3g\u0142 doceni\u0107 warto\u015b\u0107 Prestige. \u00a0 Mo\u017cesz pokaza\u0107&#8230;<\/p>\n","protected":false},"featured_media":11307,"comment_status":"closed","ping_status":"open","template":"","meta":[],"product_brand":[],"product_cat":[65],"product_tag":[],"class_list":{"0":"post-11306","1":"product","2":"type-product","3":"status-publish","4":"has-post-thumbnail","6":"product_cat-iluzja-sceniczna-iluzja-sceniczna","8":"first","9":"instock","10":"purchasable","11":"product-type-simple"},"_links":{"self":[{"href":"https:\/\/magiiik.netstory.com.pl\/index.php?rest_route=\/wp\/v2\/product\/11306","targetHints":{"allow":["GET"]}}],"collection":[{"href":"https:\/\/magiiik.netstory.com.pl\/index.php?rest_route=\/wp\/v2\/product"}],"about":[{"href":"https:\/\/magiiik.netstory.com.pl\/index.php?rest_route=\/wp\/v2\/types\/product"}],"replies":[{"embeddable":true,"href":"https:\/\/magiiik.netstory.com.pl\/index.php?rest_route=%2Fwp%2Fv2%2Fcomments&post=11306"}],"wp:featuredmedia":[{"embeddable":true,"href":"https:\/\/magiiik.netstory.com.pl\/index.php?rest_route=\/wp\/v2\/media\/11307"}],"wp:attachment":[{"href":"https:\/\/magiiik.netstory.com.pl\/index.php?rest_route=%2Fwp%2Fv2%2Fmedia&parent=11306"}],"wp:term":[{"taxonomy":"product_brand","embeddable":true,"href":"https:\/\/magiiik.netstory.com.pl\/index.php?rest_route=%2Fwp%2Fv2%2Fproduct_brand&post=11306"},{"taxonomy":"product_cat","embeddable":true,"href":"https:\/\/magiiik.netstory.com.pl\/index.php?rest_route=%2Fwp%2Fv2%2Fproduct_cat&post=11306"},{"taxonomy":"product_tag","embeddable":true,"href":"https:\/\/magiiik.netstory.com.pl\/index.php?rest_route=%2Fwp%2Fv2%2Fproduct_tag&post=11306"}],"curies":[{"name":"wp","href":"https:\/\/api.w.org\/{rel}","templated":true}]}}