{"id":11292,"date":"2025-09-19T13:50:22","date_gmt":"2025-09-19T11:50:22","guid":{"rendered":"https:\/\/magiiik.netstory.com.pl\/produkt\/karty-harry-potter\/"},"modified":"2025-09-19T13:50:26","modified_gmt":"2025-09-19T11:50:26","slug":"karty-harry-potter","status":"publish","type":"product","link":"https:\/\/magiiik.netstory.com.pl\/?product=karty-harry-potter","title":{"rendered":"Karty HARRY POTTER"},"content":{"rendered":"<div class=\"\" data-block=\"true\" data-editor=\"big9s\" data-offset-key=\"v0a8-0-0\">\n<div class=\"_1mf _1mj\" data-offset-key=\"v0a8-0-0\"><span data-offset-key=\"v0a8-0-0\"><span data-text=\"true\">Twoje<\/span><\/span><span data-offset-key=\"v0a8-1-0\"><span data-text=\"true\"> ulubione postacie o\u017cywione<\/span><\/span><\/div><\/div>\n<div class=\"\" data-block=\"true\" data-editor=\"big9s\" data-offset-key=\"3tlnh-0-0\">\n<div class=\"_1mf _1mj\" data-offset-key=\"3tlnh-0-0\"><span data-offset-key=\"3tlnh-0-0\"><span data-text=\"true\">Karty do gry premium wed\u0142ug Theory11 zawieraj\u0105ce wszystkie twoje ulubione postacie w czterech urzekaj\u0105cych wersjach kolorystycznych, <\/span><\/span><\/div>\n<div class=\"_1mf _1mj\" data-offset-key=\"3tlnh-0-0\"><span data-offset-key=\"3tlnh-0-0\"><span data-text=\"true\">reprezentuj\u0105cych cztery domy Hogwartu: Gryffindor, Slytherin, Ravenclaw i Hufflepuff! ..<\/span><\/span><\/div>\n<div class=\"_1mf _1mj\" data-offset-key=\"3tlnh-0-0\">\u00a0<\/div>\n<div class=\"_1mf _1mj\" data-offset-key=\"3tlnh-0-0\"><span data-offset-key=\"3tlnh-0-0\"><span data-text=\"true\">prze\u017cyj na nowo najbardziej pami\u0119tne momenty kultowej serii za ka\u017cdym razem, gdy karty zostan\u0105 wyj\u0119te do gry.<\/span><\/span><\/div><\/div>\n<div class=\"\" data-block=\"true\" data-editor=\"big9s\" data-offset-key=\"duj87-0-0\">\n<div class=\"_1mf _1mj\" data-offset-key=\"duj87-0-0\"><span data-offset-key=\"duj87-0-0\">\u00a0<\/span><\/div><\/div>\n<div class=\"\" data-block=\"true\" data-editor=\"big9s\" data-offset-key=\"250nh-0-0\">\n<div class=\"_1mf _1mj\" data-offset-key=\"250nh-0-0\"><span data-offset-key=\"250nh-0-0\"><span data-text=\"true\">Opakowanie zewn\u0119trzne<\/span><\/span><\/div><\/div>\n<div class=\"\" data-block=\"true\" data-editor=\"big9s\" data-offset-key=\"cgqba-0-0\">\n<div class=\"_1mf _1mj\" data-offset-key=\"cgqba-0-0\"><span data-offset-key=\"cgqba-0-0\"><span data-text=\"true\">ZACHWYCAJ\u0104CY DESIGN<\/span><\/span><\/div><\/div>\n<div class=\"\" data-block=\"true\" data-editor=\"big9s\" data-offset-key=\"a7ebs-0-0\">\n<div class=\"_1mf _1mj\" data-offset-key=\"a7ebs-0-0\"><span data-offset-key=\"a7ebs-0-0\">\u00a0<\/span><\/div><\/div>\n<div class=\"\" data-block=\"true\" data-editor=\"big9s\" data-offset-key=\"6v6bi-0-0\">\n<div class=\"_1mf _1mj\" data-offset-key=\"6v6bi-0-0\"><span data-offset-key=\"6v6bi-0-0\"><span data-text=\"true\">Opakowanie zewn\u0119trzne jest po prostu magiczne. Bogata, ozdobna z\u0142ota folia. Uderzaj\u0105ce akcenty z folii w kolorze domu. Precyzyjne, bardzo szczeg\u00f3\u0142owe t\u0142oczenie. ..Pude\u0142ko, kt\u00f3re jest luksusowe w dotyku i pod ka\u017cdym k\u0105tem.<\/span><\/span><\/div><\/div>\n<div class=\"\" data-block=\"true\" data-editor=\"big9s\" data-offset-key=\"1oc51-0-0\">\n<div class=\"_1mf _1mj\" data-offset-key=\"1oc51-0-0\"><span data-offset-key=\"1oc51-0-0\">\u00a0<\/span><\/div><\/div>\n<div class=\"\" data-block=\"true\" data-editor=\"big9s\" data-offset-key=\"3qqlo-0-0\">\n<div class=\"_1mf _1mj\" data-offset-key=\"3qqlo-0-0\"><span data-offset-key=\"3qqlo-0-0\"><span data-text=\"true\">\u015awiat Harry&#8217;ego Pottera w Twoich r\u0119kach<\/span><\/span><\/div><\/div>\n<div class=\"\" data-block=\"true\" data-editor=\"big9s\" data-offset-key=\"77k32-0-0\">\n<div class=\"_1mf _1mj\" data-offset-key=\"77k32-0-0\"><span data-offset-key=\"77k32-0-0\"><span data-text=\"true\">Twoje ulubione postacie zosta\u0142y o\u017cywione! Harry z dum\u0105 trzyma Z\u0142oty Znicz i swojego Nimbusa 2000. Voldemort dzier\u017cy r\u00f3\u017cd\u017ck\u0119 wykonan\u0105 z cisu. ..Snape uczy na lekcjach eliksir\u00f3w ze swoim podr\u0119cznikiem do robienia eliksir\u00f3w. Luna Lovegood nosi swoje charakterystyczne Spectrespecs, a tak\u017ce wiele innych postaci!<\/span><\/span><\/div><\/div>\n<div class=\"\" data-block=\"true\" data-editor=\"big9s\" data-offset-key=\"1arcm-0-0\">\n<div class=\"_1mf _1mj\" data-offset-key=\"1arcm-0-0\"><span data-offset-key=\"1arcm-0-0\">\u00a0<\/span><\/div><\/div>\n<div class=\"\" data-block=\"true\" data-editor=\"big9s\" data-offset-key=\"f6ct7-0-0\">\n<div class=\"_1mf _1mj\" data-offset-key=\"f6ct7-0-0\"><span data-offset-key=\"f6ct7-0-0\"><span data-text=\"true\">Niezr\u00f3wnana jako\u015b\u0107 druku<\/span><\/span><\/div><\/div>\n<div class=\"\" data-block=\"true\" data-editor=\"big9s\" data-offset-key=\"etoqu-0-0\">\n<div class=\"_1mf _1mj\" data-offset-key=\"etoqu-0-0\"><span data-offset-key=\"etoqu-0-0\"><span data-text=\"true\">WYPRODUKOWANY W AMERYCE<\/span><\/span><\/div><\/div>\n<div class=\"\" data-block=\"true\" data-editor=\"big9s\" data-offset-key=\"45coq-0-0\">\n<div class=\"_1mf _1mj\" data-offset-key=\"45coq-0-0\"><span data-offset-key=\"45coq-0-0\">\u00a0<\/span><\/div><\/div>\n<div class=\"\" data-block=\"true\" data-editor=\"big9s\" data-offset-key=\"4n7j5-0-0\">\n<div class=\"_1mf _1mj\" data-offset-key=\"4n7j5-0-0\"><span data-offset-key=\"4n7j5-0-0\"><span data-text=\"true\">teoria11 produkuje najlepsze na \u015bwiecie karty do gry. ..same karty s\u0105 produkowane w USA \u2013 drukowane na papierze z certyfikatem FSC, pochodz\u0105cym ze zr\u00f3wnowa\u017conych las\u00f3w, atramentach ro\u015blinnych i laminatach skrobiowych.<\/span><\/span><\/div><\/div>\n<div class=\"\" data-block=\"true\" data-editor=\"big9s\" data-offset-key=\"h3cg-0-0\">\u00a0<\/div>\n<div class=\"\" data-block=\"true\" data-editor=\"big9s\" data-offset-key=\"h3cg-0-0\">\u00a0<\/div>\n<div class=\"\" data-block=\"true\" data-editor=\"big9s\" data-offset-key=\"h3cg-0-0\">\n<div class=\"\" data-block=\"true\" data-editor=\"big9s\" data-offset-key=\"dag1b-0-0\">\n<div class=\"_1mf _1mj\" data-offset-key=\"dag1b-0-0\"><span data-offset-key=\"dag1b-0-0\"><span data-text=\"true\">..<\/span><\/span><span data-offset-key=\"dag1b-1-0\"><span data-text=\"true\">Karty<\/span><\/span><span data-offset-key=\"dag1b-2-0\"><span data-text=\"true\"> do gry Harry Potter zawieraj\u0105 ca\u0142kowicie niestandardow\u0105 grafik\u0119 w ka\u017cdym aspekcie projektu, z asami, jokerami, projektami pude\u0142ek i kartami s\u0105dowymi inspirowanymi bezpo\u015brednio ulubionymi postaciami i wydarzeniami w czarodziejskim \u015bwiecie.<\/span><\/span><\/div><\/div>\n<div class=\"\" data-block=\"true\" data-editor=\"big9s\" data-offset-key=\"58ivr-0-0\">\n<div class=\"_1mf _1mj\" data-offset-key=\"58ivr-0-0\"><span data-offset-key=\"58ivr-0-0\"><span data-text=\"true\">..Karty do gry Harry Potter to doskona\u0142y ho\u0142d dla czarodziejskiego \u015bwiata. Od Kamienia Filozoficznego po Insygnia \u015amierci, \u015bled\u017a i do\u015bwiadczaj fabu\u0142y i jej kultowych moment\u00f3w za ka\u017cdym razem, gdy trzymasz je w twoich r\u0119kach..<\/span><\/span><\/div><\/div><\/div>\n","protected":false},"excerpt":{"rendered":"<p>Twoje ulubione postacie o\u017cywione Karty do gry premium wed\u0142ug Theory11 zawieraj\u0105ce wszystkie twoje ulubione postacie w czterech urzekaj\u0105cych wersjach kolorystycznych, reprezentuj\u0105cych cztery domy Hogwartu: Gryffindor, Slytherin, Ravenclaw i Hufflepuff! &#8230;..<\/p>\n","protected":false},"featured_media":11293,"comment_status":"closed","ping_status":"open","template":"","meta":[],"product_brand":[],"product_cat":[46],"product_tag":[],"class_list":{"0":"post-11292","1":"product","2":"type-product","3":"status-publish","4":"has-post-thumbnail","6":"product_cat-mikro-iluzja-close-up-karty-kolekcjonerskie","8":"first","9":"instock","10":"purchasable","11":"product-type-simple"},"_links":{"self":[{"href":"https:\/\/magiiik.netstory.com.pl\/index.php?rest_route=\/wp\/v2\/product\/11292","targetHints":{"allow":["GET"]}}],"collection":[{"href":"https:\/\/magiiik.netstory.com.pl\/index.php?rest_route=\/wp\/v2\/product"}],"about":[{"href":"https:\/\/magiiik.netstory.com.pl\/index.php?rest_route=\/wp\/v2\/types\/product"}],"replies":[{"embeddable":true,"href":"https:\/\/magiiik.netstory.com.pl\/index.php?rest_route=%2Fwp%2Fv2%2Fcomments&post=11292"}],"wp:featuredmedia":[{"embeddable":true,"href":"https:\/\/magiiik.netstory.com.pl\/index.php?rest_route=\/wp\/v2\/media\/11293"}],"wp:attachment":[{"href":"https:\/\/magiiik.netstory.com.pl\/index.php?rest_route=%2Fwp%2Fv2%2Fmedia&parent=11292"}],"wp:term":[{"taxonomy":"product_brand","embeddable":true,"href":"https:\/\/magiiik.netstory.com.pl\/index.php?rest_route=%2Fwp%2Fv2%2Fproduct_brand&post=11292"},{"taxonomy":"product_cat","embeddable":true,"href":"https:\/\/magiiik.netstory.com.pl\/index.php?rest_route=%2Fwp%2Fv2%2Fproduct_cat&post=11292"},{"taxonomy":"product_tag","embeddable":true,"href":"https:\/\/magiiik.netstory.com.pl\/index.php?rest_route=%2Fwp%2Fv2%2Fproduct_tag&post=11292"}],"curies":[{"name":"wp","href":"https:\/\/api.w.org\/{rel}","templated":true}]}}