{"id":11288,"date":"2025-09-19T13:50:22","date_gmt":"2025-09-19T11:50:22","guid":{"rendered":"https:\/\/magiiik.netstory.com.pl\/produkt\/fake-milk-falszywe-mleko\/"},"modified":"2025-09-19T13:50:25","modified_gmt":"2025-09-19T11:50:25","slug":"fake-milk-falszywe-mleko","status":"publish","type":"product","link":"https:\/\/magiiik.netstory.com.pl\/?product=fake-milk-falszywe-mleko","title":{"rendered":"Fake Milk &#8211; fa\u0142szywe mleko"},"content":{"rendered":"<p style=\"text-align: center;\"><span style=\"font-size: 12pt; font-family: arial, helvetica, sans-serif;\"><strong>Milk Tex<\/strong>, czyli &#8222;fa\u0142szywe mleko&#8221; by\u0142o u\u017cywane w magicznych efektach od pokole\u0144!<\/span><\/p>\n<p style=\"text-align: center;\"><span style=\"font-size: 12pt; font-family: arial, helvetica, sans-serif;\">Wygl\u0105da jak prawdziwe mleko, jest o tyle wygodne, \u017ce nie niszczy rekwizyt\u00f3w, nie psuje si\u0119, nie pozostawia osadu, czyszczenie po nim jest szybkie i \u0142atwe.<\/span><\/p>\n<p style=\"text-align: center;\"><span style=\"font-size: 12pt; font-family: arial, helvetica, sans-serif;\">&#8211; wygl\u0105da bardzo realistycznie;<\/span><\/p>\n<p style=\"text-align: center;\"><span style=\"font-size: 12pt; font-family: arial, helvetica, sans-serif;\">&#8211; czy\u015bcie si\u0119 zwyk\u0142\u0105 wod\u0105;<\/span><\/p>\n<p style=\"text-align: center;\"><span style=\"font-size: 12pt; font-family: arial, helvetica, sans-serif;\">&#8211; nie psuje si\u0119.<\/span><\/p>\n<p style=\"text-align: center;\"><span style=\"font-size: 12pt; font-family: arial, helvetica, sans-serif;\">Produkt idealny do &#8222;<strong>Milk Pitcher&#8217;a<\/strong>&#8221; oraz innych efekt\u00f3w tego typu. Brak konieczno\u015bci ch\u0142odzenia, po otwarciu gotowy do u\u017cycia.\u00a0<\/span><\/p>\n<p>\u00a0<\/p>\n","protected":false},"excerpt":{"rendered":"<p>Milk Tex, czyli &#8222;fa\u0142szywe mleko&#8221; by\u0142o u\u017cywane w magicznych efektach od pokole\u0144! Wygl\u0105da jak prawdziwe mleko, jest o tyle wygodne, \u017ce nie niszczy rekwizyt\u00f3w, nie psuje si\u0119, nie pozostawia osadu,&#8230;<\/p>\n","protected":false},"featured_media":11289,"comment_status":"closed","ping_status":"open","template":"","meta":[],"product_brand":[],"product_cat":[60],"product_tag":[],"class_list":{"0":"post-11288","1":"product","2":"type-product","3":"status-publish","4":"has-post-thumbnail","6":"product_cat-akcesoria-zele-pudry-snowstorm-refile-i-inne","8":"first","9":"instock","10":"purchasable","11":"product-type-simple"},"_links":{"self":[{"href":"https:\/\/magiiik.netstory.com.pl\/index.php?rest_route=\/wp\/v2\/product\/11288","targetHints":{"allow":["GET"]}}],"collection":[{"href":"https:\/\/magiiik.netstory.com.pl\/index.php?rest_route=\/wp\/v2\/product"}],"about":[{"href":"https:\/\/magiiik.netstory.com.pl\/index.php?rest_route=\/wp\/v2\/types\/product"}],"replies":[{"embeddable":true,"href":"https:\/\/magiiik.netstory.com.pl\/index.php?rest_route=%2Fwp%2Fv2%2Fcomments&post=11288"}],"wp:featuredmedia":[{"embeddable":true,"href":"https:\/\/magiiik.netstory.com.pl\/index.php?rest_route=\/wp\/v2\/media\/11289"}],"wp:attachment":[{"href":"https:\/\/magiiik.netstory.com.pl\/index.php?rest_route=%2Fwp%2Fv2%2Fmedia&parent=11288"}],"wp:term":[{"taxonomy":"product_brand","embeddable":true,"href":"https:\/\/magiiik.netstory.com.pl\/index.php?rest_route=%2Fwp%2Fv2%2Fproduct_brand&post=11288"},{"taxonomy":"product_cat","embeddable":true,"href":"https:\/\/magiiik.netstory.com.pl\/index.php?rest_route=%2Fwp%2Fv2%2Fproduct_cat&post=11288"},{"taxonomy":"product_tag","embeddable":true,"href":"https:\/\/magiiik.netstory.com.pl\/index.php?rest_route=%2Fwp%2Fv2%2Fproduct_tag&post=11288"}],"curies":[{"name":"wp","href":"https:\/\/api.w.org\/{rel}","templated":true}]}}