{"id":11258,"date":"2025-09-19T13:49:52","date_gmt":"2025-09-19T11:49:52","guid":{"rendered":"https:\/\/magiiik.netstory.com.pl\/produkt\/profesjonalna-rozdzka\/"},"modified":"2025-09-19T13:50:05","modified_gmt":"2025-09-19T11:50:05","slug":"profesjonalna-rozdzka","status":"publish","type":"product","link":"https:\/\/magiiik.netstory.com.pl\/?product=profesjonalna-rozdzka","title":{"rendered":"Profesjonalna R\u00f3\u017cd\u017cka"},"content":{"rendered":"<div id=\"tw-target-text\" class=\"tw-data-text tw-text-large XcVN5d tw-ta\" dir=\"ltr\" style=\"text-align: center;\" data-placeholder=\"T\u0142umaczenie\"><span class=\"Y2IQFc\" lang=\"pl\">Profesjonalna r\u00f3\u017cd\u017cka posiada r\u0119cznie woskowan\u0105 i polerowan\u0105 hebanow\u0105 r\u0119koje\u015b\u0107 ze srebrnymi ko\u0144c\u00f3wkami. <\/span><\/div>\n<div class=\"tw-data-text tw-text-large XcVN5d tw-ta\" dir=\"ltr\" style=\"text-align: center;\" data-placeholder=\"T\u0142umaczenie\"><span class=\"Y2IQFc\" lang=\"pl\">Szukali\u015bmy idealnej d\u0142ugo\u015bci, \u015brednicy i wagi do u\u017cytkowania, kr\u0119cenia i znikania. <\/span><\/div>\n<div class=\"tw-data-text tw-text-large XcVN5d tw-ta\" dir=\"ltr\" style=\"text-align: center;\" data-placeholder=\"T\u0142umaczenie\"><span class=\"Y2IQFc\" lang=\"pl\">Te r\u00f3\u017cd\u017cki s\u0105 doskonale wywa\u017cone i prezentuj\u0105 si\u0119 bardzo elegancko. <\/span><\/div>\n<div class=\"tw-data-text tw-text-large XcVN5d tw-ta\" dir=\"ltr\" style=\"text-align: center;\" data-placeholder=\"T\u0142umaczenie\">\u00a0<\/div>\n<div class=\"tw-data-text tw-text-large XcVN5d tw-ta\" dir=\"ltr\" style=\"text-align: center;\" data-placeholder=\"T\u0142umaczenie\"><span class=\"Y2IQFc\" lang=\"pl\">Ka\u017cda r\u00f3\u017cd\u017cka jest dostarczana w osobnej aksamitnej torbie ze sznurkiem i zawiera \u015bciereczk\u0119 do czyszczenia. <\/span><\/div>\n<div class=\"tw-data-text tw-text-large XcVN5d tw-ta\" dir=\"ltr\" style=\"text-align: center;\" data-placeholder=\"T\u0142umaczenie\">\u00a0<\/div>\n<div class=\"tw-data-text tw-text-large XcVN5d tw-ta\" dir=\"ltr\" style=\"text-align: center;\" data-placeholder=\"T\u0142umaczenie\"><span class=\"Y2IQFc\" lang=\"pl\">Zawiera: <\/span><\/div>\n<div class=\"tw-data-text tw-text-large XcVN5d tw-ta\" dir=\"ltr\" style=\"text-align: center;\" data-placeholder=\"T\u0142umaczenie\"><span class=\"Y2IQFc\" lang=\"pl\">1 hebanowa r\u00f3\u017cd\u017cka ze srebrnymi ko\u0144c\u00f3wkami <\/span><\/div>\n<div class=\"tw-data-text tw-text-large XcVN5d tw-ta\" dir=\"ltr\" style=\"text-align: center;\" data-placeholder=\"T\u0142umaczenie\"><span class=\"Y2IQFc\" lang=\"pl\">1 aksamitna torba ze sznurkiem <\/span><\/div>\n<div class=\"tw-data-text tw-text-large XcVN5d tw-ta\" dir=\"ltr\" style=\"text-align: center;\" data-placeholder=\"T\u0142umaczenie\"><span class=\"Y2IQFc\" lang=\"pl\">1 \u015bciereczka do czyszczenia <\/span><\/div>\n<div class=\"tw-data-text tw-text-large XcVN5d tw-ta\" dir=\"ltr\" style=\"text-align: center;\" data-placeholder=\"T\u0142umaczenie\">\u00a0<\/div>\n<div class=\"tw-data-text tw-text-large XcVN5d tw-ta\" dir=\"ltr\" style=\"text-align: center;\" data-placeholder=\"T\u0142umaczenie\"><span class=\"Y2IQFc\" lang=\"pl\">13,5 cala d\u0142ugo\u015bci \u015arednica 3\/8 cala<\/span><\/div>\n<div class=\"tw-data-text tw-text-large XcVN5d tw-ta\" dir=\"ltr\" style=\"text-align: center;\" data-placeholder=\"T\u0142umaczenie\">\u00a0<\/div>\n<div class=\"tw-data-text tw-text-large XcVN5d tw-ta\" dir=\"ltr\" style=\"text-align: center;\" data-placeholder=\"T\u0142umaczenie\"><span class=\"Y2IQFc\" lang=\"pl\"><img loading=\"lazy\" decoding=\"async\" src=\"\/userdata\/public\/assets\/\/W2.png\" alt=\"\" width=\"740\" height=\"416\" \/><\/span><\/div>\n","protected":false},"excerpt":{"rendered":"<p>Profesjonalna r\u00f3\u017cd\u017cka posiada r\u0119cznie woskowan\u0105 i polerowan\u0105 hebanow\u0105 r\u0119koje\u015b\u0107 ze srebrnymi ko\u0144c\u00f3wkami. Szukali\u015bmy idealnej d\u0142ugo\u015bci, \u015brednicy i wagi do u\u017cytkowania, kr\u0119cenia i znikania. Te r\u00f3\u017cd\u017cki s\u0105 doskonale wywa\u017cone i prezentuj\u0105&#8230;<\/p>\n","protected":false},"featured_media":11259,"comment_status":"closed","ping_status":"open","template":"","meta":[],"product_brand":[],"product_cat":[43],"product_tag":[],"class_list":{"0":"post-11258","1":"product","2":"type-product","3":"status-publish","4":"has-post-thumbnail","6":"product_cat-akcesoria-rozdzki","8":"first","9":"instock","10":"purchasable","11":"product-type-simple"},"_links":{"self":[{"href":"https:\/\/magiiik.netstory.com.pl\/index.php?rest_route=\/wp\/v2\/product\/11258","targetHints":{"allow":["GET"]}}],"collection":[{"href":"https:\/\/magiiik.netstory.com.pl\/index.php?rest_route=\/wp\/v2\/product"}],"about":[{"href":"https:\/\/magiiik.netstory.com.pl\/index.php?rest_route=\/wp\/v2\/types\/product"}],"replies":[{"embeddable":true,"href":"https:\/\/magiiik.netstory.com.pl\/index.php?rest_route=%2Fwp%2Fv2%2Fcomments&post=11258"}],"wp:featuredmedia":[{"embeddable":true,"href":"https:\/\/magiiik.netstory.com.pl\/index.php?rest_route=\/wp\/v2\/media\/11259"}],"wp:attachment":[{"href":"https:\/\/magiiik.netstory.com.pl\/index.php?rest_route=%2Fwp%2Fv2%2Fmedia&parent=11258"}],"wp:term":[{"taxonomy":"product_brand","embeddable":true,"href":"https:\/\/magiiik.netstory.com.pl\/index.php?rest_route=%2Fwp%2Fv2%2Fproduct_brand&post=11258"},{"taxonomy":"product_cat","embeddable":true,"href":"https:\/\/magiiik.netstory.com.pl\/index.php?rest_route=%2Fwp%2Fv2%2Fproduct_cat&post=11258"},{"taxonomy":"product_tag","embeddable":true,"href":"https:\/\/magiiik.netstory.com.pl\/index.php?rest_route=%2Fwp%2Fv2%2Fproduct_tag&post=11258"}],"curies":[{"name":"wp","href":"https:\/\/api.w.org\/{rel}","templated":true}]}}