{"id":11255,"date":"2025-09-19T13:49:52","date_gmt":"2025-09-19T11:49:52","guid":{"rendered":"https:\/\/magiiik.netstory.com.pl\/produkt\/rozdzka-giggle-stick\/"},"modified":"2025-09-19T13:50:04","modified_gmt":"2025-09-19T11:50:04","slug":"rozdzka-giggle-stick","status":"publish","type":"product","link":"https:\/\/magiiik.netstory.com.pl\/?product=rozdzka-giggle-stick","title":{"rendered":"R\u00f3\u017cd\u017cka Giggle Stick"},"content":{"rendered":"<p style=\"text-align: center;\">Ta magiczna r\u00f3\u017cd\u017cka z chichocz\u0105cym d\u017awi\u0119kiem jest bardzo \u0142atwa w u\u017cyciu.<\/p>\n<p style=\"text-align: center;\">Po prostu poruszaj ni\u0105 w g\u00f3r\u0119 i w d\u00f3\u0142 i&#8230; us\u0142yszysz chichot \ud83d\ude42<\/p>\n<p style=\"text-align: center;\"><iframe loading=\"lazy\" title=\"YouTube video player\" src=\"\/\/www.youtube.com\/embed\/U3OgiZQY_84\" width=\"560\" height=\"315\" frameborder=\"0\" allowfullscreen=\"allowfullscreen\"><\/iframe><\/p>\n","protected":false},"excerpt":{"rendered":"<p>Ta magiczna r\u00f3\u017cd\u017cka z chichocz\u0105cym d\u017awi\u0119kiem jest bardzo \u0142atwa w u\u017cyciu. Po prostu poruszaj ni\u0105 w g\u00f3r\u0119 i w d\u00f3\u0142 i&#8230; us\u0142yszysz chichot \ud83d\ude42<\/p>\n","protected":false},"featured_media":11256,"comment_status":"closed","ping_status":"open","template":"","meta":[],"product_brand":[],"product_cat":[18],"product_tag":[],"class_list":{"0":"post-11255","1":"product","2":"type-product","3":"status-publish","4":"has-post-thumbnail","6":"product_cat-iluzja-dla-dzieci","8":"first","9":"instock","10":"purchasable","11":"product-type-simple"},"_links":{"self":[{"href":"https:\/\/magiiik.netstory.com.pl\/index.php?rest_route=\/wp\/v2\/product\/11255","targetHints":{"allow":["GET"]}}],"collection":[{"href":"https:\/\/magiiik.netstory.com.pl\/index.php?rest_route=\/wp\/v2\/product"}],"about":[{"href":"https:\/\/magiiik.netstory.com.pl\/index.php?rest_route=\/wp\/v2\/types\/product"}],"replies":[{"embeddable":true,"href":"https:\/\/magiiik.netstory.com.pl\/index.php?rest_route=%2Fwp%2Fv2%2Fcomments&post=11255"}],"wp:featuredmedia":[{"embeddable":true,"href":"https:\/\/magiiik.netstory.com.pl\/index.php?rest_route=\/wp\/v2\/media\/11256"}],"wp:attachment":[{"href":"https:\/\/magiiik.netstory.com.pl\/index.php?rest_route=%2Fwp%2Fv2%2Fmedia&parent=11255"}],"wp:term":[{"taxonomy":"product_brand","embeddable":true,"href":"https:\/\/magiiik.netstory.com.pl\/index.php?rest_route=%2Fwp%2Fv2%2Fproduct_brand&post=11255"},{"taxonomy":"product_cat","embeddable":true,"href":"https:\/\/magiiik.netstory.com.pl\/index.php?rest_route=%2Fwp%2Fv2%2Fproduct_cat&post=11255"},{"taxonomy":"product_tag","embeddable":true,"href":"https:\/\/magiiik.netstory.com.pl\/index.php?rest_route=%2Fwp%2Fv2%2Fproduct_tag&post=11255"}],"curies":[{"name":"wp","href":"https:\/\/api.w.org\/{rel}","templated":true}]}}