{"id":11249,"date":"2025-09-19T13:49:52","date_gmt":"2025-09-19T11:49:52","guid":{"rendered":"https:\/\/magiiik.netstory.com.pl\/produkt\/ivy-envelope\/"},"modified":"2025-09-19T13:49:59","modified_gmt":"2025-09-19T11:49:59","slug":"ivy-envelope","status":"publish","type":"product","link":"https:\/\/magiiik.netstory.com.pl\/?product=ivy-envelope","title":{"rendered":"IVY ENVELOPE"},"content":{"rendered":"<div id=\"tw-target-text\" class=\"tw-data-text tw-text-large XcVN5d tw-ta\" dir=\"ltr\" style=\"text-align: center;\" data-placeholder=\"T\u0142umaczenie\"><span class=\"Y2IQFc\" lang=\"pl\">Ta koperta jest jednym z najsubtelniejszych urz\u0105dze\u0144\u00a0&#8222;podmieniaj\u0105cych&#8221; na rynku! <\/span><\/div>\n<div class=\"tw-data-text tw-text-large XcVN5d tw-ta\" dir=\"ltr\" style=\"text-align: center;\" data-placeholder=\"T\u0142umaczenie\">\u00a0<\/div>\n<div class=\"tw-data-text tw-text-large XcVN5d tw-ta\" dir=\"ltr\" style=\"text-align: center;\" data-placeholder=\"T\u0142umaczenie\"><span class=\"Y2IQFc\" lang=\"pl\">Prezentowane z dum\u0105 przez Danny&#8217;ego Weisera, Bonda Lee i Magicism Store. <\/span><\/div>\n<div class=\"tw-data-text tw-text-large XcVN5d tw-ta\" dir=\"ltr\" style=\"text-align: center;\" data-placeholder=\"T\u0142umaczenie\">\u00a0<\/div>\n<div class=\"tw-data-text tw-text-large XcVN5d tw-ta\" dir=\"ltr\" style=\"text-align: center;\" data-placeholder=\"T\u0142umaczenie\"><span class=\"Y2IQFc\" lang=\"pl\">Wyobra\u017a sobie, \u017ce masz mo\u017cliwo\u015b\u0107\u00a0bezproblemowej\u00a0zamiany ma\u0142ego obiektu \u2013 jak pot\u0119\u017cne by\u0142oby to w Twoich wyst\u0119pach? <\/span><\/div>\n<div class=\"tw-data-text tw-text-large XcVN5d tw-ta\" dir=\"ltr\" style=\"text-align: center;\" data-placeholder=\"T\u0142umaczenie\">\u00a0<\/div>\n<div class=\"tw-data-text tw-text-large XcVN5d tw-ta\" dir=\"ltr\" style=\"text-align: center;\" data-placeholder=\"T\u0142umaczenie\"><span class=\"Y2IQFc\" lang=\"pl\">IVY ENVELOPE to narz\u0119dzie typowo &#8222;workerskie&#8221;, kt\u00f3re pozwala na czyste wykonanie wielu efekt\u00f3w. <\/span><\/div>\n<div class=\"tw-data-text tw-text-large XcVN5d tw-ta\" dir=\"ltr\" style=\"text-align: center;\" data-placeholder=\"T\u0142umaczenie\">\u00a0<\/div>\n<div class=\"tw-data-text tw-text-large XcVN5d tw-ta\" dir=\"ltr\" style=\"text-align: center;\" data-placeholder=\"T\u0142umaczenie\"><strong><span class=\"Y2IQFc\" lang=\"pl\">Wystarczy wymieni\u0107 kilka przyk\u0142ad\u00f3w: <\/span><\/strong><\/div>\n<div class=\"tw-data-text tw-text-large XcVN5d tw-ta\" dir=\"ltr\" style=\"text-align: center;\" data-placeholder=\"T\u0142umaczenie\"><span class=\"Y2IQFc\" lang=\"pl\">&#8211; Podpisana karta w niemo\u017cliwej lokalizacji <\/span><\/div>\n<div class=\"tw-data-text tw-text-large XcVN5d tw-ta\" dir=\"ltr\" style=\"text-align: center;\" data-placeholder=\"T\u0142umaczenie\"><span class=\"Y2IQFc\" lang=\"pl\">&#8211; Mentalizm <\/span><\/div>\n<div class=\"tw-data-text tw-text-large XcVN5d tw-ta\" dir=\"ltr\" style=\"text-align: center;\" data-placeholder=\"T\u0142umaczenie\"><span class=\"Y2IQFc\" lang=\"pl\">&#8211; Prognoza <\/span><\/div>\n<div class=\"tw-data-text tw-text-large XcVN5d tw-ta\" dir=\"ltr\" style=\"text-align: center;\" data-placeholder=\"T\u0142umaczenie\"><span class=\"Y2IQFc\" lang=\"pl\">&#8211; Pojawianie si\u0119 i znikanie ma\u0142ych przedmiot\u00f3w <\/span><\/div>\n<div class=\"tw-data-text tw-text-large XcVN5d tw-ta\" dir=\"ltr\" style=\"text-align: center;\" data-placeholder=\"T\u0142umaczenie\">\u00a0<\/div>\n<div class=\"tw-data-text tw-text-large XcVN5d tw-ta\" dir=\"ltr\" style=\"text-align: center;\" data-placeholder=\"T\u0142umaczenie\"><span class=\"Y2IQFc\" lang=\"pl\">B\u0105d\u017a kreatywny!<\/span><\/div>\n<div class=\"tw-data-text tw-text-large XcVN5d tw-ta\" dir=\"ltr\" style=\"text-align: center;\" data-placeholder=\"T\u0142umaczenie\">\u00a0<\/div>\n<div class=\"tw-data-text tw-text-large XcVN5d tw-ta\" dir=\"ltr\" style=\"text-align: center;\" data-placeholder=\"T\u0142umaczenie\"><span class=\"Y2IQFc\" lang=\"pl\">Zawarto\u015b\u0107: <\/span><\/div>\n<div class=\"tw-data-text tw-text-large XcVN5d tw-ta\" dir=\"ltr\" style=\"text-align: center;\" data-placeholder=\"T\u0142umaczenie\"><span class=\"Y2IQFc\" lang=\"pl\">&#8211; 3 KOPERTY IVY ENVELOPE\u00a0<\/span><\/div>\n<div class=\"tw-data-text tw-text-large XcVN5d tw-ta\" dir=\"ltr\" style=\"text-align: center;\" data-placeholder=\"T\u0142umaczenie\"><span class=\"Y2IQFc\" lang=\"pl\">-Instrukcje online<\/span><\/div>\n<div class=\"tw-data-text tw-text-large XcVN5d tw-ta\" dir=\"ltr\" style=\"text-align: center;\" data-placeholder=\"T\u0142umaczenie\">\u00a0<\/div>\n<div class=\"tw-data-text tw-text-large XcVN5d tw-ta\" dir=\"ltr\" style=\"text-align: center;\" data-placeholder=\"T\u0142umaczenie\"><span class=\"Y2IQFc\" lang=\"pl\"><iframe loading=\"lazy\" title=\"YouTube video player\" src=\"\/\/www.youtube.com\/embed\/gv93S8e0Luc\" width=\"560\" height=\"315\" frameborder=\"0\" allowfullscreen=\"allowfullscreen\"><\/iframe><\/span><\/div>\n","protected":false},"excerpt":{"rendered":"<p>Ta koperta jest jednym z najsubtelniejszych urz\u0105dze\u0144\u00a0&#8222;podmieniaj\u0105cych&#8221; na rynku! \u00a0 Prezentowane z dum\u0105 przez Danny&#8217;ego Weisera, Bonda Lee i Magicism Store. \u00a0 Wyobra\u017a sobie, \u017ce masz mo\u017cliwo\u015b\u0107\u00a0bezproblemowej\u00a0zamiany ma\u0142ego obiektu \u2013&#8230;<\/p>\n","protected":false},"featured_media":11250,"comment_status":"closed","ping_status":"open","template":"","meta":[],"product_brand":[],"product_cat":[41],"product_tag":[],"class_list":{"0":"post-11249","1":"product","2":"type-product","3":"status-publish","4":"has-post-thumbnail","6":"product_cat-mikro-iluzja-close-up-efekty-z-kartami","8":"first","9":"instock","10":"purchasable","11":"product-type-simple"},"_links":{"self":[{"href":"https:\/\/magiiik.netstory.com.pl\/index.php?rest_route=\/wp\/v2\/product\/11249","targetHints":{"allow":["GET"]}}],"collection":[{"href":"https:\/\/magiiik.netstory.com.pl\/index.php?rest_route=\/wp\/v2\/product"}],"about":[{"href":"https:\/\/magiiik.netstory.com.pl\/index.php?rest_route=\/wp\/v2\/types\/product"}],"replies":[{"embeddable":true,"href":"https:\/\/magiiik.netstory.com.pl\/index.php?rest_route=%2Fwp%2Fv2%2Fcomments&post=11249"}],"wp:featuredmedia":[{"embeddable":true,"href":"https:\/\/magiiik.netstory.com.pl\/index.php?rest_route=\/wp\/v2\/media\/11250"}],"wp:attachment":[{"href":"https:\/\/magiiik.netstory.com.pl\/index.php?rest_route=%2Fwp%2Fv2%2Fmedia&parent=11249"}],"wp:term":[{"taxonomy":"product_brand","embeddable":true,"href":"https:\/\/magiiik.netstory.com.pl\/index.php?rest_route=%2Fwp%2Fv2%2Fproduct_brand&post=11249"},{"taxonomy":"product_cat","embeddable":true,"href":"https:\/\/magiiik.netstory.com.pl\/index.php?rest_route=%2Fwp%2Fv2%2Fproduct_cat&post=11249"},{"taxonomy":"product_tag","embeddable":true,"href":"https:\/\/magiiik.netstory.com.pl\/index.php?rest_route=%2Fwp%2Fv2%2Fproduct_tag&post=11249"}],"curies":[{"name":"wp","href":"https:\/\/api.w.org\/{rel}","templated":true}]}}