{"id":11240,"date":"2025-09-19T13:49:52","date_gmt":"2025-09-19T11:49:52","guid":{"rendered":"https:\/\/magiiik.netstory.com.pl\/produkt\/the-perfect-pen\/"},"modified":"2025-09-19T13:49:52","modified_gmt":"2025-09-19T11:49:52","slug":"the-perfect-pen","status":"publish","type":"product","link":"https:\/\/magiiik.netstory.com.pl\/?product=the-perfect-pen","title":{"rendered":"The Perfect Pen"},"content":{"rendered":"<div id=\"tw-target-text\" class=\"tw-data-text tw-text-large XcVN5d tw-ta\" dir=\"ltr\" style=\"text-align: center;\" data-placeholder=\"T\u0142umaczenie\"><span class=\"Y2IQFc\" lang=\"pl\">Pen through Anything to KLASYKA magii stworzona przez genialny umys\u0142 Johna Corneliusa. <\/span><\/div>\n<div class=\"tw-data-text tw-text-large XcVN5d tw-ta\" dir=\"ltr\" style=\"text-align: center;\" data-placeholder=\"T\u0142umaczenie\">\u00a0<\/div>\n<div class=\"tw-data-text tw-text-large XcVN5d tw-ta\" dir=\"ltr\" style=\"text-align: center;\" data-placeholder=\"T\u0142umaczenie\"><span class=\"Y2IQFc\" lang=\"pl\">Wydawa\u0142oby si\u0119 niemo\u017cliwe, aby t\u0119 idealn\u0105 iluzj\u0119 mo\u017cna by\u0142o poprawi\u0107&#8230; C\u00f3\u017c, zostaw to Johnowi Corneliusowi, aby wzni\u00f3s\u0142 sw\u00f3j w\u0142asny wynalazek na wy\u017cszy poziom! <\/span><\/div>\n<div class=\"tw-data-text tw-text-large XcVN5d tw-ta\" dir=\"ltr\" style=\"text-align: center;\" data-placeholder=\"T\u0142umaczenie\"><span class=\"Y2IQFc\" lang=\"pl\">(<\/span><\/div>\n<div class=\"tw-data-text tw-text-large XcVN5d tw-ta\" dir=\"ltr\" style=\"text-align: center;\" data-placeholder=\"T\u0142umaczenie\"><span class=\"Y2IQFc\" lang=\"pl\">EFEKT: B<\/span><span class=\"Y2IQFc\" lang=\"pl\">anknot zostaje po\u017cyczony\u00a0<\/span><span class=\"Y2IQFc\" lang=\"pl\">od jednego z widz\u00f3w. Iluzjonista wr\u0119cza im d\u0142ugopis, aby podpisa\u0107 banknot i (je\u015bli oczywi\u015bcie kto\u015b chce)\u00a0sprawdzi\u0107 czy d\u0142ugopis jest normalny\u00a0(w r\u0119kach magika nic nie ma). <\/span><\/div>\n<div class=\"tw-data-text tw-text-large XcVN5d tw-ta\" dir=\"ltr\" style=\"text-align: center;\" data-placeholder=\"T\u0142umaczenie\">\u00a0<\/div>\n<div class=\"tw-data-text tw-text-large XcVN5d tw-ta\" dir=\"ltr\" style=\"text-align: center;\" data-placeholder=\"T\u0142umaczenie\"><span class=\"Y2IQFc\" lang=\"pl\">Magik bez \u017cadnych zabawnych, dziwnych ruch\u00f3w przebija banknot d\u0142ugopisem. Widzowie wyra\u017anie widz\u0105, jak d\u0142ugopis przeszed\u0142 na wylot. Iluzjonista przyst\u0119puje do widocznego i s\u0142yszalnego przedzierania d\u0142ugopisu przez banknot, ale kiedy zostaje zwr\u00f3cony widzowi, banknot jest nienaruszony! <\/span><\/div>\n<div class=\"tw-data-text tw-text-large XcVN5d tw-ta\" dir=\"ltr\" style=\"text-align: center;\" data-placeholder=\"T\u0142umaczenie\"><span class=\"Y2IQFc\" lang=\"pl\">D\u0142ugopis i banknot mog\u0105 by\u0107 wr\u0119czone natychmiast do pe\u0142nego sprawdzenia! Wszystko jest w 100% sprawdzalne!! <\/span><\/div>\n<div class=\"tw-data-text tw-text-large XcVN5d tw-ta\" dir=\"ltr\" style=\"text-align: center;\" data-placeholder=\"T\u0142umaczenie\"><strong><span class=\"Y2IQFc\" lang=\"pl\">Zgadza si\u0119, Nic nie dodano ani nie zabrano!!<\/span><\/strong><\/div>\n<div class=\"tw-data-text tw-text-large XcVN5d tw-ta\" dir=\"ltr\" style=\"text-align: center;\" data-placeholder=\"T\u0142umaczenie\">\u00a0<\/div>\n<div class=\"tw-data-text tw-text-large XcVN5d tw-ta\" dir=\"ltr\" style=\"text-align: center;\" data-placeholder=\"T\u0142umaczenie\"><span class=\"Y2IQFc\" lang=\"pl\">R\u00f3b to wsz\u0119dzie i o ka\u017cdej porze!<\/span><\/div>\n<div class=\"tw-data-text tw-text-large XcVN5d tw-ta\" dir=\"ltr\" style=\"text-align: center;\" data-placeholder=\"T\u0142umaczenie\">\u00a0<\/div>\n<div class=\"tw-data-text tw-text-large XcVN5d tw-ta\" dir=\"ltr\" style=\"text-align: center;\" data-placeholder=\"T\u0142umaczenie\"><span class=\"Y2IQFc\" lang=\"pl\">Zawiera pe\u0142ny samouczek instrukta\u017cowy z wieloma efektami i obs\u0142ug\u0105!<\/span><\/div>\n<div class=\"tw-data-text tw-text-large XcVN5d tw-ta\" dir=\"ltr\" style=\"text-align: center;\" data-placeholder=\"T\u0142umaczenie\">\u00a0<\/div>\n<div class=\"tw-data-text tw-text-large XcVN5d tw-ta\" dir=\"ltr\" style=\"text-align: center;\" data-placeholder=\"T\u0142umaczenie\"><span class=\"Y2IQFc\" lang=\"pl\"><iframe loading=\"lazy\" title=\"YouTube video player\" src=\"\/\/www.youtube.com\/embed\/sYFSHGaVth4\" width=\"560\" height=\"315\" frameborder=\"0\" allowfullscreen=\"allowfullscreen\"><\/iframe><\/span><\/div>\n","protected":false},"excerpt":{"rendered":"<p>Pen through Anything to KLASYKA magii stworzona przez genialny umys\u0142 Johna Corneliusa. \u00a0 Wydawa\u0142oby si\u0119 niemo\u017cliwe, aby t\u0119 idealn\u0105 iluzj\u0119 mo\u017cna by\u0142o poprawi\u0107&#8230; C\u00f3\u017c, zostaw to Johnowi Corneliusowi, aby wzni\u00f3s\u0142&#8230;<\/p>\n","protected":false},"featured_media":11241,"comment_status":"closed","ping_status":"open","template":"","meta":[],"product_brand":[],"product_cat":[59],"product_tag":[],"class_list":{"0":"post-11240","1":"product","2":"type-product","3":"status-publish","4":"has-post-thumbnail","6":"product_cat-mikro-iluzja-close-up-sharpie-dlugopisy","8":"first","9":"instock","10":"purchasable","11":"product-type-simple"},"_links":{"self":[{"href":"https:\/\/magiiik.netstory.com.pl\/index.php?rest_route=\/wp\/v2\/product\/11240","targetHints":{"allow":["GET"]}}],"collection":[{"href":"https:\/\/magiiik.netstory.com.pl\/index.php?rest_route=\/wp\/v2\/product"}],"about":[{"href":"https:\/\/magiiik.netstory.com.pl\/index.php?rest_route=\/wp\/v2\/types\/product"}],"replies":[{"embeddable":true,"href":"https:\/\/magiiik.netstory.com.pl\/index.php?rest_route=%2Fwp%2Fv2%2Fcomments&post=11240"}],"wp:featuredmedia":[{"embeddable":true,"href":"https:\/\/magiiik.netstory.com.pl\/index.php?rest_route=\/wp\/v2\/media\/11241"}],"wp:attachment":[{"href":"https:\/\/magiiik.netstory.com.pl\/index.php?rest_route=%2Fwp%2Fv2%2Fmedia&parent=11240"}],"wp:term":[{"taxonomy":"product_brand","embeddable":true,"href":"https:\/\/magiiik.netstory.com.pl\/index.php?rest_route=%2Fwp%2Fv2%2Fproduct_brand&post=11240"},{"taxonomy":"product_cat","embeddable":true,"href":"https:\/\/magiiik.netstory.com.pl\/index.php?rest_route=%2Fwp%2Fv2%2Fproduct_cat&post=11240"},{"taxonomy":"product_tag","embeddable":true,"href":"https:\/\/magiiik.netstory.com.pl\/index.php?rest_route=%2Fwp%2Fv2%2Fproduct_tag&post=11240"}],"curies":[{"name":"wp","href":"https:\/\/api.w.org\/{rel}","templated":true}]}}