{"id":11228,"date":"2025-09-19T13:49:04","date_gmt":"2025-09-19T11:49:04","guid":{"rendered":"https:\/\/magiiik.netstory.com.pl\/produkt\/super-sharpie\/"},"modified":"2025-09-19T13:49:41","modified_gmt":"2025-09-19T11:49:41","slug":"super-sharpie","status":"publish","type":"product","link":"https:\/\/magiiik.netstory.com.pl\/?product=super-sharpie","title":{"rendered":"Super Sharpie"},"content":{"rendered":"<div id=\"tw-target-text\" class=\"tw-data-text tw-text-large XcVN5d tw-ta\" dir=\"ltr\" style=\"text-align: center;\" data-placeholder=\"T\u0142umaczenie\"><span class=\"Y2IQFc\" lang=\"pl\">Wyobra\u017a sobie, \u017ce prosisz widza, aby pomy\u015bla\u0142 o dowolnej liczbie. <\/span><\/div>\n<div class=\"tw-data-text tw-text-large XcVN5d tw-ta\" dir=\"ltr\" style=\"text-align: center;\" data-placeholder=\"T\u0142umaczenie\"><span class=\"Y2IQFc\" lang=\"pl\">Piszesz przepowiedni\u0119 na odwrocie swojej wizyt\u00f3wki. Kiedy widz m\u00f3wi o jakiej liczbie pomy\u015bla\u0142, odwracasz swoj\u0105\u00a0wizyt\u00f3wk\u0119 i okazuje si\u0119&#8230; \u017ce przewidzia\u0142e\u015b to!<\/span><\/div>\n<div class=\"tw-data-text tw-text-large XcVN5d tw-ta\" dir=\"ltr\" style=\"text-align: center;\" data-placeholder=\"T\u0142umaczenie\">\u00a0<\/div>\n<div class=\"tw-data-text tw-text-large XcVN5d tw-ta\" dir=\"ltr\" style=\"text-align: center;\" data-placeholder=\"T\u0142umaczenie\"><strong><span class=\"Y2IQFc\" lang=\"pl\">To dzia\u0142a za ka\u017cdym razem! <\/span><\/strong><\/div>\n<div class=\"tw-data-text tw-text-large XcVN5d tw-ta\" dir=\"ltr\" style=\"text-align: center;\" data-placeholder=\"T\u0142umaczenie\">\u00a0<\/div>\n<div class=\"tw-data-text tw-text-large XcVN5d tw-ta\" dir=\"ltr\" style=\"text-align: center;\" data-placeholder=\"T\u0142umaczenie\"><span class=\"Y2IQFc\" lang=\"pl\">Teraz mo\u017cesz przewidzie\u0107 wymy\u015blone imi\u0119, numer, dat\u0119, wiek, a nawet ilo\u015b\u0107 drobnych w kieszeni. <\/span><\/div>\n<div class=\"tw-data-text tw-text-large XcVN5d tw-ta\" dir=\"ltr\" style=\"text-align: center;\" data-placeholder=\"T\u0142umaczenie\"><span class=\"Y2IQFc\" lang=\"pl\">Lista mo\u017cliwo\u015bci jest bardzo d\u0142uga!<\/span><\/div>\n<div class=\"tw-data-text tw-text-large XcVN5d tw-ta\" dir=\"ltr\" style=\"text-align: center;\" data-placeholder=\"T\u0142umaczenie\">\u00a0<\/div>\n<div class=\"tw-data-text tw-text-large XcVN5d tw-ta\" dir=\"ltr\" style=\"text-align: center;\" data-placeholder=\"T\u0142umaczenie\"><span class=\"Y2IQFc\" lang=\"pl\">Wszystko to jest mo\u017cliwe dzi\u0119ki Super Sharpie. Super Sharpie to rewolucyjny rekwizyt, kt\u00f3ry daje pot\u0119\u017cn\u0105 bro\u0144 do efekt\u00f3w mentalnych.<\/span><\/div>\n<div class=\"tw-data-text tw-text-large XcVN5d tw-ta\" dir=\"ltr\" style=\"text-align: center;\" data-placeholder=\"T\u0142umaczenie\">\u00a0<\/div>\n<div class=\"tw-data-text tw-text-large XcVN5d tw-ta\" dir=\"ltr\" style=\"text-align: center;\" data-placeholder=\"T\u0142umaczenie\"><span class=\"Y2IQFc\" lang=\"pl\">Jest tak niewiarygodnie prosty w u\u017cyciu, \u017ce ju\u017c po kilku minutach \u0107wicze\u0144 b\u0119dziesz dokonywa\u0142 osza\u0142amiaj\u0105cych umys\u0142owych cud\u00f3w. <\/span><\/div>\n<div class=\"tw-data-text tw-text-large XcVN5d tw-ta\" dir=\"ltr\" style=\"text-align: center;\" data-placeholder=\"T\u0142umaczenie\"><span class=\"Y2IQFc\" lang=\"pl\">Super Sharpie mo\u017ce by\u0107 u\u017cywany jako zwyk\u0142y Sharpie &#8211; bo tak jest! <\/span><\/div>\n<div class=\"tw-data-text tw-text-large XcVN5d tw-ta\" dir=\"ltr\" style=\"text-align: center;\" data-placeholder=\"T\u0142umaczenie\">\u00a0<\/div>\n<div class=\"tw-data-text tw-text-large XcVN5d tw-ta\" dir=\"ltr\" style=\"text-align: center;\" data-placeholder=\"T\u0142umaczenie\"><span class=\"Y2IQFc\" lang=\"pl\">Daj go widzom do podpisywania kart\u00a0&#8211; nigdy nie odkryj\u0105 jego ukrytej tajemnicy. <\/span><\/div>\n<div class=\"tw-data-text tw-text-large XcVN5d tw-ta\" dir=\"ltr\" style=\"text-align: center;\" data-placeholder=\"T\u0142umaczenie\"><span class=\"Y2IQFc\" lang=\"pl\">Wbudowany, precyzyjny sekret, kt\u00f3ry pozwala na dokonywanie ostrych, wyra\u017anych i czytelnych prognoz. <\/span><\/div>\n<div class=\"tw-data-text tw-text-large XcVN5d tw-ta\" dir=\"ltr\" style=\"text-align: center;\" data-placeholder=\"T\u0142umaczenie\">\u00a0<\/div>\n<div class=\"tw-data-text tw-text-large XcVN5d tw-ta\" dir=\"ltr\" style=\"text-align: center;\" data-placeholder=\"T\u0142umaczenie\"><span class=\"Y2IQFc\" lang=\"pl\">Najlepsze jest to, \u017ce zrobisz to wszystko tu\u017c pod ich nosem \u2013 kiedy b\u0119d\u0105 si\u0119 na ciebie gapi\u0107. Poniewa\u017c wszystko jest wbudowane w marker, nie ma potrzeby grzebania w nim. Swoje przepowiednie mo\u017cesz pisa\u0107 na wszystkim tym, na czym piszesz zwyk\u0142ym markerem Sharpie. <\/span><\/div>\n<div class=\"tw-data-text tw-text-large XcVN5d tw-ta\" dir=\"ltr\" style=\"text-align: center;\" data-placeholder=\"T\u0142umaczenie\">\u00a0<\/div>\n<div class=\"tw-data-text tw-text-large XcVN5d tw-ta\" dir=\"ltr\" style=\"text-align: center;\" data-placeholder=\"T\u0142umaczenie\"><span class=\"Y2IQFc\" lang=\"pl\">W 23-minutowym, towarzysz\u0105cym online samouczku wideo, nauczysz si\u0119\u00a0super technik\u00a0od Chrisa Smitha, Oza Pearlmana i Manny&#8217;ego Vasqueza, dzi\u0119ki kt\u00f3rym natychmiast zaczniesz korzysta\u0107 z Super Sharpie. W zestawie precyzyjnie wykonane pi\u00f3ro Super Sharpie z wbudowanym\u00a0gimmickiem (czarny tusz), specjalne akcesoria oraz wideo online.<\/span><\/div>\n<div class=\"tw-data-text tw-text-large XcVN5d tw-ta\" dir=\"ltr\" style=\"text-align: center;\" data-placeholder=\"T\u0142umaczenie\">\u00a0<\/div>\n<div class=\"tw-data-text tw-text-large XcVN5d tw-ta\" dir=\"ltr\" style=\"text-align: center;\" data-placeholder=\"T\u0142umaczenie\"><span class=\"Y2IQFc\" lang=\"pl\"><iframe loading=\"lazy\" title=\"YouTube video player\" src=\"\/\/www.youtube.com\/embed\/54a3zkcOSKc\" width=\"560\" height=\"315\" frameborder=\"0\" allowfullscreen=\"allowfullscreen\"><\/iframe><\/span><\/div>\n<div class=\"tw-data-text tw-text-large XcVN5d tw-ta\" dir=\"ltr\" style=\"text-align: center;\" data-placeholder=\"T\u0142umaczenie\">\u00a0<\/div>\n","protected":false},"excerpt":{"rendered":"<p>Wyobra\u017a sobie, \u017ce prosisz widza, aby pomy\u015bla\u0142 o dowolnej liczbie. Piszesz przepowiedni\u0119 na odwrocie swojej wizyt\u00f3wki. Kiedy widz m\u00f3wi o jakiej liczbie pomy\u015bla\u0142, odwracasz swoj\u0105\u00a0wizyt\u00f3wk\u0119 i okazuje si\u0119&#8230; \u017ce przewidzia\u0142e\u015b&#8230;<\/p>\n","protected":false},"featured_media":11229,"comment_status":"closed","ping_status":"open","template":"","meta":[],"product_brand":[],"product_cat":[59],"product_tag":[],"class_list":{"0":"post-11228","1":"product","2":"type-product","3":"status-publish","4":"has-post-thumbnail","6":"product_cat-mikro-iluzja-close-up-sharpie-dlugopisy","8":"first","9":"instock","10":"purchasable","11":"product-type-simple"},"_links":{"self":[{"href":"https:\/\/magiiik.netstory.com.pl\/index.php?rest_route=\/wp\/v2\/product\/11228","targetHints":{"allow":["GET"]}}],"collection":[{"href":"https:\/\/magiiik.netstory.com.pl\/index.php?rest_route=\/wp\/v2\/product"}],"about":[{"href":"https:\/\/magiiik.netstory.com.pl\/index.php?rest_route=\/wp\/v2\/types\/product"}],"replies":[{"embeddable":true,"href":"https:\/\/magiiik.netstory.com.pl\/index.php?rest_route=%2Fwp%2Fv2%2Fcomments&post=11228"}],"wp:featuredmedia":[{"embeddable":true,"href":"https:\/\/magiiik.netstory.com.pl\/index.php?rest_route=\/wp\/v2\/media\/11229"}],"wp:attachment":[{"href":"https:\/\/magiiik.netstory.com.pl\/index.php?rest_route=%2Fwp%2Fv2%2Fmedia&parent=11228"}],"wp:term":[{"taxonomy":"product_brand","embeddable":true,"href":"https:\/\/magiiik.netstory.com.pl\/index.php?rest_route=%2Fwp%2Fv2%2Fproduct_brand&post=11228"},{"taxonomy":"product_cat","embeddable":true,"href":"https:\/\/magiiik.netstory.com.pl\/index.php?rest_route=%2Fwp%2Fv2%2Fproduct_cat&post=11228"},{"taxonomy":"product_tag","embeddable":true,"href":"https:\/\/magiiik.netstory.com.pl\/index.php?rest_route=%2Fwp%2Fv2%2Fproduct_tag&post=11228"}],"curies":[{"name":"wp","href":"https:\/\/api.w.org\/{rel}","templated":true}]}}