{"id":11218,"date":"2025-09-19T13:49:04","date_gmt":"2025-09-19T11:49:04","guid":{"rendered":"https:\/\/magiiik.netstory.com.pl\/produkt\/the-rose-by-bond-lee-biala\/"},"modified":"2025-09-19T13:49:31","modified_gmt":"2025-09-19T11:49:31","slug":"the-rose-by-bond-lee-biala","status":"publish","type":"product","link":"https:\/\/magiiik.netstory.com.pl\/?product=the-rose-by-bond-lee-biala","title":{"rendered":"The Rose by Bond Lee  (Bia\u0142a)"},"content":{"rendered":"<p style=\"text-align: center;\">Niesamowicie wizualny efekt!<\/p>\n<p style=\"text-align: center;\">Iluzjonista w magiczny spos\u00f3b\u00a0pojawia\u00a0r\u00f3\u017c\u0119, a nast\u0119pnie znika j\u0105 w iskrach ognia.<\/p>\n<p style=\"text-align: center;\">Kiedy iluzjonista pojawia r\u00f3\u017c\u0119 ponownie,\u00a0jest w stanie wyprodukowa\u0107 trzy r\u00f3\u017ce bez\u00a0wi\u0119kszych trudno\u015bci!<\/p>\n<p style=\"text-align: center;\"><strong>R\u00f3\u017ca w kolorze bia\u0142ym.<\/strong><\/p>\n<p style=\"text-align: center;\">\u00a0<\/p>\n<p style=\"text-align: center;\"><strong><iframe loading=\"lazy\" title=\"YouTube video player\" src=\"\/\/www.youtube.com\/embed\/t1jJdv-Aw2I\" width=\"560\" height=\"315\" frameborder=\"0\" allowfullscreen=\"allowfullscreen\"><\/iframe><\/strong><\/p>\n<p style=\"text-align: center;\">\u00a0<\/p>\n","protected":false},"excerpt":{"rendered":"<p>Niesamowicie wizualny efekt! Iluzjonista w magiczny spos\u00f3b\u00a0pojawia\u00a0r\u00f3\u017c\u0119, a nast\u0119pnie znika j\u0105 w iskrach ognia. Kiedy iluzjonista pojawia r\u00f3\u017c\u0119 ponownie,\u00a0jest w stanie wyprodukowa\u0107 trzy r\u00f3\u017ce bez\u00a0wi\u0119kszych trudno\u015bci! R\u00f3\u017ca w kolorze bia\u0142ym&#8230;.<\/p>\n","protected":false},"featured_media":11219,"comment_status":"closed","ping_status":"open","template":"","meta":[],"product_brand":[],"product_cat":[70],"product_tag":[],"class_list":{"0":"post-11218","1":"product","2":"type-product","3":"status-publish","4":"has-post-thumbnail","6":"product_cat-iluzja-sceniczna-kwiaty","8":"first","9":"instock","10":"purchasable","11":"product-type-simple"},"_links":{"self":[{"href":"https:\/\/magiiik.netstory.com.pl\/index.php?rest_route=\/wp\/v2\/product\/11218","targetHints":{"allow":["GET"]}}],"collection":[{"href":"https:\/\/magiiik.netstory.com.pl\/index.php?rest_route=\/wp\/v2\/product"}],"about":[{"href":"https:\/\/magiiik.netstory.com.pl\/index.php?rest_route=\/wp\/v2\/types\/product"}],"replies":[{"embeddable":true,"href":"https:\/\/magiiik.netstory.com.pl\/index.php?rest_route=%2Fwp%2Fv2%2Fcomments&post=11218"}],"wp:featuredmedia":[{"embeddable":true,"href":"https:\/\/magiiik.netstory.com.pl\/index.php?rest_route=\/wp\/v2\/media\/11219"}],"wp:attachment":[{"href":"https:\/\/magiiik.netstory.com.pl\/index.php?rest_route=%2Fwp%2Fv2%2Fmedia&parent=11218"}],"wp:term":[{"taxonomy":"product_brand","embeddable":true,"href":"https:\/\/magiiik.netstory.com.pl\/index.php?rest_route=%2Fwp%2Fv2%2Fproduct_brand&post=11218"},{"taxonomy":"product_cat","embeddable":true,"href":"https:\/\/magiiik.netstory.com.pl\/index.php?rest_route=%2Fwp%2Fv2%2Fproduct_cat&post=11218"},{"taxonomy":"product_tag","embeddable":true,"href":"https:\/\/magiiik.netstory.com.pl\/index.php?rest_route=%2Fwp%2Fv2%2Fproduct_tag&post=11218"}],"curies":[{"name":"wp","href":"https:\/\/api.w.org\/{rel}","templated":true}]}}