{"id":11207,"date":"2025-09-19T13:49:04","date_gmt":"2025-09-19T11:49:04","guid":{"rendered":"https:\/\/magiiik.netstory.com.pl\/produkt\/surprise-box-gigant\/"},"modified":"2025-09-19T13:49:25","modified_gmt":"2025-09-19T11:49:25","slug":"surprise-box-gigant","status":"publish","type":"product","link":"https:\/\/magiiik.netstory.com.pl\/?product=surprise-box-gigant","title":{"rendered":"Surprise Box &#8211; GIGANT"},"content":{"rendered":"<p style=\"text-align: center;\"><span style=\"font-size: 14pt;\"><strong>Surprise Box<\/strong><\/span><\/p>\n<p style=\"text-align: center;\"><span style=\"font-size: 14pt;\">\u00a0<\/span><\/p>\n<div id=\"tw-target-text\" class=\"tw-data-text tw-text-large XcVN5d tw-ta\" dir=\"ltr\" style=\"text-align: center;\" data-placeholder=\"T\u0142umaczenie\"><span lang=\"pl\">Pude\u0142ko Niespodzianka\u00a0 zawiera\u0107 b\u0119dzie rekwizyt o warto\u015bci <strong>CONAJMNIEJ<\/strong>\u00a0250 z\u0142otych.<\/span><\/div>\n<div class=\"tw-data-text tw-text-large XcVN5d tw-ta\" dir=\"ltr\" style=\"text-align: center;\" data-placeholder=\"T\u0142umaczenie\">\u00a0<\/div>\n<div class=\"tw-data-text tw-text-large XcVN5d tw-ta\" dir=\"ltr\" style=\"text-align: center;\" data-placeholder=\"T\u0142umaczenie\">\u00a0<\/div>\n<div class=\"tw-data-text tw-text-large XcVN5d tw-ta\" dir=\"ltr\" style=\"text-align: center;\" data-placeholder=\"T\u0142umaczenie\"><strong><span lang=\"pl\">CONAJMNIEJ 250 z\u0142otych, ale mo\u017ce zawiera\u0107 r\u00f3wnie\u017c produkt 2 lub 3 razy dro\u017cszy!<\/span><\/strong><\/div>\n<div class=\"tw-data-text tw-text-large XcVN5d tw-ta\" dir=\"ltr\" style=\"text-align: center;\" data-placeholder=\"T\u0142umaczenie\">\u00a0<\/div>\n<div class=\"tw-data-text tw-text-large XcVN5d tw-ta\" dir=\"ltr\" style=\"text-align: center;\" data-placeholder=\"T\u0142umaczenie\">\u00a0<\/div>\n","protected":false},"excerpt":{"rendered":"<p>Surprise Box \u00a0 Pude\u0142ko Niespodzianka\u00a0 zawiera\u0107 b\u0119dzie rekwizyt o warto\u015bci CONAJMNIEJ\u00a0250 z\u0142otych. \u00a0 \u00a0 CONAJMNIEJ 250 z\u0142otych, ale mo\u017ce zawiera\u0107 r\u00f3wnie\u017c produkt 2 lub 3 razy dro\u017cszy! \u00a0 \u00a0<\/p>\n","protected":false},"featured_media":11208,"comment_status":"closed","ping_status":"open","template":"","meta":[],"product_brand":[],"product_cat":[34],"product_tag":[],"class_list":{"0":"post-11207","1":"product","2":"type-product","3":"status-publish","4":"has-post-thumbnail","6":"product_cat-mikro-iluzja-close-up-inne","8":"first","9":"instock","10":"purchasable","11":"product-type-simple"},"_links":{"self":[{"href":"https:\/\/magiiik.netstory.com.pl\/index.php?rest_route=\/wp\/v2\/product\/11207","targetHints":{"allow":["GET"]}}],"collection":[{"href":"https:\/\/magiiik.netstory.com.pl\/index.php?rest_route=\/wp\/v2\/product"}],"about":[{"href":"https:\/\/magiiik.netstory.com.pl\/index.php?rest_route=\/wp\/v2\/types\/product"}],"replies":[{"embeddable":true,"href":"https:\/\/magiiik.netstory.com.pl\/index.php?rest_route=%2Fwp%2Fv2%2Fcomments&post=11207"}],"wp:featuredmedia":[{"embeddable":true,"href":"https:\/\/magiiik.netstory.com.pl\/index.php?rest_route=\/wp\/v2\/media\/11208"}],"wp:attachment":[{"href":"https:\/\/magiiik.netstory.com.pl\/index.php?rest_route=%2Fwp%2Fv2%2Fmedia&parent=11207"}],"wp:term":[{"taxonomy":"product_brand","embeddable":true,"href":"https:\/\/magiiik.netstory.com.pl\/index.php?rest_route=%2Fwp%2Fv2%2Fproduct_brand&post=11207"},{"taxonomy":"product_cat","embeddable":true,"href":"https:\/\/magiiik.netstory.com.pl\/index.php?rest_route=%2Fwp%2Fv2%2Fproduct_cat&post=11207"},{"taxonomy":"product_tag","embeddable":true,"href":"https:\/\/magiiik.netstory.com.pl\/index.php?rest_route=%2Fwp%2Fv2%2Fproduct_tag&post=11207"}],"curies":[{"name":"wp","href":"https:\/\/api.w.org\/{rel}","templated":true}]}}