{"id":11195,"date":"2025-09-19T13:49:04","date_gmt":"2025-09-19T11:49:04","guid":{"rendered":"https:\/\/magiiik.netstory.com.pl\/produkt\/tic-tac-toe-x-parlour\/"},"modified":"2025-09-19T13:49:15","modified_gmt":"2025-09-19T11:49:15","slug":"tic-tac-toe-x-parlour","status":"publish","type":"product","link":"https:\/\/magiiik.netstory.com.pl\/?product=tic-tac-toe-x-parlour","title":{"rendered":"Tic Tac Toe X Parlour"},"content":{"rendered":"<p class=\"p1\"><span class=\"s1\"><strong>OPIS PRODUKTU<\/strong><\/span><\/p>\n<p class=\"p2\"><span class=\"s1\">Klasyczna gra w k\u00f3\u0142ko i krzy\u017cyk mi\u0119dzy dwoma graczami zamieni\u0142a si\u0119 w interaktywn\u0105 gr\u0119 mi\u0119dzy\u00a0iluzjonist\u0105 a publiczno\u015bci\u0105. <\/span><\/p>\n<p class=\"p2\"><span class=\"s1\">Ka\u017cdy gracz na zmian\u0119 losuje X i O na siatce 3 na 3. Po uko\u0144czeniu gry\u00a0iluzjonista odkrywa zaskakuj\u0105ce zako\u0144czenie! <\/span><\/p>\n<p class=\"p3\"><strong><span class=\"s1\">Zawarto\u015b\u0107: <\/span><\/strong><\/p>\n<ul class=\"ul1\">\n<li class=\"li4\"><span class=\"s1\">6 element\u00f3w wykonanych z tworzywa akrylowego, wszystkie po\u0142\u0105czone magnesami <\/span><\/li>\n<li class=\"li4\"><span class=\"s1\">\u0141\u0105cznie 9 sztuk X i O <\/span><\/li>\n<\/ul>\n<p class=\"p3\"><span class=\"s1\">Mo\u017cesz dostosowa\u0107 prognoz\u0119 wed\u0142ug w\u0142asnego uznania, na przyk\u0142ad: <\/span><\/p>\n<ul class=\"ul1\">\n<li class=\"li4\"><span class=\"s1\">Fina\u0142 rutyny mentalizmu <\/span><\/li>\n<li class=\"li4\"><span class=\"s1\">Wiadomo\u015b\u0107 <\/span><\/li>\n<li class=\"li4\"><span class=\"s1\">Zdj\u0119cie <\/span><\/li>\n<li class=\"li4\"><span class=\"s1\">Logo firmy<\/span><\/li>\n<\/ul>\n<p class=\"p3\"><span class=\"s1\"><strong>Tic Tac Toe X<\/strong>\u00a0zosta\u0142 zaprojektowany tak, by by\u0142 \u0142atwy przy transporcie i rozk\u0142adaniu<\/span><\/p>\n<p class=\"p3\">\u00a0<\/p>\n<p class=\"p3\" style=\"text-align: center;\"><span class=\"s1\"><iframe loading=\"lazy\" src=\"\/\/www.youtube.com\/embed\/37GRygnK_jE\" width=\"560\" height=\"315\" frameborder=\"0\" allowfullscreen=\"allowfullscreen\"><\/iframe><\/span><\/p>\n","protected":false},"excerpt":{"rendered":"<p>OPIS PRODUKTU Klasyczna gra w k\u00f3\u0142ko i krzy\u017cyk mi\u0119dzy dwoma graczami zamieni\u0142a si\u0119 w interaktywn\u0105 gr\u0119 mi\u0119dzy\u00a0iluzjonist\u0105 a publiczno\u015bci\u0105. Ka\u017cdy gracz na zmian\u0119 losuje X i O na siatce 3&#8230;<\/p>\n","protected":false},"featured_media":11196,"comment_status":"closed","ping_status":"open","template":"","meta":[],"product_brand":[],"product_cat":[65],"product_tag":[],"class_list":{"0":"post-11195","1":"product","2":"type-product","3":"status-publish","4":"has-post-thumbnail","6":"product_cat-iluzja-sceniczna-iluzja-sceniczna","8":"first","9":"instock","10":"purchasable","11":"product-type-simple"},"_links":{"self":[{"href":"https:\/\/magiiik.netstory.com.pl\/index.php?rest_route=\/wp\/v2\/product\/11195","targetHints":{"allow":["GET"]}}],"collection":[{"href":"https:\/\/magiiik.netstory.com.pl\/index.php?rest_route=\/wp\/v2\/product"}],"about":[{"href":"https:\/\/magiiik.netstory.com.pl\/index.php?rest_route=\/wp\/v2\/types\/product"}],"replies":[{"embeddable":true,"href":"https:\/\/magiiik.netstory.com.pl\/index.php?rest_route=%2Fwp%2Fv2%2Fcomments&post=11195"}],"wp:featuredmedia":[{"embeddable":true,"href":"https:\/\/magiiik.netstory.com.pl\/index.php?rest_route=\/wp\/v2\/media\/11196"}],"wp:attachment":[{"href":"https:\/\/magiiik.netstory.com.pl\/index.php?rest_route=%2Fwp%2Fv2%2Fmedia&parent=11195"}],"wp:term":[{"taxonomy":"product_brand","embeddable":true,"href":"https:\/\/magiiik.netstory.com.pl\/index.php?rest_route=%2Fwp%2Fv2%2Fproduct_brand&post=11195"},{"taxonomy":"product_cat","embeddable":true,"href":"https:\/\/magiiik.netstory.com.pl\/index.php?rest_route=%2Fwp%2Fv2%2Fproduct_cat&post=11195"},{"taxonomy":"product_tag","embeddable":true,"href":"https:\/\/magiiik.netstory.com.pl\/index.php?rest_route=%2Fwp%2Fv2%2Fproduct_tag&post=11195"}],"curies":[{"name":"wp","href":"https:\/\/api.w.org\/{rel}","templated":true}]}}