{"id":11179,"date":"2025-09-19T13:48:19","date_gmt":"2025-09-19T11:48:19","guid":{"rendered":"https:\/\/magiiik.netstory.com.pl\/produkt\/rainbowpro-by-mirko\/"},"modified":"2025-09-19T13:48:50","modified_gmt":"2025-09-19T11:48:50","slug":"rainbowpro-by-mirko","status":"publish","type":"product","link":"https:\/\/magiiik.netstory.com.pl\/?product=rainbowpro-by-mirko","title":{"rendered":"RainbowPro By Mirko"},"content":{"rendered":"<p style=\"text-align: center;\">Szukasz profesjonalnego i oryginalnego sprz\u0119tu do efekt\u00f3w z ba\u0144kami?<\/p>\n<p style=\"text-align: center;\">Ju\u017c znalaz\u0142e\u015b!<\/p>\n<p style=\"text-align: center;\">\u00a0<\/p>\n<p style=\"text-align: center;\">Wyprodukowany przez zwyci\u0119zc\u0119 FISM Mirko Callaci, profesjonalist\u0119, kt\u00f3ry od lat pracuje z ba\u0144kami.<\/p>\n<p style=\"text-align: center;\">Rainbow Pro to pozycja obowi\u0105zkowa dla u\u017cytkownik\u00f3w baniek mydlanych i dymu!<\/p>\n<p style=\"text-align: center;\"><img loading=\"lazy\" decoding=\"async\" src=\"\/userdata\/public\/assets\/\/66431-alt1.png\" alt=\"\" width=\"342\" height=\"192\" \/><\/p>\n<p style=\"text-align: center;\">\u00a0<\/p>\n<p style=\"text-align: center;\">Wytwarzaj g\u0119sty dym wewn\u0105trz ba\u0144ki<\/p>\n<p style=\"text-align: center;\">Wbudowana dioda LED (czerwona \/ niebieska \/ zielona)<\/p>\n<p style=\"text-align: center;\">Zbudowany z metalu &#8211; solidny i niezawodny<\/p>\n<p style=\"text-align: center;\">Bardzo wszechstronny do rutynowych czynno\u015bci scenicznych i salonowych<\/p>\n<p style=\"text-align: center;\">Praktyczna i \u0142atwa konserwacja<\/p>\n<p style=\"text-align: center;\">Mo\u017cesz natychmiast zmieni\u0107 kolor ba\u0144ki<\/p>\n<p style=\"text-align: center;\">\u00a0<\/p>\n<p style=\"text-align: center;\"><strong>Przyjd\u017a i poczuj magi\u0119 Mirko Callaci!<\/strong><\/p>\n<p style=\"text-align: center;\">\u00a0<\/p>\n<p style=\"text-align: center;\"><strong><iframe loading=\"lazy\" src=\"\/\/www.youtube.com\/embed\/FL6-ZD-mpFA\" width=\"560\" height=\"315\" frameborder=\"0\" allowfullscreen=\"allowfullscreen\"><\/iframe><\/strong><\/p>\n","protected":false},"excerpt":{"rendered":"<p>Szukasz profesjonalnego i oryginalnego sprz\u0119tu do efekt\u00f3w z ba\u0144kami? Ju\u017c znalaz\u0142e\u015b! \u00a0 Wyprodukowany przez zwyci\u0119zc\u0119 FISM Mirko Callaci, profesjonalist\u0119, kt\u00f3ry od lat pracuje z ba\u0144kami. Rainbow Pro to pozycja obowi\u0105zkowa&#8230;<\/p>\n","protected":false},"featured_media":11180,"comment_status":"closed","ping_status":"open","template":"","meta":[],"product_brand":[],"product_cat":[76],"product_tag":[],"class_list":{"0":"post-11179","1":"product","2":"type-product","3":"status-publish","4":"has-post-thumbnail","6":"product_cat-iluzja-sceniczna-banki-mydlane","8":"first","9":"instock","10":"purchasable","11":"product-type-simple"},"_links":{"self":[{"href":"https:\/\/magiiik.netstory.com.pl\/index.php?rest_route=\/wp\/v2\/product\/11179","targetHints":{"allow":["GET"]}}],"collection":[{"href":"https:\/\/magiiik.netstory.com.pl\/index.php?rest_route=\/wp\/v2\/product"}],"about":[{"href":"https:\/\/magiiik.netstory.com.pl\/index.php?rest_route=\/wp\/v2\/types\/product"}],"replies":[{"embeddable":true,"href":"https:\/\/magiiik.netstory.com.pl\/index.php?rest_route=%2Fwp%2Fv2%2Fcomments&post=11179"}],"wp:featuredmedia":[{"embeddable":true,"href":"https:\/\/magiiik.netstory.com.pl\/index.php?rest_route=\/wp\/v2\/media\/11180"}],"wp:attachment":[{"href":"https:\/\/magiiik.netstory.com.pl\/index.php?rest_route=%2Fwp%2Fv2%2Fmedia&parent=11179"}],"wp:term":[{"taxonomy":"product_brand","embeddable":true,"href":"https:\/\/magiiik.netstory.com.pl\/index.php?rest_route=%2Fwp%2Fv2%2Fproduct_brand&post=11179"},{"taxonomy":"product_cat","embeddable":true,"href":"https:\/\/magiiik.netstory.com.pl\/index.php?rest_route=%2Fwp%2Fv2%2Fproduct_cat&post=11179"},{"taxonomy":"product_tag","embeddable":true,"href":"https:\/\/magiiik.netstory.com.pl\/index.php?rest_route=%2Fwp%2Fv2%2Fproduct_tag&post=11179"}],"curies":[{"name":"wp","href":"https:\/\/api.w.org\/{rel}","templated":true}]}}