{"id":11172,"date":"2025-09-19T13:48:19","date_gmt":"2025-09-19T11:48:19","guid":{"rendered":"https:\/\/magiiik.netstory.com.pl\/produkt\/magiczna-kolorowanka-royal-magic\/"},"modified":"2025-09-19T13:48:45","modified_gmt":"2025-09-19T11:48:45","slug":"magiczna-kolorowanka-royal-magic","status":"publish","type":"product","link":"https:\/\/magiiik.netstory.com.pl\/?product=magiczna-kolorowanka-royal-magic","title":{"rendered":"Magiczna Kolorowanka (Royal Magic)"},"content":{"rendered":"<p style=\"text-align: center;\">Pokazujesz, \u017ce kolorowanka ma wszystkie puste strony.<\/p>\n<p style=\"text-align: center;\">Nagle &#8211; kilka ruch\u00f3w d\u0142oni\u0105 i pojawiaj\u0105 si\u0119 w ksi\u0105\u017cce\u00a0kontury!<\/p>\n<p style=\"text-align: center;\">P\u00f3jd\u017a o krok dalej! Po kolejnych kilku ruchach d\u0142oni\u0105, kontury wype\u0142niaj\u0105 si\u0119 kolorami, a kolorwanka jest&#8230;<\/p>\n<p style=\"text-align: center;\">&#8230;pokolorowana!<\/p>\n<p style=\"text-align: center;\">W finale wystarczy, \u017ce pstrykniesz palcami, a wszystkie strony wracaj\u0105 do stanu pierwotnego &#8211; puste!<\/p>\n<p style=\"text-align: center;\">Ksi\u0105\u017cka Royal Magic Coloring jest najlepsza na rynku. Zmiany z pustych stron na zarysowane strony na kolorowe rysunki dokonywane s\u0105 z najwi\u0119ksz\u0105 \u0142atwo\u015bci\u0105.\u00a0<\/p>\n<p style=\"text-align: center;\">Kup najlepsze. Kup orygina\u0142. Kup Royal.<\/p>\n<p style=\"text-align: center;\">\u00a0<\/p>\n<p style=\"text-align: center;\">\u00a0<\/p>\n","protected":false},"excerpt":{"rendered":"<p style=\"text-align: center;\"><strong>Magiczna kolorowanka<\/strong><\/p>\n","protected":false},"featured_media":11173,"comment_status":"closed","ping_status":"open","template":"","meta":[],"product_brand":[],"product_cat":[18],"product_tag":[],"class_list":{"0":"post-11172","1":"product","2":"type-product","3":"status-publish","4":"has-post-thumbnail","6":"product_cat-iluzja-dla-dzieci","8":"first","9":"instock","10":"purchasable","11":"product-type-simple"},"_links":{"self":[{"href":"https:\/\/magiiik.netstory.com.pl\/index.php?rest_route=\/wp\/v2\/product\/11172","targetHints":{"allow":["GET"]}}],"collection":[{"href":"https:\/\/magiiik.netstory.com.pl\/index.php?rest_route=\/wp\/v2\/product"}],"about":[{"href":"https:\/\/magiiik.netstory.com.pl\/index.php?rest_route=\/wp\/v2\/types\/product"}],"replies":[{"embeddable":true,"href":"https:\/\/magiiik.netstory.com.pl\/index.php?rest_route=%2Fwp%2Fv2%2Fcomments&post=11172"}],"wp:featuredmedia":[{"embeddable":true,"href":"https:\/\/magiiik.netstory.com.pl\/index.php?rest_route=\/wp\/v2\/media\/11173"}],"wp:attachment":[{"href":"https:\/\/magiiik.netstory.com.pl\/index.php?rest_route=%2Fwp%2Fv2%2Fmedia&parent=11172"}],"wp:term":[{"taxonomy":"product_brand","embeddable":true,"href":"https:\/\/magiiik.netstory.com.pl\/index.php?rest_route=%2Fwp%2Fv2%2Fproduct_brand&post=11172"},{"taxonomy":"product_cat","embeddable":true,"href":"https:\/\/magiiik.netstory.com.pl\/index.php?rest_route=%2Fwp%2Fv2%2Fproduct_cat&post=11172"},{"taxonomy":"product_tag","embeddable":true,"href":"https:\/\/magiiik.netstory.com.pl\/index.php?rest_route=%2Fwp%2Fv2%2Fproduct_tag&post=11172"}],"curies":[{"name":"wp","href":"https:\/\/api.w.org\/{rel}","templated":true}]}}