{"id":11167,"date":"2025-09-19T13:48:19","date_gmt":"2025-09-19T11:48:19","guid":{"rendered":"https:\/\/magiiik.netstory.com.pl\/produkt\/hook-by-eric-ross\/"},"modified":"2025-09-19T13:48:42","modified_gmt":"2025-09-19T11:48:42","slug":"hook-by-eric-ross","status":"publish","type":"product","link":"https:\/\/magiiik.netstory.com.pl\/?product=hook-by-eric-ross","title":{"rendered":"Hook by Eric Ross"},"content":{"rendered":"<p style=\"text-align: center;\">Eric Ross wymy\u015bli\u0142 sztuczk\u0119, kt\u00f3ra jest absolutnym powiewem \u015bwie\u017co\u015bci w zakresie efekt\u00f3w &#8222;rosyjskiej ruletki&#8221;.\u00a0<\/p>\n<p style=\"text-align: center;\">Wyobra\u017a sobie, \u017ce wk\u0142adasz sobie hak do ust. Kilka sznurk\u00f3w zwisa z twoich ust.<\/p>\n<p style=\"text-align: center;\">Jeden z nich jest przyczepiony, reszta nie.<\/p>\n<p style=\"text-align: center;\">Wzywasz 5 widz\u00f3w do poci\u0105gni\u0119cia za wybrany przez nich sznurek sznurek.<\/p>\n<p style=\"text-align: center;\">Bez wzgl\u0119du na to, kt\u00f3ry sznurek poci\u0105gn\u0105\u0107, ostatni sznurek zawsze pozostaje przymocowany do haka w twoich ustach.<\/p>\n<p style=\"text-align: center;\">Jeste\u015b bezpieczny!<\/p>\n<p style=\"text-align: center;\">Hak jest mocny, wizualny, prosty i bezpieczny.<\/p>\n<p style=\"text-align: center;\">Mimo, \u017ce jest kieszonkowy, jest idealny zar\u00f3wno do\u00a0iluzji z bliska,\u00a0jak i scenicznej.<\/p>\n<p style=\"text-align: center;\">\u00a0<\/p>\n<p style=\"text-align: center;\"><span style=\"font-family: 'comic sans ms', sans-serif; font-size: 12pt;\"><strong>&#8222;Co za chory i pokr\u0119cony efekt! Nie mog\u0119 si\u0119 doczeka\u0107, a\u017c sam to zrobi\u0119!&#8221;<\/strong><\/span><br \/>&#8211; Justin Flom<\/p>\n<p>\u00a0<\/p>\n<p style=\"text-align: center;\">DZIA\u0141A W 100% RAZY. \u017badnego wymuszania wyboru na widzu, \u017cadnych podmianek, jest samo-pracuj\u0105cy i bezpieczny.<\/p>\n<p style=\"text-align: center;\">Wszystko, czego potrzebujesz, jest zawarte w opakowaniu.<\/p>\n<p style=\"text-align: center;\">Stworzyli\u015bmy specjalny \u015bmig\u0142o do bezpiecznego transportu, \u0142atwego ustawienia i maksymalnej wydajno\u015bci. Zaprojektowali\u015bmy r\u00f3wnie\u017c opakowanie tak, aby celowo wygl\u0105da\u0142o niepozornie. W ten spos\u00f3b mo\u017cesz stworzy\u0107 najsilniejsze reakcje, kiedy najmniej si\u0119 tego spodziewaj\u0105.<\/p>\n<p>\u00a0<\/p>\n<p style=\"text-align: center;\"><span style=\"font-family: 'comic sans ms', sans-serif;\"><strong>&#8222;Chcesz reakcji? W ten spos\u00f3b otrzymuasz reakcje!&#8221;<\/strong><\/span><br \/>&#8211; Garrett Thomas<\/p>\n<p>\u00a0<\/p>\n<p style=\"text-align: center;\"><iframe loading=\"lazy\" src=\"\/\/www.youtube.com\/embed\/9r_2USn_Se0\" width=\"560\" height=\"315\" frameborder=\"0\" allowfullscreen=\"allowfullscreen\"><\/iframe><\/p>\n<p>\u00a0<\/p>\n<p>Zestaw przetrwania zawiera:<br \/>Specjalnie wykonany hak.<br \/>Odpowiedni sznurek, kt\u00f3rego u\u017cywa Xavior.<br \/>Dost\u0119p do wideo instrukta\u017cowego. (NIE u\u017cywaj produktu przed ca\u0142kowitym obejrzeniem).<br \/>Zasadniczo, wszystko co potrzebne do wykonania od razu po wyj\u0119ciu z pude\u0142ka.<\/p>\n<p style=\"text-align: center;\"><span style=\"text-decoration: underline;\"><strong>UWAGA: ten produkt jest przeznaczony do u\u017cytku dla os\u00f3b powy\u017cej 18 roku \u017cycia.<\/strong><\/span><\/p>\n<p>\u00a0<\/p>\n","protected":false},"excerpt":{"rendered":"<p style=\"text-align: center;\"><strong>Efekt z haczykiem rybackim, kt\u00f3ry wywo\u0142a ogromne<\/strong><\/p>\n<p style=\"text-align: center;\"><strong>emocje w\u015br\u00f3d Twoich widz\u00f3w!<\/strong><\/p>\n","protected":false},"featured_media":11168,"comment_status":"closed","ping_status":"open","template":"","meta":[],"product_brand":[],"product_cat":[65],"product_tag":[],"class_list":{"0":"post-11167","1":"product","2":"type-product","3":"status-publish","4":"has-post-thumbnail","6":"product_cat-iluzja-sceniczna-iluzja-sceniczna","8":"first","9":"instock","10":"purchasable","11":"product-type-simple"},"_links":{"self":[{"href":"https:\/\/magiiik.netstory.com.pl\/index.php?rest_route=\/wp\/v2\/product\/11167","targetHints":{"allow":["GET"]}}],"collection":[{"href":"https:\/\/magiiik.netstory.com.pl\/index.php?rest_route=\/wp\/v2\/product"}],"about":[{"href":"https:\/\/magiiik.netstory.com.pl\/index.php?rest_route=\/wp\/v2\/types\/product"}],"replies":[{"embeddable":true,"href":"https:\/\/magiiik.netstory.com.pl\/index.php?rest_route=%2Fwp%2Fv2%2Fcomments&post=11167"}],"wp:featuredmedia":[{"embeddable":true,"href":"https:\/\/magiiik.netstory.com.pl\/index.php?rest_route=\/wp\/v2\/media\/11168"}],"wp:attachment":[{"href":"https:\/\/magiiik.netstory.com.pl\/index.php?rest_route=%2Fwp%2Fv2%2Fmedia&parent=11167"}],"wp:term":[{"taxonomy":"product_brand","embeddable":true,"href":"https:\/\/magiiik.netstory.com.pl\/index.php?rest_route=%2Fwp%2Fv2%2Fproduct_brand&post=11167"},{"taxonomy":"product_cat","embeddable":true,"href":"https:\/\/magiiik.netstory.com.pl\/index.php?rest_route=%2Fwp%2Fv2%2Fproduct_cat&post=11167"},{"taxonomy":"product_tag","embeddable":true,"href":"https:\/\/magiiik.netstory.com.pl\/index.php?rest_route=%2Fwp%2Fv2%2Fproduct_tag&post=11167"}],"curies":[{"name":"wp","href":"https:\/\/api.w.org\/{rel}","templated":true}]}}