{"id":11161,"date":"2025-09-19T13:48:19","date_gmt":"2025-09-19T11:48:19","guid":{"rendered":"https:\/\/magiiik.netstory.com.pl\/produkt\/invisible-thread-nic-do-lewitacji\/"},"modified":"2025-09-19T13:48:40","modified_gmt":"2025-09-19T11:48:40","slug":"invisible-thread-nic-do-lewitacji","status":"publish","type":"product","link":"https:\/\/magiiik.netstory.com.pl\/?product=invisible-thread-nic-do-lewitacji","title":{"rendered":"Invisible Thread &#8211; Ni\u0107 do lewitacji"},"content":{"rendered":"<p style=\"text-align: center;\">W &#8222;Magic Man TV Special&#8221; Davida Blaine&#8217;a pojawia si\u0119\u00a0lewituj\u0105cy banknot.<\/p>\n<p style=\"text-align: center;\">U\u017cyj Niewidzialnej Nici do uzyskania tego niesamowitego efektu!<\/p>\n<p style=\"text-align: center;\">Idealna do prawie ka\u017cdej rutyny z niewidoczn\u0105 nici\u0105!<\/p>\n<p>Zawiera szczeg\u00f3\u0142ow\u0105 instrukcj\u0119, kt\u00f3ra zawiera rutyn\u0119 z\u00a0lewituj\u0105cym banknotem w pe\u0142ni zilustrowan\u0105 przez Tony&#8217;ego Dunna.<\/p>\n<p style=\"text-align: center;\">\u00a0<\/p>\n<p style=\"text-align: center;\"><strong>Jedna sztuka to 305cm (3m) niewidzialnej nici!<\/strong><\/p>\n<p style=\"text-align: center;\">\u00a0<\/p>\n<p style=\"text-align: center;\"><strong><iframe loading=\"lazy\" src=\"\/\/www.youtube.com\/embed\/0S7Pk0zej2U\" width=\"560\" height=\"315\" frameborder=\"0\" allowfullscreen=\"allowfullscreen\"><\/iframe><\/strong><\/p>\n","protected":false},"excerpt":{"rendered":"<p style=\"text-align: center;\"><strong>Idealna ni\u0107 do lewitacji r\u00f3\u017cnego rodzaju przedmiot\u00f3w<\/strong><\/p>\n","protected":false},"featured_media":11162,"comment_status":"closed","ping_status":"open","template":"","meta":[],"product_brand":[],"product_cat":[45],"product_tag":[],"class_list":{"0":"post-11161","1":"product","2":"type-product","3":"status-publish","4":"has-post-thumbnail","6":"product_cat-iluzja-sceniczna-lewitacja","8":"first","9":"instock","10":"purchasable","11":"product-type-simple"},"_links":{"self":[{"href":"https:\/\/magiiik.netstory.com.pl\/index.php?rest_route=\/wp\/v2\/product\/11161","targetHints":{"allow":["GET"]}}],"collection":[{"href":"https:\/\/magiiik.netstory.com.pl\/index.php?rest_route=\/wp\/v2\/product"}],"about":[{"href":"https:\/\/magiiik.netstory.com.pl\/index.php?rest_route=\/wp\/v2\/types\/product"}],"replies":[{"embeddable":true,"href":"https:\/\/magiiik.netstory.com.pl\/index.php?rest_route=%2Fwp%2Fv2%2Fcomments&post=11161"}],"wp:featuredmedia":[{"embeddable":true,"href":"https:\/\/magiiik.netstory.com.pl\/index.php?rest_route=\/wp\/v2\/media\/11162"}],"wp:attachment":[{"href":"https:\/\/magiiik.netstory.com.pl\/index.php?rest_route=%2Fwp%2Fv2%2Fmedia&parent=11161"}],"wp:term":[{"taxonomy":"product_brand","embeddable":true,"href":"https:\/\/magiiik.netstory.com.pl\/index.php?rest_route=%2Fwp%2Fv2%2Fproduct_brand&post=11161"},{"taxonomy":"product_cat","embeddable":true,"href":"https:\/\/magiiik.netstory.com.pl\/index.php?rest_route=%2Fwp%2Fv2%2Fproduct_cat&post=11161"},{"taxonomy":"product_tag","embeddable":true,"href":"https:\/\/magiiik.netstory.com.pl\/index.php?rest_route=%2Fwp%2Fv2%2Fproduct_tag&post=11161"}],"curies":[{"name":"wp","href":"https:\/\/api.w.org\/{rel}","templated":true}]}}