{"id":11159,"date":"2025-09-19T13:48:19","date_gmt":"2025-09-19T11:48:19","guid":{"rendered":"https:\/\/magiiik.netstory.com.pl\/produkt\/mini-kolorowanka\/"},"modified":"2025-09-19T13:48:40","modified_gmt":"2025-09-19T11:48:40","slug":"mini-kolorowanka","status":"publish","type":"product","link":"https:\/\/magiiik.netstory.com.pl\/?product=mini-kolorowanka","title":{"rendered":"Mini Kolorowanka"},"content":{"rendered":"<p style=\"text-align: center;\">Magik wyjmuje mini kolorowank\u0119 i przerzucaj\u0105c j\u0105, pokazuje\u00a0same kontury obrazk\u00f3w.<\/p>\n<p style=\"text-align: center;\">Nast\u0119pnie wypowiada kilka magicznych s\u0142\u00f3w i odwraca je ponownie, aby ods\u0142oni\u0107 obrazy, kt\u00f3re\u00a0same, magicznie si\u0119 pokolorowa\u0142y!<\/p>\n<p style=\"text-align: center;\">Na zako\u0144czenie przewraca ksi\u0105\u017ck\u0119 po raz ostatni i pokazuje tylko puste strony.<\/p>\n<p style=\"text-align: center;\">Kolorowanka ma wymiary 4,25&#8243; x 5,5&#8243;.<\/p>\n","protected":false},"excerpt":{"rendered":"<p style=\"text-align: center;\">Mini Kolorowanka<\/p>\n","protected":false},"featured_media":11160,"comment_status":"closed","ping_status":"open","template":"","meta":[],"product_brand":[],"product_cat":[18],"product_tag":[],"class_list":{"0":"post-11159","1":"product","2":"type-product","3":"status-publish","4":"has-post-thumbnail","6":"product_cat-iluzja-dla-dzieci","8":"first","9":"instock","10":"purchasable","11":"product-type-simple"},"_links":{"self":[{"href":"https:\/\/magiiik.netstory.com.pl\/index.php?rest_route=\/wp\/v2\/product\/11159","targetHints":{"allow":["GET"]}}],"collection":[{"href":"https:\/\/magiiik.netstory.com.pl\/index.php?rest_route=\/wp\/v2\/product"}],"about":[{"href":"https:\/\/magiiik.netstory.com.pl\/index.php?rest_route=\/wp\/v2\/types\/product"}],"replies":[{"embeddable":true,"href":"https:\/\/magiiik.netstory.com.pl\/index.php?rest_route=%2Fwp%2Fv2%2Fcomments&post=11159"}],"wp:featuredmedia":[{"embeddable":true,"href":"https:\/\/magiiik.netstory.com.pl\/index.php?rest_route=\/wp\/v2\/media\/11160"}],"wp:attachment":[{"href":"https:\/\/magiiik.netstory.com.pl\/index.php?rest_route=%2Fwp%2Fv2%2Fmedia&parent=11159"}],"wp:term":[{"taxonomy":"product_brand","embeddable":true,"href":"https:\/\/magiiik.netstory.com.pl\/index.php?rest_route=%2Fwp%2Fv2%2Fproduct_brand&post=11159"},{"taxonomy":"product_cat","embeddable":true,"href":"https:\/\/magiiik.netstory.com.pl\/index.php?rest_route=%2Fwp%2Fv2%2Fproduct_cat&post=11159"},{"taxonomy":"product_tag","embeddable":true,"href":"https:\/\/magiiik.netstory.com.pl\/index.php?rest_route=%2Fwp%2Fv2%2Fproduct_tag&post=11159"}],"curies":[{"name":"wp","href":"https:\/\/api.w.org\/{rel}","templated":true}]}}