{"id":11157,"date":"2025-09-19T13:48:19","date_gmt":"2025-09-19T11:48:19","guid":{"rendered":"https:\/\/magiiik.netstory.com.pl\/produkt\/teleportacja-banknotu-widza-bill-tube\/"},"modified":"2025-09-19T13:48:39","modified_gmt":"2025-09-19T11:48:39","slug":"teleportacja-banknotu-widza-bill-tube","status":"publish","type":"product","link":"https:\/\/magiiik.netstory.com.pl\/?product=teleportacja-banknotu-widza-bill-tube","title":{"rendered":"Teleportacja banknotu widza (Bill Tube)"},"content":{"rendered":"<p style=\"text-align: center;\">Magia , w kt\u00f3rej pieni\u0105dze mo\u017cesz po\u017cyczy\u0107 od widza!<\/p>\n<p style=\"text-align: center;\">Magik po\u017cycza\u00a0banknot od jednego ze swoich widz\u00f3w.<\/p>\n<p style=\"text-align: center;\">Umieszczaj\u0105c\u00a0banknot pod chusteczk\u0105, magik wyjmuje ma\u0142\u0105, zamkni\u0119t\u0105\u00a0tub\u0119 z kieszeni i przekazuje j\u0105 widzowi.<\/p>\n<p style=\"text-align: center;\">Po\u017cyczony banknot znika!<\/p>\n<p style=\"text-align: center;\">Kieruj\u0105c uwag\u0119 widz\u00f3w na zapiecz\u0119towan\u0105 tub\u0119, magik pozwala widzowi, kt\u00f3ry j\u0105 trzyma\u0142, otworzy\u0107 j\u0105.<\/p>\n<p style=\"text-align: center;\"><strong>Wewn\u0105trz znajduje si\u0119 po\u017cyczony banknot!<\/strong><\/p>\n<p style=\"text-align: center;\">Banknot\u00a0w tubie jest naprawd\u0119 taki sam, jak ten po\u017cyczony od widza na pocz\u0105tku.<\/p>\n<p style=\"text-align: center;\">Mo\u017cna go oznaczy\u0107 w celu p\u00f3\u017aniejszej identyfikacji na pocz\u0105tku sztuczki.<\/p>\n<p style=\"text-align: center;\">Wyprodukowany w USA.<\/p>\n","protected":false},"excerpt":{"rendered":"<p style=\"text-align: center;\"><strong>Teleportacja banknotu po\u017cyczonego od widza<\/strong><\/p>\n","protected":false},"featured_media":11158,"comment_status":"closed","ping_status":"open","template":"","meta":[],"product_brand":[],"product_cat":[75],"product_tag":[],"class_list":{"0":"post-11157","1":"product","2":"type-product","3":"status-publish","4":"has-post-thumbnail","6":"product_cat-dla-poczatkujacych","8":"first","9":"instock","10":"purchasable","11":"product-type-simple"},"_links":{"self":[{"href":"https:\/\/magiiik.netstory.com.pl\/index.php?rest_route=\/wp\/v2\/product\/11157","targetHints":{"allow":["GET"]}}],"collection":[{"href":"https:\/\/magiiik.netstory.com.pl\/index.php?rest_route=\/wp\/v2\/product"}],"about":[{"href":"https:\/\/magiiik.netstory.com.pl\/index.php?rest_route=\/wp\/v2\/types\/product"}],"replies":[{"embeddable":true,"href":"https:\/\/magiiik.netstory.com.pl\/index.php?rest_route=%2Fwp%2Fv2%2Fcomments&post=11157"}],"wp:featuredmedia":[{"embeddable":true,"href":"https:\/\/magiiik.netstory.com.pl\/index.php?rest_route=\/wp\/v2\/media\/11158"}],"wp:attachment":[{"href":"https:\/\/magiiik.netstory.com.pl\/index.php?rest_route=%2Fwp%2Fv2%2Fmedia&parent=11157"}],"wp:term":[{"taxonomy":"product_brand","embeddable":true,"href":"https:\/\/magiiik.netstory.com.pl\/index.php?rest_route=%2Fwp%2Fv2%2Fproduct_brand&post=11157"},{"taxonomy":"product_cat","embeddable":true,"href":"https:\/\/magiiik.netstory.com.pl\/index.php?rest_route=%2Fwp%2Fv2%2Fproduct_cat&post=11157"},{"taxonomy":"product_tag","embeddable":true,"href":"https:\/\/magiiik.netstory.com.pl\/index.php?rest_route=%2Fwp%2Fv2%2Fproduct_tag&post=11157"}],"curies":[{"name":"wp","href":"https:\/\/api.w.org\/{rel}","templated":true}]}}