{"id":11155,"date":"2025-09-19T13:48:19","date_gmt":"2025-09-19T11:48:19","guid":{"rendered":"https:\/\/magiiik.netstory.com.pl\/produkt\/tanczacy-robaczek\/"},"modified":"2025-09-19T13:48:38","modified_gmt":"2025-09-19T11:48:38","slug":"tanczacy-robaczek","status":"publish","type":"product","link":"https:\/\/magiiik.netstory.com.pl\/?product=tanczacy-robaczek","title":{"rendered":"Ta\u0144cz\u0105cy Robaczek"},"content":{"rendered":"<p style=\"text-align: center;\">Ten robak zabawkowy o\u017cywa w Twoich r\u0119kach! Niesamowite, \u017cywe, realistyczne ruchy!<br \/>Niesamowite!<br \/>Godziny zabawy!<br \/>Mo\u017cesz go zabra\u0107 wsz\u0119dzie!<\/p>\n<p style=\"text-align: center;\">W komplecie z robakiem, nitk\u0105 i instrukcj\u0105.<\/p>\n<p style=\"text-align: center;\"><strong>Gwarantowany \u015bmiech i masa zabawy!<\/strong><\/p>\n","protected":false},"excerpt":{"rendered":"<p style=\"text-align: center;\"><strong>Robaczek, kt\u00f3ry ta\u0144czy w Twoich d\u0142oniach!<\/strong><\/p>\n","protected":false},"featured_media":11156,"comment_status":"closed","ping_status":"open","template":"","meta":[],"product_brand":[],"product_cat":[52],"product_tag":[],"class_list":{"0":"post-11155","1":"product","2":"type-product","3":"status-publish","4":"has-post-thumbnail","6":"product_cat-akcesoria-gagi-zarty","8":"first","9":"instock","10":"purchasable","11":"product-type-simple"},"_links":{"self":[{"href":"https:\/\/magiiik.netstory.com.pl\/index.php?rest_route=\/wp\/v2\/product\/11155","targetHints":{"allow":["GET"]}}],"collection":[{"href":"https:\/\/magiiik.netstory.com.pl\/index.php?rest_route=\/wp\/v2\/product"}],"about":[{"href":"https:\/\/magiiik.netstory.com.pl\/index.php?rest_route=\/wp\/v2\/types\/product"}],"replies":[{"embeddable":true,"href":"https:\/\/magiiik.netstory.com.pl\/index.php?rest_route=%2Fwp%2Fv2%2Fcomments&post=11155"}],"wp:featuredmedia":[{"embeddable":true,"href":"https:\/\/magiiik.netstory.com.pl\/index.php?rest_route=\/wp\/v2\/media\/11156"}],"wp:attachment":[{"href":"https:\/\/magiiik.netstory.com.pl\/index.php?rest_route=%2Fwp%2Fv2%2Fmedia&parent=11155"}],"wp:term":[{"taxonomy":"product_brand","embeddable":true,"href":"https:\/\/magiiik.netstory.com.pl\/index.php?rest_route=%2Fwp%2Fv2%2Fproduct_brand&post=11155"},{"taxonomy":"product_cat","embeddable":true,"href":"https:\/\/magiiik.netstory.com.pl\/index.php?rest_route=%2Fwp%2Fv2%2Fproduct_cat&post=11155"},{"taxonomy":"product_tag","embeddable":true,"href":"https:\/\/magiiik.netstory.com.pl\/index.php?rest_route=%2Fwp%2Fv2%2Fproduct_tag&post=11155"}],"curies":[{"name":"wp","href":"https:\/\/api.w.org\/{rel}","templated":true}]}}